{"id":43294,"date":"2025-09-15T08:45:31","date_gmt":"2025-09-15T14:45:31","guid":{"rendered":"https:\/\/denverzoo.org\/?page_id=43294"},"modified":"2025-09-26T13:16:27","modified_gmt":"2025-09-26T19:16:27","slug":"boo-at-the-zoo-know-before-you-go","status":"publish","type":"page","link":"https:\/\/denverzoo.org\/es\/boo-at-the-zoo-know-before-you-go\/","title":{"rendered":"Boo en el zool\u00f3gico | Lo que debes saber antes de ir"},"content":{"rendered":"<div  class='lhl-section urbi-component urbi-component front_view lhl_comp_width_inherit lhl_spacing_t_09 lhl_spacing_b_02 lhl_spacing_l_00 lhl_spacing_r_00 section-background-t' ><div class=\"urbi-component-inner\">\n    <div class=\"is-layout-constrained\">\n\n<h2 class=\"wp-block-heading alignwide has-text-align-center has-lavender-mist-color has-text-color has-link-color wp-elements-4aa70f0cf6134cae17e7156822436757\">Saber antes de ir<\/h2>\n\n\n\n<h4 class=\"wp-block-heading has-text-align-center has-navy-blue-color has-text-color has-link-color wp-elements-7100861e072512943f5572915514a745\" style=\"margin-top:var(--wp--preset--spacing--50);margin-bottom:var(--wp--preset--spacing--50)\"><strong>\u00bfEmocionado por tu noche salvaje? \u00a1Nosotros tambi\u00e9n! Aqu\u00ed tienes todo lo que necesitas saber.<\/strong><\/h4>\n\n\n\n<div class=\"wp-block-columns is-layout-flex wp-container-core-columns-is-layout-28232c24 wp-block-columns-is-layout-flex\" style=\"border-style:none;border-width:0px;border-radius:0px\">\n<div class=\"wp-block-column is-layout-constrained wp-block-column-is-layout-constrained\">\n<figure class=\"wp-block-image aligncenter size-full is-resized\"><img loading=\"lazy\" decoding=\"async\" width=\"1575\" height=\"975\" src=\"https:\/\/denverzoo.org\/wp-content\/uploads\/2025\/09\/BATZ-Icons_Ticketing.png\" alt=\"\" class=\"wp-image-43312\" style=\"width:440px\" srcset=\"https:\/\/denverzoo.org\/wp-content\/uploads\/2025\/09\/BATZ-Icons_Ticketing.png 1575w, https:\/\/denverzoo.org\/wp-content\/uploads\/2025\/09\/BATZ-Icons_Ticketing-220x136.png 220w, https:\/\/denverzoo.org\/wp-content\/uploads\/2025\/09\/BATZ-Icons_Ticketing-1024x634.png 1024w, https:\/\/denverzoo.org\/wp-content\/uploads\/2025\/09\/BATZ-Icons_Ticketing-768x475.png 768w, https:\/\/denverzoo.org\/wp-content\/uploads\/2025\/09\/BATZ-Icons_Ticketing-50x31.png 50w, https:\/\/denverzoo.org\/wp-content\/uploads\/2025\/09\/BATZ-Icons_Ticketing-1536x951.png 1536w, https:\/\/denverzoo.org\/wp-content\/uploads\/2025\/09\/BATZ-Icons_Ticketing-18x12.png 18w\" sizes=\"auto, (max-width: 1575px) 100vw, 1575px\" \/><\/figure>\n\n\n\n<h4 class=\"wp-block-heading has-text-align-center has-navy-blue-color has-text-color has-link-color wp-elements-72ef07f62df7579d2d173c91770215d8\"><strong>ENTRADAS + ENTRADA<\/strong><\/h4>\n\n\n\n<p class=\"has-text-align-center\" style=\"padding-right:0;padding-left:0\">Las entradas* se adjuntan en el correo electr\u00f3nico de confirmaci\u00f3n. Puede entrar en cualquier momento despu\u00e9s de la hora seleccionada. Tenga a mano el c\u00f3digo QR en su dispositivo m\u00f3vil.<\/p>\n<\/div>\n\n\n\n<div class=\"wp-block-column is-layout-flow wp-block-column-is-layout-flow\">\n<figure class=\"wp-block-image aligncenter size-full is-resized\"><img loading=\"lazy\" decoding=\"async\" width=\"1575\" height=\"975\" src=\"https:\/\/denverzoo.org\/wp-content\/uploads\/2025\/09\/BATZ-Icons_Parking.png\" alt=\"\" class=\"wp-image-43313\" style=\"width:440px;height:auto\" srcset=\"https:\/\/denverzoo.org\/wp-content\/uploads\/2025\/09\/BATZ-Icons_Parking.png 1575w, https:\/\/denverzoo.org\/wp-content\/uploads\/2025\/09\/BATZ-Icons_Parking-220x136.png 220w, https:\/\/denverzoo.org\/wp-content\/uploads\/2025\/09\/BATZ-Icons_Parking-1024x634.png 1024w, https:\/\/denverzoo.org\/wp-content\/uploads\/2025\/09\/BATZ-Icons_Parking-768x475.png 768w, https:\/\/denverzoo.org\/wp-content\/uploads\/2025\/09\/BATZ-Icons_Parking-50x31.png 50w, https:\/\/denverzoo.org\/wp-content\/uploads\/2025\/09\/BATZ-Icons_Parking-1536x951.png 1536w, https:\/\/denverzoo.org\/wp-content\/uploads\/2025\/09\/BATZ-Icons_Parking-18x12.png 18w\" sizes=\"auto, (max-width: 1575px) 100vw, 1575px\" \/><\/figure>\n\n\n\n<h4 class=\"wp-block-heading has-text-align-center has-navy-blue-color has-text-color has-link-color wp-elements-3b33bfae806f9f1429647dcc7256d1bf\"><strong>ESTACIONAMIENTO<\/strong><\/h4>\n\n\n\n<p class=\"has-text-align-center\" style=\"padding-right:0;padding-left:0\">Por favor, prep\u00e1rate <strong>tiempo extra para estacionar<\/strong> \u00a1Para este evento! Hay estacionamiento gratuito disponible en nuestro estacionamiento de cuatro niveles en la entrada principal de 23rd Ave, o en nuestro estacionamiento al este de la entrada principal.<\/p>\n<\/div>\n<\/div>\n\n\n\n\n\n<div  class='lhl-section urbi-component urbi-component front_view lhl_comp_width_wide lhl_spacing_t_06 lhl_spacing_b_06 lhl_spacing_l_00 lhl_spacing_r_00 section-background-8 urbi-component-bg--lime-zest' ><div class=\"urbi-component-inner\">\n    <div class=\"is-layout-constrained\">\n\n<h2 class=\"wp-block-heading has-text-align-center has-navy-blue-color has-text-color has-link-color wp-elements-497ae6b3a20f974186044509c5be9318\">Truco o trato<\/h2>\n\n\n\n<div class=\"wp-block-columns is-layout-flex wp-container-core-columns-is-layout-28f84493 wp-block-columns-is-layout-flex\">\n<div class=\"wp-block-column is-layout-flow wp-block-column-is-layout-flow\" style=\"flex-basis:66.66%\">\n<figure class=\"wp-block-image aligncenter size-full is-resized\" style=\"margin-top:0;margin-right:0;margin-bottom:0;margin-left:0\"><img loading=\"lazy\" decoding=\"async\" width=\"1000\" height=\"697\" src=\"https:\/\/denverzoo.org\/wp-content\/uploads\/2025\/09\/25-MKT-407-Fall-Marketing_BATZ-Pre-Arrival-Email-Images_Candy-1.png\" alt=\"\" class=\"wp-image-43336\" style=\"width:574px;height:auto\" srcset=\"https:\/\/denverzoo.org\/wp-content\/uploads\/2025\/09\/25-MKT-407-Fall-Marketing_BATZ-Pre-Arrival-Email-Images_Candy-1.png 1000w, https:\/\/denverzoo.org\/wp-content\/uploads\/2025\/09\/25-MKT-407-Fall-Marketing_BATZ-Pre-Arrival-Email-Images_Candy-1-220x153.png 220w, https:\/\/denverzoo.org\/wp-content\/uploads\/2025\/09\/25-MKT-407-Fall-Marketing_BATZ-Pre-Arrival-Email-Images_Candy-1-768x535.png 768w, https:\/\/denverzoo.org\/wp-content\/uploads\/2025\/09\/25-MKT-407-Fall-Marketing_BATZ-Pre-Arrival-Email-Images_Candy-1-50x35.png 50w, https:\/\/denverzoo.org\/wp-content\/uploads\/2025\/09\/25-MKT-407-Fall-Marketing_BATZ-Pre-Arrival-Email-Images_Candy-1-18x12.png 18w\" sizes=\"auto, (max-width: 1000px) 100vw, 1000px\" \/><\/figure>\n<\/div>\n\n\n\n<div class=\"wp-block-column is-layout-flow wp-container-core-column-is-layout-8afa419e wp-block-column-is-layout-flow\" style=\"padding-right:var(--wp--preset--spacing--60);padding-left:var(--wp--preset--spacing--60);flex-basis:60%\">\n<p style=\"margin-top:var(--wp--preset--spacing--60);margin-right:var(--wp--preset--spacing--60);margin-bottom:var(--wp--preset--spacing--60);margin-left:var(--wp--preset--spacing--60);padding-top:var(--wp--preset--spacing--80);padding-right:0;padding-bottom:var(--wp--preset--spacing--80);padding-left:0\">Aseg\u00farate de&nbsp;<strong>Trae tu propia bolsa de dulces<\/strong>&nbsp;y pasa por nuestro&nbsp;<strong>Estaci\u00f3n de decoraci\u00f3n de bolsas de dulces en Wildlife Plaza<\/strong>Habr\u00e1 nueve puestos de dulces en todo el campus. Se pueden recoger fichas para alergias en cada puesto, las cuales se pueden canjear en nuestro puesto de canje cerca de Pinnacol African Penguin Point.<\/p>\n<\/div>\n<\/div>\n\n<\/div>\n\n<\/div>\n<\/div>\n\n\n<div class=\"wp-block-columns is-layout-flex wp-container-core-columns-is-layout-ef350914 wp-block-columns-is-layout-flex\" style=\"padding-top:var(--wp--preset--spacing--30);padding-bottom:var(--wp--preset--spacing--30)\">\n<div class=\"wp-block-column is-layout-flow wp-block-column-is-layout-flow\">\n<figure class=\"wp-block-image aligncenter size-full is-resized\"><img loading=\"lazy\" decoding=\"async\" width=\"1575\" height=\"975\" src=\"https:\/\/denverzoo.org\/wp-content\/uploads\/2025\/09\/BATZ-Icons_Costume.png\" alt=\"\" class=\"wp-image-43314\" style=\"width:440px\" srcset=\"https:\/\/denverzoo.org\/wp-content\/uploads\/2025\/09\/BATZ-Icons_Costume.png 1575w, https:\/\/denverzoo.org\/wp-content\/uploads\/2025\/09\/BATZ-Icons_Costume-220x136.png 220w, https:\/\/denverzoo.org\/wp-content\/uploads\/2025\/09\/BATZ-Icons_Costume-1024x634.png 1024w, https:\/\/denverzoo.org\/wp-content\/uploads\/2025\/09\/BATZ-Icons_Costume-768x475.png 768w, https:\/\/denverzoo.org\/wp-content\/uploads\/2025\/09\/BATZ-Icons_Costume-50x31.png 50w, https:\/\/denverzoo.org\/wp-content\/uploads\/2025\/09\/BATZ-Icons_Costume-1536x951.png 1536w, https:\/\/denverzoo.org\/wp-content\/uploads\/2025\/09\/BATZ-Icons_Costume-18x12.png 18w\" sizes=\"auto, (max-width: 1575px) 100vw, 1575px\" \/><\/figure>\n\n\n\n<h4 class=\"wp-block-heading has-text-align-center has-navy-blue-color has-text-color has-link-color wp-elements-9338566b7de82fe2eccc4c62b3e9cd4b\"><strong>PAUTAS DE VESTUARIO<\/strong><\/h4>\n\n\n\n<p class=\"has-text-align-center\" style=\"padding-right:0;padding-left:0\">No se permiten m\u00e1scaras completas ni m\u00e1scaras que cubran los ojos a mayores de 12 a\u00f1os. Se ruega evitar atuendos aterradores, sangrientos, demasiado gr\u00e1ficos o que promuevan la violencia. No se permite ning\u00fan objeto que se asemeje a un arma, incluyendo espadas, cuchillos o imitaciones de armas, ni linternas.<\/p>\n<\/div>\n\n\n\n<div class=\"wp-block-column is-layout-flow wp-block-column-is-layout-flow\">\n<figure class=\"wp-block-image aligncenter size-full is-resized\"><img loading=\"lazy\" decoding=\"async\" width=\"1575\" height=\"975\" src=\"https:\/\/denverzoo.org\/wp-content\/uploads\/2025\/09\/BATZ-Icons_Getting-Around.png\" alt=\"\" class=\"wp-image-43316\" style=\"width:440px;height:auto\" srcset=\"https:\/\/denverzoo.org\/wp-content\/uploads\/2025\/09\/BATZ-Icons_Getting-Around.png 1575w, https:\/\/denverzoo.org\/wp-content\/uploads\/2025\/09\/BATZ-Icons_Getting-Around-220x136.png 220w, https:\/\/denverzoo.org\/wp-content\/uploads\/2025\/09\/BATZ-Icons_Getting-Around-1024x634.png 1024w, https:\/\/denverzoo.org\/wp-content\/uploads\/2025\/09\/BATZ-Icons_Getting-Around-768x475.png 768w, https:\/\/denverzoo.org\/wp-content\/uploads\/2025\/09\/BATZ-Icons_Getting-Around-50x31.png 50w, https:\/\/denverzoo.org\/wp-content\/uploads\/2025\/09\/BATZ-Icons_Getting-Around-1536x951.png 1536w, https:\/\/denverzoo.org\/wp-content\/uploads\/2025\/09\/BATZ-Icons_Getting-Around-18x12.png 18w\" sizes=\"auto, (max-width: 1575px) 100vw, 1575px\" \/><\/figure>\n\n\n\n<h4 class=\"wp-block-heading has-text-align-center has-navy-blue-color has-text-color has-link-color wp-elements-8d88a984d6a84109add2985debcb0f5c\"><strong>AYUDA PARA DESPLAZARSE<\/strong><\/h4>\n\n\n\n<p class=\"has-text-align-center\" style=\"padding-right:0;padding-left:0\">Se pueden alquilar sillas de ruedas, cochecitos, scooters el\u00e9ctricos y carritos para su visita. Aseg\u00farese de...&nbsp;<a href=\"https:\/\/my.denverzoo.org\/overview\/56665\">reservalos con antelaci\u00f3n<\/a>, ya que se agotan.<\/p>\n<\/div>\n<\/div>\n\n\n\n\n\n<div  class='lhl-section urbi-component urbi-component front_view lhl_comp_width_inherit lhl_spacing_t_06 lhl_spacing_b_06 lhl_spacing_l_00 lhl_spacing_r_00 section-background-t urbi-component-bg--navy-blue' ><div class=\"urbi-component-inner\">\n    <div class=\"is-layout-constrained\">\n\n<figure class=\"wp-block-image size-full\" style=\"margin-top:var(--wp--preset--spacing--50);margin-bottom:var(--wp--preset--spacing--50)\"><img loading=\"lazy\" decoding=\"async\" width=\"1700\" height=\"455\" src=\"https:\/\/denverzoo.org\/wp-content\/uploads\/2025\/09\/25-MKT-407-Fall-Marketing_BATZ-Member-Early-Access-Live-Email-Images_BATZ-Collage.png\" alt=\"\" class=\"wp-image-43317\" srcset=\"https:\/\/denverzoo.org\/wp-content\/uploads\/2025\/09\/25-MKT-407-Fall-Marketing_BATZ-Member-Early-Access-Live-Email-Images_BATZ-Collage.png 1700w, https:\/\/denverzoo.org\/wp-content\/uploads\/2025\/09\/25-MKT-407-Fall-Marketing_BATZ-Member-Early-Access-Live-Email-Images_BATZ-Collage-220x59.png 220w, https:\/\/denverzoo.org\/wp-content\/uploads\/2025\/09\/25-MKT-407-Fall-Marketing_BATZ-Member-Early-Access-Live-Email-Images_BATZ-Collage-1024x274.png 1024w, https:\/\/denverzoo.org\/wp-content\/uploads\/2025\/09\/25-MKT-407-Fall-Marketing_BATZ-Member-Early-Access-Live-Email-Images_BATZ-Collage-768x206.png 768w, https:\/\/denverzoo.org\/wp-content\/uploads\/2025\/09\/25-MKT-407-Fall-Marketing_BATZ-Member-Early-Access-Live-Email-Images_BATZ-Collage-50x13.png 50w, https:\/\/denverzoo.org\/wp-content\/uploads\/2025\/09\/25-MKT-407-Fall-Marketing_BATZ-Member-Early-Access-Live-Email-Images_BATZ-Collage-1600x428.png 1600w, https:\/\/denverzoo.org\/wp-content\/uploads\/2025\/09\/25-MKT-407-Fall-Marketing_BATZ-Member-Early-Access-Live-Email-Images_BATZ-Collage-1536x411.png 1536w, https:\/\/denverzoo.org\/wp-content\/uploads\/2025\/09\/25-MKT-407-Fall-Marketing_BATZ-Member-Early-Access-Live-Email-Images_BATZ-Collage-18x5.png 18w\" sizes=\"auto, (max-width: 1700px) 100vw, 1700px\" \/><\/figure>\n\n<\/div>\n\n<\/div>\n<\/div>\n\n\n\n\n<div  class='lhl-section urbi-component urbi-component front_view lhl_comp_width_inherit lhl_spacing_t_06 lhl_spacing_b_06 lhl_spacing_l_00 lhl_spacing_r_00 section-background-t' ><div class=\"urbi-component-inner\">\n    <div class=\"is-layout-constrained\">\n\n<h2 class=\"wp-block-heading has-text-align-center\">GU\u00cdA DE CR\u00cdPTIDOS<\/h2>\n\n\n\n<p class=\"has-text-align-center\" style=\"margin-top:0;margin-right:0;margin-bottom:0;margin-left:0;padding-top:var(--wp--preset--spacing--40);padding-right:var(--wp--preset--spacing--80);padding-bottom:var(--wp--preset--spacing--40);padding-left:var(--wp--preset--spacing--80)\">Recientemente se han reportado avistamientos extra\u00f1os, y los cr\u00edptidos han regresado. Podr\u00edas ver criaturas misteriosas como Pie Grande y otras m\u00e1s deambulando, incluyendo una nueva criatura con forma de \u00e1rbol conocida simplemente como Ra\u00edz de Cardo... \u00a1No olvides recoger una al entrar!<\/p>\n\n\n\n<figure class=\"wp-block-image aligncenter size-full is-resized\" style=\"margin-top:0;margin-bottom:0\"><img loading=\"lazy\" decoding=\"async\" width=\"1000\" height=\"697\" src=\"https:\/\/denverzoo.org\/wp-content\/uploads\/2025\/09\/25-MKT-407-Fall-Marketing_BATZ-Pre-Arrival-Email-Images_Guidebook_Mockup.png\" alt=\"\" class=\"wp-image-43319\" style=\"width:760px;height:auto\" srcset=\"https:\/\/denverzoo.org\/wp-content\/uploads\/2025\/09\/25-MKT-407-Fall-Marketing_BATZ-Pre-Arrival-Email-Images_Guidebook_Mockup.png 1000w, https:\/\/denverzoo.org\/wp-content\/uploads\/2025\/09\/25-MKT-407-Fall-Marketing_BATZ-Pre-Arrival-Email-Images_Guidebook_Mockup-220x153.png 220w, https:\/\/denverzoo.org\/wp-content\/uploads\/2025\/09\/25-MKT-407-Fall-Marketing_BATZ-Pre-Arrival-Email-Images_Guidebook_Mockup-768x535.png 768w, https:\/\/denverzoo.org\/wp-content\/uploads\/2025\/09\/25-MKT-407-Fall-Marketing_BATZ-Pre-Arrival-Email-Images_Guidebook_Mockup-50x35.png 50w, https:\/\/denverzoo.org\/wp-content\/uploads\/2025\/09\/25-MKT-407-Fall-Marketing_BATZ-Pre-Arrival-Email-Images_Guidebook_Mockup-18x12.png 18w\" sizes=\"auto, (max-width: 1000px) 100vw, 1000px\" \/><\/figure>\n\n<\/div>\n\n<\/div>\n<\/div>\n\n\n\n\n<div  class='lhl-section urbi-component urbi-component front_view lhl_comp_width_inherit lhl_spacing_t_06 lhl_spacing_b_06 lhl_spacing_l_00 lhl_spacing_r_00 section-background-t urbi-component-bg--navy-blue' ><div class=\"urbi-component-inner\">\n    <div class=\"is-layout-constrained\">\n\n<h2 class=\"wp-block-heading has-text-align-center\" style=\"margin-top:0;margin-bottom:0\">MAPA DEL EVENTO<\/h2>\n\n\n\n<figure class=\"wp-block-image aligncenter size-full is-resized\" style=\"margin-top:0;margin-bottom:0\"><img loading=\"lazy\" decoding=\"async\" width=\"2100\" height=\"998\" src=\"https:\/\/denverzoo.org\/wp-content\/uploads\/2025\/09\/2025-BATZ-Map_11x17_Map-Only.png\" alt=\"\" class=\"wp-image-43430\" style=\"width:832px;height:auto\" srcset=\"https:\/\/denverzoo.org\/wp-content\/uploads\/2025\/09\/2025-BATZ-Map_11x17_Map-Only.png 2100w, https:\/\/denverzoo.org\/wp-content\/uploads\/2025\/09\/2025-BATZ-Map_11x17_Map-Only-220x105.png 220w, https:\/\/denverzoo.org\/wp-content\/uploads\/2025\/09\/2025-BATZ-Map_11x17_Map-Only-1024x487.png 1024w, https:\/\/denverzoo.org\/wp-content\/uploads\/2025\/09\/2025-BATZ-Map_11x17_Map-Only-768x365.png 768w, https:\/\/denverzoo.org\/wp-content\/uploads\/2025\/09\/2025-BATZ-Map_11x17_Map-Only-50x24.png 50w, https:\/\/denverzoo.org\/wp-content\/uploads\/2025\/09\/2025-BATZ-Map_11x17_Map-Only-1600x760.png 1600w, https:\/\/denverzoo.org\/wp-content\/uploads\/2025\/09\/2025-BATZ-Map_11x17_Map-Only-1536x730.png 1536w, https:\/\/denverzoo.org\/wp-content\/uploads\/2025\/09\/2025-BATZ-Map_11x17_Map-Only-2048x973.png 2048w, https:\/\/denverzoo.org\/wp-content\/uploads\/2025\/09\/2025-BATZ-Map_11x17_Map-Only-18x9.png 18w\" sizes=\"auto, (max-width: 2100px) 100vw, 2100px\" \/><\/figure>\n\n\n    \r\n    \r\n    <div class='urbi_button_link center'><a class=\"urbi-link lhl_button lhl_button--small lhl_button_color_default lhl_button_width_default lhl_button--block\" href=\"https:\/\/denverzoo.org\/wp-content\/uploads\/2025\/09\/2025-BATZ-Map_11x17_PRESS.png\" target=\"_blank\" rel=\"noopener noreferrer\" >DESCARGAR MAPA<\/a><\/div>\n\n\n<p class=\"has-text-align-center\" style=\"margin-top:0;margin-right:0;margin-bottom:0;margin-left:0;padding-right:var(--wp--preset--spacing--80);padding-left:var(--wp--preset--spacing--80)\"><\/p>\n\n<\/div>\n\n<\/div>\n<\/div>\n\n\n<p><\/p>\n\n\n\n<p class=\"has-text-align-center\" style=\"margin-top:0;margin-right:0;margin-bottom:0;margin-left:0;padding-top:var(--wp--preset--spacing--40);padding-right:var(--wp--preset--spacing--80);padding-bottom:var(--wp--preset--spacing--40);padding-left:var(--wp--preset--spacing--80)\"><em>*No ofrecemos reembolsos ni cambios por ning\u00fan motivo, incluido el mal tiempo. En caso de cierre o cancelaci\u00f3n debido a condiciones clim\u00e1ticas extremas, se contactar\u00e1 a los titulares de las entradas con opciones. Todos los participantes, incluidos los beb\u00e9s, necesitan una entrada con horario.<\/em><\/p>\n\n<\/div>\n\n<\/div>\n<\/div>","protected":false},"excerpt":{"rendered":"<p>Boo en el Zoo: Informaci\u00f3n importante antes de ir: \u00bfEmocionado por tu noche SALVAJE? \u00a1Nosotros tambi\u00e9n! Aqu\u00ed tienes todo lo que necesitas saber. No olvides traer tu propia bolsa de dulces y visitar nuestra estaci\u00f3n de decoraci\u00f3n de bolsas en Wildlife Plaza.<\/p>","protected":false},"author":114,"featured_media":0,"parent":0,"menu_order":0,"comment_status":"closed","ping_status":"closed","template":"","meta":{"_acf_changed":false,"_relevanssi_hide_post":"","_relevanssi_hide_content":"","_relevanssi_pin_for_all":"","_relevanssi_pin_keywords":"","_relevanssi_unpin_keywords":"","_relevanssi_related_keywords":"","_relevanssi_related_include_ids":"","_relevanssi_related_exclude_ids":"","_relevanssi_related_no_append":"","_relevanssi_related_not_related":"","_relevanssi_related_posts":"33112,121,116,123,538,27218","_relevanssi_noindex_reason":"","footnotes":""},"class_list":["post-43294","page","type-page","status-publish","hentry"],"acf":[],"_links":{"self":[{"href":"https:\/\/denverzoo.org\/es\/wp-json\/wp\/v2\/pages\/43294","targetHints":{"allow":["GET"]}}],"collection":[{"href":"https:\/\/denverzoo.org\/es\/wp-json\/wp\/v2\/pages"}],"about":[{"href":"https:\/\/denverzoo.org\/es\/wp-json\/wp\/v2\/types\/page"}],"author":[{"embeddable":true,"href":"https:\/\/denverzoo.org\/es\/wp-json\/wp\/v2\/users\/114"}],"replies":[{"embeddable":true,"href":"https:\/\/denverzoo.org\/es\/wp-json\/wp\/v2\/comments?post=43294"}],"version-history":[{"count":0,"href":"https:\/\/denverzoo.org\/es\/wp-json\/wp\/v2\/pages\/43294\/revisions"}],"wp:attachment":[{"href":"https:\/\/denverzoo.org\/es\/wp-json\/wp\/v2\/media?parent=43294"}],"curies":[{"name":"gracias","href":"https:\/\/api.w.org\/{rel}","templated":true}]}}