{"id":43446,"date":"2025-09-30T16:23:02","date_gmt":"2025-09-30T22:23:02","guid":{"rendered":"https:\/\/denverzoo.org\/?page_id=43446"},"modified":"2025-10-16T12:12:13","modified_gmt":"2025-10-16T18:12:13","slug":"birthday-fundraiser","status":"publish","type":"page","link":"https:\/\/denverzoo.org\/es\/birthday-fundraiser\/","title":{"rendered":"Celebra tu cumplea\u00f1os y apoya a DZCA"},"content":{"rendered":"<div  class='lhl-section urbi-component urbi-component front_view lhl_comp_width_inherit lhl_spacing_t_09 lhl_spacing_b_09 lhl_spacing_l_00 lhl_spacing_r_00 section-background-t' ><div class=\"urbi-component-inner\">\n    <div class=\"is-layout-constrained\">\n\n<h3 class=\"wp-block-heading has-text-align-center\">Recauda fondos en Facebook con tus compa\u00f1eros amantes de los animales<\/h3>\n\n\n\n<p class=\"has-text-align-center\">Si los regalos tradicionales no son lo tuyo, comparte el amor en tu gran d\u00eda con una recaudaci\u00f3n de fondos en Facebook: es f\u00e1cil de configurar y, adem\u00e1s, \u00a1estamos regalando paquetes de adopci\u00f3n de cumplea\u00f1os gratis a cualquiera que recaude $200 o m\u00e1s!<\/p>\n\n\n\n<div style=\"height:0px\" aria-hidden=\"true\" class=\"wp-block-spacer\"><\/div>\n\n\n\n<div class=\"wp-block-columns is-layout-flex wp-container-core-columns-is-layout-d6668fc8 wp-block-columns-is-layout-flex\" style=\"padding-top:var(--wp--preset--spacing--20);padding-right:var(--wp--preset--spacing--40);padding-bottom:var(--wp--preset--spacing--20);padding-left:var(--wp--preset--spacing--40)\">\n<div class=\"wp-block-column is-layout-flow wp-block-column-is-layout-flow\" style=\"flex-basis:100%\">\n<p style=\"margin-top:0;margin-right:0;margin-bottom:0;margin-left:0\"><strong>Siga estos pasos para comenzar:<\/strong>&nbsp;<\/p>\n<\/div>\n<\/div>\n\n\n\n<ol start=\"1\" class=\"wp-block-list\">\n<li>Inicia sesi\u00f3n en Facebook y crea tu campa\u00f1a de recaudaci\u00f3n de fondos siguiendo estos <strong><a href=\"https:\/\/denverzoo.org\/wp-content\/uploads\/2025\/09\/How-to-Create-a-Facebook-Birthday-Fundraiser-SOP-8-19-2025-1.pdf\">Instrucciones sencillas.&nbsp;<\/a><\/strong><\/li>\n<\/ol>\n\n\n\n<ol start=\"2\" class=\"wp-block-list\">\n<li>\u00a1Cu\u00e9ntale a tu familia y amigos lo que est\u00e1s haciendo para tu gran d\u00eda y an\u00edmalos a apoyarlo!&nbsp;<\/li>\n<\/ol>\n\n\n\n<ol start=\"3\" class=\"wp-block-list\">\n<li>Recaude $200 o m\u00e1s y recibir\u00e1 un paquete de adopci\u00f3n de cumplea\u00f1os complementario, creado en asociaci\u00f3n con el Children&#039;s Hospital Colorado.\u00a0<\/li>\n<\/ol>\n\n\n\n<ol start=\"4\" class=\"wp-block-list\">\n<li>Llenar <a href=\"https:\/\/forms.office.com\/r\/PMY2PRu1nu?origin=lprLink\"><strong>esta forma<\/strong><\/a> para enviar prueba de su campa\u00f1a a DZCA, junto con su direcci\u00f3n de env\u00edo.<\/li>\n<\/ol>\n\n\n\n<h4 class=\"wp-block-heading has-text-align-center\"><strong>\u00bfNo quieres recaudar fondos, pero S\u00cd quieres un regalo genial que apoye la conservaci\u00f3n de la vida silvestre? Compra nuestros paquetes de peluches de cumplea\u00f1os para adopci\u00f3n, perfectos para los amantes de las fiestas.&nbsp;<\/strong><\/h4>\n\n\n    \r\n    \r\n    <div class='urbi_button_link center'><a class=\"urbi-link lhl_button lhl_button--small lhl_button_color_default lhl_button_width_default lhl_button--block\" href=\"https:\/\/shop.denverzoo.org\/birthday-adoption-bundle\" target=\"\" rel=\"noopener noreferrer\" >Adopta ahora<\/a><\/div>\n\n\n\n\n<div  class='lhl-section urbi-component urbi-component front_view lhl_spacing_t_07 lhl_spacing_b_07 lhl_spacing_l_07 lhl_spacing_r_07 section-background-t urbi-component-bg--white  bg-pattern-option1' ><div class=\"urbi-component-inner\">\n    <div class=\"is-layout-constrained\">\n\n\n\n<div  class='lhl-section urbi-component urbi-component front_view lhl_spacing_t_00 lhl_spacing_b_00 lhl_spacing_l_00 lhl_spacing_r_00 section-background-t' ><div class=\"urbi-component-inner\">\n    <div class=\"is-layout-constrained\">\n\n<div class=\"wp-block-columns is-layout-flex wp-container-core-columns-is-layout-28f84493 wp-block-columns-is-layout-flex\">\n<div class=\"wp-block-column is-layout-flow wp-block-column-is-layout-flow\">\n<figure class=\"wp-block-image size-full\" style=\"margin-right:var(--wp--preset--spacing--20);margin-left:var(--wp--preset--spacing--20)\"><img loading=\"lazy\" decoding=\"async\" width=\"600\" height=\"600\" src=\"https:\/\/denverzoo.org\/wp-content\/uploads\/2025\/10\/orangutan_1-copy.jpg\" alt=\"\" class=\"wp-image-43493\" style=\"aspect-ratio:1;object-fit:cover\" srcset=\"https:\/\/denverzoo.org\/wp-content\/uploads\/2025\/10\/orangutan_1-copy.jpg 600w, https:\/\/denverzoo.org\/wp-content\/uploads\/2025\/10\/orangutan_1-copy-220x220.jpg 220w, https:\/\/denverzoo.org\/wp-content\/uploads\/2025\/10\/orangutan_1-copy-150x150.jpg 150w, https:\/\/denverzoo.org\/wp-content\/uploads\/2025\/10\/orangutan_1-copy-50x50.jpg 50w, https:\/\/denverzoo.org\/wp-content\/uploads\/2025\/10\/orangutan_1-copy-12x12.jpg 12w, https:\/\/denverzoo.org\/wp-content\/uploads\/2025\/10\/orangutan_1-copy-300x300.jpg 300w, https:\/\/denverzoo.org\/wp-content\/uploads\/2025\/10\/orangutan_1-copy-193x193.jpg 193w\" sizes=\"auto, (max-width: 600px) 100vw, 600px\" \/><\/figure>\n<\/div>\n\n\n\n<div class=\"wp-block-column is-layout-flow wp-block-column-is-layout-flow\">\n<figure class=\"wp-block-image size-full\" style=\"margin-right:var(--wp--preset--spacing--20);margin-left:var(--wp--preset--spacing--20)\"><img loading=\"lazy\" decoding=\"async\" width=\"600\" height=\"600\" src=\"https:\/\/denverzoo.org\/wp-content\/uploads\/2025\/10\/tiger_1-copy.jpg\" alt=\"\" class=\"wp-image-43492\" style=\"aspect-ratio:1;object-fit:cover\" srcset=\"https:\/\/denverzoo.org\/wp-content\/uploads\/2025\/10\/tiger_1-copy.jpg 600w, https:\/\/denverzoo.org\/wp-content\/uploads\/2025\/10\/tiger_1-copy-220x220.jpg 220w, https:\/\/denverzoo.org\/wp-content\/uploads\/2025\/10\/tiger_1-copy-150x150.jpg 150w, https:\/\/denverzoo.org\/wp-content\/uploads\/2025\/10\/tiger_1-copy-50x50.jpg 50w, https:\/\/denverzoo.org\/wp-content\/uploads\/2025\/10\/tiger_1-copy-12x12.jpg 12w, https:\/\/denverzoo.org\/wp-content\/uploads\/2025\/10\/tiger_1-copy-300x300.jpg 300w, https:\/\/denverzoo.org\/wp-content\/uploads\/2025\/10\/tiger_1-copy-193x193.jpg 193w\" sizes=\"auto, (max-width: 600px) 100vw, 600px\" \/><\/figure>\n<\/div>\n\n\n\n<div class=\"wp-block-column is-layout-flow wp-block-column-is-layout-flow\">\n<figure class=\"wp-block-image size-full\" style=\"margin-top:0;margin-right:var(--wp--preset--spacing--20);margin-bottom:0;margin-left:var(--wp--preset--spacing--20)\"><img loading=\"lazy\" decoding=\"async\" width=\"600\" height=\"600\" src=\"https:\/\/denverzoo.org\/wp-content\/uploads\/2025\/10\/wilddog-copy.jpg\" alt=\"\" class=\"wp-image-43495\" style=\"aspect-ratio:1;object-fit:cover\" srcset=\"https:\/\/denverzoo.org\/wp-content\/uploads\/2025\/10\/wilddog-copy.jpg 600w, https:\/\/denverzoo.org\/wp-content\/uploads\/2025\/10\/wilddog-copy-220x220.jpg 220w, https:\/\/denverzoo.org\/wp-content\/uploads\/2025\/10\/wilddog-copy-150x150.jpg 150w, https:\/\/denverzoo.org\/wp-content\/uploads\/2025\/10\/wilddog-copy-50x50.jpg 50w, https:\/\/denverzoo.org\/wp-content\/uploads\/2025\/10\/wilddog-copy-12x12.jpg 12w, https:\/\/denverzoo.org\/wp-content\/uploads\/2025\/10\/wilddog-copy-300x300.jpg 300w, https:\/\/denverzoo.org\/wp-content\/uploads\/2025\/10\/wilddog-copy-193x193.jpg 193w\" sizes=\"auto, (max-width: 600px) 100vw, 600px\" \/><\/figure>\n<\/div>\n<\/div>\n\n<\/div>\n\n<\/div>\n<\/div>\n<\/div>\n\n<\/div>\n<\/div>\n<\/div>\n\n<\/div>\n<\/div>\n\n\n<p><\/p>","protected":false},"excerpt":{"rendered":"","protected":false},"author":114,"featured_media":43458,"parent":0,"menu_order":0,"comment_status":"closed","ping_status":"closed","template":"","meta":{"_acf_changed":false,"_relevanssi_hide_post":"","_relevanssi_hide_content":"","_relevanssi_pin_for_all":"","_relevanssi_pin_keywords":"","_relevanssi_unpin_keywords":"","_relevanssi_related_keywords":"","_relevanssi_related_include_ids":"","_relevanssi_related_exclude_ids":"","_relevanssi_related_no_append":"","_relevanssi_related_not_related":"","_relevanssi_related_posts":"33110,116,121,123,538,1202","_relevanssi_noindex_reason":"","footnotes":""},"class_list":["post-43446","page","type-page","status-publish","has-post-thumbnail","hentry"],"acf":[],"_links":{"self":[{"href":"https:\/\/denverzoo.org\/es\/wp-json\/wp\/v2\/pages\/43446","targetHints":{"allow":["GET"]}}],"collection":[{"href":"https:\/\/denverzoo.org\/es\/wp-json\/wp\/v2\/pages"}],"about":[{"href":"https:\/\/denverzoo.org\/es\/wp-json\/wp\/v2\/types\/page"}],"author":[{"embeddable":true,"href":"https:\/\/denverzoo.org\/es\/wp-json\/wp\/v2\/users\/114"}],"replies":[{"embeddable":true,"href":"https:\/\/denverzoo.org\/es\/wp-json\/wp\/v2\/comments?post=43446"}],"version-history":[{"count":0,"href":"https:\/\/denverzoo.org\/es\/wp-json\/wp\/v2\/pages\/43446\/revisions"}],"wp:featuredmedia":[{"embeddable":true,"href":"https:\/\/denverzoo.org\/es\/wp-json\/wp\/v2\/media\/43458"}],"wp:attachment":[{"href":"https:\/\/denverzoo.org\/es\/wp-json\/wp\/v2\/media?parent=43446"}],"curies":[{"name":"gracias","href":"https:\/\/api.w.org\/{rel}","templated":true}]}}