{"id":43579,"date":"2025-10-21T17:55:15","date_gmt":"2025-10-21T23:55:15","guid":{"rendered":"https:\/\/denverzoo.org\/safari-camps-clone\/"},"modified":"2026-03-10T12:34:31","modified_gmt":"2026-03-10T18:34:31","slug":"scout-programs","status":"publish","type":"page","link":"https:\/\/denverzoo.org\/es\/scout-programs\/","title":{"rendered":"Programas Scout"},"content":{"rendered":"<div  class='lhl-section urbi-component urbi-component front_view lhl_comp_width_inherit lhl_spacing_t_09 lhl_spacing_b_06 lhl_spacing_l_00 lhl_spacing_r_00 section-background-t' ><div class=\"urbi-component-inner\">\n    <div class=\"is-layout-constrained\">\n\n<h2 class=\"wp-block-heading has-text-align-center\">Llamada a todos los Scouts<\/h2>\n\n\n\n<p class=\"has-text-align-center\">Nuestros Programas Scout ofrecen a tus scouts la oportunidad de disfrutar de experiencias educativas exclusivas y actividades de aprendizaje interactivas. No te pierdas nuestros programas de oto\u00f1o, invierno y primavera: cada temporada ofrece un programa \u00fanico combinado con nuestros eventos m\u00e1s populares, como Luces del Zool\u00f3gico, Boo en el Zool\u00f3gico y Glowing Wild.<\/p>\n\n<\/div>\n\n<\/div>\n<\/div>\n\n\r\n<div  class='lhl-tabs urbi-component urbi-component front_view lhl_comp_width_inherit lhl_spacing_t_09 lhl_spacing_b_02 lhl_spacing_l_00 lhl_spacing_r_00 section-background-t lhlcomp_tabs urbi_component urbi-component lhl_ptb_60 lhl_ptb_120_@l' >\r\n<div class=\"\">\r\n    <div class=\"urbi-component-inner\">\r\n\r\n                    <ul class=\"uk-tab lhlcomp_tabs__tabs\" data-uk-tab=\"connect:#lhlcomp_tabs__block_a6017fe167368e5d556ebc4951bb188b\">\r\n\r\n            <\/ul>\r\n                <ul id=\"lhlcomp_tabs__block_a6017fe167368e5d556ebc4951bb188b\" class=\"uk-switcher uk-margin lhlcomp_tabs__content\">\r\n                        \n\r\n<li class='lhlcomp_tabs__content_li' data-content=\"fall-scout-programs\" id=\"-fall-scout-programs\" tabindex=\"0\">\r\n            <ul class=\"phantom_tabs\">\r\n            <li id=\"lhlcomp_tabs__block_ca74aca15c4c5a98616970ba6c4f44ee\" class=\"lhlcomp_tabs__nav_li\">\r\n                <a href=\"\" class=\"urbi_tabs_tab_link\" data-id=\"fall-scout-programs\">Programas Scout de Oto\u00f1o<\/a>\r\n            <\/li>\r\n        <\/ul>\r\n    \r\n    <div class=\"lhlcomp_tab__inner\">\r\n                <div class=\"acf-innerblocks-container\">\n\n\n\n<div  class='lhl-section urbi-component urbi-component front_view lhl_comp_width_inherit lhl_spacing_t_03 lhl_spacing_b_09 lhl_spacing_l_00 lhl_spacing_r_00 section-background-t' ><div class=\"urbi-component-inner\">\n    <div class=\"is-layout-constrained\">\n\n<h3 class=\"wp-block-heading\" id=\"fall\"><strong>Boo en la Noche de Scouts del Zool\u00f3gico: H\u00e9roes del H\u00e1bitat<\/strong><\/h3>\n\n\n\n<p>\u00a1Incluso los bichos m\u00e1s espeluznantes necesitan h\u00e1bitats saludables! Re\u00fane a tus exploradores y \u00fanete a nosotros para una experiencia educativa exclusiva, seguida de acceso al evento de la temporada:&nbsp;<a href=\"https:\/\/denverzoo.org\/es\/events\/boo-at-the-zoo\/\">Boo at the Zoo<\/a>Explora c\u00f3mo los murci\u00e9lagos, insectos y aves desempe\u00f1an un papel importante en los h\u00e1bitats que compartimos y descubre c\u00f3mo puedes hacer que nuestros espacios naturales sean menos inquietantes para todos.&nbsp;&nbsp;<\/p>\n\n\n\n<p>De 16:00 a 18:00, los scouts est\u00e1n invitados a participar en actividades de aprendizaje interactivas, conocer de cerca a los animales embajadores, conectar con la naturaleza y ganar una insignia especial. \u00a1Este programa combina a la perfecci\u00f3n con una noche de &quot;truco o trato&quot;!<\/p>\n\n\n\n<figure class=\"wp-block-image aligncenter size-full is-resized\"><img loading=\"lazy\" decoding=\"async\" width=\"600\" height=\"400\" src=\"https:\/\/denverzoo.org\/wp-content\/uploads\/2025\/09\/25-MKT-407-Fall-Marketing_Scout-Night_Event-Page_v1.0_SR_9.10.25_Scout-Night_600x400.png\" alt=\"\" class=\"wp-image-43296\" style=\"width:312px;height:auto\" srcset=\"https:\/\/denverzoo.org\/wp-content\/uploads\/2025\/09\/25-MKT-407-Fall-Marketing_Scout-Night_Event-Page_v1.0_SR_9.10.25_Scout-Night_600x400.png 600w, https:\/\/denverzoo.org\/wp-content\/uploads\/2025\/09\/25-MKT-407-Fall-Marketing_Scout-Night_Event-Page_v1.0_SR_9.10.25_Scout-Night_600x400-220x147.png 220w, https:\/\/denverzoo.org\/wp-content\/uploads\/2025\/09\/25-MKT-407-Fall-Marketing_Scout-Night_Event-Page_v1.0_SR_9.10.25_Scout-Night_600x400-50x33.png 50w, https:\/\/denverzoo.org\/wp-content\/uploads\/2025\/09\/25-MKT-407-Fall-Marketing_Scout-Night_Event-Page_v1.0_SR_9.10.25_Scout-Night_600x400-18x12.png 18w, https:\/\/denverzoo.org\/wp-content\/uploads\/2025\/09\/25-MKT-407-Fall-Marketing_Scout-Night_Event-Page_v1.0_SR_9.10.25_Scout-Night_600x400-298x199.png 298w\" sizes=\"auto, (max-width: 600px) 100vw, 600px\" \/><\/figure>\n\n\n\n<p><strong>LOS GRADOS<\/strong><br>Recomendado para todos los Scouts K-5<\/p>\n\n\n\n<p><strong>FECHAS + HORARIOS<\/strong><br>El programa se desarrolla de 4 a 6 p. m., seguido del acceso a nuestro evento Boo at the Zoo hasta las 9:00 p. m.<br><br><strong>S\u00e1bado 18 de octubre<\/strong><\/p>\n\n\n    \r\n    \r\n    <div class='urbi_button_link'><a class=\"urbi-link lhl_button lhl_button--small lhl_button_color_default lhl_button_width_default lhl_button--block\" href=\"https:\/\/my.denverzoo.org\/56556\/67880\" target=\"_blank\" rel=\"noopener noreferrer\" >Reg\u00edstrate ahora<\/a><\/div>\n\n\n<p><strong>COSTO<\/strong><br><em>Incluye entrada con descuento a Boo at the Zoo<\/em><br>$27 para Scouts (de 3 a 15 a\u00f1os)<br>$32 para adultos (de 16 a 64 a\u00f1os)<\/p>\n\n\n\n<h3 class=\"wp-block-heading has-paragraph-large-font-size\"><strong>CONT\u00c1CTANOS<br><\/strong>\u00bfPreguntas o inquietudes? P\u00f3ngase en contacto con nuestro equipo de Safari Camp en&nbsp;<a href=\"mailto:SafariCamps@denverzoo.org\">SafariCamps@denverzoo.org<\/a><\/h3>\n\n\n\n\n<div  class='lhl-accordion urbi-component urbi-component front_view lhl_comp_width_inherit lhl_spacing_t_04 lhl_spacing_b_04 lhl_spacing_l_00 lhl_spacing_r_00 section-background-t' ><div class=\"urbi-component-inner\">\n    <ul id=\"accordion-b1d50\" class=\"uk-accordion lhl-accordion-items\" uk-accordion data-id=\"accordion-b1d50\"><li id=\"accordion-b1d50--chaperones-no\" class=\"lhl-accordion-item lhl_mb_40\" data-id=\"accordion-b1d50--chaperones\"><a class=\"uk-accordion-title lhl-accordion-item-title\" href=\"#\">acompa\u00f1antes<\/a><div class=\"uk-accordion-content lhl-accordion-item-content\"><p><span data-contrast=\"none\">El cupo en nuestros programas scouts es limitado. No se garantiza el cambio de fecha, sujeto a disponibilidad y podr\u00eda generar un cargo administrativo m\u00ednimo.<\/span><span data-ccp-props=\"{}\">\u00a0<\/span><\/p>\n<p><span data-contrast=\"none\">Los programas Scout se realizar\u00e1n con lluvia o con sol. Todas las ventas son definitivas, a menos que DZCA tenga que cancelar el programa.<\/span><span data-contrast=\"none\">\u202f\u202f<\/span><span data-ccp-props=\"{}\">\u00a0<\/span><\/p>\n<\/div><\/li><li id=\"accordion-b1d50--reschedule-cancellations-no\" class=\"lhl-accordion-item lhl_mb_40\" data-id=\"accordion-b1d50--reschedule-cancellations\"><a class=\"uk-accordion-title lhl-accordion-item-title\" href=\"#\">Reprogramaci\u00f3n + Cancelaciones<\/a><div class=\"uk-accordion-content lhl-accordion-item-content\"><p>El cupo en nuestros programas es limitado. Para dejar espacio para otros grupos, asista a los programas en los que se inscriba y av\u00edsenos con al menos 48 horas de anticipaci\u00f3n sobre cualquier cambio. El cambio a otra fecha del programa depende de la disponibilidad y puede generar un cargo administrativo nominal.<\/p>\n<p><em>Para cancelar o transferir un programa, comun\u00edquese con guestcare@denverzoo.org.<\/em><\/p>\n<\/div><\/li><\/ul>\n<\/div>\n\n<\/div>\n<\/div>\n\n<\/div>\n<\/div>\n<\/div>\r\n    <\/div>\r\n<\/li>\n\n\r\n<li class='lhlcomp_tabs__content_li' data-content=\"winter-scout-programs\" id=\"-winter-scout-programs\" tabindex=\"0\">\r\n            <ul class=\"phantom_tabs\">\r\n            <li id=\"lhlcomp_tabs__block_76a2f584fcff5622f898b5e1134e2377\" class=\"lhlcomp_tabs__nav_li\">\r\n                <a href=\"\" class=\"urbi_tabs_tab_link\" data-id=\"winter-scout-programs\">Programas Scouts de Invierno<\/a>\r\n            <\/li>\r\n        <\/ul>\r\n    \r\n    <div class=\"lhlcomp_tab__inner\">\r\n                <div class=\"acf-innerblocks-container\">\n\n\n\n<div  class='lhl-section urbi-component urbi-component front_view lhl_comp_width_inherit lhl_spacing_t_03 lhl_spacing_b_09 lhl_spacing_l_00 lhl_spacing_r_00 section-background-t' ><div class=\"urbi-component-inner\">\n    <div class=\"is-layout-constrained\">\n\n<h3 class=\"wp-block-heading\" id=\"winter\"><strong>Noche de exploraci\u00f3n de luces del zool\u00f3gico: Primate Palooza<\/strong><\/h3>\n\n\n\n<p>\u00a1Prep\u00e1rate para la locura y la fiesta como un primate! Los Scouts est\u00e1n invitados a disfrutar de una noche inolvidable de diversi\u00f3n, aprendizaje y la dosis justa de monos. Explora el cuidado y la nutrici\u00f3n que mantienen a nuestros primates y otros animales del bosque felices y sanos. Ayudar\u00e1s a enriquecer el entorno, conocer\u00e1s a los Embajadores Animales, pondr\u00e1s a prueba tus habilidades con los comederos de rompecabezas y mucho m\u00e1s. Despu\u00e9s de divertirte con nosotros, tendr\u00e1s acceso prioritario para disfrutar de todo. <a href=\"https:\/\/denverzoo.org\/es\/events\/zoo-lights\/\">Zoo Lights<\/a> \u00a1tiene para ofrecer!<\/p>\n\n\n\n<p><strong>LOS GRADOS<\/strong><br>Recomendado para todos los Scouts K-5<\/p>\n\n\n\n<p><strong>FECHAS + HORARIOS<\/strong><br>Tu boleto incluye la entrada al zool\u00f3gico a partir de las 14:00 h. \u00a1Ven temprano para visitar a nuestros amigos primates antes de que se vayan a dormir! El programa se desarrolla de 15:30 a 16:30 h, seguido del acceso a Zoo Lights hasta las 21:00 h.<br><br><strong>Domingo 14 de diciembre<br><s>S\u00e1bado 20 de diciembre<\/s> <\/strong><em>cancelado<\/em><strong><br>S\u00e1bado 3 de enero de 2026<\/strong><\/p>\n\n\n    \r\n    \r\n    <div class='urbi_button_link'><a class=\"urbi-link lhl_button lhl_button--small lhl_button_color_default lhl_button_width_default lhl_button--block\" href=\"https:\/\/my.denverzoo.org\/events?kid=103&#038;startdate=2025-12-01\" target=\"_blank\" rel=\"noopener noreferrer\" >Reg\u00edstrate ahora<\/a><\/div>\n\n\n<p><strong>COSTO<\/strong><br><em>Incluye entrada con descuento a Zoo Lights<\/em><br>$27 para Scouts (de 3 a 15 a\u00f1os)<br>$32 para adultos (de 16 a 64 a\u00f1os)<\/p>\n\n\n\n<h3 class=\"wp-block-heading has-paragraph-large-font-size\"><strong>CONT\u00c1CTANOS<br><\/strong>\u00bfPreguntas o inquietudes? P\u00f3ngase en contacto con nuestro equipo de Safari Camp en&nbsp;<a href=\"mailto:SafariCamps@denverzoo.org\">SafariCamps@denverzoo.org<\/a><\/h3>\n\n\n\n\n<div  class='lhl-accordion urbi-component urbi-component front_view lhl_comp_width_inherit lhl_spacing_t_04 lhl_spacing_b_04 lhl_spacing_l_00 lhl_spacing_r_00 section-background-t' ><div class=\"urbi-component-inner\">\n    <ul id=\"accordion-94545\" class=\"uk-accordion lhl-accordion-items\" uk-accordion data-id=\"accordion-94545\"><li id=\"accordion-94545--programming-no\" class=\"lhl-accordion-item lhl_mb_40\" data-id=\"accordion-94545--programming\"><a class=\"uk-accordion-title lhl-accordion-item-title\" href=\"#\">Programaci\u00f3n<\/a><div class=\"uk-accordion-content lhl-accordion-item-content\"><p>La inscripci\u00f3n al programa incluye la entrada al zool\u00f3gico a partir de las 14:00 h. Por favor, llegue entre las 14:00 y las 15:00 h para explorar el zool\u00f3gico con antelaci\u00f3n. Explore el zool\u00f3gico por su cuenta y conozca los h\u00e1bitats de los grandes simios (\u00a1u otros animales favoritos!). <em>antes de<\/em> Nos encontramos en Primate Panorama Plaza a las 3:30 pm<\/p>\n<p>Durante este programa, los grupos rotar\u00e1n por las estaciones de aprendizaje, participar\u00e1n en juegos y actividades para explorar el cuidado y la nutrici\u00f3n de los primates y otros animales del bosque, conocer\u00e1n a algunos Embajadores Animales especiales y recibir\u00e1n un parche. Los participantes tendr\u00e1n acceso prioritario a Zoo Lights a partir de las 16:30 h.<\/p>\n<p>El programa comenzar\u00e1 puntualmente a las 3:30 p.m. Si llega al zool\u00f3gico despu\u00e9s de las 3:00 p.m., ingrese por la salida principal y dir\u00edjase directamente a Primate Panorama.<\/p>\n<p>Tenga en cuenta que la visibilidad de los animales suele ser limitada durante la programaci\u00f3n nocturna. Recomendamos llegar temprano para observarlos.<\/p>\n<\/div><\/li><li id=\"accordion-94545--chaperones-no\" class=\"lhl-accordion-item lhl_mb_40\" data-id=\"accordion-94545--chaperones\"><a class=\"uk-accordion-title lhl-accordion-item-title\" href=\"#\">acompa\u00f1antes<\/a><div class=\"uk-accordion-content lhl-accordion-item-content\"><p>Para participar en el programa, es necesario cumplir con la pol\u00edtica de acompa\u00f1antes. Todos los grupos que visiten Denver Zoo Conservation Alliance deben contar con al menos un adulto por cada 10 exploradores, independientemente de la edad.<\/p>\n<\/div><\/li><li id=\"accordion-94545--reschedule-cancellations-no\" class=\"lhl-accordion-item lhl_mb_40\" data-id=\"accordion-94545--reschedule-cancellations\"><a class=\"uk-accordion-title lhl-accordion-item-title\" href=\"#\">Reprogramaci\u00f3n + Cancelaciones<\/a><div class=\"uk-accordion-content lhl-accordion-item-content\"><p><span data-contrast=\"none\">El cupo en nuestros programas scouts es limitado. No se garantiza el cambio de fecha, sujeto a disponibilidad y podr\u00eda generar un cargo administrativo m\u00ednimo.<\/span><span data-ccp-props=\"{}\">\u00a0<\/span><\/p>\n<p><span data-contrast=\"none\">Los programas Scout se realizar\u00e1n con lluvia o con sol. Todas las ventas son definitivas, a menos que DZCA tenga que cancelar el programa.<\/span><span data-contrast=\"none\">\u202f\u202f<\/span><span data-ccp-props=\"{}\">\u00a0<\/span><\/p>\n<\/div><\/li><\/ul>\n<\/div>\n\n<\/div>\n<\/div>\n\n<\/div>\n<\/div>\n<\/div>\r\n    <\/div>\r\n<\/li>\n\n\r\n<li class='lhlcomp_tabs__content_li' data-content=\"spring-scout-programs\" id=\"-spring-scout-programs\" tabindex=\"0\">\r\n            <ul class=\"phantom_tabs\">\r\n            <li id=\"lhlcomp_tabs__block_af1fc738928d91135016e4820c3f469c\" class=\"lhlcomp_tabs__nav_li\">\r\n                <a href=\"\" class=\"urbi_tabs_tab_link\" data-id=\"spring-scout-programs\">Programas Scouts de Primavera<\/a>\r\n            <\/li>\r\n        <\/ul>\r\n    \r\n    <div class=\"lhlcomp_tab__inner\">\r\n                <div class=\"acf-innerblocks-container\">\n\n\n\n<div  class='lhl-section urbi-component urbi-component front_view lhl_comp_width_inherit lhl_spacing_t_03 lhl_spacing_b_09 lhl_spacing_l_00 lhl_spacing_r_00 section-background-t' ><div class=\"urbi-component-inner\">\n    <div class=\"is-layout-constrained\">\n\n<h3 class=\"wp-block-heading\" id=\"spring\"><strong>Noche de exploraci\u00f3n salvaje y brillante: manchas y rayas<\/strong><\/h3>\n\n\n\n<p>Re\u00fane a tu grupo y \u00fanete a nosotros para vivir una experiencia educativa exclusiva, mientras disfrutas de una entrada anticipada a <a href=\"https:\/\/denverzoo.org\/es\/events\/glowing-wild\/\" target=\"_blank\" rel=\"noreferrer noopener\">Resplandeciente salvaje.<\/a>&nbsp; \u00a1Tus Scouts se convertir\u00e1n en los nuevos reclutas de la Academia de Animales ficticia del Zool\u00f3gico, donde completar\u00e1n misiones para recibir su parche de &quot;manchas y rayas&quot;!&nbsp;&nbsp;<br><br>Los Scouts se divertir\u00e1n y aprender\u00e1n en nuestro edificio de la Academia Animal a trav\u00e9s de desaf\u00edos basados \u200b\u200ben la ciencia, encuentros cercanos con animales embajadores y una manualidad tem\u00e1tica antes de obtener entrada anticipada a Glowing Wild para explorar por su cuenta.<\/p>\n\n\n\n<p><strong>LOS GRADOS<\/strong><br>Recomendado para todos los Scouts K-5<\/p>\n\n\n\n<p><strong>FECHAS + HORARIOS<\/strong><br>El programa se desarrollar\u00e1 de 5:00 a 6:15 p. m. e inmediatamente despu\u00e9s tendr\u00e1 acceso a nuestro evento Glowing Wild.<br><br><strong>Opci\u00f3n 1: viernes 27 de marzo de 2026<\/strong><\/p>\n\n\n    \r\n    \r\n    <div class='urbi_button_link'><a class=\"urbi-link lhl_button lhl_button--small lhl_button_color_default lhl_button_width_default lhl_button--block\" href=\"https:\/\/my.denverzoo.org\/68561\/73688\" target=\"_blank\" rel=\"noopener noreferrer\" >Reg\u00edstrate para el 27 de marzo<\/a><\/div>\n\n\n<p><\/p>\n\n\n\n<p><strong>Opci\u00f3n 2: Viernes 3 de abril de 2026<\/strong><\/p>\n\n\n    \r\n    \r\n    <div class='urbi_button_link'><a class=\"urbi-link lhl_button lhl_button--small lhl_button_color_default lhl_button_width_default lhl_button--block\" href=\"https:\/\/my.denverzoo.org\/68561\/73690\" target=\"_blank\" rel=\"noopener noreferrer\" >Reg\u00edstrate para el 3 de abril<\/a><\/div>\n\n\n<p><\/p>\n\n\n\n<h3 class=\"wp-block-heading has-paragraph-large-font-size\"><strong>COSTO<\/strong><br><em>Incluye entrada con descuento a Glowing Wild<\/em><br>$29.95 para Scouts (de 3 a 15 a\u00f1os)<br>$37.15 para adultos (de 16 a 64 a\u00f1os o m\u00e1s)<br>GRATIS para ni\u00f1os menores de 2 a\u00f1os (se requiere boleto para ingresar)<\/h3>\n\n\n\n<p><strong>CONT\u00c1CTANOS<br><\/strong>\u00bfPreguntas o inquietudes? P\u00f3ngase en contacto con nuestro equipo de Safari Camp en&nbsp;<a href=\"mailto:SafariCamps@denverzoo.org\">SafariCamps@denverzoo.org<\/a><\/p>\n\n\n\n\n<div  class='lhl-accordion urbi-component urbi-component front_view lhl_comp_width_inherit lhl_spacing_t_04 lhl_spacing_b_04 lhl_spacing_l_00 lhl_spacing_r_00 section-background-t' ><div class=\"urbi-component-inner\">\n    <ul id=\"accordion-cabfb\" class=\"uk-accordion lhl-accordion-items\" uk-accordion data-id=\"accordion-cabfb\"><li id=\"accordion-cabfb--programming-no\" class=\"lhl-accordion-item lhl_mb_40\" data-id=\"accordion-cabfb--programming\"><a class=\"uk-accordion-title lhl-accordion-item-title\" href=\"#\">Programaci\u00f3n<\/a><div class=\"uk-accordion-content lhl-accordion-item-content\"><p>Los Scouts se divertir\u00e1n y aprender\u00e1n en nuestro edificio de la Academia Animal a trav\u00e9s de desaf\u00edos basados \u200b\u200ben la ciencia, encuentros cercanos con animales embajadores y una manualidad tem\u00e1tica antes de obtener acceso temprano a Glowing Wild para explorar por su cuenta.<\/p>\n<p>La inscripci\u00f3n al programa incluye la entrada al zool\u00f3gico a partir de las 17:00 h. Durante este programa, los grupos rotar\u00e1n por las estaciones de aprendizaje, participar\u00e1n en juegos, conocer\u00e1n a algunos Embajadores Animales especiales y ganar\u00e1n un parche. Los participantes tendr\u00e1n acceso prioritario a Glowing Wild a partir de las 18:15 h. \u00a1Ven solo o con todo tu grupo de scouts!<\/p>\n<\/div><\/li><li id=\"accordion-cabfb--chaperones-no\" class=\"lhl-accordion-item lhl_mb_40\" data-id=\"accordion-cabfb--chaperones\"><a class=\"uk-accordion-title lhl-accordion-item-title\" href=\"#\">acompa\u00f1antes<\/a><div class=\"uk-accordion-content lhl-accordion-item-content\"><p>Para participar en el programa, es necesario cumplir con la pol\u00edtica de acompa\u00f1antes. Todos los grupos que visiten Denver Zoo Conservation Alliance deben contar con al menos un adulto por cada 10 exploradores, independientemente de la edad.<\/p>\n<\/div><\/li><li id=\"accordion-cabfb--reschedule-cancellations-no\" class=\"lhl-accordion-item lhl_mb_40\" data-id=\"accordion-cabfb--reschedule-cancellations\"><a class=\"uk-accordion-title lhl-accordion-item-title\" href=\"#\">Reprogramaci\u00f3n + Cancelaciones<\/a><div class=\"uk-accordion-content lhl-accordion-item-content\"><p><span data-contrast=\"none\">El cupo en nuestros programas scouts es limitado. No se garantiza el cambio de fecha, sujeto a disponibilidad y podr\u00eda generar un cargo administrativo m\u00ednimo.<\/span><span data-ccp-props=\"{}\">\u00a0<\/span><\/p>\n<p><span data-contrast=\"none\">Los programas Scout se realizar\u00e1n con lluvia o con sol. Todas las ventas son definitivas, a menos que DZCA tenga que cancelar el programa.<\/span><span data-contrast=\"none\">\u202f\u202f<\/span><span data-ccp-props=\"{}\">\u00a0<\/span><\/p>\n<p>&nbsp;<\/p>\n<\/div><\/li><\/ul>\n<\/div>\n\n<\/div>\n<\/div>\n\n<\/div>\n<\/div>\n<\/div>\r\n    <\/div>\r\n<\/li>\n\r\n        <\/ul>\r\n\r\n    <\/div>\r\n<\/div>\r\n\r\n<\/div>\r\n    <script>\r\n        jQuery(\".phantom_tabs li\").each(function() {\r\n            jQuery(this).closest(\".urbi-component-inner\").find('.lhlcomp_tabs__tabs').append(this);\r\n        });\r\n    <\/script>","protected":false},"excerpt":{"rendered":"","protected":false},"author":101,"featured_media":0,"parent":0,"menu_order":0,"comment_status":"closed","ping_status":"closed","template":"","meta":{"_acf_changed":false,"_relevanssi_hide_post":"","_relevanssi_hide_content":"","_relevanssi_pin_for_all":"","_relevanssi_pin_keywords":"","_relevanssi_unpin_keywords":"","_relevanssi_related_keywords":"","_relevanssi_related_include_ids":"","_relevanssi_related_exclude_ids":"","_relevanssi_related_no_append":"","_relevanssi_related_not_related":"","_relevanssi_related_posts":"116,121,123,538,1202,1775","_relevanssi_noindex_reason":"","footnotes":""},"class_list":["post-43579","page","type-page","status-publish","hentry"],"acf":[],"_links":{"self":[{"href":"https:\/\/denverzoo.org\/es\/wp-json\/wp\/v2\/pages\/43579","targetHints":{"allow":["GET"]}}],"collection":[{"href":"https:\/\/denverzoo.org\/es\/wp-json\/wp\/v2\/pages"}],"about":[{"href":"https:\/\/denverzoo.org\/es\/wp-json\/wp\/v2\/types\/page"}],"author":[{"embeddable":true,"href":"https:\/\/denverzoo.org\/es\/wp-json\/wp\/v2\/users\/101"}],"replies":[{"embeddable":true,"href":"https:\/\/denverzoo.org\/es\/wp-json\/wp\/v2\/comments?post=43579"}],"version-history":[{"count":2,"href":"https:\/\/denverzoo.org\/es\/wp-json\/wp\/v2\/pages\/43579\/revisions"}],"predecessor-version":[{"id":44952,"href":"https:\/\/denverzoo.org\/es\/wp-json\/wp\/v2\/pages\/43579\/revisions\/44952"}],"wp:attachment":[{"href":"https:\/\/denverzoo.org\/es\/wp-json\/wp\/v2\/media?parent=43579"}],"curies":[{"name":"gracias","href":"https:\/\/api.w.org\/{rel}","templated":true}]}}