{"id":4375,"date":"2018-09-17T19:28:24","date_gmt":"2018-09-17T19:28:24","guid":{"rendered":"https:\/\/denverzootemp.org\/?page_id=4375"},"modified":"2018-09-18T17:29:39","modified_gmt":"2018-09-18T17:29:39","slug":"awards-and-honors","status":"publish","type":"page","link":"https:\/\/denverzoo.org\/es\/awards-and-honors\/","title":{"rendered":"Premios y honores"},"content":{"rendered":"<p>\t\t\t\t<img loading=\"lazy\" decoding=\"async\" src=\"https:\/\/denverzoo.org\/wp-content\/uploads\/2018\/09\/AZA_feature.jpg\" alt=\"AZA logo\" itemprop=\"image\" height=\"400\" width=\"400\" title=\"Caracter\u00edstica AZA\"  \/><\/p>\n<h2>Cuidado animal<\/h2>\n<p>La Vicepresidenta de Cuidado Animal, Hollie Colahan, fue seleccionada para ser la Presidenta del Comit\u00e9 de Desarrollo Profesional de la AZA que supervisa todos los programas de capacitaci\u00f3n y desarrollo profesional de la AZA.<\/p>\n<p>\t\t\t<a href=\"https:\/\/www.aza.org\/professional_development_committee\" target=\"_self\" role=\"button\"><br \/>\n\t\t\t\t\t\t\tComit\u00e9 AZA<br \/>\n\t\t\t\t\t<\/a><br \/>\n\t\t\t\t<img loading=\"lazy\" decoding=\"async\" src=\"https:\/\/denverzoo.org\/wp-content\/uploads\/2018\/09\/conservation-award-icon_feature.jpg\" alt=\"leaf icon illustration\" itemprop=\"image\" height=\"400\" width=\"400\" title=\"funci\u00f3n de icono de premio de conservaci\u00f3n\"  \/><\/p>\n<h2>Biolog\u00eda de la Conservaci\u00f3n<\/h2>\n<p>Fauna and Flora International y la Universidad de Colorado Boulder, colaboradores de la conservaci\u00f3n de los monos de nariz chata de Denver Zoo y Tonkin, anunciaron que los esfuerzos conjuntos de conservaci\u00f3n han llevado a la designaci\u00f3n de un nuevo parque nacional en la provincia de Ha Giang, Vietnam, con el prop\u00f3sito principal de continuar con el desaire de Tonkin. -exito en la conservaci\u00f3n de los monos narices en la regi\u00f3n.<\/p>\n<p>Gana Wingard, Director del Programa de Mongolia, recibi\u00f3 un Certificado de Reconocimiento del Grupo Medicina de Conservaci\u00f3n de la Universidad Peruana Cayetano Heredia. Gana tambi\u00e9n recibi\u00f3 atenci\u00f3n en la Gu\u00eda de expedici\u00f3n de investigaci\u00f3n de campo 2015 Mongolia por Earthwatch Institute.<\/p>\n<p>La Dra. Rebecca Garvoille, Cient\u00edfica Social de la Conservaci\u00f3n, fue elegida para servir como miembro general en la Junta del Grupo de Trabajo de Ciencias Sociales de la Sociedad para la Biolog\u00eda de la Conservaci\u00f3n. Actualmente es Secretaria del Directorio y Presidenta del Comit\u00e9 de Comunicaciones.<\/p>\n<p>La cuenca del Refugio Nacional de Vida Silvestre R\u00edo Mora, administrada por el Zool\u00f3gico de Denver, fue identificada como uno de los mejores paisajes en el norte de Nuevo M\u00e9xico para las especies de aves migratorias de pastizales, en t\u00e9rminos de conectividad y calidad del h\u00e1bitat, por Playa Lakes Joint Venture (PLJV). a trav\u00e9s de un an\u00e1lisis de idoneidad del h\u00e1bitat.<\/p>\n<p>\t\t\t<a href=\"https:\/\/denverzoo.org\/es\/conservation\/\" target=\"_self\" role=\"button\"><br \/>\n\t\t\t\t\t\t\tConservaci\u00f3n en el zool\u00f3gico de Denver<br \/>\n\t\t\t\t\t<\/a><br \/>\n\t\t\t\t<img loading=\"lazy\" decoding=\"async\" src=\"https:\/\/denverzoo.org\/wp-content\/uploads\/2018\/09\/American-alliance-of-museums_feature.jpg\" alt=\"American alliance of museums\" itemprop=\"image\" height=\"400\" width=\"400\" title=\"Caracter\u00edstica de la alianza americana de museos\"  \/><\/p>\n<h2>Educaci\u00f3n<\/h2>\n<p>Marley Steele-Inama, Directora de Investigaci\u00f3n y Evaluaci\u00f3n de Audiencias fue elegida como Presidenta del Comit\u00e9 de Investigaci\u00f3n y Evaluaci\u00f3n de Audiencias de la Alianza Estadounidense de Museos, una red profesional dise\u00f1ada para promover los estudios de visitantes y la evaluaci\u00f3n de programas en museos, zool\u00f3gicos, acuarios, jardines bot\u00e1nicos y ciencia. centros. SteeleInama tambi\u00e9n public\u00f3 un cap\u00edtulo en el Journal of Museum Education sobre la Red de Evaluaci\u00f3n de Denver (DEN), un consorcio de organizaciones culturales del \u00e1rea metropolitana que desarrollan la capacidad de evaluaci\u00f3n del personal.<\/p>\n<p>\t\t\t<a href=\"https:\/\/www.aam-us.org\/programs\/about-aam\/\" target=\"_self\" role=\"button\"><br \/>\n\t\t\t\t\t\t\tSobre AAM<br \/>\n\t\t\t\t\t<\/a><br \/>\n\t\t\t\t<img loading=\"lazy\" decoding=\"async\" src=\"https:\/\/denverzoo.org\/wp-content\/uploads\/2018\/09\/certified-OHSAS_feature.jpg\" alt=\"certified OHSAS symbol\" itemprop=\"image\" height=\"240\" width=\"240\" title=\"caracter\u00edstica certificada OHSAS\"  \/><\/p>\n<h2>Instalaciones<\/h2>\n<p>El Zool\u00f3gico de Denver es ahora una de las cuatro \u00fanicas instituciones zool\u00f3gicas del mundo, y la primera en el hemisferio occidental, en lograr la m\u00e1s alta distinci\u00f3n internacional por sus sistemas de gesti\u00f3n ambiental, de salud y seguridad. Despu\u00e9s de una auditor\u00eda intensiva de cuatro d\u00edas en febrero, el zool\u00f3gico de Denver fue reacreditado con la certificaci\u00f3n ISO 14001 y, por primera vez, recibi\u00f3 la certificaci\u00f3n OHSAS 18001. Ambas prestigiosas certificaciones comprometen al zool\u00f3gico con el m\u00e1ximo nivel de pr\u00e1cticas sostenibles y de salud y seguridad.<\/p>\n<p>\t\t\t<a href=\"https:\/\/www.bureauveritas.com\/services+sheet\/ohsas-18001-certification_1143\" target=\"_self\" role=\"button\"><br \/>\n\t\t\t\t\t\t\t\u00bfQu\u00e9 es OHSAS 18001?<br \/>\n\t\t\t\t\t<\/a><br \/>\n\t\t\t\t<img loading=\"lazy\" decoding=\"async\" src=\"https:\/\/denverzoo.org\/wp-content\/uploads\/2018\/09\/hermes-award_feature.jpg\" alt=\"Hermes Creative award symbol\" itemprop=\"image\" height=\"400\" width=\"400\" title=\"funci\u00f3n de premio hermes\"  \/><\/p>\n<h2>Relaciones Externas<\/h2>\n<p>Marketing y Relaciones P\u00fablicas ganaron cada uno un Premio Creativo Hermes de Oro por el paquete de dise\u00f1o de identidad para la recaudaci\u00f3n de fondos anual del zool\u00f3gico, Do at the Zoo, y por la mejor ubicaci\u00f3n en los medios para un art\u00edculo del Denver Post sobre nuestra exhibici\u00f3n de LEGO\u00ae, respectivamente.<\/p>\n<p>\t\t\t<a href=\"https:\/\/hermesawards.com\/\" target=\"_self\" role=\"button\"><br \/>\n\t\t\t\t\t\t\tAcerca de los premios creativos Hermes<br \/>\n\t\t\t\t\t<\/a><br \/>\n\t\t\t\t<img loading=\"lazy\" decoding=\"async\" src=\"https:\/\/denverzoo.org\/wp-content\/uploads\/2018\/09\/AZA_feature.jpg\" alt=\"AZA logo\" itemprop=\"image\" height=\"400\" width=\"400\" title=\"Caracter\u00edstica AZA\"  \/><\/p>\n<h2>Organizaci\u00f3n<\/h2>\n<p>La capacitaci\u00f3n de desarrollo profesional en liderazgo basado en valores que se ofrece al personal de administraci\u00f3n se present\u00f3 en la revista Connect de la Asociaci\u00f3n de Zool\u00f3gicos y Acuarios (AZA). El programa proporciona a los participantes herramientas para empoderar, motivar y responsabilizar a los equipos; gestionar tareas, personas y ellos mismos; y comunicarse de forma m\u00e1s eficaz entre s\u00ed.<\/p>\n<p>Las siguientes personas afiliadas al zool\u00f3gico completaron con \u00e9xito el Programa de investigaci\u00f3n avanzada del zool\u00f3gico de Denver. Brittney Weaver, Ali Young, Colby McElrath, Heather Batts, Sharon Garrison y Sara Shanahan. Cada uno obtuvo una maestr\u00eda de la Universidad de Miami, Oxford, Ohio.<\/p>\n<p>\t\t\t<a href=\"https:\/\/www.aza.org\/about-us\" target=\"_self\" role=\"button\"><br \/>\n\t\t\t\t\t\t\tSobre AZA<br \/>\n\t\t\t\t\t<\/a><br \/>\n\t\t\t\t<img loading=\"lazy\" decoding=\"async\" src=\"https:\/\/denverzoo.org\/wp-content\/uploads\/2018\/09\/vet-awards-icon_feature.jpg\" alt=\"stethoscope for vet care\" itemprop=\"image\" height=\"400\" width=\"400\" title=\"funci\u00f3n de icono de premios veterinarios\"  \/><\/p>\n<h2>Medicina Veterinaria<\/h2>\n<p>La Dra. Gwen Jankowski obtuvo la certificaci\u00f3n de la junta en medicina zool\u00f3gica, al aprobar con \u00e9xito el examen de certificaci\u00f3n del Colegio Americano de Medicina Zool\u00f3gica.<\/p>\n<p>El Dr. R. Scott Larsen complet\u00f3 un mandato de dos a\u00f1os como presidente del Colegio Americano de Medicina Zool\u00f3gica.<\/p>\n<p>El Dr. R. Scott Larsen fue elegido presidente electo de las Asociaciones Estadounidenses de Veterinarios de Zool\u00f3gicos.<\/p>\n<p>\t\t\t<a href=\"https:\/\/denverzoo.org\/es\/support\/\" target=\"_self\" role=\"button\"><br \/>\n\t\t\t\t\t\t\tAsistencia al veterinario<br \/>\n\t\t\t\t\t<\/a><br \/>\n\t[dz_slideshow]<\/p>","protected":false},"excerpt":{"rendered":"<p>La vicepresidenta de Cuidado Animal, Hollie Colahan, fue seleccionada para presidir el Comit\u00e9 de Desarrollo Profesional de la AZA, encargado de supervisar todos los programas de desarrollo profesional y capacitaci\u00f3n de la AZA. El Comit\u00e9 de Biolog\u00eda de la Conservaci\u00f3n de la AZA, el Zool\u00f3gico de Denver y los colaboradores de Fauna y Flora Internacional y la Universidad de Colorado en Boulder, encargados de la conservaci\u00f3n del mono chato de Tonk\u00edn, anunciaron que [\u2026]<\/p>","protected":false},"author":40,"featured_media":0,"parent":0,"menu_order":0,"comment_status":"closed","ping_status":"closed","template":"","meta":{"_acf_changed":false,"_relevanssi_hide_post":"","_relevanssi_hide_content":"","_relevanssi_pin_for_all":"","_relevanssi_pin_keywords":"","_relevanssi_unpin_keywords":"","_relevanssi_related_keywords":"","_relevanssi_related_include_ids":"","_relevanssi_related_exclude_ids":"","_relevanssi_related_no_append":"","_relevanssi_related_not_related":"","_relevanssi_related_posts":"","_relevanssi_noindex_reason":"","footnotes":""},"class_list":["post-4375","page","type-page","status-publish","hentry"],"acf":[],"_links":{"self":[{"href":"https:\/\/denverzoo.org\/es\/wp-json\/wp\/v2\/pages\/4375","targetHints":{"allow":["GET"]}}],"collection":[{"href":"https:\/\/denverzoo.org\/es\/wp-json\/wp\/v2\/pages"}],"about":[{"href":"https:\/\/denverzoo.org\/es\/wp-json\/wp\/v2\/types\/page"}],"author":[{"embeddable":true,"href":"https:\/\/denverzoo.org\/es\/wp-json\/wp\/v2\/users\/40"}],"replies":[{"embeddable":true,"href":"https:\/\/denverzoo.org\/es\/wp-json\/wp\/v2\/comments?post=4375"}],"version-history":[{"count":0,"href":"https:\/\/denverzoo.org\/es\/wp-json\/wp\/v2\/pages\/4375\/revisions"}],"wp:attachment":[{"href":"https:\/\/denverzoo.org\/es\/wp-json\/wp\/v2\/media?parent=4375"}],"curies":[{"name":"gracias","href":"https:\/\/api.w.org\/{rel}","templated":true}]}}