{"id":4490,"date":"2018-09-18T18:01:23","date_gmt":"2018-09-18T18:01:23","guid":{"rendered":"https:\/\/denverzootemp.org\/?page_id=4490"},"modified":"2022-03-30T14:34:39","modified_gmt":"2022-03-30T20:34:39","slug":"front-range","status":"publish","type":"page","link":"https:\/\/denverzoo.org\/es\/front-range\/","title":{"rendered":"Gama frontal"},"content":{"rendered":"<h3>\n\t\tResultados\n\t<\/h3>\n\t<h4>Proyecto Front Range Pika<\/h4>\n<p>Descargue nuestro informe de resultados para obtener informaci\u00f3n sobre el impacto que ha tenido el zool\u00f3gico de Denver a lo largo del rango frontal.<\/p>\n\t\t\t<a href=\"https:\/\/denverzoo.org\/wp-content\/uploads\/2022\/03\/CON-125-RockyMountain_Report_8.5x11_PRESS_BG_3-9-22_LR.pdf\" target=\"_blank\" role=\"button\" rel=\"noopener\">\n\t\t\t\t\t\t\tDescargar PDF\n\t\t\t\t\t<\/a>\n<h3>\n\t\t\u00a1Involucrarse!\n\t<\/h3>\n\t<h4>Proyecto Front Range Pika<\/h4>\n<p>Para obtener m\u00e1s informaci\u00f3n sobre c\u00f3mo puede contribuir a la conservaci\u00f3n de la pika en todo Colorado como cient\u00edfico ciudadano, visite el sitio web del Proyecto Front Range Pika.<\/p>\n\t\t\t<a href=\"http:\/\/www.pikapartners.org\" target=\"_blank\" role=\"button\" rel=\"noopener\">\n\t\t\t\t\t\t\tProyecto Front Range Pika\n\t\t\t\t\t<\/a>\n\t<h4>Proyecto Corredores de Colorado<\/h4>\n<p>Para ayudar a identificar la vida silvestre en Vail Pass como parte del Proyecto Corredores de Colorado, visite nuestra p\u00e1gina del proyecto en el sitio web de Zooniverse.<\/p>\n\t\t\t<a href=\"https:\/\/www.zooniverse.org\/projects\/coloradocorridorsproject\/colorado-corridors-project\" target=\"_blank\" role=\"button\" rel=\"noopener\">\n\t\t\t\t\t\t\tProyecto Corredores de Colorado\n\t\t\t\t\t<\/a>\n<h1>\n\t\tAcerca de Front Range\n\t<\/h1>\n\t<p>Front Range se refiere a la ladera este de las Monta\u00f1as Rocosas del sur, las majestuosas &quot;monta\u00f1as p\u00farpuras&quot; en la canci\u00f3n, <em>America la BELLA-<\/em>y praderas vecinas. Desde llanuras de una milla de altura hasta picos nevados que superan los 14,000 pies de altura, esta zona de transici\u00f3n es famosa tanto por su belleza natural como por sus ofertas recreativas, y atrae a entusiastas de las actividades al aire libre de todo el mundo durante todo el a\u00f1o. Extendi\u00e9ndose desde el sur de Wyoming hasta Colorado, Front Range proporciona recursos cr\u00edticos tanto para la vida silvestre como para las personas, incluida una de las \u00e1reas metropolitanas de m\u00e1s r\u00e1pido crecimiento en los Estados Unidos: Denver, Colorado.<\/p>\n\t<h3>\u00bfPor qu\u00e9 Front Range?<\/h3>\n<p>La interfaz entre las monta\u00f1as y las llanuras a lo largo de la Cordillera Frontal de Colorado (en lo sucesivo, la Cordillera Frontal) es el hogar de una diversidad de importantes especies de vida silvestre, desde las que habitan en las praderas de pastos cortos hasta las que viven exclusivamente en la tundra alpina de gran altitud, y sus principales especies. corredores de circulaci\u00f3n. Tambi\u00e9n brinda valiosos recursos naturales y oportunidades recreativas para las comunidades humanas que viven en el \u00c1rea Metropolitana de Denver (Metro Denver) y m\u00e1s all\u00e1. Sin embargo, el aumento exponencial de las poblaciones humanas, el desarrollo en expansi\u00f3n y los patrones de precipitaci\u00f3n y temperatura cada vez m\u00e1s variables en todo Front Range han puesto en riesgo la vida silvestre, los ecosistemas y los recursos naturales.<\/p>\n<p>Un miembro confiable de la comunidad de Denver, el Zool\u00f3gico de Denver trabaja en Front Range para ayudar a las agencias municipales, estatales y federales a administrar las \u00e1reas protegidas de una manera que reduzca las amenazas y promueva la resiliencia de la vida silvestre y los ecosistemas de Colorado. Logramos esto mediante la aplicaci\u00f3n de ciencias ecol\u00f3gicas y sociales s\u00f3lidas para identificar estrategias de gesti\u00f3n sostenible, mediante la colaboraci\u00f3n con organizaciones asociadas y partes interesadas, y mediante la participaci\u00f3n de la comunidad de Colorado en acciones de investigaci\u00f3n y conservaci\u00f3n. Esto incluye trabajar con socios para conservar y restaurar la funci\u00f3n de los ecosistemas de pastizales en todo el estado a trav\u00e9s de la restauraci\u00f3n y el manejo de bisontes, monitorear la vida silvestre para apoyar el desarrollo de la ruta de vida silvestre de mayor elevaci\u00f3n de Colorado sobre la carretera interestatal 70 en Vail Pass, y empoderar a los entusiastas del aire libre para que se conviertan en cient\u00edficos ciudadanos en la b\u00fasqueda de comprender y mitigar los efectos del cambio clim\u00e1tico en los ecosistemas alpinos y pika estadounidenses.<\/p>\n\t[dz_image_gallery_slides]\n\t\t\t\t<img loading=\"lazy\" decoding=\"async\" src=\"https:\/\/denverzoo.org\/wp-content\/uploads\/2018\/09\/shovel-icon.png\" alt=\"Shovel icon\" itemprop=\"image\" height=\"400\" width=\"400\" title=\"icono de pala\" onerror=\"this.style.display='none'\"  \/>\n\t\t<h2>Enfoque de conservaci\u00f3n en Front Range<\/h2>\n\t\t<p>El Zool\u00f3gico de Denver aprovecha nuestra reputaci\u00f3n como l\u00edder confiable en la comunidad de Denver durante m\u00e1s de 120 a\u00f1os para movilizar al p\u00fablico a participar en la investigaci\u00f3n y conservaci\u00f3n de la vida silvestre en todo Colorado. Bas\u00e1ndonos en nuestro exitoso modelo de colaboraci\u00f3n de m\u00faltiples partes interesadas en el Refugio Nacional de Vida Silvestre Rio Mora (<a href=\"\/es\/rio-mora\/\">Aprende m\u00e1s aqu\u00ed<\/a>), trabajamos en estrecha colaboraci\u00f3n con agencias municipales, estatales y federales para comprender las amenazas en tiempo real a la vida silvestre y sus ecosistemas, como la expansi\u00f3n de las poblaciones humanas y el cambio clim\u00e1tico. Luego, ayudamos a esas agencias a implementar las estrategias de gesti\u00f3n de la tierra necesarias para promover la conservaci\u00f3n y la resistencia de la vida silvestre, los ecosistemas y los recursos naturales en Front Range.<\/p>\n<p>Aplicamos los siguientes enfoques para conservar y desarrollar la resiliencia de los ecosistemas de praderas alpinas y de pastos cortos y para restaurar la conectividad de la vida silvestre a lo largo de la interfaz monta\u00f1a-llanura a lo largo de Front Range.<\/p>\n\t\t\t<a href=\"\" target=\"_self\" role=\"button\" rel=\"noopener\">\n\t\t\t\t\t\t\tHaga clic aqu\u00ed\n\t\t\t\t\t<\/a>\n\t\t<h2>Restauraci\u00f3n de pastizales mediante el manejo de bisontes<\/h2>\n\t\t<p>Aplicando nuestra experiencia en creaci\u00f3n de asociaciones, restauraci\u00f3n de pastizales, manejo de bisontes y participaci\u00f3n de los propietarios de nuestro trabajo en Rio Mora NWR, el Zool\u00f3gico de Denver se asocia con Denver Mountain Parks (DMP), agencias federales y propietarios privados para promover la conservaci\u00f3n y restauraci\u00f3n de pastizales a trav\u00e9s de manejo de bisontes en todo el Front Range.<\/p>\n\t\t\t<a href=\"\" target=\"_self\" role=\"button\" rel=\"noopener\">\n\t\t\t\t\t\t\tHaga clic aqu\u00ed\n\t\t\t\t\t<\/a>\n\t[VIDEO-POPUP] [VIDEO-POPUP]\n\t\t<h3>Ciencia ciudadana en el Pika estadounidense<\/h3>\n\t\t\n\t\t\t<a href=\"\" target=\"_self\" role=\"button\" rel=\"noopener\">\n\t\t\t\t\t\t\tHaga clic aqu\u00ed\n\t\t\t\t\t<\/a>\n\t\t<h2>Trabajando con las partes interesadas para mitigar los impactos de la I-70 en la vida silvestre<\/h2>\n\t\t<p>El zool\u00f3gico de Denver se asocia con Rocky Mountain Wild y varias agencias estatales y federales en el Colorado Corridors Project (CCP) para involucrar a voluntarios en el monitoreo de la vida silvestre a lo largo de Vail Pass. Los datos de vida silvestre recopilados como parte del CCP se utilizan para respaldar la iniciativa regional Pasos seguros del condado de Summit para desarrollar y construir varias estructuras, incluido un paso elevado de vida silvestre, para mitigar los impactos del tr\u00e1fico en las poblaciones de vida silvestre y mejorar la seguridad de los conductores a lo largo de la I-70.<\/p>\n\t\t\t<a href=\"\" target=\"_self\" role=\"button\" rel=\"noopener\">\n\t\t\t\t\t\t\tHaga clic aqu\u00ed\n\t\t\t\t\t<\/a>\n\t[VIDEO-POPUP]\n\t\t<h2>Ciencia ciudadana en acci\u00f3n<\/h2>\n\t\t<h3>Involucrar a nuestra comunidad local<\/h3>\n<p>El Zool\u00f3gico de Denver sabe que involucrar a nuestra comunidad local en estas estrategias es clave para su \u00e9xito y sostenibilidad. Como tal, utilizamos la ciencia ciudadana para expandir el impacto de nuestra investigaci\u00f3n y generar apoyo comunitario para la conservaci\u00f3n. La ciencia ciudadana, que se refiere a la recopilaci\u00f3n y el an\u00e1lisis de datos realizados por el p\u00fablico en general, nos permite recopilar informaci\u00f3n en grandes escalas espaciales y escalas temporales finas que no ser\u00eda posible con un peque\u00f1o equipo de ec\u00f3logos de campo solo. Tambi\u00e9n sirve como una herramienta eficaz para educar e inspirar a nuestra comunidad a actuar en nombre de la vida silvestre.<\/p>\n<p>Durante los \u00faltimos 10 a\u00f1os, el Zool\u00f3gico de Denver ha involucrado a m\u00e1s de 500 habitantes de Colorado en nuestro trabajo en todo el Front Range. En total, estos voluntarios han dedicado m\u00e1s de 5,000 horas a la conservaci\u00f3n de la vida silvestre. A trav\u00e9s de este proceso, hemos trabajado en estrecha colaboraci\u00f3n con agencias municipales, estatales y federales para garantizar que estos proyectos proporcionen datos s\u00f3lidos y confiables que las agencias realmente puedan usar, y nuestro modelo se ha utilizado para capacitar a otras organizaciones en el dise\u00f1o de proyectos cient\u00edficos ciudadanos efectivos. .<\/p>\n\t\t\t<a href=\"\/es\/support\/\" target=\"_self\" role=\"button\" rel=\"noopener\">\n\t\t\t\t\t\t\tApoya a Denver Zoo\n\t\t\t\t\t<\/a>\n\t\t\t\t<img loading=\"lazy\" decoding=\"async\" src=\"https:\/\/denverzoo.org\/wp-content\/uploads\/2018\/12\/Conservation_RockyMountains_ConservationSuccess.jpg\" alt=\"Conservation Rocky Mountains Conservation Success\" itemprop=\"image\" height=\"400\" width=\"1070\" title=\"Conservaci\u00f3n \u00c9xito de la conservaci\u00f3n de las Monta\u00f1as Rocosas\" onerror=\"this.style.display='none'\"  \/>\n<h3>\n\t\tAsociaciones\n\t<\/h3>\n\t<p>La conservaci\u00f3n no se puede hacer solo, y el zool\u00f3gico de Denver agradece nuestra s\u00f3lida red de colaboradores que contribuyen a la conservaci\u00f3n en el proyecto de las Monta\u00f1as Rocosas \/ Grandes Llanuras - Front Range.<\/p>\n<ul>\n<li>Parques de monta\u00f1a de Denver<\/li>\n<li>Monta\u00f1as Rocosas Salvaje<\/li>\n<li>Fundaci\u00f3n de parques de monta\u00f1a de Denver<\/li>\n<li>Servicio de Pesca y Vida Silvestre de EE. UU.<\/li>\n<li>Monta\u00f1eros de la gran ciudad<\/li>\n<li>Universidad de Colorado-Boulder<\/li>\n<li>Parques y vida silvestre de Colorado<\/li>\n<li>Laboratorio de Ecolog\u00eda de Recursos Naturales en CSU<\/li>\n<li>Centro de Ciencias Walking Mountains<\/li>\n<li>Servicio Forestal de EE. UU.<\/li>\n<li>Instituto de campo de las Monta\u00f1as Rocosas<\/li>\n<li>Iniciativa Colorado Fourteeners<\/li>\n<li>Universidad de Colorado Mesa<\/li>\n<li>Parque Nacional de las Monta\u00f1as Rocosas<\/li>\n<li>Departamento de Transporte de Colorado<\/li>\n<li>Actores interesados en Pasos Seguros del Condado de Summit<\/li>\n<li>Zooniverse<\/li>\n<\/ul>\n<h1>\n\t\t\u00c9xito de la conservaci\u00f3n en el Front Range\n\t<\/h1>\n<h2>\n\t\tAspectos destacados del \u00e9xito de la conservaci\u00f3n en Front Range\n\t<\/h2>\n\t<ul>\n<li><strong>Involucraron a 300 estudiantes de secundaria y preparatoria<\/strong> de Colorado en programas de educaci\u00f3n basados en el campo en Denver Mountain Parks enfocados en la restauraci\u00f3n de ecosistemas de pastizales de 2016 a 2018.<\/li>\n<li><strong>FRPP ha contribuido a la base de datos de ciencia ciudadana m\u00e1s antigua<\/strong> sobre los impactos del cambio clim\u00e1tico en pika en Am\u00e9rica del Norte. Habiendo involucrado a m\u00e1s de 300 voluntarios en todo el Front Range, esta investigaci\u00f3n se ha utilizado en art\u00edculos de revistas revisadas por pares y ha ayudado a respaldar las decisiones de gesti\u00f3n de las agencias estatales y federales.<\/li>\n<li><strong>Resultados de 3 a\u00f1os de monitoreo de vida silvestre en Vail Pass<\/strong> est\u00e1n siendo utilizados por el comit\u00e9 de Pasos Seguros del Condado de Summit para generar apoyo de la comunidad para mitigar los impactos de la I-70 en las poblaciones de vida silvestre y para defender e informar la construcci\u00f3n de un paso elevado para la vida silvestre.<\/li>\n<\/ul>\n\t[dz_slideshow]","protected":false},"excerpt":{"rendered":"","protected":false},"author":40,"featured_media":0,"parent":0,"menu_order":0,"comment_status":"closed","ping_status":"closed","template":"","meta":{"_acf_changed":false,"_relevanssi_hide_post":"","_relevanssi_hide_content":"","_relevanssi_pin_for_all":"","_relevanssi_pin_keywords":"","_relevanssi_unpin_keywords":"","_relevanssi_related_keywords":"","_relevanssi_related_include_ids":"","_relevanssi_related_exclude_ids":"","_relevanssi_related_no_append":"","_relevanssi_related_not_related":"","_relevanssi_related_posts":"","_relevanssi_noindex_reason":"","footnotes":""},"class_list":["post-4490","page","type-page","status-publish","hentry"],"acf":[],"_links":{"self":[{"href":"https:\/\/denverzoo.org\/es\/wp-json\/wp\/v2\/pages\/4490","targetHints":{"allow":["GET"]}}],"collection":[{"href":"https:\/\/denverzoo.org\/es\/wp-json\/wp\/v2\/pages"}],"about":[{"href":"https:\/\/denverzoo.org\/es\/wp-json\/wp\/v2\/types\/page"}],"author":[{"embeddable":true,"href":"https:\/\/denverzoo.org\/es\/wp-json\/wp\/v2\/users\/40"}],"replies":[{"embeddable":true,"href":"https:\/\/denverzoo.org\/es\/wp-json\/wp\/v2\/comments?post=4490"}],"version-history":[{"count":0,"href":"https:\/\/denverzoo.org\/es\/wp-json\/wp\/v2\/pages\/4490\/revisions"}],"wp:attachment":[{"href":"https:\/\/denverzoo.org\/es\/wp-json\/wp\/v2\/media?parent=4490"}],"curies":[{"name":"gracias","href":"https:\/\/api.w.org\/{rel}","templated":true}]}}