{"id":4612,"date":"2018-09-18T20:40:41","date_gmt":"2018-09-18T20:40:41","guid":{"rendered":"https:\/\/denverzootemp.org\/?page_id=4612"},"modified":"2026-03-12T17:08:55","modified_gmt":"2026-03-12T23:08:55","slug":"membership-faqs","status":"publish","type":"page","link":"https:\/\/denverzoo.org\/es\/membership-faqs\/","title":{"rendered":"Preguntas frecuentes sobre la membres\u00eda"},"content":{"rendered":"<div  class='lhl-accordion urbi-component urbi-component front_view lhl_comp_width_inherit lhl_spacing_t_09 lhl_spacing_b_09 lhl_spacing_l_00 lhl_spacing_r_00 section-background-t' ><div class=\"urbi-component-inner\">\n    <ul id=\"accordion-67f23\" class=\"uk-accordion lhl-accordion-items\" uk-accordion data-id=\"accordion-67f23\"><li id=\"accordion-67f23--do-members-need-reservations-or-can-we-just-show-up-no\" class=\"lhl-accordion-item lhl_mb_40\" data-id=\"accordion-67f23--do-members-need-reservations-or-can-we-just-show-up\"><a class=\"uk-accordion-title lhl-accordion-item-title\" href=\"#\">\u00bfLos miembros necesitan reservaciones o podemos simplemente presentarnos?<\/a><div class=\"uk-accordion-content lhl-accordion-item-content\"><p>\u00a1Los miembros ya no necesitan reservar la entrada diurna! Para disfrutar de su entrada gratuita al zool\u00f3gico, descargue el c\u00f3digo QR de su membres\u00eda. <a href=\"https:\/\/mymembership.denverzoo.org\/Home\/Login?ReturnUrl=%2F\">aqu\u00ed<\/a> para escanear en la entrada principal.<\/p>\n<\/div><\/li><li id=\"accordion-67f23--how-long-is-my-membership-valid-no\" class=\"lhl-accordion-item lhl_mb_40\" data-id=\"accordion-67f23--how-long-is-my-membership-valid\"><a class=\"uk-accordion-title lhl-accordion-item-title\" href=\"#\">\u00bfCu\u00e1nto tiempo es v\u00e1lida mi membres\u00eda?<\/a><div class=\"uk-accordion-content lhl-accordion-item-content\"><p><span style=\"font-weight: 400\">Su membres\u00eda es v\u00e1lida por un a\u00f1o completo a partir de la fecha de compra.<\/span><\/p>\n<\/div><\/li><li id=\"accordion-67f23--what-privileges-do-i-receive-as-a-member-no\" class=\"lhl-accordion-item lhl_mb_40\" data-id=\"accordion-67f23--what-privileges-do-i-receive-as-a-member\"><a class=\"uk-accordion-title lhl-accordion-item-title\" href=\"#\">\u00bfQu\u00e9 privilegios recibo como miembro?<\/a><div class=\"uk-accordion-content lhl-accordion-item-content\"><p>Adem\u00e1s de la entrada gratuita durante el d\u00eda durante un a\u00f1o, los miembros de la DZCA reciben descuentos en comida y mercanc\u00eda, privilegios para eventos especiales y mucho m\u00e1s. Para m\u00e1s informaci\u00f3n, <a href=\"https:\/\/denverzoo.org\/es\/membership\/\">haz clic aqu\u00ed<\/a>.<\/p>\n<\/div><\/li><li id=\"accordion-67f23--what-is-member-early-entry-no\" class=\"lhl-accordion-item lhl_mb_40\" data-id=\"accordion-67f23--what-is-member-early-entry\"><a class=\"uk-accordion-title lhl-accordion-item-title\" href=\"#\">\u00bfQu\u00e9 es el ingreso anticipado de miembros?<\/a><div class=\"uk-accordion-content lhl-accordion-item-content\"><p>Desde el D\u00eda de los Ca\u00eddos hasta el D\u00eda del Trabajo, el zool\u00f3gico abre temprano a las 8:00 a. m., exclusivamente para miembros. Siempre recomendamos consultar nuestro horario diario en nuestro sitio web.<\/p>\n<\/div><\/li><li id=\"accordion-67f23--how-do-i-purchase-renew-or-rejoin-my-membership-no\" class=\"lhl-accordion-item lhl_mb_40\" data-id=\"accordion-67f23--how-do-i-purchase-renew-or-rejoin-my-membership\"><a class=\"uk-accordion-title lhl-accordion-item-title\" href=\"#\">\u00bfC\u00f3mo compro, renuevo o vuelvo a unirme a mi membres\u00eda?<\/a><div class=\"uk-accordion-content lhl-accordion-item-content\"><ul>\n<li><span style=\"font-weight: 400\">En l\u00ednea, en cualquier momento, haciendo clic <\/span><a href=\"https:\/\/denverzoo.org\/es\/membership\/?fl_builder\"><span style=\"font-weight: 400\">aqu\u00ed<\/span><\/a><span style=\"font-weight: 400\">.\u00a0<\/span><\/li>\n<li>Por tel\u00e9fono: llame al 720-337-1400 de 9:00 a. m. a 4:00 p. m., los siete d\u00edas de la semana.<\/li>\n<li>En persona: visite el Centro de bienvenida de Boettcher, ubicado cerca de la entrada principal, los siete d\u00edas de la semana.<\/li>\n<\/ul>\n<\/div><\/li><li id=\"accordion-67f23--how-old-must-i-be-to-have-a-membership-in-my-name-no\" class=\"lhl-accordion-item lhl_mb_40\" data-id=\"accordion-67f23--how-old-must-i-be-to-have-a-membership-in-my-name\"><a class=\"uk-accordion-title lhl-accordion-item-title\" href=\"#\">\u00bfQu\u00e9 edad debo tener para tener una membres\u00eda a mi nombre?<\/a><div class=\"uk-accordion-content lhl-accordion-item-content\"><p><span style=\"font-weight: 400\">Debes tener al menos 16 a\u00f1os o m\u00e1s para tener una membres\u00eda a tu nombre. <\/span><\/p>\n<\/div><\/li><li id=\"accordion-67f23--will-i-receive-a-membership-card-no\" class=\"lhl-accordion-item lhl_mb_40\" data-id=\"accordion-67f23--will-i-receive-a-membership-card\"><a class=\"uk-accordion-title lhl-accordion-item-title\" href=\"#\">\u00bfRecibir\u00e9 una tarjeta de membres\u00eda?<\/a><div class=\"uk-accordion-content lhl-accordion-item-content\"><p><span style=\"font-weight: 400\">Para reducir nuestra huella ambiental, nuestras tarjetas de membres\u00eda ahora son digitales y se almacenan en nuestra aplicaci\u00f3n m\u00f3vil. Si necesita una tarjeta de membres\u00eda de pl\u00e1stico, nuestro equipo de atenci\u00f3n al cliente puede imprimirla si la solicita. \u00bfTiene problemas para iniciar sesi\u00f3n? <\/span><a href=\"http:\/\/guestcare@denverzoo.org\/es\/\"><span style=\"font-weight: 400\">Email<\/span><\/a><span style=\"font-weight: 400\">, ll\u00e1menos al 720-337-1400 o pase por el Centro de Bienvenida de Boettcher para que podamos ayudarlo.<\/span><\/p>\n<\/div><\/li><li id=\"accordion-67f23--can-i-loan-out-my-membership-card-to-a-friend-or-family-member-no\" class=\"lhl-accordion-item lhl_mb_40\" data-id=\"accordion-67f23--can-i-loan-out-my-membership-card-to-a-friend-or-family-member\"><a class=\"uk-accordion-title lhl-accordion-item-title\" href=\"#\">\u00bfPuedo prestar mi tarjeta de socio a un amigo o familiar?<\/a><div class=\"uk-accordion-content lhl-accordion-item-content\"><p><span style=\"font-weight: 400\">No, su(s) tarjeta(s) de membres\u00eda y los privilegios asociados no son transferibles. Su membres\u00eda tiene un valor tremendo. Para proteger los derechos de nuestros miembros, le pediremos ver su identificaci\u00f3n con fotograf\u00eda, como una licencia de conducir, en el momento de su visita.<\/span><\/p>\n<\/div><\/li><li id=\"accordion-67f23--can-i-use-my-membership-at-other-zoos-no\" class=\"lhl-accordion-item lhl_mb_40\" data-id=\"accordion-67f23--can-i-use-my-membership-at-other-zoos\"><a class=\"uk-accordion-title lhl-accordion-item-title\" href=\"#\">\u00bfPuedo usar mi membres\u00eda en otros zool\u00f3gicos?<\/a><div class=\"uk-accordion-content lhl-accordion-item-content\"><p><span style=\"font-weight: 400\">No. En este momento, no participamos en ning\u00fan programa de reciprocidad.<\/span><\/p>\n<\/div><\/li><li id=\"accordion-67f23--how-does-dzca-use-my-membership-dollars-no\" class=\"lhl-accordion-item lhl_mb_40\" data-id=\"accordion-67f23--how-does-dzca-use-my-membership-dollars\"><a class=\"uk-accordion-title lhl-accordion-item-title\" href=\"#\">\u00bfC\u00f3mo utiliza DZCA el dinero de mi membres\u00eda?<\/a><div class=\"uk-accordion-content lhl-accordion-item-content\"><p><span style=\"font-weight: 400\">Adem\u00e1s de brindar atenci\u00f3n de primer nivel a m\u00e1s de 2500 de nuestros maravillosos animales salvajes, su membres\u00eda apoya nuestros esfuerzos de conservaci\u00f3n de la vida silvestre en Colorado y en todo el mundo. Desde 1996, el Zool\u00f3gico ha participado en m\u00e1s de 600 proyectos de conservaci\u00f3n en 62 pa\u00edses en seis continentes. Su membres\u00eda ayuda a que todo esto sea posible. \u00a1Gracias!<\/span><\/p>\n<\/div><\/li><li id=\"accordion-67f23--how-can-i-find-out-whats-going-on-the-day-of-my-visit-no\" class=\"lhl-accordion-item lhl_mb_40\" data-id=\"accordion-67f23--how-can-i-find-out-whats-going-on-the-day-of-my-visit\"><a class=\"uk-accordion-title lhl-accordion-item-title\" href=\"#\">\u00bfC\u00f3mo puedo saber qu\u00e9 sucede el d\u00eda de mi visita? <\/a><div class=\"uk-accordion-content lhl-accordion-item-content\"><p><span style=\"font-weight: 400\">Nuestro horario diario siempre est\u00e1 disponible en la aplicaci\u00f3n, as\u00ed como en el <a href=\"\/es\/experience\/daily-schedule\/\">Horario diario<\/a> p\u00e1gina de nuestro sitio web.<\/span><\/p>\n<\/div><\/li><li id=\"accordion-67f23--how-much-of-my-membership-is-tax-deductible-no\" class=\"lhl-accordion-item lhl_mb_40\" data-id=\"accordion-67f23--how-much-of-my-membership-is-tax-deductible\"><a class=\"uk-accordion-title lhl-accordion-item-title\" href=\"#\">\u00bfCu\u00e1nto de mi membres\u00eda es deducible de impuestos?<\/a><div class=\"uk-accordion-content lhl-accordion-item-content\"><p>Como organizaci\u00f3n sin fines de lucro, la Alianza para la Conservaci\u00f3n del Zool\u00f3gico de Denver est\u00e1 obligada por el IRS a proporcionar informaci\u00f3n por escrito sobre el valor justo de mercado de los beneficios recibidos. Seg\u00fan las directrices del IRS, el valor justo de mercado de su membres\u00eda es de $0, por lo que su contribuci\u00f3n es totalmente deducible de impuestos. Tambi\u00e9n le recomendamos consultar con su asesor fiscal.<\/p>\n<\/div><\/li><\/ul>\n<\/div>\n\n<\/div>\n\n\n\n\n<div  class='lhl-section urbi-component urbi-component front_view  bg-pattern-' ><div class=\"urbi-component-inner\">\n    <div class=\"is-layout-constrained\">\n\n<h2 class=\"wp-block-heading\" id=\"gift\">Preguntas frecuentes sobre c\u00f3mo regalar una membres\u00eda<\/h2>\n\n<\/div>\n\n<\/div>\n<\/div>\n\n\n\n<div  class='lhl-accordion urbi-component urbi-component front_view lhl_comp_width_inherit lhl_spacing_t_09 lhl_spacing_b_09 lhl_spacing_l_00 lhl_spacing_r_00 section-background-t' ><div class=\"urbi-component-inner\">\n    <ul id=\"accordion-f0390\" class=\"uk-accordion lhl-accordion-items\" uk-accordion data-id=\"accordion-f0390\"><li id=\"accordion-f0390--where-can-i-purchase-a-gifted-membership-no\" class=\"lhl-accordion-item lhl_mb_40\" data-id=\"accordion-f0390--where-can-i-purchase-a-gifted-membership\"><a class=\"uk-accordion-title lhl-accordion-item-title\" href=\"#\">\u00bfD\u00f3nde puedo comprar una membres\u00eda de regalo? <\/a><div class=\"uk-accordion-content lhl-accordion-item-content\"><p>Se pueden comprar membres\u00edas de regalo <a href=\"https:\/\/my.denverzoo.org\/donate\/contribute2\">aqu\u00ed<\/a>! <span class=\"TextRun SCXW113414388 BCX0\" lang=\"EN-US\" xml:lang=\"EN-US\" data-contrast=\"none\"><span class=\"NormalTextRun SCXW113414388 BCX0\">Ya sea que su destinatario sea un amigo, un familiar, un cliente, <\/span><span class=\"NormalTextRun SCXW113414388 BCX0\">proveedor<\/span><span class=\"NormalTextRun SCXW113414388 BCX0\"> o con otra relaci\u00f3n, puedes compartir las maravillas de la vida silvestre y apoyar nuestros esfuerzos de conservaci\u00f3n en Colorado y en todo el mundo.<\/span><\/span><span class=\"EOP SCXW113414388 BCX0\" data-ccp-props=\"{&quot;134233117&quot;:false,&quot;134233118&quot;:false,&quot;201341983&quot;:0,&quot;335551550&quot;:1,&quot;335551620&quot;:1,&quot;335559685&quot;:0,&quot;335559737&quot;:0,&quot;335559738&quot;:0,&quot;335559739&quot;:0,&quot;335559740&quot;:279}\">\u00a0<\/span><span class=\"TextRun SCXW41786699 BCX0\" lang=\"EN-US\" xml:lang=\"EN-US\" data-contrast=\"none\"><span class=\"NormalTextRun SCXW41786699 BCX0\">Elige la entrega <\/span><span class=\"NormalTextRun SCXW41786699 BCX0\">opci\u00f3n<\/span><span class=\"NormalTextRun SCXW41786699 BCX0\"> que funcione mejor para ti<span class=\"TextRun SCXW16257489 BCX0\" lang=\"EN-US\" xml:lang=\"EN-US\" data-contrast=\"none\"><span class=\"NormalTextRun SCXW16257489 BCX0\">-<\/span><\/span>desde un certificado digital listo para usar o nuestro paquete de regalo premium enviado por correo ($5) con opciones para cada ocasi\u00f3n.<\/span><\/span><\/p>\n<\/div><\/li><li id=\"accordion-f0390--how-do-recipients-activate-their-gifted-membership-no\" class=\"lhl-accordion-item lhl_mb_40\" data-id=\"accordion-f0390--how-do-recipients-activate-their-gifted-membership\"><a class=\"uk-accordion-title lhl-accordion-item-title\" href=\"#\">\u00bfC\u00f3mo activan los destinatarios su membres\u00eda regalada?<\/a><div class=\"uk-accordion-content lhl-accordion-item-content\"><div class=\"fl-accordion-item fl-accordion-item-active\">\n<div id=\"fl-accordion-1vjuxtm5rayf-panel-0\" class=\"fl-accordion-content fl-clearfix\" role=\"tabpanel\" aria-labelledby=\"fl-accordion-1vjuxtm5rayf-tab-0\" aria-hidden=\"false\" aria-live=\"polite\">\n<p>Su membres\u00eda regalada comienza tan pronto como el destinatario activa su nueva membres\u00eda en l\u00ednea, por tel\u00e9fono o en persona.<\/p>\n<\/div>\n<\/div>\n<div class=\"fl-accordion-item\">\n<div id=\"fl-accordion-1vjuxtm5rayf-tab-1\" class=\"fl-accordion-button\" role=\"tab\" aria-controls=\"fl-accordion-1vjuxtm5rayf-panel-1\" aria-expanded=\"false\"><\/div>\n<\/div>\n<\/div><\/li><li id=\"accordion-f0390--how-long-are-gifted-memberships-valid-no\" class=\"lhl-accordion-item lhl_mb_40\" data-id=\"accordion-f0390--how-long-are-gifted-memberships-valid\"><a class=\"uk-accordion-title lhl-accordion-item-title\" href=\"#\">\u00bfCu\u00e1nto tiempo son v\u00e1lidas las membres\u00edas para obsequios?<\/a><div class=\"uk-accordion-content lhl-accordion-item-content\"><div class=\"fl-accordion-item fl-accordion-item-active\">\n<div id=\"fl-accordion-1vjuxtm5rayf-panel-1\" class=\"fl-accordion-content fl-clearfix\" role=\"tabpanel\" aria-labelledby=\"fl-accordion-1vjuxtm5rayf-tab-1\" aria-hidden=\"false\" aria-live=\"polite\">\n<p>La membres\u00eda de su destinatario es v\u00e1lida por un a\u00f1o a partir de la fecha de activaci\u00f3n.<\/p>\n<\/div>\n<\/div>\n<\/div><\/li><li id=\"accordion-f0390--can-i-gift-a-membership-to-an-existing-dzca-member-no\" class=\"lhl-accordion-item lhl_mb_40\" data-id=\"accordion-f0390--can-i-gift-a-membership-to-an-existing-dzca-member\"><a class=\"uk-accordion-title lhl-accordion-item-title\" href=\"#\">\u00bfPuedo regalar una membres\u00eda a un miembro existente de DZCA?<\/a><div class=\"uk-accordion-content lhl-accordion-item-content\"><div class=\"fl-accordion-item fl-accordion-item-active\">\n<div id=\"fl-accordion-1vjuxtm5rayf-panel-2\" class=\"fl-accordion-content fl-clearfix\" role=\"tabpanel\" aria-labelledby=\"fl-accordion-1vjuxtm5rayf-tab-2\" aria-hidden=\"false\" aria-live=\"polite\">\n<p>\u00a1S\u00ed! \u00a1Su destinatario puede utilizar su nueva membres\u00eda de regalo para renovar su membres\u00eda actual!<\/p>\n<\/div>\n<\/div>\n<div class=\"fl-accordion-item\">\n<div id=\"fl-accordion-1vjuxtm5rayf-tab-3\" class=\"fl-accordion-button\" role=\"tab\" aria-controls=\"fl-accordion-1vjuxtm5rayf-panel-3\" aria-expanded=\"false\"><\/div>\n<\/div>\n<\/div><\/li><li id=\"accordion-f0390--i-need-to-gift-a-membership-right-away-what-should-i-do-no\" class=\"lhl-accordion-item lhl_mb_40\" data-id=\"accordion-f0390--i-need-to-gift-a-membership-right-away-what-should-i-do\"><a class=\"uk-accordion-title lhl-accordion-item-title\" href=\"#\">\u00a1Necesito regalar una membres\u00eda de inmediato! \u00bfQu\u00e9 debo hacer?<\/a><div class=\"uk-accordion-content lhl-accordion-item-content\"><p>Para un servicio acelerado, simplemente seleccione el\u00a0<em>digital<\/em>\u00a0o\u00a0<em>recogida en persona<\/em>\u00a0opciones. Podemos enviar obsequios digitales o podemos tener listo el retiro en persona dentro de las 48 horas.<\/p>\n<\/div><\/li><li id=\"accordion-f0390--what-if-my-recipient-wants-to-change-to-a-different-membership-level-no\" class=\"lhl-accordion-item lhl_mb_40\" data-id=\"accordion-f0390--what-if-my-recipient-wants-to-change-to-a-different-membership-level\"><a class=\"uk-accordion-title lhl-accordion-item-title\" href=\"#\">\u00bfQu\u00e9 pasa si mi destinatario desea cambiar a un nivel de membres\u00eda diferente?<\/a><div class=\"uk-accordion-content lhl-accordion-item-content\"><p>Los beneficiarios siempre pueden actualizar su membres\u00eda a otro nivel de DZCA y pagar la diferencia. Env\u00edenos un correo electr\u00f3nico a guestcare@denverzoo.org o llame al 720-337-1400 entre las 9:00 a. m. y las 4:00 p. m. todos los d\u00edas.<\/p>\n<\/div><\/li><\/ul>\n<\/div>\n\n<\/div>\n\n\n<p><\/p>","protected":false},"excerpt":{"rendered":"","protected":false},"author":40,"featured_media":0,"parent":0,"menu_order":0,"comment_status":"closed","ping_status":"closed","template":"","meta":{"_acf_changed":false,"_relevanssi_hide_post":"","_relevanssi_hide_content":"","_relevanssi_pin_for_all":"","_relevanssi_pin_keywords":"","_relevanssi_unpin_keywords":"","_relevanssi_related_keywords":"","_relevanssi_related_include_ids":"","_relevanssi_related_exclude_ids":"","_relevanssi_related_no_append":"","_relevanssi_related_not_related":"","_relevanssi_related_posts":"116,121,123,538,1202,1775","_relevanssi_noindex_reason":"","footnotes":""},"class_list":["post-4612","page","type-page","status-publish","hentry"],"acf":[],"_links":{"self":[{"href":"https:\/\/denverzoo.org\/es\/wp-json\/wp\/v2\/pages\/4612","targetHints":{"allow":["GET"]}}],"collection":[{"href":"https:\/\/denverzoo.org\/es\/wp-json\/wp\/v2\/pages"}],"about":[{"href":"https:\/\/denverzoo.org\/es\/wp-json\/wp\/v2\/types\/page"}],"author":[{"embeddable":true,"href":"https:\/\/denverzoo.org\/es\/wp-json\/wp\/v2\/users\/40"}],"replies":[{"embeddable":true,"href":"https:\/\/denverzoo.org\/es\/wp-json\/wp\/v2\/comments?post=4612"}],"version-history":[{"count":1,"href":"https:\/\/denverzoo.org\/es\/wp-json\/wp\/v2\/pages\/4612\/revisions"}],"predecessor-version":[{"id":45021,"href":"https:\/\/denverzoo.org\/es\/wp-json\/wp\/v2\/pages\/4612\/revisions\/45021"}],"wp:attachment":[{"href":"https:\/\/denverzoo.org\/es\/wp-json\/wp\/v2\/media?parent=4612"}],"curies":[{"name":"gracias","href":"https:\/\/api.w.org\/{rel}","templated":true}]}}