{"id":4818,"date":"2018-09-19T18:54:53","date_gmt":"2018-09-19T18:54:53","guid":{"rendered":"https:\/\/denverzootemp.org\/private-events-2\/"},"modified":"2026-03-10T14:40:06","modified_gmt":"2026-03-10T20:40:06","slug":"private-events","status":"publish","type":"page","link":"https:\/\/denverzoo.org\/es\/private-events\/","title":{"rendered":"Eventos privados"},"content":{"rendered":"<div  class='lhl-section urbi-component urbi-component front_view lhl_comp_width_inherit lhl_spacing_t_09 lhl_spacing_b_09 lhl_spacing_l_00 lhl_spacing_r_00 section-background-t' ><div class=\"urbi-component-inner\">\n    <div class=\"is-layout-constrained\">\n\n<p class=\"has-text-align-center\">Independientemente de por qu\u00e9 su reba\u00f1o busca espacios para eventos \u00fanicos en Denver (apreciaci\u00f3n del equipo o del cliente, celebraci\u00f3n de un hito de la empresa o simplemente para sacudir las plumas de la cola), \u00a1la Alianza para la Conservaci\u00f3n del Zool\u00f3gico de Denver es el lugar para eventos m\u00e1s salvaje y vibrante de TODOS los de Denver! Nuestros dedicados coordinadores de eventos trabajar\u00e1n estrechamente con usted para crear un evento que supere sus expectativas.<\/p>\n\n\n\n<p class=\"has-text-align-center\">Denver Zoo Conservation Alliance ofrece descuentos de 15% para agencias gubernamentales y sin fines de lucro, as\u00ed como descuentos de 15% para miembros.<\/p>\n\n<\/div>\n\n<\/div>\n<\/div>\n\n\n\n\n<div  class='lhl-section urbi-component urbi-component front_view lhl_comp_width_inherit lhl_spacing_t_09 lhl_spacing_b_09 lhl_spacing_l_00 lhl_spacing_r_00 section-background-10 urbi-component-bg--light-gray' ><div class=\"urbi-component-inner\">\n    <div class=\"is-layout-constrained\">\n\r\n\r\n\r\n<div  class='urbi-two-card-block urbi-component urbi-component front_view lhl_comp_width_inherit lhl_spacing_t_00 lhl_spacing_b_09 lhl_spacing_l_00 lhl_spacing_r_00 section-background-t' ><div class=\"urbi-component-inner\">\r\n    <div class=\"uk-child-width-1-2@s uk-grid uk-grid-match\" uk-grid>\r\n\r\n        <div class=\"uk-width-1-2@m\">\n<div class=\"urbi-card urbi-card--shadow-3 urbi-card--with-tags urbi-card--has_cta\">\n    <div class=\"uk-card-media-top urbi-card--img\">\n\n                                    <img loading=\"lazy\" decoding=\"async\" width=\"610\" height=\"360\" src=\"https:\/\/denverzoo.org\/wp-content\/uploads\/2026\/03\/CorporateEvents_Breakfast-610x360.jpg\" class=\"urbi-img urbi-featured-homme-img\" alt=\"\" \/>                    \n        \n    <\/div>\n    <div class=\"urbi-card--txt uk-text-left\">\n\n                    <h3 class=\"urbi-card__title\">\n                Eventos Corporativos + Reuniones            <\/h3>\n        \n        \n                    <div class=\"urbi-card__description\">\n                 \u00a1Invite a su equipo a una salida memorable o organice una reuni\u00f3n que nunca podr\u00eda ser solo un correo electr\u00f3nico en cualquiera de nuestros lugares para eventos!             <\/div>\n        \n                    <div class=\"urbi-card__cta_container\">\n                <a class=\"urbi-link urbi-card__cta lhl_button lhl_button_type_solid lhl_button_color_default lhl_button_width_default\" href=\"\/es\/event-venues-public-hours\/\" target=\"_self\" rel=\"noopener noreferrer\" >Aprende m\u00e1s<\/a>            <\/div>\n            <\/div>\n<\/div><\/div><div class=\"uk-width-1-2@m\">\n<div class=\"urbi-card urbi-card--shadow-3 urbi-card--with-tags urbi-card--has_cta\">\n    <div class=\"uk-card-media-top urbi-card--img\">\n\n                                    <img loading=\"lazy\" decoding=\"async\" width=\"610\" height=\"360\" src=\"https:\/\/denverzoo.org\/wp-content\/uploads\/2026\/03\/SocialEvents_Elephant-610x360.jpg\" class=\"urbi-img urbi-featured-homme-img\" alt=\"\" \/>                    \n        \n    <\/div>\n    <div class=\"urbi-card--txt uk-text-left\">\n\n                    <h3 class=\"urbi-card__title\">\n                Eventos sociales            <\/h3>\n        \n        \n                    <div class=\"urbi-card__description\">\n                \u00a1Invite a su equipo a una salida memorable o organice una reuni\u00f3n que nunca podr\u00eda ser solo un correo electr\u00f3nico en cualquiera de nuestros lugares para eventos!             <\/div>\n        \n                    <div class=\"urbi-card__cta_container\">\n                <a class=\"urbi-link urbi-card__cta lhl_button lhl_button_type_solid lhl_button_color_default lhl_button_width_default\" href=\"\/es\/event-venues-after-hours\/\" target=\"_self\" rel=\"noopener noreferrer\" >Aprende m\u00e1s<\/a>            <\/div>\n            <\/div>\n<\/div><\/div><div class=\"uk-width-1-2@m\">\n<div class=\"urbi-card urbi-card--shadow-3 urbi-card--with-tags urbi-card--has_cta\">\n    <div class=\"uk-card-media-top urbi-card--img\">\n\n                                    <img loading=\"lazy\" decoding=\"async\" width=\"610\" height=\"360\" src=\"https:\/\/denverzoo.org\/wp-content\/uploads\/2026\/03\/ZooLights_Events-610x360.jpg\" class=\"urbi-img urbi-featured-homme-img\" alt=\"\" \/>                    \n        \n    <\/div>\n    <div class=\"urbi-card--txt uk-text-left\">\n\n                    <h3 class=\"urbi-card__title\">\n                Eventos de luces del zool\u00f3gico            <\/h3>\n        \n        \n                    <div class=\"urbi-card__description\">\n                Sin lugar a dudas, un evento privado durante Zoo Lights es la forma m\u00e1s encantadora en Denver de celebrar y recompensar a sus empleados, amigos y familiares.            <\/div>\n        \n                    <div class=\"urbi-card__cta_container\">\n                <a class=\"urbi-link urbi-card__cta lhl_button lhl_button_type_solid lhl_button_color_default lhl_button_width_default\" href=\"\/es\/zoo-lights-rentals\/\" target=\"_self\" rel=\"noopener noreferrer\" >Aprende m\u00e1s<\/a>            <\/div>\n            <\/div>\n<\/div><\/div><div class=\"uk-width-1-2@m\">\n<div class=\"urbi-card urbi-card--shadow-3 urbi-card--with-tags urbi-card--has_cta\">\n    <div class=\"uk-card-media-top urbi-card--img\">\n\n                                    <img loading=\"lazy\" decoding=\"async\" width=\"610\" height=\"360\" src=\"https:\/\/denverzoo.org\/wp-content\/uploads\/2026\/03\/GlowingWild_CorporateEvents-610x360.jpg\" class=\"urbi-img urbi-featured-homme-img\" alt=\"\" \/>                    \n        \n    <\/div>\n    <div class=\"urbi-card--txt uk-text-left\">\n\n                    <h3 class=\"urbi-card__title\">\n                Eventos salvajes brillantes            <\/h3>\n        \n        \n                    <div class=\"urbi-card__description\">\n                \u00a1T\u00fa y tus invitados podr\u00e1n experimentar un mundo de vida silvestre iluminado en Glowing Wild! Ya sean empleados, amigos o familiares, todos explorar\u00e1n vibrantes exhibiciones inspiradas en la vida silvestre.            <\/div>\n        \n                    <div class=\"urbi-card__cta_container\">\n                <a class=\"urbi-link urbi-card__cta lhl_button lhl_button_type_solid lhl_button_color_default lhl_button_width_default\" href=\"\/es\/glowing-wild-rentals\/\" target=\"_self\" rel=\"noopener noreferrer\" >Aprende m\u00e1s<\/a>            <\/div>\n            <\/div>\n<\/div><\/div>\r\n    <\/div>\r\n<\/div>\r\n<\/div>\n\n\n<\/div>\n\n<\/div>\n<\/div>\n\n\n\n\n<div  class='lhl-section urbi-component urbi-component front_view lhl_comp_width_inherit lhl_spacing_t_09 lhl_spacing_b_09 lhl_spacing_l_09 lhl_spacing_r_09 section-background-4 urbi-component-bg--navy-blue' ><div class=\"urbi-component-inner\">\n    <div class=\"is-layout-constrained\">\n\n<h4 class=\"wp-block-heading has-text-align-center\"><strong>Contacto Ventas y Hospitalidad<\/strong><\/h4>\n\n\n\n<p class=\"has-text-align-center\">\u00a1Esperamos ser anfitriones de su pr\u00f3ximo evento en el Zool\u00f3gico de Denver! Env\u00ede una consulta a continuaci\u00f3n o env\u00ede un correo electr\u00f3nico a <a href=\"mailto:corporate@denverzoo.org\">corporate@denverzoo.org<\/a> y nos comunicaremos con usted en breve sobre precios y disponibilidad.<\/p>\n\n\n    \r\n    \r\n    <div class='urbi_button_link center'><a class=\"urbi-link lhl_button lhl_button--small lhl_button_color_default lhl_button_width_default lhl_button--block\" href=\"\/es\/event-inquiry-form\/\" target=\"\" rel=\"noopener noreferrer\" >Enviar una consulta<\/a><\/div>\n<\/div>\n\n<\/div>\n<\/div>\n\n\n\n\n<div  class='lhl-section urbi-component urbi-component front_view lhl_spacing_t_00 lhl_spacing_b_00 lhl_spacing_l_00 lhl_spacing_r_00 section-background-3' ><div class=\"urbi-component-inner\">\n    <div class=\"is-layout-constrained\">\n\r\n\r\n<div  class='lhl-text-and-image urbi-component urbi-component front_view lhl_spacing_t_08 lhl_spacing_b_08 lhl_spacing_l_00 lhl_spacing_r_00 section-background-t' >\r\n<div class=\"urbi-component-inner\">\r\n\r\n    <div class=\"text_and_image_comp_inner lhl_grid_default lhl_grid uk-grid-match\" uk-grid>\r\n\r\n                <div class=\"lhl_grid_col lhl-text-and-image__col-img lhl_width_1_4@s\">\r\n\r\n            \r\n                \r\n                                    <div class=\"default-image-container\">\r\n                                                    <img decoding=\"async\" width=\"280\" height=\"237\" src=\"https:\/\/denverzoo.org\/wp-content\/uploads\/2024\/07\/CAC-badge-1.png\" class=\"urbi-img img-class\" alt=\"\" loading=\"lazy\" srcset=\"https:\/\/denverzoo.org\/wp-content\/uploads\/2024\/07\/CAC-badge-1.png 280w, https:\/\/denverzoo.org\/wp-content\/uploads\/2024\/07\/CAC-badge-1-220x186.png 220w, https:\/\/denverzoo.org\/wp-content\/uploads\/2024\/07\/CAC-badge-1-50x42.png 50w, https:\/\/denverzoo.org\/wp-content\/uploads\/2024\/07\/CAC-badge-1-14x12.png 14w\" sizes=\"auto, (max-width: 280px) 100vw, 280px\" \/>                                            <\/div>\r\n                \r\n                \r\n            \r\n            \r\n                    <\/div>\r\n\r\n                <div class=\"lhl_grid_col lhl-text-and-image__col-text lhl_width_3_4@s\">\r\n            <div class=\"lhl-text-and-image__col-text-inner lhl_spacing_03\" style=\"\">\r\n                <div class=\"acf-innerblocks-container\">\n\n<h4 class=\"wp-block-heading\"><strong>El Zool\u00f3gico de Denver es un Centro de Autismo Certificado\u2122 (CAC)<\/strong><\/h4>\n\n\n\n<p>Un Certified Autism Center\u2122 (CAC) es una instalaci\u00f3n u organizaci\u00f3n en la que al menos el 80% de su personal est\u00e1 altamente capacitado, totalmente equipado y certificado en el campo del autismo.<\/p>\n\n<\/div>\r\n            <\/div>\r\n        <\/div>\r\n    <\/div>\r\n<\/div>\r\n<\/div>\n<\/div>\n\n<\/div>\n<\/div>","protected":false},"excerpt":{"rendered":"","protected":false},"author":40,"featured_media":0,"parent":0,"menu_order":0,"comment_status":"closed","ping_status":"closed","template":"","meta":{"_acf_changed":false,"_relevanssi_hide_post":"","_relevanssi_hide_content":"","_relevanssi_pin_for_all":"","_relevanssi_pin_keywords":"","_relevanssi_unpin_keywords":"","_relevanssi_related_keywords":"","_relevanssi_related_include_ids":"","_relevanssi_related_exclude_ids":"","_relevanssi_related_no_append":"","_relevanssi_related_not_related":"","_relevanssi_related_posts":"116,121,123,538,1202,1775","_relevanssi_noindex_reason":"","footnotes":""},"class_list":["post-4818","page","type-page","status-publish","hentry"],"acf":[],"_links":{"self":[{"href":"https:\/\/denverzoo.org\/es\/wp-json\/wp\/v2\/pages\/4818","targetHints":{"allow":["GET"]}}],"collection":[{"href":"https:\/\/denverzoo.org\/es\/wp-json\/wp\/v2\/pages"}],"about":[{"href":"https:\/\/denverzoo.org\/es\/wp-json\/wp\/v2\/types\/page"}],"author":[{"embeddable":true,"href":"https:\/\/denverzoo.org\/es\/wp-json\/wp\/v2\/users\/40"}],"replies":[{"embeddable":true,"href":"https:\/\/denverzoo.org\/es\/wp-json\/wp\/v2\/comments?post=4818"}],"version-history":[{"count":3,"href":"https:\/\/denverzoo.org\/es\/wp-json\/wp\/v2\/pages\/4818\/revisions"}],"predecessor-version":[{"id":44986,"href":"https:\/\/denverzoo.org\/es\/wp-json\/wp\/v2\/pages\/4818\/revisions\/44986"}],"wp:attachment":[{"href":"https:\/\/denverzoo.org\/es\/wp-json\/wp\/v2\/media?parent=4818"}],"curies":[{"name":"gracias","href":"https:\/\/api.w.org\/{rel}","templated":true}]}}