{"id":4947,"date":"2018-09-19T22:50:35","date_gmt":"2018-09-19T22:50:35","guid":{"rendered":"https:\/\/denverzootemp.org\/?page_id=4947"},"modified":"2020-02-05T11:41:58","modified_gmt":"2020-02-05T18:41:58","slug":"sustainability-policy","status":"publish","type":"page","link":"https:\/\/denverzoo.org\/es\/sustainability-policy\/","title":{"rendered":"Pol\u00edtica de sustentabilidad"},"content":{"rendered":"<h1>\n\t\tPrincipios rectores de sostenibilidad<br \/>\n\t<\/h1>\n<p>El Zool\u00f3gico de Denver tiene una herencia rica y significativa como organizaci\u00f3n comprometida con la conservaci\u00f3n de los animales en todo el mundo y como l\u00edder en el campo del cuidado de los animales. Nuestro compromiso con la conservaci\u00f3n de especies se extiende a nuestro compromiso de proteger el medio ambiente y nuestra comunidad del Zool\u00f3gico de Denver a trav\u00e9s de nuestros programas de sostenibilidad incorporados en nuestro Sistema de Gesti\u00f3n Ambiental (EMS).<\/p>\n<p>Estos principios rectores de sostenibilidad informan el enfoque estrat\u00e9gico y la toma de decisiones del zool\u00f3gico en el contexto de nuestras operaciones y todas las actividades, productos y servicios que brindamos a nuestra comunidad zool\u00f3gica. La comunidad del zool\u00f3gico de Denver (comunidad del zool\u00f3gico) representa a nuestro personal del zool\u00f3gico, voluntarios, invitados, miembros, donantes, proveedores, socios, la industria de zool\u00f3gicos y acuarios y las comunidades en las que vivimos y trabajamos. El liderazgo del Zool\u00f3gico de Denver est\u00e1 comprometido con estos principios rectores para ayudar al Zool\u00f3gico de Denver a servir como l\u00edderes en conservaci\u00f3n y lograr nuestra misi\u00f3n de <strong>inspirando a las comunidades a salvar la vida silvestre para las generaciones futuras.<\/strong><\/p>\n<h3>Principios rectores del zool\u00f3gico de Denver para la sostenibilidad<\/h3>\n<h4>Estamos comprometidos con la protecci\u00f3n del medio ambiente:<\/h4>\n<ul>\n<li>previniendo la contaminaci\u00f3n;<\/li>\n<li>inspirando a nuestra comunidad de zool\u00f3gicos a unirse a nosotros en apoyo de nuestra misi\u00f3n;<\/li>\n<li>comunicando las acciones del Zool\u00f3gico de Denver para mitigar el impacto del cambio clim\u00e1tico y otros problemas de sostenibilidad en un esfuerzo por proteger a los animales salvajes y los lugares salvajes;<\/li>\n<li>empoderando a nuestra comunidad de zool\u00f3gicos para que tome las medidas adecuadas para promover estos principios.<\/li>\n<\/ul>\n<h4>Estamos comprometidos con la mejora continua de nuestro EMS:<\/h4>\n<ul>\n<li>mejorar nuestro desempe\u00f1o en materia de sostenibilidad, incluido el bienestar econ\u00f3mico y social de nuestros empleados y las comunidades en las que vivimos y trabajamos;<\/li>\n<li>proporcionar el marco para establecer nuestros objetivos de sostenibilidad y asegurar la alineaci\u00f3n con la direcci\u00f3n estrat\u00e9gica del zool\u00f3gico;<\/li>\n<li>para apoyar nuestros esfuerzos para innovar y aplicar perspectivas de resiliencia y ciclo de vida a nuestras operaciones y toma de decisiones.<\/li>\n<\/ul>\n<h4>Estamos comprometidos a servir como una organizaci\u00f3n de conservaci\u00f3n confiable y l\u00edder en sustentabilidad:<\/h4>\n<ul>\n<li>evolucionando las mejores pr\u00e1cticas y esforz\u00e1ndose por impulsar soluciones innovadoras que ayuden a que la comunidad del zool\u00f3gico avance;<\/li>\n<li>comprometi\u00e9ndonos a cumplir con todos los requisitos legales aplicables y otros requisitos relevantes para la misi\u00f3n y el contexto de nuestra organizaci\u00f3n.<strong>\u00a0<\/strong><\/li>\n<\/ul>\n<h4>Damos prioridad a los recursos para garantizar que el EMS logre los resultados previstos:<\/h4>\n<ul>\n<li>asegurando la responsabilidad por la efectividad de nuestro programa;<\/li>\n<li>integrando completamente el EMS en las operaciones comerciales del zool\u00f3gico;<\/li>\n<li>apoyando al personal para que demuestre liderazgo en sus funciones.<\/li>\n<\/ul>\n<h5>Revisiones: 20 de enero de 2020<\/h5>","protected":false},"excerpt":{"rendered":"<p>Sustainability Guiding Principles Denver Zoo has a rich and meaningful heritage as an organization committed to the conservation of animals across the globe and as a leader in the animal care field. Our commitment to species conservation extends to our commitment to protect the environment and our Denver Zoo community through our sustainability programs embodied [&hellip;]<\/p>\n","protected":false},"author":40,"featured_media":0,"parent":0,"menu_order":0,"comment_status":"closed","ping_status":"closed","template":"","meta":{"_acf_changed":false,"_relevanssi_hide_post":"","_relevanssi_hide_content":"","_relevanssi_pin_for_all":"","_relevanssi_pin_keywords":"","_relevanssi_unpin_keywords":"","_relevanssi_related_keywords":"","_relevanssi_related_include_ids":"","_relevanssi_related_exclude_ids":"","_relevanssi_related_no_append":"","_relevanssi_related_not_related":"","_relevanssi_related_posts":"","_relevanssi_noindex_reason":"","footnotes":""},"class_list":["post-4947","page","type-page","status-publish","hentry"],"acf":[],"_links":{"self":[{"href":"https:\/\/denverzoo.org\/es\/wp-json\/wp\/v2\/pages\/4947","targetHints":{"allow":["GET"]}}],"collection":[{"href":"https:\/\/denverzoo.org\/es\/wp-json\/wp\/v2\/pages"}],"about":[{"href":"https:\/\/denverzoo.org\/es\/wp-json\/wp\/v2\/types\/page"}],"author":[{"embeddable":true,"href":"https:\/\/denverzoo.org\/es\/wp-json\/wp\/v2\/users\/40"}],"replies":[{"embeddable":true,"href":"https:\/\/denverzoo.org\/es\/wp-json\/wp\/v2\/comments?post=4947"}],"version-history":[{"count":0,"href":"https:\/\/denverzoo.org\/es\/wp-json\/wp\/v2\/pages\/4947\/revisions"}],"wp:attachment":[{"href":"https:\/\/denverzoo.org\/es\/wp-json\/wp\/v2\/media?parent=4947"}],"curies":[{"name":"gracias","href":"https:\/\/api.w.org\/{rel}","templated":true}]}}