{"id":4953,"date":"2018-09-19T22:53:46","date_gmt":"2018-09-19T22:53:46","guid":{"rendered":"https:\/\/denverzootemp.org\/?page_id=4953"},"modified":"2022-02-03T16:59:32","modified_gmt":"2022-02-03T23:59:32","slug":"safety-policy","status":"publish","type":"page","link":"https:\/\/denverzoo.org\/es\/safety-policy\/","title":{"rendered":"La pol\u00edtica de seguridad"},"content":{"rendered":"<h1>\n\t\tPrincipios rectores de seguridad\n\t<\/h1>\n\t<p>El Zool\u00f3gico de Denver, como organizaci\u00f3n, est\u00e1 comprometido con la seguridad y el bienestar de nuestro personal, hu\u00e9spedes y animales, y nuestras principales prioridades nunca deben ignorarse, minimizarse o sacrificarse. Nuestro compromiso con la conservaci\u00f3n de especies se extiende a nuestro compromiso con la seguridad y nuestra comunidad del Zool\u00f3gico de Denver a trav\u00e9s de nuestro Sistema de Gesti\u00f3n de Seguridad y Salud Ocupacional (OHS).<\/p>\n<p>Estos Principios rectores de seguridad informan el enfoque estrat\u00e9gico y la toma de decisiones del zool\u00f3gico en el contexto de nuestras operaciones y todas las actividades, productos y servicios que brindamos a nuestra comunidad de zool\u00f3gicos. La comunidad del zool\u00f3gico de Denver (comunidad del zool\u00f3gico) representa al personal del zool\u00f3gico, los voluntarios, los invitados, los miembros, los donantes, los proveedores, los socios, la industria de los zool\u00f3gicos y acuarios y las comunidades en las que vivimos y trabajamos. El liderazgo del Zool\u00f3gico de Denver est\u00e1 comprometido con estos principios rectores para ayudar al Zool\u00f3gico de Denver a servir como l\u00edderes en seguridad y cumplir nuestra misi\u00f3n de <strong>inspirar a las comunidades a salvar la vida silvestre para las generaciones futuras<\/strong>.<\/p>\n\t<h3>Principios rectores del Zool\u00f3gico de Denver para la seguridad<\/h3>\n<h4>Estamos comprometidos con la seguridad y el bienestar de nuestro personal, hu\u00e9spedes y animales:<\/h4>\n<ul>\n<li>proporcionando condiciones de trabajo seguras y saludables que eviten lesiones \/ enfermedades relacionadas con el trabajo. Esto debe ser apropiado para el prop\u00f3sito, tama\u00f1o y contexto de la organizaci\u00f3n y espec\u00edfico para las oportunidades de SSO;<\/li>\n<li>proporcionando un marco y apoyo para desarrollar y mantener programas de SSO;<\/li>\n<li>al respaldar un sistema que elimina los peligros y reduce los riesgos de salud y seguridad ocupacional.<\/li>\n<\/ul>\n<h4>Estamos comprometidos con la mejora continua de nuestra SSO:<\/h4>\n<ul>\n<li>mejorando nuestro desempe\u00f1o en salud y seguridad, mediante la evaluaci\u00f3n y el an\u00e1lisis continuos de nuestras operaciones, sistemas y comportamientos;<\/li>\n<li>revisando los datos del incidente e iniciando acciones correctivas seg\u00fan se considere apropiado;<\/li>\n<li>proporcionando el marco para establecer nuestros objetivos de seguridad y garantizar la alineaci\u00f3n con la direcci\u00f3n estrat\u00e9gica del zool\u00f3gico;<\/li>\n<li>apoyando nuestros esfuerzos para innovar y aplicar perspectivas de resiliencia y ciclo de vida a nuestras operaciones y toma de decisiones.<\/li>\n<\/ul>\n<h4>Estamos comprometidos a servir como una organizaci\u00f3n de conservaci\u00f3n confiable y l\u00edder en seguridad:<\/h4>\n<ul>\n<li>adhiri\u00e9ndose a las mejores pr\u00e1cticas de seguridad identificadas dentro de la industria;<\/li>\n<li>comprometi\u00e9ndose a cumplir con todos los requisitos legales aplicables y otros requisitos relevantes para la misi\u00f3n y el contexto de nuestra organizaci\u00f3n;<\/li>\n<li>comprometi\u00e9ndose a mantener conversaciones de seguridad productivas que incluyan el compromiso y la participaci\u00f3n del personal.<\/li>\n<\/ul>\n<h4>Damos prioridad a los recursos para garantizar que la OHS logre los resultados previstos:<\/h4>\n<ul>\n<li>asegurando la responsabilidad por la efectividad de nuestro programa;<\/li>\n<li>integrando completamente la OHS en las operaciones comerciales del zool\u00f3gico;<\/li>\n<li>apoyando al personal para que demuestre liderazgo en sus funciones.<\/li>\n<\/ul>\n<h1>\n\t\tPol\u00edticas de COVID-19\n\t<\/h1>\n<h2>\n\t\tManteni\u00e9ndonos seguros unos a otros.\n\t<\/h2>\n\t<p>Denver Zoo est\u00e1 incre\u00edblemente agradecido por tu apoyo. Juntos, podemos navegar por los cambios, tanto peque\u00f1os como grandes, que nos ayudan a mantenernos seguros y saludables.<\/p>\n\t\t\t<a href=\"\/es\/rules-regulations\/\" target=\"_self\" role=\"button\" rel=\"noopener\">\n\t\t\t\t\t\t\tReglas y regulaciones\n\t\t\t\t\t<\/a>\n\t<h3>Lo que les pedimos a los visitantes que hagan para mantener segura a nuestra comunidad<\/h3>\n<p>Los visitantes de Denver Zoo deben seguir estas pautas durante su visita:<\/p>\n<ul>\n<li>Si usted o un miembro de su familia se siente enfermo, le pedimos que respete la seguridad de los dem\u00e1s (incluidos nuestros animales) y se quede en casa. \u00a1Esperamos darle la bienvenida cuando se sienta mejor!<\/li>\n<li>Se pide a todos los visitantes que mantengan una distancia f\u00edsica de al menos seis (6) pies de otros visitantes, otros miembros del personal y voluntarios.<\/li>\n<li>L\u00e1vate las manos con frecuencia y evita tocarte la cara.<\/li>\n<li>Evita tocar superficies.<\/li>\n<\/ul>\n<h3>Qu\u00e9 est\u00e1 haciendo Denver Zoo para mantenerte a salvo<\/h3>\n<p>Para mantener seguros a nuestros visitantes, personal y animales, Denver Zoo ha promulgado las siguientes pr\u00e1cticas de seguridad:<\/p>\n<ul>\n<li>El n\u00famero de invitados que asisten es limitado cada d\u00eda.<\/li>\n<li>Las superficies de alto contacto, incluidos los ba\u00f1os, se desinfectan con frecuencia en un horario. Algunas superficies de alto contacto, como mesas y sillas de restaurantes, se limpian inmediatamente despu\u00e9s de su uso.<\/li>\n<li>Se han colocado estaciones adicionales de desinfectante y lavado de manos en todo el parque, incluidos los ba\u00f1os, la entrada y salida del zool\u00f3gico, las puertas de entrada y salida de todos los edificios y todos los lugares para comer.<\/li>\n<li>Para eliminar otro posible punto de contacto, ya no se distribuir\u00e1n mapas personales individuales. Denver Zoo proporcionar\u00e1 un mapa digital interactivo de forma gratuita en su aplicaci\u00f3n m\u00f3vil.<\/li>\n<\/ul>\n\t<h5>Revisiones: 3 de febrero de 2022<\/h5>","protected":false},"excerpt":{"rendered":"","protected":false},"author":40,"featured_media":0,"parent":0,"menu_order":0,"comment_status":"closed","ping_status":"closed","template":"","meta":{"_acf_changed":false,"_relevanssi_hide_post":"","_relevanssi_hide_content":"","_relevanssi_pin_for_all":"","_relevanssi_pin_keywords":"","_relevanssi_unpin_keywords":"","_relevanssi_related_keywords":"","_relevanssi_related_include_ids":"","_relevanssi_related_exclude_ids":"","_relevanssi_related_no_append":"","_relevanssi_related_not_related":"","_relevanssi_related_posts":"","_relevanssi_noindex_reason":"","footnotes":""},"class_list":["post-4953","page","type-page","status-publish","hentry"],"acf":[],"_links":{"self":[{"href":"https:\/\/denverzoo.org\/es\/wp-json\/wp\/v2\/pages\/4953","targetHints":{"allow":["GET"]}}],"collection":[{"href":"https:\/\/denverzoo.org\/es\/wp-json\/wp\/v2\/pages"}],"about":[{"href":"https:\/\/denverzoo.org\/es\/wp-json\/wp\/v2\/types\/page"}],"author":[{"embeddable":true,"href":"https:\/\/denverzoo.org\/es\/wp-json\/wp\/v2\/users\/40"}],"replies":[{"embeddable":true,"href":"https:\/\/denverzoo.org\/es\/wp-json\/wp\/v2\/comments?post=4953"}],"version-history":[{"count":0,"href":"https:\/\/denverzoo.org\/es\/wp-json\/wp\/v2\/pages\/4953\/revisions"}],"wp:attachment":[{"href":"https:\/\/denverzoo.org\/es\/wp-json\/wp\/v2\/media?parent=4953"}],"curies":[{"name":"gracias","href":"https:\/\/api.w.org\/{rel}","templated":true}]}}