{"id":4957,"date":"2025-06-05T11:57:00","date_gmt":"2025-06-05T17:57:00","guid":{"rendered":"https:\/\/denverzootemp.org\/?page_id=4957"},"modified":"2025-06-09T16:38:14","modified_gmt":"2025-06-09T22:38:14","slug":"sustainability","status":"publish","type":"page","link":"https:\/\/denverzoo.org\/es\/sustainability\/","title":{"rendered":"Sustentabilidad"},"content":{"rendered":"<div  class='lhl-section urbi-component urbi-component front_view lhl_comp_width_inherit lhl_spacing_t_09 lhl_spacing_b_09 lhl_spacing_l_00 lhl_spacing_r_00 section-background-t' ><div class=\"urbi-component-inner\">\n    <div class=\"is-layout-constrained\">\n\n<h2 class=\"wp-block-heading has-text-align-center\">Alianza para la conservaci\u00f3n del zool\u00f3gico de Denver<br>Sostenibilidad ambiental<\/h2>\n\n\n\n<p class=\"has-text-align-center\">Como instituci\u00f3n comunitaria de confianza y organizaci\u00f3n global de conservaci\u00f3n, la Alianza para la Conservaci\u00f3n del Zool\u00f3gico de Denver se compromete a liderar con el ejemplo en materia de sostenibilidad ambiental. Desde las operaciones de nuestro campus hasta nuestras iniciativas colaborativas en Denver y sus alrededores, buscamos continuamente maneras innovadoras de reducir nuestro impacto y promover un planeta m\u00e1s saludable tanto para la vida silvestre como para las personas.<\/p>\n\n<\/div>\n\n<\/div>\n<\/div>\n\n\n\n\n<div  class='lhl-section urbi-component urbi-component front_view lhl_comp_width_inherit lhl_spacing_t_09 lhl_spacing_b_09 lhl_spacing_l_00 lhl_spacing_r_00 section-background-t urbi-component-bg--white  bg-pattern-option4' ><div class=\"urbi-component-inner\">\n    <div class=\"is-layout-constrained\">\n\n<div class=\"wp-block-columns is-layout-flex wp-container-core-columns-is-layout-28f84493 wp-block-columns-is-layout-flex\">\n<div class=\"wp-block-column is-layout-flow wp-block-column-is-layout-flow\">\n<h4 class=\"wp-block-heading has-text-align-center\">Nuestra misi\u00f3n de sostenibilidad<\/h4>\n\n\n\n<p>La Alianza para la Conservaci\u00f3n del Zool\u00f3gico de Denver est\u00e1 comprometida con la sostenibilidad como parte fundamental de nuestra misi\u00f3n de conservaci\u00f3n. Nuestro objetivo es:<\/p>\n\n\n\n<ul class=\"wp-block-list\">\n<li>Utilice nuestro campus como un laboratorio viviente para probar y modelar soluciones sostenibles<\/li>\n\n\n\n<li>Conservar el agua, la energ\u00eda y otros recursos naturales.<\/li>\n\n\n\n<li>Reducir los residuos mediante el compostaje, el reciclaje y el abastecimiento responsable.<\/li>\n\n\n\n<li>Involucrar al personal, los hu\u00e9spedes y los socios en pr\u00e1cticas ambientalmente responsables<\/li>\n\n\n\n<li>Inspirar acciones m\u00e1s amplias para un planeta m\u00e1s saludable para todas las personas y la vida silvestre.<\/li>\n<\/ul>\n<\/div>\n\n\n\n<div class=\"wp-block-column is-layout-flow wp-block-column-is-layout-flow\">\n<h4 class=\"wp-block-heading has-text-align-center\">Un legado de liderazgo sostenible<\/h4>\n\n\n\n<p>Llevamos m\u00e1s de dos d\u00e9cadas impulsando la sostenibilidad. Entre nuestros hitos clave se incluyen:<\/p>\n\n\n\n<ul class=\"wp-block-list\">\n<li>Uno de los primeros zool\u00f3gicos en obtener la certificaci\u00f3n LEED para h\u00e1bitats de animales<\/li>\n\n\n\n<li>Se eliminaron las botellas de agua de pl\u00e1stico de un solo uso en todo el campus.<\/li>\n\n\n\n<li>Desviar toneladas de residuos a trav\u00e9s del compostaje y el reciclaje<\/li>\n\n\n\n<li>Se implementaron iniciativas piloto de sostenibilidad en toda la ciudad y asociaciones intersectoriales<\/li>\n\n\n\n<li>Evolucion\u00f3 de programas ecol\u00f3gicos a una estrategia totalmente integrada en todo el campus.<\/li>\n<\/ul>\n<\/div>\n<\/div>\n\n<\/div>\n\n<\/div>\n<\/div>\n\n\n\n\n<div  class='lhl-section urbi-component urbi-component front_view lhl_comp_width_inherit lhl_spacing_t_09 lhl_spacing_b_09 lhl_spacing_l_00 lhl_spacing_r_00 section-background-t' ><div class=\"urbi-component-inner\">\n    <div class=\"is-layout-constrained\">\n\n<h2 class=\"wp-block-heading has-text-align-center\">Objetivos<\/h2>\n\n\n\n<div class=\"wp-block-columns is-layout-flex wp-container-core-columns-is-layout-28f84493 wp-block-columns-is-layout-flex\">\n<div class=\"wp-block-column is-layout-flow wp-block-column-is-layout-flow\">\n<h3 class=\"wp-block-heading has-text-align-center\">Desperdiciar<\/h3>\n\n\n\n<figure class=\"wp-block-image aligncenter size-small_card\"><img loading=\"lazy\" decoding=\"async\" width=\"300\" height=\"300\" src=\"https:\/\/denverzoo.org\/wp-content\/uploads\/2025\/06\/Waste-300x300.png\" alt=\"\" class=\"wp-image-42064\" srcset=\"https:\/\/denverzoo.org\/wp-content\/uploads\/2025\/06\/Waste-300x300.png 300w, https:\/\/denverzoo.org\/wp-content\/uploads\/2025\/06\/Waste-220x220.png 220w, https:\/\/denverzoo.org\/wp-content\/uploads\/2025\/06\/Waste-150x150.png 150w, https:\/\/denverzoo.org\/wp-content\/uploads\/2025\/06\/Waste-50x50.png 50w, https:\/\/denverzoo.org\/wp-content\/uploads\/2025\/06\/Waste-12x12.png 12w, https:\/\/denverzoo.org\/wp-content\/uploads\/2025\/06\/Waste-193x193.png 193w, https:\/\/denverzoo.org\/wp-content\/uploads\/2025\/06\/Waste.png 500w\" sizes=\"auto, (max-width: 300px) 100vw, 300px\" \/><\/figure>\n\n\n\n<h2 class=\"wp-block-heading has-text-align-center\">90%<\/h2>\n\n\n\n<p class=\"has-text-align-center\">reducci\u00f3n de libras por XXXX<\/p>\n\n\n\n<ul class=\"wp-block-list\">\n<li>Tasa de desv\u00edo<\/li>\n\n\n\n<li>Lo m\u00e1s destacado de Ridwell<\/li>\n\n\n\n<li>Recuperaci\u00f3n de alimentos<\/li>\n\n\n\n<li>Datos Curiosos<\/li>\n\n\n\n<li>Compost<\/li>\n<\/ul>\n<\/div>\n\n\n\n<div class=\"wp-block-column is-layout-flow wp-block-column-is-layout-flow\">\n<h3 class=\"wp-block-heading has-text-align-center\">Agua<\/h3>\n\n\n\n<figure class=\"wp-block-image aligncenter size-small_card\"><img loading=\"lazy\" decoding=\"async\" width=\"300\" height=\"300\" src=\"https:\/\/denverzoo.org\/wp-content\/uploads\/2025\/06\/Water-300x300.png\" alt=\"\" class=\"wp-image-42066\" srcset=\"https:\/\/denverzoo.org\/wp-content\/uploads\/2025\/06\/Water-300x300.png 300w, https:\/\/denverzoo.org\/wp-content\/uploads\/2025\/06\/Water-220x220.png 220w, https:\/\/denverzoo.org\/wp-content\/uploads\/2025\/06\/Water-150x150.png 150w, https:\/\/denverzoo.org\/wp-content\/uploads\/2025\/06\/Water-50x50.png 50w, https:\/\/denverzoo.org\/wp-content\/uploads\/2025\/06\/Water-12x12.png 12w, https:\/\/denverzoo.org\/wp-content\/uploads\/2025\/06\/Water-193x193.png 193w, https:\/\/denverzoo.org\/wp-content\/uploads\/2025\/06\/Water.png 500w\" sizes=\"auto, (max-width: 300px) 100vw, 300px\" \/><\/figure>\n\n\n\n<h2 class=\"wp-block-heading has-text-align-center\">50%<\/h2>\n\n\n\n<p class=\"has-text-align-center\">reducci\u00f3n de galones por XXXX<\/p>\n\n\n\n<ul class=\"wp-block-list\">\n<li>Reducci\u00f3n %<\/li>\n\n\n\n<li>Agua reciclada<\/li>\n\n\n\n<li>Proyectos espec\u00edficos<\/li>\n\n\n\n<li>Consejos (Llevar agua)<\/li>\n\n\n\n<li>Datos Curiosos<\/li>\n<\/ul>\n<\/div>\n\n\n\n<div class=\"wp-block-column is-layout-flow wp-block-column-is-layout-flow\">\n<h3 class=\"wp-block-heading has-text-align-center\">Energ\u00eda<\/h3>\n\n\n\n<figure class=\"wp-block-image aligncenter size-small_card\"><img loading=\"lazy\" decoding=\"async\" width=\"300\" height=\"300\" src=\"https:\/\/denverzoo.org\/wp-content\/uploads\/2025\/06\/Energy-300x300.png\" alt=\"\" class=\"wp-image-42065\" srcset=\"https:\/\/denverzoo.org\/wp-content\/uploads\/2025\/06\/Energy-300x300.png 300w, https:\/\/denverzoo.org\/wp-content\/uploads\/2025\/06\/Energy-220x220.png 220w, https:\/\/denverzoo.org\/wp-content\/uploads\/2025\/06\/Energy-150x150.png 150w, https:\/\/denverzoo.org\/wp-content\/uploads\/2025\/06\/Energy-50x50.png 50w, https:\/\/denverzoo.org\/wp-content\/uploads\/2025\/06\/Energy-12x12.png 12w, https:\/\/denverzoo.org\/wp-content\/uploads\/2025\/06\/Energy-193x193.png 193w, https:\/\/denverzoo.org\/wp-content\/uploads\/2025\/06\/Energy.png 500w\" sizes=\"auto, (max-width: 300px) 100vw, 300px\" \/><\/figure>\n\n\n\n<h2 class=\"wp-block-heading has-text-align-center\">25%<\/h2>\n\n\n\n<p class=\"has-text-align-center\">reducci\u00f3n de uso por XXXX<\/p>\n\n\n\n<ul class=\"wp-block-list\">\n<li>Destacado (TD)<\/li>\n\n\n\n<li>Esto incluye trasplantes.<\/li>\n\n\n\n<li>Pastel<\/li>\n<\/ul>\n<\/div>\n<\/div>\n\n<\/div>\n\n<\/div>\n<\/div>\n\n\n\n\n<div  class='lhl-section urbi-component urbi-component front_view lhl_comp_width_inherit lhl_spacing_t_09 lhl_spacing_b_09 lhl_spacing_l_00 lhl_spacing_r_00 section-background-t urbi-component-bg--light-gray' ><div class=\"urbi-component-inner\">\n    <div class=\"is-layout-constrained\">\n\n<h3 class=\"wp-block-heading has-text-align-center\">DZCA lidera la colaboraci\u00f3n comunitaria en los est\u00e1ndares de se\u00f1alizaci\u00f3n de residuos<\/h3>\n\n\n\n<p class=\"has-text-align-center\">La Alianza para la Conservaci\u00f3n del Zool\u00f3gico de Denver ha reunido a 12 organizaciones de Denver para desarrollar Est\u00e1ndares Universales de Etiquetado para la Se\u00f1alizaci\u00f3n de Residuos, creando un lenguaje com\u00fan para la eliminaci\u00f3n de residuos en los principales recintos e instituciones p\u00fablicas. Esta iniciativa colaborativa aborda la confusi\u00f3n causada por el etiquetado inconsistente de residuos, que genera flujos de residuos contaminados y frustra a los visitantes. El sistema estandarizado utiliza terminolog\u00eda uniforme, s\u00edmbolos universales y elementos de dise\u00f1o flexibles que pueden ser implementados por organizaciones de todo el mundo para mejorar la clasificaci\u00f3n de residuos y apoyar los objetivos de sostenibilidad. Acceda a la gu\u00eda y a los documentos descargables aqu\u00ed:<\/p>\n\n\n\n\n\n<div  class='lhl-card urbi-component urbi-component front_view lhl_comp_width_inherit lhl_spacing_t_07 lhl_spacing_b_07 lhl_spacing_l_07 lhl_spacing_r_07 section-background-t urbi-component-bg--white  lhl_card  lhl_card_shadow_3 lhl_card_radius_0' ><div class=\"urbi-component-inner\">\n    <div class=\"acf-innerblocks-container\">\n\n<div class=\"wp-block-columns is-layout-flex wp-container-core-columns-is-layout-28f84493 wp-block-columns-is-layout-flex\">\n<div class=\"wp-block-column is-layout-flow wp-block-column-is-layout-flow\">\n<figure class=\"wp-block-image size-large_card\"><img loading=\"lazy\" decoding=\"async\" width=\"610\" height=\"360\" src=\"https:\/\/denverzoo.org\/wp-content\/uploads\/2025\/06\/25-SustainabilityWebsite_Tiles_768x456_V1.0_JH_06-02-25_PDF-610x360.jpg\" alt=\"\" class=\"wp-image-42001\" srcset=\"https:\/\/denverzoo.org\/wp-content\/uploads\/2025\/06\/25-SustainabilityWebsite_Tiles_768x456_V1.0_JH_06-02-25_PDF-610x360.jpg 610w, https:\/\/denverzoo.org\/wp-content\/uploads\/2025\/06\/25-SustainabilityWebsite_Tiles_768x456_V1.0_JH_06-02-25_PDF-220x131.jpg 220w, https:\/\/denverzoo.org\/wp-content\/uploads\/2025\/06\/25-SustainabilityWebsite_Tiles_768x456_V1.0_JH_06-02-25_PDF-50x30.jpg 50w, https:\/\/denverzoo.org\/wp-content\/uploads\/2025\/06\/25-SustainabilityWebsite_Tiles_768x456_V1.0_JH_06-02-25_PDF-18x12.jpg 18w\" sizes=\"auto, (max-width: 610px) 100vw, 610px\" \/><\/figure>\n<\/div>\n\n\n\n<div class=\"wp-block-column is-vertically-aligned-center is-layout-flow wp-block-column-is-layout-flow\">\n<h3 class=\"wp-block-heading\">Gu\u00eda de est\u00e1ndares universales de etiquetado (PDF)<\/h3>\n\n\n\n<p>Esta gu\u00eda en PDF, de f\u00e1cil consulta, describe los Est\u00e1ndares Universales de Etiquetado para la Se\u00f1alizaci\u00f3n de Residuos, desarrollados por la DZCA y sus socios. Es ideal para comprender el porqu\u00e9 y el c\u00f3mo del sistema, con im\u00e1genes, terminolog\u00eda y consejos pr\u00e1cticos. Adem\u00e1s, incluye enlaces para descargar todos los archivos de apoyo y recursos de dise\u00f1o.<\/p>\n\n\n    \r\n    \r\n    <div class='urbi_button_link'><a class=\"urbi-link lhl_button lhl_button--small lhl_button_color_default lhl_button_width_default lhl_button--block\" href=\"https:\/\/denverzoo.org\/wp-content\/uploads\/2025\/06\/06.2025-Universal-Waste-Label-Guide.pdf\" target=\"_blank\" rel=\"noopener noreferrer\" >Descargar PDF<\/a><\/div><\/div>\n<\/div>\n\n<\/div>\n<\/div>\n<\/div>\n<\/div>\n\n<\/div>\n<\/div>\n\n\n\n\n<div  class='lhl-section urbi-component urbi-component front_view lhl_comp_width_inherit lhl_spacing_t_09 lhl_spacing_b_09 lhl_spacing_l_00 lhl_spacing_r_00 section-background-t' ><div class=\"urbi-component-inner\">\n    <div class=\"is-layout-constrained\">\n    \r\n    \r\n    <span class='urbi_button_link'><a class=\"urbi-link lhl_button lhl_button--small lhl_button_color_ctalink lhl_button_width_default lhl_button--inline\" href=\"\/es\/sustainability-policy\/\" target=\"\" rel=\"noopener noreferrer\" >Pol\u00edtica de sustentabilidad<\/a><\/span>\n\n    \r\n    \r\n    <span class='urbi_button_link'><a class=\"urbi-link lhl_button lhl_button--small lhl_button_color_ctalink lhl_button_width_default lhl_button--inline\" href=\"\/es\/safety-policy\/\" target=\"\" rel=\"noopener noreferrer\" >La pol\u00edtica de seguridad<\/a><\/span>\n<\/div>\n\n<\/div>\n<\/div>","protected":false},"excerpt":{"rendered":"","protected":false},"author":40,"featured_media":42049,"parent":0,"menu_order":0,"comment_status":"closed","ping_status":"closed","template":"","meta":{"_acf_changed":false,"_relevanssi_hide_post":"","_relevanssi_hide_content":"","_relevanssi_pin_for_all":"","_relevanssi_pin_keywords":"","_relevanssi_unpin_keywords":"","_relevanssi_related_keywords":"","_relevanssi_related_include_ids":"","_relevanssi_related_exclude_ids":"","_relevanssi_related_no_append":"","_relevanssi_related_not_related":"","_relevanssi_related_posts":"116,121,123,538,1202,1775","_relevanssi_noindex_reason":"","footnotes":""},"class_list":["post-4957","page","type-page","status-publish","has-post-thumbnail","hentry"],"acf":[],"_links":{"self":[{"href":"https:\/\/denverzoo.org\/es\/wp-json\/wp\/v2\/pages\/4957","targetHints":{"allow":["GET"]}}],"collection":[{"href":"https:\/\/denverzoo.org\/es\/wp-json\/wp\/v2\/pages"}],"about":[{"href":"https:\/\/denverzoo.org\/es\/wp-json\/wp\/v2\/types\/page"}],"author":[{"embeddable":true,"href":"https:\/\/denverzoo.org\/es\/wp-json\/wp\/v2\/users\/40"}],"replies":[{"embeddable":true,"href":"https:\/\/denverzoo.org\/es\/wp-json\/wp\/v2\/comments?post=4957"}],"version-history":[{"count":0,"href":"https:\/\/denverzoo.org\/es\/wp-json\/wp\/v2\/pages\/4957\/revisions"}],"wp:featuredmedia":[{"embeddable":true,"href":"https:\/\/denverzoo.org\/es\/wp-json\/wp\/v2\/media\/42049"}],"wp:attachment":[{"href":"https:\/\/denverzoo.org\/es\/wp-json\/wp\/v2\/media?parent=4957"}],"curies":[{"name":"gracias","href":"https:\/\/api.w.org\/{rel}","templated":true}]}}