{"id":5100,"date":"2018-09-20T16:17:58","date_gmt":"2018-09-20T16:17:58","guid":{"rendered":"https:\/\/denverzootemp.org\/?page_id=5100"},"modified":"2026-04-13T16:47:16","modified_gmt":"2026-04-13T22:47:16","slug":"donate","status":"publish","type":"page","link":"https:\/\/denverzoo.org\/es\/support\/donate\/","title":{"rendered":"Donar a la Alianza para la Conservaci\u00f3n del Zool\u00f3gico de Denver"},"content":{"rendered":"<div  class='lhl-section urbi-component urbi-component front_view lhl_comp_width_narrow lhl_spacing_t_09 lhl_spacing_b_05 lhl_spacing_l_00 lhl_spacing_r_00 section-background-t' ><div class=\"urbi-component-inner\">\n    <div class=\"is-layout-constrained\">\n\n<p class=\"has-text-align-center\">Al donar a la Alianza para la Conservaci\u00f3n del Zool\u00f3gico de Denver, no solo garantiza que podamos seguir brindando un cuidado excepcional a nuestros m\u00e1s de 2500 maravillosos animales salvajes, sino que tambi\u00e9n apoya nuestros incansables esfuerzos de conservaci\u00f3n en Colorado y en todo el mundo. Adem\u00e1s, su donaci\u00f3n sienta las bases para la pr\u00f3xima generaci\u00f3n de defensores de la vida silvestre. Como organizaci\u00f3n sin fines de lucro, dependemos de su donaci\u00f3n a la Alianza para la Conservaci\u00f3n del Zool\u00f3gico de Denver (DZCA) para apoyar la importante labor que realizamos para educar e inspirar a los amantes de los animales de todas las edades.<\/p>\n\n\n\n<h4 class=\"wp-block-heading has-text-align-center\"><strong>\u00bfC\u00f3mo le gustar\u00eda donar?<\/strong><\/h4>\n\n\n\n<div class=\"wp-block-group is-horizontal is-content-justification-center is-layout-flex wp-container-core-group-is-layout-6bd4d9d1 wp-block-group-is-layout-flex\">    \r\n    \r\n    <span class='urbi_button_link center'><a class=\"urbi-link lhl_button lhl_button--small lhl_button_color_default lhl_button_width_default lhl_button--inline\" href=\"https:\/\/support.denverzoo.org\/general\" target=\"\" rel=\"noopener noreferrer\" >En l\u00ednea<\/a><\/span>\n\n    \r\n    \r\n    <span class='urbi_button_link center'><a class=\"urbi-link lhl_button lhl_button--small lhl_button_color_default lhl_button_width_default lhl_button--inline\" href=\"https:\/\/account.venmo.com\/u\/Denver-Zoo\" target=\"\" rel=\"noopener noreferrer\" >Venmo<\/a><\/span>\n\n    \r\n    \r\n    <span class='urbi_button_link center'><a class=\"urbi-link lhl_button lhl_button--small lhl_button_color_default lhl_button_width_default lhl_button--inline\" href=\"https:\/\/www.coloradogives.org\/organization\/Denverzoo\" target=\"\" rel=\"noopener noreferrer\" >Regalos homenaje<\/a><\/span>\n\n    \r\n    \r\n    <span class='urbi_button_link center'><a class=\"urbi-link lhl_button lhl_button--small lhl_button_color_default lhl_button_width_default lhl_button--inline\" href=\"\/es\/support-crypto\/\" target=\"\" rel=\"noopener noreferrer\" >Cripto<\/a><\/span><\/div>\n\n\n\n<h5 class=\"wp-block-heading has-text-align-center has-paragraph-large-font-size\"><strong>Donar mediante cheque<\/strong><br>Denver Zoo<br>Attn: Development<br>2300 Steele Street<br>Denver, CO 80205<\/h5>\n\n<\/div>\n\n<\/div>\n<\/div>\n\n\n\n\n<div  class='lhl-section urbi-component urbi-component front_view lhl_comp_width_inherit lhl_spacing_t_09 lhl_spacing_b_03 lhl_spacing_l_00 lhl_spacing_r_00 section-background-t' ><div class=\"urbi-component-inner\">\n    <div class=\"is-layout-constrained\">\n\n<h3 class=\"wp-block-heading has-text-align-center\"><strong>\u00bfQu\u00e9 le gustar\u00eda que apoyara su donaci\u00f3n?<\/strong><\/h3>\n\n<\/div>\n\n<\/div>\n<\/div>\n\n\r\n\r\n\r\n<div  class='lhl-three-card-block urbi-component urbi-component front_view lhl_comp_width_inherit lhl_spacing_t_09 lhl_spacing_b_09 lhl_spacing_l_00 lhl_spacing_r_00 section-background-t' ><div class=\"urbi-component-inner\">\r\n    <div class=\"uk-child-width-expand@s uk-grid-match\" uk-grid>\r\n\r\n                        <div class='three_by_one__item uk-width-1-1 uk-width-1-3@m'>\r\n                    <div class='three_by_one__item-inner'>\r\n\r\n                        \n<div class=\"urbi-card urbi-card--shadow-3 urbi-card--featured urbi-card--has_cta\">\n    <div class=\"uk-card-media-top urbi-card--img\">\n\n        <a class=\"urbi-link\" href=\"https:\/\/support.denverzoo.org\/general\" target=\"_self\" rel=\"noopener noreferrer\" aria-label=\"Dona ahora\" >                            <img loading=\"lazy\" decoding=\"async\" width=\"398\" height=\"239\" src=\"https:\/\/denverzoo.org\/wp-content\/uploads\/2024\/06\/WhereItsNeededMost-398x239.jpg\" class=\"urbi-img urbi-featured-homme-img\" alt=\"\" \/>                    <\/a>\n    <\/div>\n    <div class=\"urbi-card--txt\">\n        <div class=\"urbi-card__date-meta\">\n                    <\/div>\n        <h3 class=\"urbi-card__title\">\n            Donde sea m\u00e1s necesario        <\/h3>\n        <div class=\"urbi-card__description\">\n            <br>        <\/div>\n                    <a class=\"urbi-link urbi-card__cta lhl_button lhl_button_type_solid lhl_button_color_default lhl_button_width_default\" href=\"https:\/\/support.denverzoo.org\/general\" target=\"_self\" rel=\"noopener noreferrer\" title=\"Dona ahora\" aria-label=\"Dona ahora\" >Dona ahora<\/a>            <\/div>\n<\/div>                    <\/div>\r\n                <\/div>\r\n                        <div class='three_by_one__item uk-width-1-1 uk-width-1-3@m'>\r\n                    <div class='three_by_one__item-inner'>\r\n\r\n                        \n<div class=\"urbi-card urbi-card--shadow-3 urbi-card--featured urbi-card--has_cta\">\n    <div class=\"uk-card-media-top urbi-card--img\">\n\n        <a class=\"urbi-link\" href=\"https:\/\/support.denverzoo.org\/animalcare\" target=\"_self\" rel=\"noopener noreferrer\" aria-label=\"Donar al cuidado de los animales\" >                            <img loading=\"lazy\" decoding=\"async\" width=\"398\" height=\"239\" src=\"https:\/\/denverzoo.org\/wp-content\/uploads\/2024\/06\/AnimalCare_2-398x239.jpg\" class=\"urbi-img urbi-featured-homme-img\" alt=\"\" \/>                    <\/a>\n    <\/div>\n    <div class=\"urbi-card--txt\">\n        <div class=\"urbi-card__date-meta\">\n                    <\/div>\n        <h3 class=\"urbi-card__title\">\n            Cuidado animal        <\/h3>\n        <div class=\"urbi-card__description\">\n            <br>        <\/div>\n                    <a class=\"urbi-link urbi-card__cta lhl_button lhl_button_type_solid lhl_button_color_default lhl_button_width_default\" href=\"https:\/\/support.denverzoo.org\/animalcare\" target=\"_self\" rel=\"noopener noreferrer\" title=\"Donar al cuidado de los animales\" aria-label=\"Donar al cuidado de los animales\" >Donar al cuidado de los animales<\/a>            <\/div>\n<\/div>                    <\/div>\r\n                <\/div>\r\n                        <div class='three_by_one__item uk-width-1-1 uk-width-1-3@m'>\r\n                    <div class='three_by_one__item-inner'>\r\n\r\n                        \n<div class=\"urbi-card urbi-card--shadow-3 urbi-card--featured urbi-card--has_cta\">\n    <div class=\"uk-card-media-top urbi-card--img\">\n\n        <a class=\"urbi-link\" href=\"https:\/\/support.denverzoo.org\/fieldconservation\" target=\"_self\" rel=\"noopener noreferrer\" aria-label=\"Done a la conservaci\u00f3n del campo\" >                            <img loading=\"lazy\" decoding=\"async\" width=\"398\" height=\"239\" src=\"https:\/\/denverzoo.org\/wp-content\/uploads\/2024\/06\/FieldConservation-398x239.jpg\" class=\"urbi-img urbi-featured-homme-img\" alt=\"\" \/>                    <\/a>\n    <\/div>\n    <div class=\"urbi-card--txt\">\n        <div class=\"urbi-card__date-meta\">\n                    <\/div>\n        <h3 class=\"urbi-card__title\">\n            Conservaci\u00f3n de campo        <\/h3>\n        <div class=\"urbi-card__description\">\n            <br>        <\/div>\n                    <a class=\"urbi-link urbi-card__cta lhl_button lhl_button_type_solid lhl_button_color_default lhl_button_width_default\" href=\"https:\/\/support.denverzoo.org\/fieldconservation\" target=\"_self\" rel=\"noopener noreferrer\" title=\"Done a la conservaci\u00f3n del campo\" aria-label=\"Done a la conservaci\u00f3n del campo\" >Done a la conservaci\u00f3n del campo<\/a>            <\/div>\n<\/div>                    <\/div>\r\n                <\/div>\r\n                        <div class='three_by_one__item uk-width-1-1 uk-width-1-3@m'>\r\n                    <div class='three_by_one__item-inner'>\r\n\r\n                        \n<div class=\"urbi-card urbi-card--shadow-3 urbi-card--featured urbi-card--has_cta\">\n    <div class=\"uk-card-media-top urbi-card--img\">\n\n        <a class=\"urbi-link\" href=\"https:\/\/support.denverzoo.org\/education\" target=\"_self\" rel=\"noopener noreferrer\" aria-label=\"Donar a la educaci\u00f3n\" >                            <img loading=\"lazy\" decoding=\"async\" width=\"398\" height=\"239\" src=\"https:\/\/denverzoo.org\/wp-content\/uploads\/2024\/06\/Education-398x239.jpg\" class=\"urbi-img urbi-featured-homme-img\" alt=\"\" \/>                    <\/a>\n    <\/div>\n    <div class=\"urbi-card--txt\">\n        <div class=\"urbi-card__date-meta\">\n                    <\/div>\n        <h3 class=\"urbi-card__title\">\n            Educaci\u00f3n        <\/h3>\n        <div class=\"urbi-card__description\">\n            <br>        <\/div>\n                    <a class=\"urbi-link urbi-card__cta lhl_button lhl_button_type_solid lhl_button_color_default lhl_button_width_default\" href=\"https:\/\/support.denverzoo.org\/education\" target=\"_self\" rel=\"noopener noreferrer\" title=\"Donar a la educaci\u00f3n\" aria-label=\"Donar a la educaci\u00f3n\" >Donar a la educaci\u00f3n<\/a>            <\/div>\n<\/div>                    <\/div>\r\n                <\/div>\r\n                        <div class='three_by_one__item uk-width-1-1 uk-width-1-3@m'>\r\n                    <div class='three_by_one__item-inner'>\r\n\r\n                        \n<div class=\"urbi-card urbi-card--shadow-3 urbi-card--featured urbi-card--has_cta\">\n    <div class=\"uk-card-media-top urbi-card--img\">\n\n        <a class=\"urbi-link\" href=\"https:\/\/support.denverzoo.org\/animal-habitat-improvement-fund\" target=\"_self\" rel=\"noopener noreferrer\" aria-label=\"Donar al Fondo de H\u00e1bitat\" >                            <img loading=\"lazy\" decoding=\"async\" width=\"398\" height=\"239\" src=\"https:\/\/denverzoo.org\/wp-content\/uploads\/2026\/01\/26-PHL-362-Support-Donate-Page-Update_v1.0_SR_01.12.26-398x239.jpg\" class=\"urbi-img urbi-featured-homme-img\" alt=\"\" \/>                    <\/a>\n    <\/div>\n    <div class=\"urbi-card--txt\">\n        <div class=\"urbi-card__date-meta\">\n                    <\/div>\n        <h3 class=\"urbi-card__title\">\n            Fondo para la mejora del h\u00e1bitat animal        <\/h3>\n        <div class=\"urbi-card__description\">\n                     <\/div>\n                    <a class=\"urbi-link urbi-card__cta lhl_button lhl_button_type_solid lhl_button_color_default lhl_button_width_default\" href=\"https:\/\/support.denverzoo.org\/animal-habitat-improvement-fund\" target=\"_self\" rel=\"noopener noreferrer\" title=\"Donar al Fondo de H\u00e1bitat\" aria-label=\"Donar al Fondo de H\u00e1bitat\" >Donar al Fondo de H\u00e1bitat<\/a>            <\/div>\n<\/div>                    <\/div>\r\n                <\/div>\r\n            <\/div>\r\n<\/div>\r\n<\/div>\n\n\n<p><\/p>","protected":false},"excerpt":{"rendered":"","protected":false},"author":40,"featured_media":0,"parent":22555,"menu_order":0,"comment_status":"closed","ping_status":"closed","template":"","meta":{"_acf_changed":false,"_relevanssi_hide_post":"","_relevanssi_hide_content":"","_relevanssi_pin_for_all":"","_relevanssi_pin_keywords":"","_relevanssi_unpin_keywords":"","_relevanssi_related_keywords":"","_relevanssi_related_include_ids":"","_relevanssi_related_exclude_ids":"","_relevanssi_related_no_append":"","_relevanssi_related_not_related":"","_relevanssi_related_posts":"121,116,123,538,27218,27235","_relevanssi_noindex_reason":"","footnotes":""},"class_list":["post-5100","page","type-page","status-publish","hentry"],"acf":[],"_links":{"self":[{"href":"https:\/\/denverzoo.org\/es\/wp-json\/wp\/v2\/pages\/5100","targetHints":{"allow":["GET"]}}],"collection":[{"href":"https:\/\/denverzoo.org\/es\/wp-json\/wp\/v2\/pages"}],"about":[{"href":"https:\/\/denverzoo.org\/es\/wp-json\/wp\/v2\/types\/page"}],"author":[{"embeddable":true,"href":"https:\/\/denverzoo.org\/es\/wp-json\/wp\/v2\/users\/40"}],"replies":[{"embeddable":true,"href":"https:\/\/denverzoo.org\/es\/wp-json\/wp\/v2\/comments?post=5100"}],"version-history":[{"count":2,"href":"https:\/\/denverzoo.org\/es\/wp-json\/wp\/v2\/pages\/5100\/revisions"}],"predecessor-version":[{"id":45207,"href":"https:\/\/denverzoo.org\/es\/wp-json\/wp\/v2\/pages\/5100\/revisions\/45207"}],"up":[{"embeddable":true,"href":"https:\/\/denverzoo.org\/es\/wp-json\/wp\/v2\/pages\/22555"}],"wp:attachment":[{"href":"https:\/\/denverzoo.org\/es\/wp-json\/wp\/v2\/media?parent=5100"}],"curies":[{"name":"gracias","href":"https:\/\/api.w.org\/{rel}","templated":true}]}}