{"id":5220,"date":"2018-09-20T19:55:28","date_gmt":"2018-09-20T19:55:28","guid":{"rendered":"https:\/\/denverzootemp.org\/faq-2\/"},"modified":"2025-11-05T09:34:31","modified_gmt":"2025-11-05T16:34:31","slug":"map","status":"publish","type":"page","link":"https:\/\/denverzoo.org\/es\/map\/","title":{"rendered":"Mapa"},"content":{"rendered":"<div  class='lhl-section urbi-component urbi-component front_view lhl_comp_width_inherit lhl_spacing_t_09 lhl_spacing_b_09 lhl_spacing_l_00 lhl_spacing_r_00 section-background-t' ><div class=\"urbi-component-inner\">\n    <div class=\"is-layout-constrained\">\n\n\n\n<div  class='lhl-section urbi-component urbi-component front_view lhl_comp_width_wide lhl_spacing_t_00 lhl_spacing_b_00 lhl_spacing_l_00 lhl_spacing_r_00 section-background-t  bg-pattern-' ><div class=\"urbi-component-inner\">\n    <div class=\"is-layout-constrained\">\n\n<p><\/p>\n\n\n\n<figure data-wp-context=\"{&quot;imageId&quot;:&quot;69eb29954ed09&quot;}\" data-wp-interactive=\"core\/image\" data-wp-key=\"69eb29954ed09\" class=\"wp-block-image alignfull size-large wp-lightbox-container\"><img loading=\"lazy\" decoding=\"async\" width=\"1024\" height=\"662\" data-wp-class--hide=\"state.isContentHidden\" data-wp-class--show=\"state.isContentVisible\" data-wp-init=\"callbacks.setButtonStyles\" data-wp-on--click=\"actions.showLightbox\" data-wp-on--load=\"callbacks.setButtonStyles\" data-wp-on-window--resize=\"callbacks.setButtonStyles\" src=\"https:\/\/denverzoo.org\/wp-content\/uploads\/2025\/11\/2025_Map_Winter_English-1024x662.jpg\" alt=\"\" class=\"wp-image-43713\" srcset=\"https:\/\/denverzoo.org\/wp-content\/uploads\/2025\/11\/2025_Map_Winter_English-1024x662.jpg 1024w, https:\/\/denverzoo.org\/wp-content\/uploads\/2025\/11\/2025_Map_Winter_English-220x142.jpg 220w, https:\/\/denverzoo.org\/wp-content\/uploads\/2025\/11\/2025_Map_Winter_English-768x497.jpg 768w, https:\/\/denverzoo.org\/wp-content\/uploads\/2025\/11\/2025_Map_Winter_English-50x32.jpg 50w, https:\/\/denverzoo.org\/wp-content\/uploads\/2025\/11\/2025_Map_Winter_English-1600x1035.jpg 1600w, https:\/\/denverzoo.org\/wp-content\/uploads\/2025\/11\/2025_Map_Winter_English-1536x993.jpg 1536w, https:\/\/denverzoo.org\/wp-content\/uploads\/2025\/11\/2025_Map_Winter_English-18x12.jpg 18w, https:\/\/denverzoo.org\/wp-content\/uploads\/2025\/11\/2025_Map_Winter_English.jpg 1789w\" sizes=\"auto, (max-width: 1024px) 100vw, 1024px\" \/><button\n\t\t\tclass=\"lightbox-trigger\"\n\t\t\ttype=\"button\"\n\t\t\taria-haspopup=\"dialog\"\n\t\t\taria-label=\"Agrandar\"\n\t\t\tdata-wp-init=\"callbacks.initTriggerButton\"\n\t\t\tdata-wp-on--click=\"actions.showLightbox\"\n\t\t\tdata-wp-style--right=\"state.imageButtonRight\"\n\t\t\tdata-wp-style--top=\"state.imageButtonTop\"\n\t\t>\n\t\t\t<svg xmlns=\"http:\/\/www.w3.org\/2000\/svg\" width=\"12\" height=\"12\" fill=\"none\" viewbox=\"0 0 12 12\">\n\t\t\t\t<path fill=\"#fff\" d=\"M2 0a2 2 0 0 0-2 2v2h1.5V2a.5.5 0 0 1 .5-.5h2V0H2Zm2 10.5H2a.5.5 0 0 1-.5-.5V8H0v2a2 2 0 0 0 2 2h2v-1.5ZM8 12v-1.5h2a.5.5 0 0 0 .5-.5V8H12v2a2 2 0 0 1-2 2H8Zm2-12a2 2 0 0 1 2 2v2h-1.5V2a.5.5 0 0 0-.5-.5H8V0h2Z\" \/>\n\t\t\t<\/svg>\n\t\t<\/button><\/figure>\n\n<\/div>\n\n<\/div>\n<\/div>\n\n\n<div class=\"wp-block-group is-nowrap is-layout-flex wp-container-core-group-is-layout-6c531013 wp-block-group-is-layout-flex\">    \r\n    \r\n    <div class='urbi_button_link'><a class=\"urbi-link lhl_button lhl_button--small lhl_button_color_default lhl_button_width_default lhl_button--block\" href=\"https:\/\/denverzoo.org\/wp-content\/uploads\/2025\/11\/2025_Map_Winter_English.jpg\" target=\"_blank\" rel=\"noopener noreferrer\" >Descargar mapa en ingl\u00e9s<\/a><\/div>\n\n    \r\n    \r\n    <div class='urbi_button_link'><a class=\"urbi-link lhl_button lhl_button--small lhl_button_color_default lhl_button_width_default lhl_button--block\" href=\"https:\/\/denverzoo.org\/wp-content\/uploads\/2025\/11\/2025_Map_Winter_Spanish.jpg\" target=\"_blank\" rel=\"noopener noreferrer\" >Descargar un mapa en espa\u00f1ol<\/a><\/div>\n\n\n<p><\/p>\n<\/div>\n\n\n\r\n\r\n<div  class='lhl-text-and-image urbi-component urbi-component front_view lhl_comp_width_inherit lhl_spacing_t_09 lhl_spacing_b_09 lhl_spacing_l_00 lhl_spacing_r_00 section-background-t' >\r\n<div class=\"urbi-component-inner\">\r\n\r\n    <div class=\"text_and_image_comp_inner lhl_grid_default lhl_grid uk-grid-match\" uk-grid>\r\n\r\n                <div class=\"lhl_grid_col lhl-text-and-image__col-img lhl_width_1_2@m\">\r\n\r\n            \r\n                \r\n                \r\n                                                            <div class=\"uk-cover-container\">\r\n                                                            <img loading='lazy' src='' alt='' uk-cover \/>\r\n                            \r\n                                                            <img decoding=\"async\" width=\"500\" height=\"300\" src=\"https:\/\/denverzoo.org\/wp-content\/uploads\/2024\/08\/Visit.jpg\" class=\"urbi-img img-class\" alt=\"\" loading=\"lazy\" uk-cover=\"\" srcset=\"https:\/\/denverzoo.org\/wp-content\/uploads\/2024\/08\/Visit.jpg 500w, https:\/\/denverzoo.org\/wp-content\/uploads\/2024\/08\/Visit-220x132.jpg 220w, https:\/\/denverzoo.org\/wp-content\/uploads\/2024\/08\/Visit-50x30.jpg 50w, https:\/\/denverzoo.org\/wp-content\/uploads\/2024\/08\/Visit-18x12.jpg 18w, https:\/\/denverzoo.org\/wp-content\/uploads\/2024\/08\/Visit-398x239.jpg 398w\" sizes=\"auto, (max-width: 500px) 100vw, 500px\" \/>                            \r\n                        <\/div>\r\n                                    \r\n            \r\n            \r\n                    <\/div>\r\n\r\n                <div class=\"lhl_grid_col lhl-text-and-image__col-text lhl_width_1_2@m\">\r\n            <div class=\"lhl-text-and-image__col-text-inner lhl_spacing_03\" style=\"\">\r\n                <div class=\"acf-innerblocks-container\">\n\n<h3 class=\"wp-block-heading\">Descargar la aplicaci\u00f3n<\/h3>\n\n\n\n<p>Obtenga la aplicaci\u00f3n gratuita de Denver Zoo Conservation Alliance hoy mismo y sea un profesional la pr\u00f3xima vez que visite el zool\u00f3gico. Obtendr\u00e1 acceso al mapa del zool\u00f3gico, las actividades y los horarios diarios, datos sobre los animales y m\u00e1s. Incluso puede cargar su tarjeta de membres\u00eda en la aplicaci\u00f3n para mayor comodidad. \u00a1Pone todo lo que necesita para una incre\u00edble experiencia en el zool\u00f3gico en la palma de su mano!<\/p>\n\n\n\n<div class=\"wp-block-buttons is-horizontal is-content-justification-left is-nowrap is-layout-flex wp-container-core-buttons-is-layout-e0843c14 wp-block-buttons-is-layout-flex\">\n<div class=\"wp-block-button\"><a class=\"wp-block-button__link has-black-color has-azure-breeze-background-color has-text-color has-background has-link-color wp-element-button\" href=\"https:\/\/itunes.apple.com\/us\/app\/denver-zoo-mobile\/id1175927683?mt=8\" style=\"border-radius:0px\">Descarga en iOS<\/a><\/div>\n\n\n\n<div class=\"wp-block-button\"><a class=\"wp-block-button__link has-black-color has-crimson-blaze-background-color has-text-color has-background has-link-color wp-element-button\" href=\"https:\/\/play.google.com\/store\/apps\/details?id=com.vantixsystems.denverzoomobile&amp;hl=en\" style=\"border-radius:0px\">Descarga en Android<\/a><\/div>\n<\/div>\n\n\n\n<p>* Disponible con traducciones al espa\u00f1ol e ingl\u00e9s.<\/p>\n\n<\/div>\r\n            <\/div>\r\n        <\/div>\r\n    <\/div>\r\n<\/div>\r\n<\/div>\n<\/div>\n\n<\/div>\n<\/div>","protected":false},"excerpt":{"rendered":"","protected":false},"author":40,"featured_media":37835,"parent":0,"menu_order":0,"comment_status":"closed","ping_status":"closed","template":"","meta":{"_acf_changed":false,"_relevanssi_hide_post":"","_relevanssi_hide_content":"","_relevanssi_pin_for_all":"","_relevanssi_pin_keywords":"","_relevanssi_unpin_keywords":"","_relevanssi_related_keywords":"","_relevanssi_related_include_ids":"","_relevanssi_related_exclude_ids":"","_relevanssi_related_no_append":"","_relevanssi_related_not_related":"","_relevanssi_related_posts":"116,121,123,538,1202,1775","_relevanssi_noindex_reason":"","footnotes":""},"class_list":["post-5220","page","type-page","status-publish","has-post-thumbnail","hentry"],"acf":[],"_links":{"self":[{"href":"https:\/\/denverzoo.org\/es\/wp-json\/wp\/v2\/pages\/5220","targetHints":{"allow":["GET"]}}],"collection":[{"href":"https:\/\/denverzoo.org\/es\/wp-json\/wp\/v2\/pages"}],"about":[{"href":"https:\/\/denverzoo.org\/es\/wp-json\/wp\/v2\/types\/page"}],"author":[{"embeddable":true,"href":"https:\/\/denverzoo.org\/es\/wp-json\/wp\/v2\/users\/40"}],"replies":[{"embeddable":true,"href":"https:\/\/denverzoo.org\/es\/wp-json\/wp\/v2\/comments?post=5220"}],"version-history":[{"count":0,"href":"https:\/\/denverzoo.org\/es\/wp-json\/wp\/v2\/pages\/5220\/revisions"}],"wp:featuredmedia":[{"embeddable":true,"href":"https:\/\/denverzoo.org\/es\/wp-json\/wp\/v2\/media\/37835"}],"wp:attachment":[{"href":"https:\/\/denverzoo.org\/es\/wp-json\/wp\/v2\/media?parent=5220"}],"curies":[{"name":"gracias","href":"https:\/\/api.w.org\/{rel}","templated":true}]}}