{"id":5238,"date":"2018-09-20T21:20:37","date_gmt":"2018-09-20T21:20:37","guid":{"rendered":"https:\/\/denverzootemp.org\/?page_id=5238"},"modified":"2025-06-09T16:36:27","modified_gmt":"2025-06-09T22:36:27","slug":"sustainability-safety","status":"publish","type":"page","link":"https:\/\/denverzoo.org\/es\/sustainability-safety\/","title":{"rendered":"Sustentabilidad"},"content":{"rendered":"<div  class='lhl-section urbi-component urbi-component front_view lhl_comp_width_inherit lhl_spacing_t_09 lhl_spacing_b_09 lhl_spacing_l_00 lhl_spacing_r_00 section-background-t' ><div class=\"urbi-component-inner\">\n    <div class=\"is-layout-constrained\">\n\n<p><\/p>\n\n\n\n<p class=\"has-text-align-center\">Nuestro planeta enfrenta grandes desaf\u00edos, muchos de los cuales amenazan la salud y la biodiversidad de la tierra. El Zool\u00f3gico de Denver tiene una herencia rica y significativa como organizaci\u00f3n comprometida con la conservaci\u00f3n de los animales en todo el mundo y como l\u00edder en el campo del cuidado de los animales. Nuestro compromiso con la conservaci\u00f3n de especies se extiende a nuestro compromiso de proteger el medio ambiente y nuestra comunidad del Zool\u00f3gico de Denver a trav\u00e9s de nuestros programas de seguridad y sostenibilidad incorporados en nuestro Sistema de Gesti\u00f3n de Campus (CMS) certificado por terceros *.<\/p>\n\n\n\n<p class=\"has-text-align-center\">En el Zool\u00f3gico de Denver, nuestro objetivo es operar de la manera m\u00e1s ecol\u00f3gica, social y econ\u00f3mica posible. Estamos tomando medidas positivas para garantizar un planeta seguro y saludable tanto para los animales como para los seres humanos.<\/p>\n\n<\/div>\n\n<\/div>\n<\/div>\n\n\n\n\n<div  class='lhl-section urbi-component urbi-component front_view lhl_spacing_t_00 lhl_spacing_b_00 lhl_spacing_l_00 lhl_spacing_r_00 section-background-t  bg-pattern-' ><div class=\"urbi-component-inner\">\n    <div class=\"is-layout-constrained\">\n\r\n\r\n<div  class='lhl-text-and-image urbi-component urbi-component front_view lhl_spacing_t_00 lhl_spacing_b_00 lhl_spacing_l_00 lhl_spacing_r_00 section-background-t' >\r\n<div class=\"urbi-component-inner\">\r\n\r\n    <div class=\"text_and_image_comp_inner lhl_grid_default lhl_grid uk-grid-match\" uk-grid>\r\n\r\n                <div class=\"lhl_grid_col lhl-text-and-image__col-img lhl_width_1_2@m\">\r\n\r\n            \r\n                \r\n                                    <div class=\"default-image-container\">\r\n                                                    <img decoding=\"async\" width=\"400\" height=\"380\" src=\"https:\/\/denverzoo.org\/wp-content\/uploads\/2024\/07\/SustainabilityWheel-Feature-1-400x380.jpg\" class=\"urbi-img img-class\" alt=\"\" loading=\"lazy\" srcset=\"https:\/\/denverzoo.org\/wp-content\/uploads\/2024\/07\/SustainabilityWheel-Feature-1-400x380.jpg 400w, https:\/\/denverzoo.org\/wp-content\/uploads\/2024\/07\/SustainabilityWheel-Feature-1-12x12.jpg 12w\" sizes=\"auto, (max-width: 400px) 100vw, 400px\" \/>                                            <\/div>\r\n                \r\n                \r\n            \r\n            \r\n                    <\/div>\r\n\r\n                <div class=\"lhl_grid_col lhl-text-and-image__col-text lhl_width_1_2@m\">\r\n            <div class=\"lhl-text-and-image__col-text-inner lhl_spacing_03\" style=\"\">\r\n                <div class=\"acf-innerblocks-container\">\n\n<h3 class=\"wp-block-heading\">Ocho Prioridad<br>Objetivos de sostenibilidad<\/h3>\n\n\n\n<ul class=\"wp-block-list\">\n<li>Los programas de sustentabilidad del Zool\u00f3gico de Denver apoyan acciones para mitigar el impacto del cambio clim\u00e1tico y otros problemas de sustentabilidad en un esfuerzo por proteger a los animales y lugares silvestres.<\/li>\n\n\n\n<li>El Zool\u00f3gico de Denver est\u00e1 trabajando para establecer metas para nuestras ocho \u00e1reas de objetivos prioritarios.<\/li>\n\n\n\n<li>Por ejemplo, el zool\u00f3gico de Denver ha establecido un objetivo para que nuestro objetivo de residuos sea un Campus Zero Waste para 2025.<\/li>\n<\/ul>\n\n\n    \r\n    \r\n    <div class='urbi_button_link'><a class=\"urbi-link lhl_button lhl_button--small lhl_button_color_default lhl_button_width_default lhl_button--block\" href=\"\/es\/recycle\/\" target=\"\" rel=\"noopener noreferrer\" >Obtenga m\u00e1s informaci\u00f3n sobre desperdicio cero<\/a><\/div>\n<\/div>\r\n            <\/div>\r\n        <\/div>\r\n    <\/div>\r\n<\/div>\r\n<\/div>\n<\/div>\n\n<\/div>\n<\/div>\n\n\n\n\n<div  class='lhl-section urbi-component urbi-component front_view lhl_spacing_t_10 lhl_spacing_b_09 lhl_spacing_l_00 lhl_spacing_r_00 section-background-t urbi-component-bg--white  bg-pattern-option3' ><div class=\"urbi-component-inner\">\n    <div class=\"is-layout-constrained\">\n\n<p><\/p>\n\n\n\n\n\n<div  class='urbi\/tiles urbi-component urbi-component front_view' >\n<div class=\"uk-child-width-1-2@s uk-grid-match\" uk-grid>\n    \n\n\n<div>\n\n        <div  class='urbi\/tile urbi-card urbi-card--tile urbi-card--shadow-3' >\n    <div class=\"urbi-tile-inner\">\n                <div class=\"tile-content padding-none\">\n\n\n\n<div  class='lhl-card urbi-component urbi-component front_view lhl_comp_width_inherit lhl_spacing_t_05 lhl_spacing_b_05 lhl_spacing_l_07 lhl_spacing_r_07 section-background-t  lhl_card  lhl_card_shadow_0 lhl_card_radius_0' ><div class=\"urbi-component-inner\">\n    <div class=\"acf-innerblocks-container\">\n\n<h4 class=\"wp-block-heading has-text-align-center\"><strong>Abastecimiento responsable de materiales,<br>alimentos y servicios:<\/strong><\/h4>\n\n\n\n<p class=\"has-text-align-center\">Cada producto, bien o servicio que se utiliza en el campus del Zool\u00f3gico de Denver tiene sus propios impactos sociales y ambientales. Nos esforzamos por trabajar con socios que tambi\u00e9n trabajan para mejorar su huella social y ambiental. Juntos podemos apoyar la biodiversidad, sabiendo que comienza con nosotros votando con nuestros d\u00f3lares de compra para el mundo que queremos ver.<\/p>\n\n<\/div>\n<\/div>\n<\/div>\n<\/div>\n    <\/div>\n    <\/div><\/div>\n\n\n\n<div>\n\n        <div  class='urbi\/tile urbi-card urbi-card--tile urbi-card--shadow-3' >\n    <div class=\"urbi-tile-inner\">\n                <div class=\"tile-content padding-none\">\n\n\n\n<div  class='lhl-card urbi-component urbi-component front_view lhl_comp_width_inherit lhl_spacing_t_05 lhl_spacing_b_05 lhl_spacing_l_07 lhl_spacing_r_07 section-background-t  lhl_card  lhl_card_shadow_0 lhl_card_radius_0' ><div class=\"urbi-component-inner\">\n    <div class=\"acf-innerblocks-container\">\n\n<h4 class=\"wp-block-heading has-text-align-center\"><strong>Desv\u00edo de residuos y promoci\u00f3n de una econom\u00eda circular:<\/strong><\/h4>\n\n\n\n<p class=\"has-text-align-center\">La combinaci\u00f3n de nuestras operaciones y nuestros animales produce MUCHO desperdicio aqu\u00ed en el campus. La mayor\u00eda de esos desechos se pueden reciclar, convertir en abono, donar, reutilizar o reutilizar en lugar de enviarlos a un vertedero. Estamos comprometidos a reducir los residuos en vertederos siempre que sea posible, al mismo tiempo que apoyamos una econom\u00eda m\u00e1s circular.<\/p>\n\n<\/div>\n<\/div>\n<\/div>\n<\/div>\n    <\/div>\n    <\/div><\/div>\n\n\n<\/div>\n<\/div>\n<\/div>\n\n<\/div>\n<\/div>\n\n\n\n\n<div  class='lhl-section urbi-component urbi-component front_view lhl_comp_width_inherit lhl_spacing_t_09 lhl_spacing_b_09 lhl_spacing_l_00 lhl_spacing_r_00 section-background-t urbi-component-bg--light-gray' ><div class=\"urbi-component-inner\">\n    <div class=\"is-layout-constrained\">\n\n<h2 class=\"wp-block-heading has-text-align-center\">DZCA lidera la colaboraci\u00f3n comunitaria en los est\u00e1ndares de se\u00f1alizaci\u00f3n de residuos<\/h2>\n\n\n\n<p class=\"has-text-align-center\">La Alianza para la Conservaci\u00f3n del Zool\u00f3gico de Denver ha reunido a 12 organizaciones de Denver para desarrollar Est\u00e1ndares Universales de Etiquetado para la Se\u00f1alizaci\u00f3n de Residuos, creando un lenguaje com\u00fan para la eliminaci\u00f3n de residuos en los principales recintos e instituciones p\u00fablicas. Esta iniciativa colaborativa aborda la confusi\u00f3n causada por el etiquetado inconsistente de residuos, que genera flujos de residuos contaminados y frustra a los visitantes. El sistema estandarizado utiliza terminolog\u00eda uniforme, s\u00edmbolos universales y elementos de dise\u00f1o flexibles que pueden ser implementados por organizaciones de todo el mundo para mejorar la clasificaci\u00f3n de residuos y apoyar los objetivos de sostenibilidad. Acceda a la gu\u00eda y a los documentos descargables aqu\u00ed:<\/p>\n\n\n\n\n\n<div  class='lhl-card urbi-component urbi-component front_view lhl_comp_width_inherit lhl_spacing_t_07 lhl_spacing_b_07 lhl_spacing_l_07 lhl_spacing_r_07 section-background-t urbi-component-bg--white  lhl_card  lhl_card_shadow_3 lhl_card_radius_0' ><div class=\"urbi-component-inner\">\n    <div class=\"acf-innerblocks-container\">\n\n<div class=\"wp-block-columns is-layout-flex wp-container-core-columns-is-layout-28f84493 wp-block-columns-is-layout-flex\">\n<div class=\"wp-block-column is-layout-flow wp-block-column-is-layout-flow\">\n<figure class=\"wp-block-image size-large_card\"><img loading=\"lazy\" decoding=\"async\" width=\"610\" height=\"360\" src=\"https:\/\/denverzoo.org\/wp-content\/uploads\/2025\/06\/25-SustainabilityWebsite_Tiles_768x456_V1.0_JH_06-02-25_PDF-610x360.jpg\" alt=\"\" class=\"wp-image-42001\" srcset=\"https:\/\/denverzoo.org\/wp-content\/uploads\/2025\/06\/25-SustainabilityWebsite_Tiles_768x456_V1.0_JH_06-02-25_PDF-610x360.jpg 610w, https:\/\/denverzoo.org\/wp-content\/uploads\/2025\/06\/25-SustainabilityWebsite_Tiles_768x456_V1.0_JH_06-02-25_PDF-220x131.jpg 220w, https:\/\/denverzoo.org\/wp-content\/uploads\/2025\/06\/25-SustainabilityWebsite_Tiles_768x456_V1.0_JH_06-02-25_PDF-50x30.jpg 50w, https:\/\/denverzoo.org\/wp-content\/uploads\/2025\/06\/25-SustainabilityWebsite_Tiles_768x456_V1.0_JH_06-02-25_PDF-18x12.jpg 18w\" sizes=\"auto, (max-width: 610px) 100vw, 610px\" \/><\/figure>\n<\/div>\n\n\n\n<div class=\"wp-block-column is-vertically-aligned-center is-layout-flow wp-block-column-is-layout-flow\">\n<h3 class=\"wp-block-heading\">Gu\u00eda de est\u00e1ndares universales de etiquetado (PDF)<\/h3>\n\n\n\n<p>Esta gu\u00eda en PDF, de f\u00e1cil consulta, describe los Est\u00e1ndares Universales de Etiquetado para la Se\u00f1alizaci\u00f3n de Residuos, desarrollados por la DZCA y sus socios. Es ideal para comprender el porqu\u00e9 y el c\u00f3mo del sistema, con im\u00e1genes, terminolog\u00eda y consejos pr\u00e1cticos. Adem\u00e1s, incluye enlaces para descargar todos los archivos de apoyo y recursos de dise\u00f1o.<\/p>\n\n\n    \r\n    \r\n    <div class='urbi_button_link'><a class=\"urbi-link lhl_button lhl_button--small lhl_button_color_default lhl_button_width_default lhl_button--block\" href=\"https:\/\/denverzoo.org\/wp-content\/uploads\/2025\/06\/06.2025-Universal-Waste-Label-Guide.pdf\" target=\"_blank\" rel=\"noopener noreferrer\" >Descargar PDF<\/a><\/div><\/div>\n<\/div>\n\n<\/div>\n<\/div>\n<\/div>\n<\/div>\n\n<\/div>\n<\/div>\n\n\n\n\n<div  class='lhl-section urbi-component urbi-component front_view lhl_spacing_t_09 lhl_spacing_b_09 lhl_spacing_l_00 lhl_spacing_r_00 section-background-t urbi-component-bg--navy-blue' ><div class=\"urbi-component-inner\">\n    <div class=\"is-layout-constrained\">\n\r\n\r\n<div  class='lhl-text-and-image urbi-component urbi-component front_view lhl_spacing_t_00 lhl_spacing_b_00 lhl_spacing_l_00 lhl_spacing_r_00 section-background-t' >\r\n<div class=\"urbi-component-inner\">\r\n\r\n    <div class=\"text_and_image_comp_inner lhl_grid_default lhl_grid uk-grid-match\" uk-grid>\r\n\r\n                <div class=\"lhl_grid_col lhl-text-and-image__col-img lhl_width_1_2@m\">\r\n\r\n            \r\n                \r\n                                    <div class=\"default-image-container\">\r\n                                                    <img decoding=\"async\" width=\"610\" height=\"380\" src=\"https:\/\/denverzoo.org\/wp-content\/uploads\/2024\/07\/WaterStewardship_Thumb-610x380.jpg\" class=\"urbi-img img-class\" alt=\"\" loading=\"lazy\" srcset=\"https:\/\/denverzoo.org\/wp-content\/uploads\/2024\/07\/WaterStewardship_Thumb-610x380.jpg 610w, https:\/\/denverzoo.org\/wp-content\/uploads\/2024\/07\/WaterStewardship_Thumb-18x12.jpg 18w\" sizes=\"auto, (max-width: 610px) 100vw, 610px\" \/>                                            <\/div>\r\n                \r\n                \r\n            \r\n            \r\n                    <\/div>\r\n\r\n                <div class=\"lhl_grid_col lhl-text-and-image__col-text lhl_width_1_2@m\">\r\n            <div class=\"lhl-text-and-image__col-text-inner lhl_spacing_03\" style=\"\">\r\n                <div class=\"acf-innerblocks-container\">\n\n<h4 class=\"wp-block-heading\"><br><strong>Gesti\u00f3n y conservaci\u00f3n del agua:<\/strong><\/h4>\n\n\n\n<p>El agua es la vena de la vida de los animales, las plantas, el medio ambiente, las sociedades y la econom\u00eda. El agua potable que est\u00e1 disponible para todos est\u00e1 demostrando ser un problema urgente a escala mundial. Estamos dedicados a mantener los contaminantes da\u00f1inos fuera del sistema de aguas pluviales y reducir el uso de agua potable para apoyar un futuro de agua limpia para todos.<\/p>\n\n<\/div>\r\n            <\/div>\r\n        <\/div>\r\n    <\/div>\r\n<\/div>\r\n<\/div>\n<\/div>\n\n<\/div>\n<\/div>\n\n\n\n\n<div  class='lhl-section urbi-component urbi-component front_view lhl_spacing_t_10 lhl_spacing_b_09 lhl_spacing_l_00 lhl_spacing_r_00 section-background-t urbi-component-bg--white  bg-pattern-option3' ><div class=\"urbi-component-inner\">\n    <div class=\"is-layout-constrained\">\n\n<p><\/p>\n\n\n\n\n\n<div  class='urbi\/tiles urbi-component urbi-component front_view' >\n<div class=\"uk-child-width-1-2@s uk-grid-match\" uk-grid>\n    \n\n\n<div>\n\n        <div  class='urbi\/tile urbi-card urbi-card--tile urbi-card--shadow-3' >\n    <div class=\"urbi-tile-inner\">\n                <div class=\"tile-content padding-none\">\n\n\n\n<div  class='lhl-card urbi-component urbi-component front_view lhl_comp_width_inherit lhl_spacing_t_05 lhl_spacing_b_05 lhl_spacing_l_07 lhl_spacing_r_07 section-background-t  lhl_card  lhl_card_shadow_0 lhl_card_radius_0' ><div class=\"urbi-component-inner\">\n    <div class=\"acf-innerblocks-container\">\n\n<h4 class=\"wp-block-heading has-text-align-center\"><strong>Reducci\u00f3n del uso de combustibles f\u00f3siles mediante la mejora de la movilidad, la eficiencia energ\u00e9tica y el apoyo a las fuentes de energ\u00eda renovables:<\/strong><\/h4>\n\n\n\n<p class=\"has-text-align-center\">Cada producto, bien o servicio que se utiliza en el campus del Zool\u00f3gico de Denver tiene sus propios impactos sociales y ambientales. Nos esforzamos por trabajar con socios que tambi\u00e9n trabajan para mejorar su huella social y ambiental. Juntos podemos apoyar la biodiversidad, sabiendo que comienza con nosotros votando con nuestros d\u00f3lares de compra para el mundo que queremos ver.<\/p>\n\n\n\n<p class=\"has-text-align-center\">La energ\u00eda ha transformado la vida humana, nos ha conectado de maneras inimaginables y ha permitido que el mundo sea visto bajo una luz diferente. Desafortunadamente, la producci\u00f3n tradicional de energ\u00eda a partir de combustibles f\u00f3siles y algunas otras pr\u00e1cticas industriales modernas est\u00e1n provocando un clima que cambia r\u00e1pidamente y una biodiversidad reducida.<\/p>\n\n<\/div>\n<\/div>\n<\/div>\n<\/div>\n    <\/div>\n    <\/div><\/div>\n\n\n\n<div>\n\n        <div  class='urbi\/tile urbi-card urbi-card--tile urbi-card--shadow-3' >\n    <div class=\"urbi-tile-inner\">\n                <div class=\"tile-content padding-none\">\n\n\n\n<div  class='lhl-card urbi-component urbi-component front_view lhl_comp_width_inherit lhl_spacing_t_05 lhl_spacing_b_05 lhl_spacing_l_07 lhl_spacing_r_07 section-background-t  lhl_card  lhl_card_shadow_0 lhl_card_radius_0' ><div class=\"urbi-component-inner\">\n    <div class=\"acf-innerblocks-container\">\n\n<h4 class=\"wp-block-heading has-text-align-center\"><strong>Crecimiento econ\u00f3mico que respalda impactos sociales y ambientales positivos:<\/strong><\/h4>\n\n\n\n<p class=\"has-text-align-center\">Una econom\u00eda y sistemas financieros s\u00f3lidos tambi\u00e9n respaldan un zool\u00f3gico de Denver s\u00f3lido. Reconocemos los impactos potenciales de las decisiones financieras y estamos dedicados a comprender mejor las externalidades asociadas con nuestras compras, asociaciones e inversiones para permitir actividades que se ajusten a nuestra misi\u00f3n.<\/p>\n\n<\/div>\n<\/div>\n<\/div>\n<\/div>\n    <\/div>\n    <\/div><\/div>\n\n\n<\/div>\n<\/div>\n<\/div>\n\n<\/div>\n<\/div>\n\n\n\n\n<div  class='lhl-section urbi-component urbi-component front_view lhl_spacing_t_09 lhl_spacing_b_09 lhl_spacing_l_00 lhl_spacing_r_00 section-background-t urbi-component-bg--navy-blue' ><div class=\"urbi-component-inner\">\n    <div class=\"is-layout-constrained\">\n\r\n\r\n<div  class='lhl-text-and-image urbi-component urbi-component front_view lhl_spacing_t_00 lhl_spacing_b_00 lhl_spacing_l_00 lhl_spacing_r_00 section-background-t' >\r\n<div class=\"urbi-component-inner\">\r\n\r\n    <div class=\"text_and_image_comp_inner lhl_grid_default lhl_grid uk-grid-match\" uk-grid>\r\n\r\n                <div class=\"lhl_grid_col lhl-text-and-image__col-img lhl_width_1_2@m\">\r\n\r\n            \r\n                \r\n                                    <div class=\"default-image-container\">\r\n                                                    <img decoding=\"async\" width=\"610\" height=\"380\" src=\"https:\/\/denverzoo.org\/wp-content\/uploads\/2024\/07\/SocialLeadership_Thumb-610x380.jpg\" class=\"urbi-img img-class\" alt=\"\" loading=\"lazy\" srcset=\"https:\/\/denverzoo.org\/wp-content\/uploads\/2024\/07\/SocialLeadership_Thumb-610x380.jpg 610w, https:\/\/denverzoo.org\/wp-content\/uploads\/2024\/07\/SocialLeadership_Thumb-18x12.jpg 18w\" sizes=\"auto, (max-width: 610px) 100vw, 610px\" \/>                                            <\/div>\r\n                \r\n                \r\n            \r\n            \r\n                    <\/div>\r\n\r\n                <div class=\"lhl_grid_col lhl-text-and-image__col-text lhl_width_1_2@m\">\r\n            <div class=\"lhl-text-and-image__col-text-inner lhl_spacing_03\" style=\"\">\r\n                <div class=\"acf-innerblocks-container\">\n\n<h4 class=\"wp-block-heading\"><strong>Liderazgo social dentro del zool\u00f3gico y comunidades aleda\u00f1as:<\/strong><\/h4>\n\n\n\n<p>Nos enorgullecemos de la inclusi\u00f3n, la diversidad y la justicia. Trabajaremos para garantizar un entorno equitativo en el campus del zool\u00f3gico de Denver y esperamos extender nuestro trabajo a nuestras comunidades. Esperamos seguir siendo el Zoo donde todos son bienvenidos.<\/p>\n\n<\/div>\r\n            <\/div>\r\n        <\/div>\r\n    <\/div>\r\n<\/div>\r\n<\/div>\n<\/div>\n\n<\/div>\n<\/div>\n\n\n\n\n<div  class='lhl-section urbi-component urbi-component front_view lhl_spacing_t_10 lhl_spacing_b_09 lhl_spacing_l_00 lhl_spacing_r_00 section-background-t urbi-component-bg--white  bg-pattern-option3' ><div class=\"urbi-component-inner\">\n    <div class=\"is-layout-constrained\">\n\n<p><\/p>\n\n\n\n\n\n<div  class='urbi\/tiles urbi-component urbi-component front_view' >\n<div class=\"uk-child-width-1-2@s uk-grid-match\" uk-grid>\n    \n\n\n<div>\n\n        <div  class='urbi\/tile urbi-card urbi-card--tile urbi-card--shadow-3' >\n    <div class=\"urbi-tile-inner\">\n                <div class=\"tile-content padding-none\">\n\n\n\n<div  class='lhl-card urbi-component urbi-component front_view lhl_comp_width_inherit lhl_spacing_t_05 lhl_spacing_b_05 lhl_spacing_l_07 lhl_spacing_r_07 section-background-t  lhl_card  lhl_card_shadow_0 lhl_card_radius_0' ><div class=\"urbi-component-inner\">\n    <div class=\"acf-innerblocks-container\">\n\n<h4 class=\"wp-block-heading has-text-align-center\"><strong>Dise\u00f1o de resiliencia para promover entornos pr\u00f3speros en un clima cambiante:<\/strong><\/h4>\n\n\n\n<p class=\"has-text-align-center\">Consideramos cuidadosamente las posibles perturbaciones sociales y ambientales para el bienestar de nuestros animales, empleados, edificios y comunidades, y dise\u00f1amos en consecuencia para mitigar y poder reaccionar ante tales situaciones. Nuestro objetivo es compartir nuestros aprendizajes con otros con la esperanza de construir un futuro m\u00e1s resiliente para todos, independientemente de las condiciones ambientales cambiantes.<\/p>\n\n<\/div>\n<\/div>\n<\/div>\n<\/div>\n    <\/div>\n    <\/div><\/div>\n\n\n\n<div>\n\n        <div  class='urbi\/tile urbi-card urbi-card--tile urbi-card--shadow-3' >\n    <div class=\"urbi-tile-inner\">\n                <div class=\"tile-content padding-none\">\n\n\n\n<div  class='lhl-card urbi-component urbi-component front_view lhl_comp_width_inherit lhl_spacing_t_05 lhl_spacing_b_05 lhl_spacing_l_07 lhl_spacing_r_07 section-background-t  lhl_card  lhl_card_shadow_0 lhl_card_radius_0' ><div class=\"urbi-component-inner\">\n    <div class=\"acf-innerblocks-container\">\n\n<h4 class=\"wp-block-heading has-text-align-center\"><strong>Integrar los valores de los ecosistemas y la biodiversidad en los procesos de planificaci\u00f3n y desarrollo:<\/strong><\/h4>\n\n\n\n<p class=\"has-text-align-center\">Planeamos activar nuestro campus como un laboratorio viviente y un modelo para la protecci\u00f3n de la biodiversidad a trav\u00e9s de la integraci\u00f3n de nuestros entornos construidos y administrados con el ecosistema natural a trav\u00e9s de enfoques de dise\u00f1o pasivo y procesos regenerativos que restauran, renuevan o revitalizan nuestra ecolog\u00eda urbana.<\/p>\n\n<\/div>\n<\/div>\n<\/div>\n<\/div>\n    <\/div>\n    <\/div><\/div>\n\n\n<\/div>\n<\/div>\n<\/div>\n\n<\/div>\n<\/div>\n\n\n\n\n<div  class='lhl-section urbi-component urbi-component front_view lhl_comp_width_inherit lhl_spacing_t_09 lhl_spacing_b_09 lhl_spacing_l_00 lhl_spacing_r_00 section-background-t' ><div class=\"urbi-component-inner\">\n    <div class=\"is-layout-constrained\">\n    \r\n    \r\n    <span class='urbi_button_link'><a class=\"urbi-link lhl_button lhl_button--small lhl_button_color_ctalink lhl_button_width_default lhl_button--inline\" href=\"\/es\/sustainability-policy\/\" target=\"\" rel=\"noopener noreferrer\" >Pol\u00edtica de sustentabilidad<\/a><\/span>\n\n    \r\n    \r\n    <span class='urbi_button_link'><a class=\"urbi-link lhl_button lhl_button--small lhl_button_color_ctalink lhl_button_width_default lhl_button--inline\" href=\"\/es\/safety-policy\/\" target=\"\" rel=\"noopener noreferrer\" >La pol\u00edtica de seguridad<\/a><\/span>\n<\/div>\n\n<\/div>\n<\/div>","protected":false},"excerpt":{"rendered":"","protected":false},"author":40,"featured_media":0,"parent":0,"menu_order":0,"comment_status":"closed","ping_status":"closed","template":"","meta":{"_acf_changed":false,"_relevanssi_hide_post":"","_relevanssi_hide_content":"","_relevanssi_pin_for_all":"","_relevanssi_pin_keywords":"","_relevanssi_unpin_keywords":"","_relevanssi_related_keywords":"","_relevanssi_related_include_ids":"","_relevanssi_related_exclude_ids":"","_relevanssi_related_no_append":"","_relevanssi_related_not_related":"","_relevanssi_related_posts":"116,121,123,538,1202,1775","_relevanssi_noindex_reason":"","footnotes":""},"class_list":["post-5238","page","type-page","status-publish","hentry"],"acf":[],"_links":{"self":[{"href":"https:\/\/denverzoo.org\/es\/wp-json\/wp\/v2\/pages\/5238","targetHints":{"allow":["GET"]}}],"collection":[{"href":"https:\/\/denverzoo.org\/es\/wp-json\/wp\/v2\/pages"}],"about":[{"href":"https:\/\/denverzoo.org\/es\/wp-json\/wp\/v2\/types\/page"}],"author":[{"embeddable":true,"href":"https:\/\/denverzoo.org\/es\/wp-json\/wp\/v2\/users\/40"}],"replies":[{"embeddable":true,"href":"https:\/\/denverzoo.org\/es\/wp-json\/wp\/v2\/comments?post=5238"}],"version-history":[{"count":0,"href":"https:\/\/denverzoo.org\/es\/wp-json\/wp\/v2\/pages\/5238\/revisions"}],"wp:attachment":[{"href":"https:\/\/denverzoo.org\/es\/wp-json\/wp\/v2\/media?parent=5238"}],"curies":[{"name":"gracias","href":"https:\/\/api.w.org\/{rel}","templated":true}]}}