{"id":55,"date":"2018-06-22T13:02:45","date_gmt":"2018-06-22T13:02:45","guid":{"rendered":"http:\/\/localhost:2018\/denverzoo\/?page_id=3"},"modified":"2023-06-29T11:00:38","modified_gmt":"2023-06-29T17:00:38","slug":"privacypolicy","status":"publish","type":"page","link":"https:\/\/denverzoo.org\/es\/privacypolicy\/","title":{"rendered":"Pol\u00edtica de privacidad"},"content":{"rendered":"<h3>\n\t\tOtros recursos\n\t<\/h3>\n\t<p><a href=\"\/es\/dronepolicy\/\">Pol\u00edtica de drones<\/a><\/p>\n<p><a href=\"\/es\/rules-regulations\/\">Normas y regulaciones<\/a><\/p>\n<p><a href=\"\/es\/serviceanimals\/\">Pol\u00edtica de animales de servicio<\/a><\/p>\n<p><a href=\"\/es\/terms-conditions\/\">T\u00e9rminos y condiciones<\/a><\/p>\n<p><a href=\"\/es\/weaponspolicy\/\">Pol\u00edtica de armas del Denver Zoo<\/a><\/p>\n<p><a href=\"\/es\/registration-petition-protestor-policy\/\">Pol\u00edtica de registro, petici\u00f3n y protestante<\/a><\/p>\n<p><a href=\"\/es\/photopolicy\/\">Pol\u00edtica de imagen del consumidor y conciencia de los hu\u00e9spedes<\/a><\/p>\n<h1>\n\t\tPol\u00edtica de privacidad\n\t<\/h1>\n\t<h4>\u00daltima actualizaci\u00f3n: 21 de junio de 2023 14:57<\/h4>\n<p>Valoramos mucho su privacidad. Lea atentamente esta Pol\u00edtica de privacidad antes de utilizar el sitio web denverzoo.org (el &quot;sitio web&quot;) operado por Denver Zoological Foundation, una organizaci\u00f3n sin fines de lucro formada en Colorado, Estados Unidos (&quot;nosotros&quot;, &quot;nuestro&quot; ) ya que esta Pol\u00edtica de privacidad contiene informaci\u00f3n importante sobre su privacidad y c\u00f3mo podemos usar la informaci\u00f3n que recopilamos sobre usted.<\/p>\n<p>Su acceso y uso del sitio web est\u00e1 condicionado a su aceptaci\u00f3n y cumplimiento de esta Pol\u00edtica de privacidad. Esta Pol\u00edtica de privacidad se aplica a todos, incluidos, entre otros: visitantes, usuarios y otras personas que deseen acceder o utilizar el sitio web.<\/p>\n<p>Al acceder o utilizar el sitio web, usted acepta estar sujeto a esta Pol\u00edtica de privacidad. Si no est\u00e1 de acuerdo con alguna parte de la Pol\u00edtica de privacidad, entonces no tiene nuestro permiso para acceder o utilizar el sitio web.<\/p>\n<h3>Qu\u00e9 informaci\u00f3n recopilamos<\/h3>\n<p>Recopilamos toda la informaci\u00f3n que ingresa en este sitio web. Recopilamos la siguiente informaci\u00f3n sobre usted:<\/p>\n<h2>\n\t\tCategor\u00eda de informaci\u00f3n \n\t<\/h2>\n\t<p>Informaci\u00f3n identificativa<\/p>\n<h2>\n\t\tInformaci\u00f3n espec\u00edfica \n\t<\/h2>\n\t<p>Nombre<\/p>\n<h2>\n\t\tC\u00f3mo usamos esta informaci\u00f3n \n\t<\/h2>\n\t<ul>\n<li>Procesar o cumplir pedidos o transacciones;<\/li>\n<li>Procesamiento de pagos;<\/li>\n<li>Proporcionar servicio al cliente.<\/li>\n<\/ul>\n\t<p>Informaci\u00f3n identificativa<\/p>\n\t<p>Direcci\u00f3n postal \/ de env\u00edo<\/p>\n\t<ul>\n<li>Marketing y publicidad;<\/li>\n<li>Servicios de interpretaci\u00f3n;<\/li>\n<li>Procesar o cumplir pedidos o transacciones;<\/li>\n<li>Procesamiento de pagos;<\/li>\n<li>Prestaci\u00f3n de servicios de atenci\u00f3n al cliente;<\/li>\n<li>Verificaci\u00f3n de la informaci\u00f3n del cliente.<\/li>\n<\/ul>\n\t<p>Informaci\u00f3n identificativa<\/p>\n\t<p>N\u00famero de tel\u00e9fono <\/p>\n\t<ul>\n<li>Procesar o cumplir pedidos o transacciones;<\/li>\n<li>Procesamiento de pagos;<\/li>\n<li>Proporcionar servicio al cliente.<\/li>\n<\/ul>\n\t<p>Informaci\u00f3n identificativa<\/p>\n\t<p>Direcci\u00f3n de Envio <\/p>\n\t<ul>\n<li>Procesar o cumplir pedidos o transacciones;<\/li>\n<li>Procesamiento de pagos;<\/li>\n<li>Proporcionar servicio al cliente.<\/li>\n<\/ul>\n\t<p>Informaci\u00f3n identificativa<\/p>\n\t<p>direcci\u00f3n IP <\/p>\n\t<ul>\n<li>Procesar o cumplir pedidos o transacciones;<\/li>\n<li>Procesamiento de pagos;<\/li>\n<li>Proporcionar servicio al cliente.<\/li>\n<\/ul>\n\t<p>Informaci\u00f3n identificativa<\/p>\n\t<p>Direcci\u00f3n de correo electr\u00f3nico <\/p>\n\t<ul>\n<li>Procesar o cumplir pedidos o transacciones;<\/li>\n<li>Procesamiento de pagos;<\/li>\n<li>Proporcionar servicio al cliente.<\/li>\n<\/ul>\n\t<h4>Tenga en cuenta que no utilizamos su informaci\u00f3n personal con fines de publicidad dirigida, ni para la elaboraci\u00f3n de perfiles. Consulte la secci\u00f3n &quot;Sus derechos&quot; a continuaci\u00f3n para obtener m\u00e1s informaci\u00f3n sobre el ejercicio de sus derechos de privacidad relacionados con la elaboraci\u00f3n de perfiles y la publicidad dirigida.<\/h4>\n\t<h3>Con qui\u00e9n compartimos su informaci\u00f3n personal<\/h3>\n<p>No compartimos su informaci\u00f3n personal con terceros.<\/p>\n<h3>Venta de tu informaci\u00f3n<\/h3>\n<p>Nosotros no vendemos su informaci\u00f3n personal. Consulte la secci\u00f3n &quot;Sus derechos&quot; a continuaci\u00f3n para obtener m\u00e1s informaci\u00f3n sobre c\u00f3mo ejercer sus derechos de privacidad con respecto a las ventas de su informaci\u00f3n personal.<\/p>\n<h3>Galletas<\/h3>\n<p>Una cookie es una peque\u00f1a pieza de datos enviada desde un sitio web y almacenada en su dispositivo por su navegador. Este sitio web recopila cookies y puede usar cookies por razones que incluyen, entre otras, las siguientes:<\/p>\n<ul>\n<li>Analizar el tr\u00e1fico de nuestro sitio web;<\/li>\n<li>Analizar sus interacciones con los anuncios;<\/li>\n<li>Identificar si ha iniciado sesi\u00f3n en el sitio web;<\/li>\n<li>Probar contenido en el sitio web;<\/li>\n<li>Almacenar informaci\u00f3n sobre sus preferencias;<\/li>\n<li>Reconocer cuando regresa al sitio web.<\/li>\n<\/ul>\n<p>La mayor\u00eda de los navegadores web aceptan autom\u00e1ticamente las cookies. Sin embargo, puede modificar la configuraci\u00f3n de su navegador para rechazar las cookies, si lo prefiere. Esta configuraci\u00f3n puede impedirle aprovechar al m\u00e1ximo el sitio web.<\/p>\n<h3>privacidad de los ni\u00f1os<\/h3>\n<p>Este sitio web est\u00e1 destinado a ser utilizado por una audiencia general y no ofrece servicios para ni\u00f1os. Si un ni\u00f1o que sabemos que es menor de 18 a\u00f1os nos env\u00eda informaci\u00f3n personal, utilizaremos esa informaci\u00f3n solo para responder a ese ni\u00f1o para informarle que no puede usar este sitio web.<\/p>\n<h3>Programas de an\u00e1lisis<\/h3>\n<p>Este sitio web utiliza Google Analytics para recopilar informaci\u00f3n sobre usted y sus comportamientos. Si desea excluirse de Google Analytics, visite<a href=\"https:\/\/tools.google.com\/dlpage\/gaoptout\/\" target=\"_blank\" rel=\"noopener\">https:\/\/tools.google.com\/dlpage\/gaoptout\/<\/a>.<\/p>\n<h3>Tus derechos<\/h3>\n<p>Todos los visitantes y usuarios de este sitio web tienen los siguientes derechos con respecto a su informaci\u00f3n personal:<\/p>\n<ol>\n<li>El derecho a optar por el uso de su informaci\u00f3n personal para fines de publicidad dirigida;<\/li>\n<li>El derecho a decir no a la venta de su informaci\u00f3n personal;<\/li>\n<li>El derecho a excluirse del uso de su informaci\u00f3n personal con el fin de elaborar perfiles en cumplimiento de decisiones que produzcan efectos legales o de importancia similar sobre usted;<\/li>\n<li>El derecho a acceder a la informaci\u00f3n personal que hemos recopilado sobre usted;<\/li>\n<li>El derecho a solicitar que eliminemos toda o parte de la informaci\u00f3n que hemos recopilado sobre usted;<\/li>\n<li>El derecho a solicitar que modifiquemos cualquier informaci\u00f3n que hayamos recopilado sobre usted;<\/li>\n<li>El derecho a igual servicio y precio, incluso si ejerce sus derechos de privacidad;<\/li>\n<li>El derecho a solicitar su informaci\u00f3n personal en un formato port\u00e1til y, en la medida de lo posible, f\u00e1cilmente utilizable que le permita transmitir esa informaci\u00f3n a otra entidad.<\/li>\n<\/ol>\n<h3>Ejercicio de sus derechos<\/h3>\n<p>Puede ejercer los derechos especificados anteriormente enviando una solicitud de consumidor a:<\/p>\nCentro de Atenci\u00f3n al Hu\u00e9sped del Zool\u00f3gico de Denver<br \/>\nguestcare@denverzoo.org\n<p>Tendremos que verificar su identidad antes de efectuar su solicitud. Para verificar su identidad, deber\u00e1 proporcionarnos la siguiente informaci\u00f3n con su solicitud:<\/p>\n<ul>\n<li>Nombre;<\/li>\n<li>Direcci\u00f3n postal\/de env\u00edo;<\/li>\n<li>Direcci\u00f3n de correo electr\u00f3nico.<\/li>\n<\/ul>\n<p>Tambi\u00e9n puede designar a un agente autorizado para que ejerza sus derechos en su nombre. Puede designar un agente a trav\u00e9s de cualquiera de las formas utilizadas para enviar solicitudes en su nombre. Le pediremos al agente que verifique que \u00e9l o ella tiene la autoridad para enviar solicitudes en su nombre. Lo haremos solicitando al agente que env\u00ede la siguiente informaci\u00f3n:<\/p>\n<ul>\n<li>La identificaci\u00f3n v\u00e1lida emitida por el gobierno del solicitante.<\/li>\n<\/ul>\n<p>Tenga en cuenta que es posible que no podamos procesar su solicitud si su agente designado y\/o usted no nos proporciona la informaci\u00f3n anterior.<\/p>\n<p>Responderemos a la mayor\u00eda de las solicitudes de los consumidores dentro de los 45 d\u00edas posteriores a la recepci\u00f3n. Sin embargo, algunas solicitudes pueden tardar m\u00e1s. Le notificaremos por escrito si necesitamos m\u00e1s tiempo para responder (hasta 90 d\u00edas en total). Tenemos la capacidad de denegar su(s) solicitud(es) si se aplican ciertas excepciones en la ley. Si denegamos su solicitud, le proporcionaremos los motivos de dicha denegaci\u00f3n.<\/p>\n<p>Tiene derecho a apelar una negativa a tomar medidas sobre una solicitud de derechos. Puede presentarnos una apelaci\u00f3n en la informaci\u00f3n de contacto proporcionada anteriormente. Responderemos a la mayor\u00eda de las solicitudes de apelaci\u00f3n dentro de los 45 d\u00edas posteriores a la recepci\u00f3n. Sin embargo, algunas solicitudes pueden tardar m\u00e1s. Le notificaremos por escrito si necesitamos m\u00e1s tiempo para responder (hasta 90 d\u00edas en total). En nuestra respuesta a su apelaci\u00f3n, le informaremos de cualquier acci\u00f3n tomada o no tomada y la(s) raz\u00f3n(es) de por qu\u00e9. Normalmente, no cobramos una tarifa para procesar o responder a las solicitudes de los consumidores. Sin embargo, podemos cobrar una tarifa por una segunda o subsiguiente solicitud dentro de un per\u00edodo de 12 meses.<\/p>\n<h3>Preguntas<\/h3>\n<p>Si tiene alguna pregunta sobre esta Pol\u00edtica de privacidad, cont\u00e1ctenos en <a href=\"mailto:guestcare@denverzoo.org\" target=\"_blank\" rel=\"noopener\">guestcare@denverzoo.org<\/a>.<\/p>","protected":false},"excerpt":{"rendered":"","protected":false},"author":40,"featured_media":0,"parent":0,"menu_order":0,"comment_status":"closed","ping_status":"open","template":"","meta":{"_acf_changed":false,"_relevanssi_hide_post":"","_relevanssi_hide_content":"","_relevanssi_pin_for_all":"","_relevanssi_pin_keywords":"","_relevanssi_unpin_keywords":"","_relevanssi_related_keywords":"","_relevanssi_related_include_ids":"","_relevanssi_related_exclude_ids":"","_relevanssi_related_no_append":"","_relevanssi_related_not_related":"","_relevanssi_related_posts":"","_relevanssi_noindex_reason":"","footnotes":""},"class_list":["post-55","page","type-page","status-publish","hentry"],"acf":[],"_links":{"self":[{"href":"https:\/\/denverzoo.org\/es\/wp-json\/wp\/v2\/pages\/55","targetHints":{"allow":["GET"]}}],"collection":[{"href":"https:\/\/denverzoo.org\/es\/wp-json\/wp\/v2\/pages"}],"about":[{"href":"https:\/\/denverzoo.org\/es\/wp-json\/wp\/v2\/types\/page"}],"author":[{"embeddable":true,"href":"https:\/\/denverzoo.org\/es\/wp-json\/wp\/v2\/users\/40"}],"replies":[{"embeddable":true,"href":"https:\/\/denverzoo.org\/es\/wp-json\/wp\/v2\/comments?post=55"}],"version-history":[{"count":0,"href":"https:\/\/denverzoo.org\/es\/wp-json\/wp\/v2\/pages\/55\/revisions"}],"wp:attachment":[{"href":"https:\/\/denverzoo.org\/es\/wp-json\/wp\/v2\/media?parent=55"}],"curies":[{"name":"gracias","href":"https:\/\/api.w.org\/{rel}","templated":true}]}}