{"id":5767,"date":"2018-10-02T17:35:52","date_gmt":"2018-10-02T17:35:52","guid":{"rendered":"https:\/\/denverzootemp.org\/faq-2\/"},"modified":"2022-05-31T10:33:10","modified_gmt":"2022-05-31T16:33:10","slug":"weaponspolicy","status":"publish","type":"page","link":"https:\/\/denverzoo.org\/es\/weaponspolicy\/","title":{"rendered":"Pol\u00edtica de armas del Denver Zoo"},"content":{"rendered":"<h3>\n\t\tOtros recursos\n\t<\/h3>\n\t\n\n\n\n\n\n\n<h1>\n\t\tPol\u00edtica de armas del Denver Zoo\n\t<\/h1>\n\t<h3>DECLARACI\u00d3N DE POL\u00cdTICA GENERAL<\/h3>\n<p>El zool\u00f3gico de Denver se compromete a proporcionar un entorno seguro para los hu\u00e9spedes, empleados, voluntarios, contratistas y proveedores, y los animales a su cuidado. El Zool\u00f3gico de Denver proh\u00edbe a cualquier persona usar, poseer, portar, exhibir o distribuir cualquier arma en, en o dentro del campus del Zool\u00f3gico de Denver (como se define en la Secci\u00f3n IV a continuaci\u00f3n), excepto que se indique lo contrario en esta pol\u00edtica.<\/p>\n<p>Cualquier instrumento o dispositivo que haya sido dise\u00f1ado para, o pueda usarse para, amenazar o causar da\u00f1o a otra persona, ya sea de manera ofensiva o defensiva, se considerar\u00e1 un arma. El t\u00e9rmino arma se define con m\u00e1s detalle en la Secci\u00f3n IV a continuaci\u00f3n.<\/p>\n<p>Las personas que infrinjan la pol\u00edtica de armas del Zool\u00f3gico de Denver se considerar\u00e1n intrusos y las fuerzas del orden las tratar\u00e1n en consecuencia, lo que incluye, entre otros, la expulsi\u00f3n y la prohibici\u00f3n del acceso al recinto del Zool\u00f3gico de Denver.<\/p>\n<h3>II. OBJETIVO<\/h3>\n<p>El prop\u00f3sito de esta pol\u00edtica es explicar claramente el compromiso del Zool\u00f3gico de Denver de mantener un entorno seguro y protegido. Esta pol\u00edtica es un paso proactivo hacia la reducci\u00f3n\/eliminaci\u00f3n de los riesgos asociados con el uso intencional o accidental de armas.<\/p>\n<h3>III. ALCANCE<\/h3>\n<p>Esta pol\u00edtica est\u00e1 en vigor para el campus del Zool\u00f3gico de Denver, como se define en la Secci\u00f3n IV a continuaci\u00f3n. Esta pol\u00edtica se aplica a todas las personas que en cualquier momento se encuentran en, dentro o dentro del campus del Zool\u00f3gico de Denver, incluidos los invitados, empleados, voluntarios, contratistas y proveedores. Sin limitaci\u00f3n de otras pol\u00edticas o t\u00e9rminos del contrato que puedan ser aplicables, todos los invitados, empleados, voluntarios, contratistas y proveedores deben cumplir con los t\u00e9rminos de esta pol\u00edtica.<\/p>\n<h3>IV. DEFINICIONES<\/h3>\n<p>una. &quot;<strong>campus del zool\u00f3gico de Denver\u201d<\/strong> Significar\u00e1 los Jardines Zool\u00f3gicos de Denver ubicados en 2300 Steele St, Denver, CO 80205. El Campus del Zool\u00f3gico de Denver incluye todos los edificios, exhibiciones, estructuras y locales al aire libre en, sobre o dentro de los Jardines Zool\u00f3gicos de Denver, y tambi\u00e9n incluye todas las instalaciones de estacionamiento y estructuras para los Jardines Zool\u00f3gicos de Denver.<\/p>\n<p>El campus del zool\u00f3gico de Denver es administrado y operado por Denver Zoological Foundation, Inc., una corporaci\u00f3n privada sin fines de lucro de Colorado, de conformidad con un acuerdo de cooperaci\u00f3n entre Denver Zoological Foundation, Inc. y la ciudad y el condado de Denver. El campus del Zool\u00f3gico de Denver est\u00e1 ubicado dentro de City Park, un parque designado bajo la Carta de la Ciudad de Denver, y que se administra y gestiona bajo los auspicios del Departamento de Parques y Recreaci\u00f3n de Denver y el Director Ejecutivo del Departamento de Parques y Recreaci\u00f3n de Denver.<\/p>\n<p>B. <b>&quot;Arma&quot; <\/b>o <b>&quot;arma&quot; <\/b>se define para incluir:<\/p>\n<p>I. Cualquier instrumento o dispositivo que dispare o entregue una bala, munici\u00f3n, perdig\u00f3n, flecha, dardo, bengala, carga el\u00e9ctrica u otro proyectil (incluidas, entre otras, armas de fuego), ya sea que est\u00e9n cargadas o descargadas, incluidos los dispositivos que funcionan con CO2 y cualquier munici\u00f3n.<\/p>\n<p>ii. Cualquier dispositivo explosivo, incluidos los fuegos artificiales.<\/p>\n<p>iii. Cualquier otro instrumento o dispositivo que haya sido dise\u00f1ado para, o pueda usarse para, amenazar o causar da\u00f1o a otra persona, ya sea de manera ofensiva o defensiva, para incluir cuchillos con una hoja de m\u00e1s de 4 pulgadas o productos qu\u00edmicos.<\/p>\n<p>C. <strong>&quot;Arma de fuego&quot;<\/strong> o <strong>&quot;arma de fuego&quot;<\/strong> se define como una pistola, pistola, rifle o escopeta y cualquier munici\u00f3n.<\/p>\n<h3>EXCEPCIONES<\/h3>\n<p>una. Esta pol\u00edtica no proh\u00edbe el uso, posesi\u00f3n, porte, exhibici\u00f3n o distribuci\u00f3n de armas de fuego u otras armas por:<\/p>\n<p>i. Agentes del orden p\u00fablico certificados (federales, estatales, del condado, municipales) que act\u00faen dentro del \u00e1mbito de su empleo.<\/p>\n<p>ii. Un miembro de las Fuerzas Armadas de los Estados Unidos y en servicio.<\/p>\n<p>iii. Una persona con licencia de la ciudad de Denver como guardia de seguridad con un endoso de armas de fuego y actuando en el desempe\u00f1o de sus funciones.<\/p>\n<p>IV. Un individuo que transporta el arma mientras viaja dentro de un autom\u00f3vil privado u otro medio de transporte privado con el prop\u00f3sito de cazar o la protecci\u00f3n legal de dicha persona o su propiedad, u otra persona o la propiedad de esa persona. Con excepci\u00f3n de pistolas y rev\u00f3lveres, cualquier arma de fuego que se transporte debe descargarse durante dicho transporte.<\/p>\n<p>b. La excepci\u00f3n anterior se aplica solo a los hu\u00e9spedes. Salvo lo dispuesto en la Secci\u00f3n V(a) anterior, ning\u00fan empleado, voluntario, proveedor o contratista puede portar, usar, poseer, exhibir o distribuir un arma de fuego u otra arma en, sobre o dentro del campus del Zool\u00f3gico de Denver bajo ninguna circunstancia. .<\/p>\n<h3>VI. CIERTAS LEYES Y REGLAMENTOS *<\/h3>\n<p>* Esta Secci\u00f3n VI no contiene una lista exhaustiva de todas las leyes estatales y locales aplicables al uso y posesi\u00f3n de armas de fuego y otras armas, y no sustituye la revisi\u00f3n de las leyes aplicables y, cuando corresponda, la consulta con un abogado.<\/p>\n<p>una. Disposiciones relacionadas del C\u00f3digo Municipal Revisado de Denver (&quot;DRMC&quot;):<\/p>\n<p>I. DRMC \u00a737-51 \u2013 Molestias p\u00fablicas prohibidas (las molestias p\u00fablicas se definen en DRMC \u00a737-50(c))<\/p>\n<p>ii. DRMC \u00a738-117 \u2013 Delitos contra el Orden P\u00fablico y la Seguridad \/ Armas y Misiles \/ Armas peligrosas o mortales-Prohibiciones.<\/p>\n<p>iii. DRMC \u00a738-130 \u2013 Ordenanza de Denver que proh\u00edbe las armas de asalto<\/p>\n<p>IV. DRMC \u00a738-131: Ordenanza de Denver que proh\u00edbe las armas de fuego en edificios de propiedad municipal o arrendados<\/p>\n<p>v. DRMC \u00a739-9 \u2013 Prohibiciones de armas de fuego en los parques de Denver<\/p>\n<h3>VII. SANCIONES POR VIOLACI\u00d3N DE LA POL\u00cdTICA DE ARMAS<\/h3>\n<p>una. Las personas en, dentro o dentro del campus del Zool\u00f3gico de Denver y que violen esta pol\u00edtica de armas del Zool\u00f3gico de Denver son intrusos y ser\u00e1n referidos y tratados por las autoridades policiales correspondientes. Adem\u00e1s, Denver Zoological Foundation, Inc. puede imponer una prohibici\u00f3n temporal o permanente a la entrada futura al campus del Zool\u00f3gico de Denver, a criterio exclusivo de Denver Zoological Foundation, Inc.<\/p>\n<p>B. Las infracciones de las leyes de la ciudad y el condado de Denver y el estado de Colorado ser\u00e1n referidas y tratadas por las autoridades competentes.<\/p>\n<p>C. Nada en esta pol\u00edtica limita las sanciones o consecuencias adicionales que puedan establecerse en acuerdos, contratos u otros escritos separados con cualquier invitado, empleado, voluntario, contratista o proveedor.<\/p>\n<p>d. Por determinaci\u00f3n de las fuerzas del orden y de conformidad con DRMC \u00a738-131, una persona culpable o responsable estar\u00e1 sujeta a las siguientes penas m\u00e1ximas: (1) Primera infracci\u00f3n... $50.00, (2) Segunda infracci\u00f3n y posteriores... $999. 00 y\/o hasta 300 d\u00edas de c\u00e1rcel por infracciones posteriores.<\/p>\n<h3>VIII. REPORTE DE ARMAS<\/h3>\n<p>Denver Zoological Foundation, Inc. tomar\u00e1 en serio los informes de todas las armas en, dentro o dentro del campus del zool\u00f3gico de Denver. Todos los miembros de la comunidad del Zool\u00f3gico de Denver tienen la responsabilidad de informar la presencia de armas.<\/p>\n<p>una. Si existe una amenaza inmediata de violencia, llame al 911 de inmediato.<\/p>\n<p>B. Los informes que no supongan una amenaza se pueden informar a la seguridad del zool\u00f3gico de Denver al 303 880-3266.<\/p>\n<p>C. Las represalias contra cualquier individuo de la comunidad del Zool\u00f3gico de Denver que informe la presencia de armas en el campus es una violaci\u00f3n de esta pol\u00edtica. Cualquier individuo que participe en represalias estar\u00e1 sujeto a sanciones similares a las impuestas por posesi\u00f3n de un arma.<\/p>\n<h3>IX. ITERACIONES DE POL\u00cdTICAS PUBLICADAS<\/h3>\n<p>Esta Pol\u00edtica de armas del zool\u00f3gico de Denver se puede publicar en una variedad de iteraciones para adaptarse a la audiencia adecuada y las limitaciones de espacio. Una versi\u00f3n completa de esta pol\u00edtica siempre estar\u00e1 disponible en www.denverzoo.org\/weaponspolicy.<\/p>\n<p>Las publicaciones actuales de esta pol\u00edtica para los visitantes del zool\u00f3gico de Denver son las siguientes:<\/p>\n<p>I. Sitio web<\/p>\n<p>1. Salvo que lo permita la ley estatal o municipal, el Zool\u00f3gico de Denver proh\u00edbe que cualquier persona use, posea, porte, muestre o distribuya cualquier arma real o simulada en o dentro del campus del Zool\u00f3gico de Denver, incluidas, entre otras, armas de fuego, ciertos cuchillos ( consulte DRMC \u00a738-117, 38-119 y 38-131), explosivos o dispositivos incendiarios, pistolas de juguete, pistolas de agua, cuchillos de pl\u00e1stico o espadas. El campus del Zool\u00f3gico de Denver incluye instalaciones y estructuras de estacionamiento del Zool\u00f3gico de Denver.<\/p>\n<p>ii. Mapa impreso<\/p>\n<p>1. Salvo que lo permita la ley estatal o municipal, el Zool\u00f3gico de Denver proh\u00edbe que cualquier persona use, posea, porte, muestre o distribuya cualquier arma real o simulada en o dentro del campus del Zool\u00f3gico de Denver, incluidas, entre otras, armas de fuego, ciertos cuchillos ( consulte DRMC \u00a738-117, 38-119 y 38-131), explosivos o dispositivos incendiarios, pistolas de juguete, pistolas de agua, cuchillos de pl\u00e1stico o espadas. El campus del Zool\u00f3gico de Denver incluye instalaciones y estructuras de estacionamiento del Zool\u00f3gico de Denver.<\/p>\n\t<h5><em>Revisado: 22 de agosto de 2018<\/em><\/h5>","protected":false},"excerpt":{"rendered":"","protected":false},"author":40,"featured_media":0,"parent":0,"menu_order":0,"comment_status":"closed","ping_status":"closed","template":"","meta":{"_acf_changed":false,"_relevanssi_hide_post":"","_relevanssi_hide_content":"","_relevanssi_pin_for_all":"","_relevanssi_pin_keywords":"","_relevanssi_unpin_keywords":"","_relevanssi_related_keywords":"","_relevanssi_related_include_ids":"","_relevanssi_related_exclude_ids":"","_relevanssi_related_no_append":"","_relevanssi_related_not_related":"","_relevanssi_related_posts":"","_relevanssi_noindex_reason":"","footnotes":""},"class_list":["post-5767","page","type-page","status-publish","hentry"],"acf":[],"_links":{"self":[{"href":"https:\/\/denverzoo.org\/es\/wp-json\/wp\/v2\/pages\/5767","targetHints":{"allow":["GET"]}}],"collection":[{"href":"https:\/\/denverzoo.org\/es\/wp-json\/wp\/v2\/pages"}],"about":[{"href":"https:\/\/denverzoo.org\/es\/wp-json\/wp\/v2\/types\/page"}],"author":[{"embeddable":true,"href":"https:\/\/denverzoo.org\/es\/wp-json\/wp\/v2\/users\/40"}],"replies":[{"embeddable":true,"href":"https:\/\/denverzoo.org\/es\/wp-json\/wp\/v2\/comments?post=5767"}],"version-history":[{"count":0,"href":"https:\/\/denverzoo.org\/es\/wp-json\/wp\/v2\/pages\/5767\/revisions"}],"wp:attachment":[{"href":"https:\/\/denverzoo.org\/es\/wp-json\/wp\/v2\/media?parent=5767"}],"curies":[{"name":"gracias","href":"https:\/\/api.w.org\/{rel}","templated":true}]}}