{"id":581,"date":"2018-07-25T11:51:08","date_gmt":"2018-07-25T11:51:08","guid":{"rendered":"http:\/\/denverzoo\/?page_id=581"},"modified":"2018-08-16T14:05:22","modified_gmt":"2018-08-16T14:05:22","slug":"education-details","status":"publish","type":"page","link":"https:\/\/denverzoo.org\/es\/education-details\/","title":{"rendered":"Detalles de educaci\u00f3n"},"content":{"rendered":"<p>\t\t\t\t<img loading=\"lazy\" decoding=\"async\" src=\"https:https:\/\/denverzooprod.drud.io\/\/wp-content\/uploads\/2018\/07\/img_animal.jpg\" alt=\"img_animal\" itemprop=\"image\" height=\"505\" width=\"505\" title=\"img_animal\"  \/><\/p>\n<h2>Excursi\u00f3n escolar<\/h2>\n<p>Lorem Ipsum es simplemente un texto ficticio de la industria de la impresi\u00f3n y la composici\u00f3n tipogr\u00e1fica. Lorem Ipsum ha sido el texto ficticio est\u00e1ndar de la industria desde el a\u00f1o 1500, cuando un impresor desconocido tom\u00f3 una galera de tipos y la codific\u00f3 para hacer un libro de muestras tipogr\u00e1ficas.<\/p>\n<p>\t\t\t<a href=\"\" target=\"_self\" role=\"button\"><br \/>\n\t\t\t\t\t\t\tRegistrarse<br \/>\n\t\t\t\t\t<\/a><br \/>\n\t\t\t\t<img decoding=\"async\" src=\"http:\/\/denverzoo\/\/wp-content\/uploads\/2018\/06\/img_news02.jpg\" alt=\"img_news02\" itemprop=\"image\" title=\"img_news02\"  \/><\/p>\n<h2>PROGRAMAS INFANTILES<\/h2>\n<p>3-11 a\u00f1os<\/p>\n<p>\t\t\t\t<img decoding=\"async\" src=\"http:\/\/denverzoo\/\/wp-content\/uploads\/2018\/06\/img_news02.jpg\" alt=\"img_news02\" itemprop=\"image\" title=\"img_news02\"  \/><\/p>\n<h2>PROGRAMAS PARA ADOLESCENTES<\/h2>\n<p>12-20 a\u00f1os<\/p>\n<p>\t\t\t\t<img decoding=\"async\" src=\"http:\/\/denverzoo\/\/wp-content\/uploads\/2018\/06\/img_news02.jpg\" alt=\"img_news02\" itemprop=\"image\" title=\"img_news02\"  \/><\/p>\n<h2>PROGRAMAS PARA ADULTOS<\/h2>\n<p>Edad 20+<\/p>\n<p>\t[mostrar_botones_personalizados]<br \/>\n\t[dz_slideshow]<\/p>","protected":false},"excerpt":{"rendered":"<p>Excursi\u00f3n Escolar. Lorem Ipsum es simplemente el texto de relleno de las imprentas y archivos de texto. Lorem Ipsum ha sido el texto de relleno est\u00e1ndar de las industrias desde el siglo XVI, cuando un impresor (an\u00f3nimo) us\u00f3 una galera de tipos y los mezcl\u00f3 para crear un libro de muestras tipogr\u00e1ficas. Registrarse. PROGRAMAS PARA NI\u00d1OS (3-11 a\u00f1os). PROGRAMAS PARA ADOLESCENTES (12-20 a\u00f1os). ADULTOS [\u2026]<\/p>","protected":false},"author":40,"featured_media":0,"parent":0,"menu_order":0,"comment_status":"closed","ping_status":"closed","template":"","meta":{"_acf_changed":false,"_relevanssi_hide_post":"","_relevanssi_hide_content":"","_relevanssi_pin_for_all":"","_relevanssi_pin_keywords":"","_relevanssi_unpin_keywords":"","_relevanssi_related_keywords":"","_relevanssi_related_include_ids":"","_relevanssi_related_exclude_ids":"","_relevanssi_related_no_append":"","_relevanssi_related_not_related":"","_relevanssi_related_posts":"","_relevanssi_noindex_reason":"","footnotes":""},"class_list":["post-581","page","type-page","status-publish","hentry"],"acf":[],"_links":{"self":[{"href":"https:\/\/denverzoo.org\/es\/wp-json\/wp\/v2\/pages\/581","targetHints":{"allow":["GET"]}}],"collection":[{"href":"https:\/\/denverzoo.org\/es\/wp-json\/wp\/v2\/pages"}],"about":[{"href":"https:\/\/denverzoo.org\/es\/wp-json\/wp\/v2\/types\/page"}],"author":[{"embeddable":true,"href":"https:\/\/denverzoo.org\/es\/wp-json\/wp\/v2\/users\/40"}],"replies":[{"embeddable":true,"href":"https:\/\/denverzoo.org\/es\/wp-json\/wp\/v2\/comments?post=581"}],"version-history":[{"count":0,"href":"https:\/\/denverzoo.org\/es\/wp-json\/wp\/v2\/pages\/581\/revisions"}],"wp:attachment":[{"href":"https:\/\/denverzoo.org\/es\/wp-json\/wp\/v2\/media?parent=581"}],"curies":[{"name":"gracias","href":"https:\/\/api.w.org\/{rel}","templated":true}]}}