{"id":591,"date":"2018-07-26T09:49:39","date_gmt":"2018-07-26T09:49:39","guid":{"rendered":"https:https:\/\/denverzooprod.drud.io\/?page_id=591"},"modified":"2025-05-20T10:19:48","modified_gmt":"2025-05-20T16:19:48","slug":"field-conservation","status":"publish","type":"page","link":"https:\/\/denverzoo.org\/es\/field-conservation\/","title":{"rendered":"Conservaci\u00f3n de campo"},"content":{"rendered":"<div  class='lhl-section urbi-component urbi-component front_view lhl_comp_width_inherit lhl_spacing_t_09 lhl_spacing_b_09 lhl_spacing_l_00 lhl_spacing_r_00 section-background-t' ><div class=\"urbi-component-inner\">\n    <div class=\"is-layout-constrained\">\n\n<h3 class=\"wp-block-heading has-text-align-center\"><strong>Nuestro enfoque hol\u00edstico<\/strong><\/h3>\n\n\n\n<p class=\"has-text-align-center\">El Departamento de Conservaci\u00f3n de Campo de la Alianza para la Conservaci\u00f3n del Zool\u00f3gico de Denver aplica un enfoque hol\u00edstico y adaptativo a la conservaci\u00f3n de la vida silvestre. Priorizamos los paisajes y las especies con necesidades de conservaci\u00f3n significativas a trav\u00e9s de asociaciones en las que podemos hacer compromisos a largo plazo. Promovemos el optimismo en materia de conservaci\u00f3n y trabajamos con el equipo de la Alianza para la Conservaci\u00f3n del Zool\u00f3gico de Denver y las comunidades locales para abordar de manera eficiente y responsable las amenazas urgentes a la vida silvestre y mejorar la salud ecol\u00f3gica.&nbsp;<\/p>\n\n<\/div>\n\n<\/div>\n<\/div>\n\n\n\n\n<div  class='lhl-section urbi-component urbi-component front_view lhl_comp_width_inherit lhl_spacing_t_11 lhl_spacing_b_05 lhl_spacing_l_00 lhl_spacing_r_00 section-background-t urbi-component-bg--light-gray' ><div class=\"urbi-component-inner\">\n    <div class=\"is-layout-constrained\">\n\n<h2 class=\"wp-block-heading\">Alcance mundial<\/h2>\n\n<\/div>\n\n<\/div>\n<\/div>\n\n\r\n\r\n\r\n<div  class='urbi-two-card-block urbi-component urbi-component front_view lhl_comp_width_inherit lhl_spacing_t_03 lhl_spacing_b_09 lhl_spacing_l_00 lhl_spacing_r_00 section-background-t urbi-component-bg--light-gray' ><div class=\"urbi-component-inner\">\r\n    <div class=\"uk-child-width-1-2@s uk-grid uk-grid-match\" uk-grid>\r\n\r\n        <div class=\"uk-width-1-2@m\">\n<div class=\"urbi-card urbi-card--shadow-3 urbi-card--with-tags urbi-card--has_cta\">\n    <div class=\"uk-card-media-top urbi-card--img\">\n\n                                    <img loading=\"lazy\" decoding=\"async\" width=\"610\" height=\"360\" src=\"https:\/\/denverzoo.org\/wp-content\/uploads\/2022\/12\/Peru_Hero-610x360.jpg\" class=\"urbi-img urbi-featured-homme-img\" alt=\"Henry holding a Lake Junin Frog\" \/>                    \n        \n    <\/div>\n    <div class=\"urbi-card--txt uk-text-left\">\n\n                    <h3 class=\"urbi-card__title\">\n                Am\u00e9rica Latina | Desde 2008            <\/h3>\n        \n        \n                    <div class=\"urbi-card__description\">\n                Tanto la rana de agua del Titicaca (TWF) como la rana del lago Jun\u00edn (LJF) son especies indicadoras, lo que significa que los bi\u00f3logos pueden utilizar la salud de estos animales para medir el estado general de los ecosistemas...            <\/div>\n        \n                    <div class=\"urbi-card__cta_container\">\n                <a class=\"urbi-link urbi-card__cta lhl_button lhl_button_type_solid lhl_button_color_default lhl_button_width_default\" href=\"\/es\/peru\/\" target=\"_self\" rel=\"noopener noreferrer\" >Aprende m\u00e1s<\/a>            <\/div>\n            <\/div>\n<\/div><\/div><div class=\"uk-width-1-2@m\">\n<div class=\"urbi-card urbi-card--shadow-3 urbi-card--with-tags urbi-card--has_cta\">\n    <div class=\"uk-card-media-top urbi-card--img\">\n\n                                    <img loading=\"lazy\" decoding=\"async\" width=\"610\" height=\"360\" src=\"https:\/\/denverzoo.org\/wp-content\/uploads\/2024\/08\/Asian-Elephant_Elephant-Conservation-Center_Photo-By-Paul-Wager-610x360.jpg\" class=\"urbi-img urbi-featured-homme-img\" alt=\"\" srcset=\"https:\/\/denverzoo.org\/wp-content\/uploads\/2024\/08\/Asian-Elephant_Elephant-Conservation-Center_Photo-By-Paul-Wager-610x360.jpg 610w, https:\/\/denverzoo.org\/wp-content\/uploads\/2024\/08\/Asian-Elephant_Elephant-Conservation-Center_Photo-By-Paul-Wager-18x12.jpg 18w\" sizes=\"auto, (max-width: 610px) 100vw, 610px\" \/>                    \n        \n    <\/div>\n    <div class=\"urbi-card--txt uk-text-left\">\n\n                    <h3 class=\"urbi-card__title\">\n                Asia | Desde 2008            <\/h3>\n        \n        \n                    <div class=\"urbi-card__description\">\n                Los programas de DZCA en Asia comenzaron en Vietnam en 2008. Actualmente, ayudamos a proteger la fauna en peligro de extinci\u00f3n en Indonesia y Laos, incluyendo tigres de Sumatra, orangutanes, rinocerontes y\u2026            <\/div>\n        \n                    <div class=\"urbi-card__cta_container\">\n                <a class=\"urbi-link urbi-card__cta lhl_button lhl_button_type_solid lhl_button_color_default lhl_button_width_default\" href=\"\/es\/zootales\/last-places-on-earth\/\" target=\"_self\" rel=\"noopener noreferrer\" >Aprende m\u00e1s<\/a>            <\/div>\n            <\/div>\n<\/div><\/div><div class=\"uk-width-1-2@m\">\n<div class=\"urbi-card urbi-card--shadow-3 urbi-card--with-tags urbi-card--has_cta\">\n    <div class=\"uk-card-media-top urbi-card--img\">\n\n                                    <img loading=\"lazy\" decoding=\"async\" width=\"610\" height=\"360\" src=\"https:\/\/denverzoo.org\/wp-content\/uploads\/2025\/01\/Lion-looking-at-you_16x9-610x360.jpeg\" class=\"urbi-img urbi-featured-homme-img\" alt=\"\" srcset=\"https:\/\/denverzoo.org\/wp-content\/uploads\/2025\/01\/Lion-looking-at-you_16x9-610x360.jpeg 610w, https:\/\/denverzoo.org\/wp-content\/uploads\/2025\/01\/Lion-looking-at-you_16x9-18x10.jpeg 18w\" sizes=\"auto, (max-width: 610px) 100vw, 610px\" \/>                    \n        \n    <\/div>\n    <div class=\"urbi-card--txt uk-text-left\">\n\n                    <h3 class=\"urbi-card__title\">\n                \u00c1frica | Desde 1998            <\/h3>\n        \n        \n                    <div class=\"urbi-card__description\">\n                Los esfuerzos de conservaci\u00f3n de campo africanos de DZCA comenzaron en Botswana en 1998, donde trabajamos para proteger a los perros pintados africanos y cinco especies de buitres en peligro de extinci\u00f3n. Hoy estamos activos en Uganda, donde...            <\/div>\n        \n                    <div class=\"urbi-card__cta_container\">\n                <a class=\"urbi-link urbi-card__cta lhl_button lhl_button_type_solid lhl_button_color_default lhl_button_width_default\" href=\"https:\/\/denverzoo.org\/es\/africa\/\" target=\"_self\" rel=\"noopener noreferrer\" >Aprende m\u00e1s<\/a>            <\/div>\n            <\/div>\n<\/div><\/div><div class=\"uk-width-1-2@m\">\n<div class=\"urbi-card urbi-card--shadow-3 urbi-card--with-tags urbi-card--has_cta\">\n    <div class=\"uk-card-media-top urbi-card--img\">\n\n                                    <img loading=\"lazy\" decoding=\"async\" width=\"610\" height=\"360\" src=\"https:\/\/denverzoo.org\/wp-content\/uploads\/2024\/06\/PikaBorealLanding-edited-610x360.jpg\" class=\"urbi-img urbi-featured-homme-img\" alt=\"\" srcset=\"https:\/\/denverzoo.org\/wp-content\/uploads\/2024\/06\/PikaBorealLanding-edited-610x360.jpg 610w, https:\/\/denverzoo.org\/wp-content\/uploads\/2024\/06\/PikaBorealLanding-edited-18x10.jpg 18w\" sizes=\"auto, (max-width: 610px) 100vw, 610px\" \/>                    \n        \n    <\/div>\n    <div class=\"urbi-card--txt uk-text-left\">\n\n                    <h3 class=\"urbi-card__title\">\n                colorado | Desde 2010            <\/h3>\n        \n        \n                    <div class=\"urbi-card__description\">\n                Aqu\u00ed, en nuestro propio territorio, trabajamos junto a un grupo comprometido de socios, incluidos individuos, comunidades, industrias y universidades, organizaciones sin fines de lucro, agencias y m\u00e1s, para proteger...            <\/div>\n        \n                    <div class=\"urbi-card__cta_container\">\n                <a class=\"urbi-link urbi-card__cta lhl_button lhl_button_type_solid lhl_button_color_default lhl_button_width_default\" href=\"\/es\/colorado\/\" target=\"_self\" rel=\"noopener noreferrer\" >Aprende m\u00e1s<\/a>            <\/div>\n            <\/div>\n<\/div><\/div>\r\n    <\/div>\r\n<\/div>\r\n<\/div>\n\n\r\n\r\n\r\n<div  class='lhl-three-card-block urbi-component urbi-component front_view lhl_comp_width_inherit lhl_spacing_t_09 lhl_spacing_b_09 lhl_spacing_l_00 lhl_spacing_r_00 section-background-t urbi-component-bg--light-gray' ><div class=\"urbi-component-inner\">\r\n    <div class=\"uk-child-width-expand@s uk-grid-match\" uk-grid>\r\n\r\n                        <div class='three_by_one__item uk-width-1-1 uk-width-1-3@m'>\r\n                    <div class='three_by_one__item-inner'>\r\n\r\n                        \n<div class=\"urbi-card urbi-card--shadow-3 urbi-card--featured urbi-card--has_cta\">\n    <div class=\"uk-card-media-top urbi-card--img\">\n\n        <a class=\"urbi-link\" href=\"https:\/\/denverzoo.org\/es\/zootales\/celebrating-women-in-conservation\/\" target=\"_self\" rel=\"noopener noreferrer\" aria-label=\"Lee mas\" >                            <img loading=\"lazy\" decoding=\"async\" width=\"398\" height=\"239\" src=\"https:\/\/denverzoo.org\/wp-content\/uploads\/2019\/04\/Untapped-398x239.jpg\" class=\"urbi-img urbi-featured-homme-img\" alt=\"Untapped \u2013 Women in Wildlife Conservation\" \/>                    <\/a>\n    <\/div>\n    <div class=\"urbi-card--txt\">\n        <div class=\"urbi-card__date-meta\">\n                    <\/div>\n        <h3 class=\"urbi-card__title\">\n            Mujeres en la conservaci\u00f3n        <\/h3>\n        <div class=\"urbi-card__description\">\n            Untapped es un proyecto que busca brindar a las mujeres las herramientas que necesitan para adquirir conocimientos, tener voz y sentirse empoderadas para convertirse en l\u00edderes activas en...        <\/div>\n                    <a class=\"urbi-link urbi-card__cta lhl_button lhl_button_type_solid lhl_button_color_default lhl_button_width_default\" href=\"https:\/\/denverzoo.org\/es\/zootales\/celebrating-women-in-conservation\/\" target=\"_self\" rel=\"noopener noreferrer\" title=\"Lee mas\" aria-label=\"Lee mas\" >Lee mas<\/a>            <\/div>\n<\/div>                    <\/div>\r\n                <\/div>\r\n                        <div class='three_by_one__item uk-width-1-1 uk-width-1-3@m'>\r\n                    <div class='three_by_one__item-inner'>\r\n\r\n                        \n<div class=\"urbi-card urbi-card--shadow-3 urbi-card--featured urbi-card--has_cta\">\n    <div class=\"uk-card-media-top urbi-card--img\">\n\n        <a class=\"urbi-link\" href=\"\/es\/community-science\/\" target=\"_self\" rel=\"noopener noreferrer\" aria-label=\"Lee mas\" >                            <img loading=\"lazy\" decoding=\"async\" width=\"398\" height=\"239\" src=\"https:\/\/denverzoo.org\/wp-content\/uploads\/2022\/11\/pika-398x239.jpg\" class=\"urbi-img urbi-featured-homme-img\" alt=\"\" \/>                    <\/a>\n    <\/div>\n    <div class=\"urbi-card--txt\">\n        <div class=\"urbi-card__date-meta\">\n                    <\/div>\n        <h3 class=\"urbi-card__title\">\n            Ciencia Comunitaria        <\/h3>\n        <div class=\"urbi-card__description\">\n            Como organizaci\u00f3n sin fines de lucro, a menudo confiamos en la experiencia de cient\u00edficos comunitarios: voluntarios legos dedicados que nos permiten ampliar el alcance de...        <\/div>\n                    <a class=\"urbi-link urbi-card__cta lhl_button lhl_button_type_solid lhl_button_color_default lhl_button_width_default\" href=\"\/es\/community-science\/\" target=\"_self\" rel=\"noopener noreferrer\" title=\"Lee mas\" aria-label=\"Lee mas\" >Lee mas<\/a>            <\/div>\n<\/div>                    <\/div>\r\n                <\/div>\r\n                        <div class='three_by_one__item uk-width-1-1 uk-width-1-3@m'>\r\n                    <div class='three_by_one__item-inner'>\r\n\r\n                        \n<div class=\"urbi-card urbi-card--shadow-3 urbi-card--featured urbi-card--has_cta\">\n    <div class=\"uk-card-media-top urbi-card--img\">\n\n        <a class=\"urbi-link\" href=\"\/es\/support\/donate\/\" target=\"_self\" rel=\"noopener noreferrer\" aria-label=\"Dona ahora\" >                            <img loading=\"lazy\" decoding=\"async\" width=\"398\" height=\"239\" src=\"https:\/\/denverzoo.org\/wp-content\/uploads\/2018\/06\/Support_Donate_Hero-2-398x239.jpg\" class=\"urbi-img urbi-featured-homme-img\" alt=\"Herd of Bison at Denver Zoo conservation location Rio Mora\" \/>                    <\/a>\n    <\/div>\n    <div class=\"urbi-card--txt\">\n        <div class=\"urbi-card__date-meta\">\n                    <\/div>\n        <h3 class=\"urbi-card__title\">\n            Apoya la Conservaci\u00f3n        <\/h3>\n        <div class=\"urbi-card__description\">\n            El Zool\u00f3gico de Denver conf\u00eda en ustedes (nuestros invitados, miembros y generosos patrocinadores) para continuar con nuestro importante trabajo aqu\u00ed y en todo el mundo.         <\/div>\n                    <a class=\"urbi-link urbi-card__cta lhl_button lhl_button_type_solid lhl_button_color_default lhl_button_width_default\" href=\"\/es\/support\/donate\/\" target=\"_self\" rel=\"noopener noreferrer\" title=\"Dona ahora\" aria-label=\"Dona ahora\" >Dona ahora<\/a>            <\/div>\n<\/div>                    <\/div>\r\n                <\/div>\r\n            <\/div>\r\n<\/div>\r\n<\/div>\n\n\n<p><a itemprop=\"url\" href=\"\/es\/support\/donate\/\" target=\"_self\" rel=\"noopener\"><br>\t\t\t\t<\/a><\/p>","protected":false},"excerpt":{"rendered":"","protected":false},"author":40,"featured_media":36760,"parent":0,"menu_order":0,"comment_status":"closed","ping_status":"closed","template":"","meta":{"_acf_changed":false,"_relevanssi_hide_post":"","_relevanssi_hide_content":"","_relevanssi_pin_for_all":"","_relevanssi_pin_keywords":"","_relevanssi_unpin_keywords":"","_relevanssi_related_keywords":"","_relevanssi_related_include_ids":"","_relevanssi_related_exclude_ids":"","_relevanssi_related_no_append":"","_relevanssi_related_not_related":"","_relevanssi_related_posts":"33107,27251,116,121,123,538","_relevanssi_noindex_reason":"","footnotes":""},"class_list":["post-591","page","type-page","status-publish","has-post-thumbnail","hentry"],"acf":[],"_links":{"self":[{"href":"https:\/\/denverzoo.org\/es\/wp-json\/wp\/v2\/pages\/591","targetHints":{"allow":["GET"]}}],"collection":[{"href":"https:\/\/denverzoo.org\/es\/wp-json\/wp\/v2\/pages"}],"about":[{"href":"https:\/\/denverzoo.org\/es\/wp-json\/wp\/v2\/types\/page"}],"author":[{"embeddable":true,"href":"https:\/\/denverzoo.org\/es\/wp-json\/wp\/v2\/users\/40"}],"replies":[{"embeddable":true,"href":"https:\/\/denverzoo.org\/es\/wp-json\/wp\/v2\/comments?post=591"}],"version-history":[{"count":0,"href":"https:\/\/denverzoo.org\/es\/wp-json\/wp\/v2\/pages\/591\/revisions"}],"wp:featuredmedia":[{"embeddable":true,"href":"https:\/\/denverzoo.org\/es\/wp-json\/wp\/v2\/media\/36760"}],"wp:attachment":[{"href":"https:\/\/denverzoo.org\/es\/wp-json\/wp\/v2\/media?parent=591"}],"curies":[{"name":"gracias","href":"https:\/\/api.w.org\/{rel}","templated":true}]}}