{"id":62,"date":"2018-06-25T11:49:42","date_gmt":"2018-06-25T11:49:42","guid":{"rendered":"http:\/\/localhost:2018\/denverzoo\/?page_id=53"},"modified":"2020-05-20T13:31:43","modified_gmt":"2020-05-20T19:31:43","slug":"education","status":"publish","type":"page","link":"https:\/\/denverzoo.org\/es\/education\/","title":{"rendered":"Educaci\u00f3n"},"content":{"rendered":"<p>\t[mostrar_botones_personalizados]<br \/>\n\t\t\t\t<img loading=\"lazy\" decoding=\"async\" src=\"https:\/\/denverzoo.org\/wp-content\/uploads\/2018\/06\/scholarship-icon.png\" alt=\"scholarship-icon\" itemprop=\"image\" height=\"400\" width=\"400\" title=\"icono de beca\"  \/><\/p>\n<h2>Acceso al fondo de becas Awe<\/h2>\n<p>M\u00e1s de 450,000 j\u00f3venes se han beneficiado de las becas del zool\u00f3gico de Denver con m\u00e1s de $2,000,000 en premios a familias y escuelas que de otra manera no podr\u00edan experimentar los programas del zool\u00f3gico.<\/p>\n<p>\t\t\t<a href=\"\/es\/access-to-awe\/\" target=\"_self\" role=\"button\"><br \/>\n\t\t\t\t\t\t\tAprende m\u00e1s<br \/>\n\t\t\t\t\t<\/a><br \/>\n\t\t\t\t<a href=\"\/es\/family-child-programs\/\" target=\"_self\" itemprop=\"url\"><br \/>\n\t\t\t\t<img loading=\"lazy\" decoding=\"async\" src=\"https:\/\/denverzoo.org\/wp-content\/uploads\/2018\/09\/family-child-programs-thumbnail.jpg\" alt=\"Little boy touching snake\" itemprop=\"image\" height=\"400\" width=\"400\" title=\"miniatura-programas-familia-infantil\"  \/><br \/>\n\t\t\t\t<\/a><\/p>\n<h2><a href=\"\/es\/family-child-programs\/\" target=\"_self\">Programas para familias y ni\u00f1os<\/a><\/h2>\n<p>Edades 3-11<\/p>\n<p>\t\t\t\t<a href=\"\/es\/teen-programs\/\" target=\"_self\" itemprop=\"url\"><br \/>\n\t\t\t\t<img loading=\"lazy\" decoding=\"async\" src=\"https:\/\/denverzoo.org\/wp-content\/uploads\/2018\/06\/teen-programs-thumbnail.jpg\" alt=\"Two teen girls volunteering to make animal enrichment\" itemprop=\"image\" height=\"400\" width=\"400\" title=\"miniatura-de-programas-para-adolescentes\"  \/><br \/>\n\t\t\t\t<\/a><\/p>\n<h2><a href=\"\/es\/teen-programs\/\" target=\"_self\">PROGRAMAS PARA ADOLESCENTES<\/a><\/h2>\n<p>Edades 12-20<\/p>\n<p>\t\t\t\t<a href=\"\/es\/adult-programs\/\" target=\"_self\" itemprop=\"url\"><br \/>\n\t\t\t\t<img loading=\"lazy\" decoding=\"async\" src=\"https:\/\/denverzoo.org\/wp-content\/uploads\/2018\/06\/adult-programs-thumbnail.jpg\" alt=\"Graduate students observing bison\" itemprop=\"image\" height=\"400\" width=\"400\" title=\"miniatura-de-programas-para-adultos\"  \/><br \/>\n\t\t\t\t<\/a><\/p>\n<h2><a href=\"\/es\/adult-programs\/\" target=\"_self\">Programas para adultos<\/a><\/h2>\n<p>Edades 21+<\/p>\n<h2>Recursos de carrera para estudiantes<\/h2>\n<p>Muchas gracias por pensar en el Zool\u00f3gico de Denver como un recurso de informaci\u00f3n sobre animales, as\u00ed como oportunidades profesionales y de voluntariado.<\/p>\n<p>\t\t\t<a href=\"\/es\/student-career-resources\/\" target=\"_self\" role=\"button\"><br \/>\n\t\t\t\t\t\t\tAprende m\u00e1s<br \/>\n\t\t\t\t\t<\/a><br \/>\n\t[dz_slideshow]<\/p>","protected":false},"excerpt":{"rendered":"<p>[custom_buttons_show] Acceso al Fondo de Becas Awe M\u00e1s de 450,000 j\u00f3venes se han beneficiado de las becas del Zool\u00f3gico de Denver con m\u00e1s de $2,000,000 en premios para familias y escuelas que de otro modo no podr\u00edan experimentar los programas del Zool\u00f3gico. Obtenga m\u00e1s informaci\u00f3n Programas para familias y ni\u00f1os Edades 3-11 PROGRAMAS PARA ADOLESCENTES Edades 12-20 Programas para adultos Edades 21+ Recursos profesionales para estudiantes Muchas gracias [\u2026]<\/p>","protected":false},"author":40,"featured_media":0,"parent":0,"menu_order":0,"comment_status":"closed","ping_status":"closed","template":"","meta":{"_acf_changed":false,"_relevanssi_hide_post":"","_relevanssi_hide_content":"","_relevanssi_pin_for_all":"","_relevanssi_pin_keywords":"","_relevanssi_unpin_keywords":"","_relevanssi_related_keywords":"","_relevanssi_related_include_ids":"","_relevanssi_related_exclude_ids":"","_relevanssi_related_no_append":"","_relevanssi_related_not_related":"","_relevanssi_related_posts":"","_relevanssi_noindex_reason":"","footnotes":""},"class_list":["post-62","page","type-page","status-publish","hentry"],"acf":[],"_links":{"self":[{"href":"https:\/\/denverzoo.org\/es\/wp-json\/wp\/v2\/pages\/62","targetHints":{"allow":["GET"]}}],"collection":[{"href":"https:\/\/denverzoo.org\/es\/wp-json\/wp\/v2\/pages"}],"about":[{"href":"https:\/\/denverzoo.org\/es\/wp-json\/wp\/v2\/types\/page"}],"author":[{"embeddable":true,"href":"https:\/\/denverzoo.org\/es\/wp-json\/wp\/v2\/users\/40"}],"replies":[{"embeddable":true,"href":"https:\/\/denverzoo.org\/es\/wp-json\/wp\/v2\/comments?post=62"}],"version-history":[{"count":0,"href":"https:\/\/denverzoo.org\/es\/wp-json\/wp\/v2\/pages\/62\/revisions"}],"wp:attachment":[{"href":"https:\/\/denverzoo.org\/es\/wp-json\/wp\/v2\/media?parent=62"}],"curies":[{"name":"gracias","href":"https:\/\/api.w.org\/{rel}","templated":true}]}}