{"id":65,"date":"2018-06-25T11:50:31","date_gmt":"2018-06-25T11:50:31","guid":{"rendered":"http:\/\/localhost:2018\/denverzoo\/?page_id=62"},"modified":"2025-08-11T16:25:06","modified_gmt":"2025-08-11T22:25:06","slug":"about","status":"publish","type":"page","link":"https:\/\/denverzoo.org\/es\/about\/","title":{"rendered":"Nosotros"},"content":{"rendered":"<div  class='lhl-section urbi-component urbi-component front_view lhl_comp_width_inherit lhl_spacing_t_09 lhl_spacing_b_09 lhl_spacing_l_00 lhl_spacing_r_00 section-background-t' ><div class=\"urbi-component-inner\">\n    <div class=\"is-layout-constrained\">\n\n<p>Como uno de los pilares culturales m\u00e1s importantes de Colorado, Denver Zoo se dedica a brindar a las comunidades a las que servimos un encuentro \u00edntimo, inspirador e informativo de primera mano con las maravillas de la naturaleza. Pero, aunque orgullosamente brindamos a las familias un lugar accesible y acogedor para conectarse con la vida silvestre, y entre ellos, tambi\u00e9n somos mucho m\u00e1s que eso.&nbsp;<\/p>\n\n\n\n<p>Nuestro campus de 80 acres es una encantadora estaci\u00f3n de campo urbana, donde m\u00e1s de 2500 maravillosos animales sirven como embajadores de sus contrapartes salvajes en todo el mundo. Nuestros equipos galardonados de educaci\u00f3n y extensi\u00f3n despiertan la curiosidad de los estudiantes de todas las edades en todo el \u00e1rea metropolitana de Denver. Adem\u00e1s, nuestros equipos globales de Conservaci\u00f3n de Campo y Respuesta de Emergencia a la Vida Silvestre han trabajado incansablemente durante m\u00e1s de dos d\u00e9cadas para proteger especies amenazadas por la invasi\u00f3n humana, la p\u00e9rdida de h\u00e1bitat y eventos catastr\u00f3ficos.&nbsp;<\/p>\n\n\n\n<p>Como organizaci\u00f3n sin fines de lucro, confiamos en su apoyo a trav\u00e9s de membres\u00edas, visitas y donaciones para instigar acciones en nombre de nuestra Tierra en peligro de extinci\u00f3n, primero generando asombro en nuestros visitantes. Es por eso que estamos m\u00e1s dedicados que nunca a vivir nuestra misi\u00f3n.<em>Inspirar a las comunidades a salvar la vida silvestre para las generaciones futuras<\/em>, todos y cada d\u00eda. La supervivencia que aseguramos puede ser la nuestra.&nbsp;<\/p>\n\n\n\r\n\r\n\r\n<div  class='urbi-two-card-block urbi-component urbi-component front_view lhl_comp_width_inherit lhl_spacing_t_09 lhl_spacing_b_09 lhl_spacing_l_00 lhl_spacing_r_00 section-background-t' ><div class=\"urbi-component-inner\">\r\n    <div class=\"uk-child-width-1-2@s uk-grid uk-grid-match\" uk-grid>\r\n\r\n        <div class=\"uk-width-1-2@m\">\n<div class=\"urbi-card urbi-card--shadow-3 urbi-card--with-tags urbi-card--has_cta\">\n    <div class=\"uk-card-media-top urbi-card--img\">\n\n                                    <img loading=\"lazy\" decoding=\"async\" width=\"610\" height=\"360\" src=\"https:\/\/denverzoo.org\/wp-content\/uploads\/2020\/06\/DenverZooEntrance_Slim-610x360.jpg\" class=\"urbi-img urbi-featured-homme-img\" alt=\"Denver Zoo Entrance Slim\" \/>                    \n        \n    <\/div>\n    <div class=\"urbi-card--txt uk-text-left\">\n\n                    <h3 class=\"urbi-card__title\">\n                Qu\u00e9 hacemos            <\/h3>\n        \n        \n                    <div class=\"urbi-card__description\">\n                Nuestro amor por los animales inspira todo lo que hacemos.             <\/div>\n        \n                    <div class=\"urbi-card__cta_container\">\n                <a class=\"urbi-link urbi-card__cta lhl_button lhl_button_type_solid lhl_button_color_default lhl_button_width_default\" href=\"https:\/\/denverzoo.org\/es\/what-we-do\/\" target=\"_self\" rel=\"noopener noreferrer\" >Aprende m\u00e1s<\/a>            <\/div>\n            <\/div>\n<\/div><\/div><div class=\"uk-width-1-2@m\">\n<div class=\"urbi-card urbi-card--shadow-3 urbi-card--with-tags urbi-card--has_cta\">\n    <div class=\"uk-card-media-top urbi-card--img\">\n\n                                    <img loading=\"lazy\" decoding=\"async\" width=\"610\" height=\"360\" src=\"https:\/\/denverzoo.org\/wp-content\/uploads\/2018\/09\/Master-plan_hero-610x360.jpg\" class=\"urbi-img urbi-featured-homme-img\" alt=\"Denver Zoo master plan rendering\" \/>                    \n        \n    <\/div>\n    <div class=\"urbi-card--txt uk-text-left\">\n\n                    <h3 class=\"urbi-card__title\">\n                Plan Maestro            <\/h3>\n        \n        \n                    <div class=\"urbi-card__description\">\n                En 2015, el Denver Zoo present\u00f3 un Plan Maestro actualizado a la Ciudad de Denver para guiar el futuro del Zool\u00f3gico.             <\/div>\n        \n                    <div class=\"urbi-card__cta_container\">\n                <a class=\"urbi-link urbi-card__cta lhl_button lhl_button_type_solid lhl_button_color_default lhl_button_width_default\" href=\"https:\/\/denverzoo.org\/es\/master-plan\/\" target=\"_self\" rel=\"noopener noreferrer\" >Aprende m\u00e1s<\/a>            <\/div>\n            <\/div>\n<\/div><\/div><div class=\"uk-width-1-2@m\">\n<div class=\"urbi-card urbi-card--shadow-3 urbi-card--with-tags urbi-card--has_cta\">\n    <div class=\"uk-card-media-top urbi-card--img\">\n\n                                    <img loading=\"lazy\" decoding=\"async\" width=\"610\" height=\"360\" src=\"https:\/\/denverzoo.org\/wp-content\/uploads\/2020\/10\/DEV-219_Nutrition_HomeHero_2000x1000_V1.1_JH_10-28-20-1-610x360.jpg\" class=\"urbi-img urbi-featured-homme-img\" alt=\"Zootrition Nutrition Homepage Hero Yuri Tiger\" \/>                    \n        \n    <\/div>\n    <div class=\"urbi-card--txt uk-text-left\">\n\n                    <h3 class=\"urbi-card__title\">\n                Marco estrat\u00e9gico            <\/h3>\n        \n        \n                    <div class=\"urbi-card__description\">\n                Obtenga m\u00e1s informaci\u00f3n sobre el futuro del Zool\u00f3gico de Denver.             <\/div>\n        \n                    <div class=\"urbi-card__cta_container\">\n                <a class=\"urbi-link urbi-card__cta lhl_button lhl_button_type_solid lhl_button_color_default lhl_button_width_default\" href=\"https:\/\/denverzoo.org\/es\/a-movement-for-wildlife\/\" target=\"_self\" rel=\"noopener noreferrer\" >Aprende m\u00e1s<\/a>            <\/div>\n            <\/div>\n<\/div><\/div><div class=\"uk-width-1-2@m\">\n<div class=\"urbi-card urbi-card--shadow-3 urbi-card--with-tags urbi-card--has_cta\">\n    <div class=\"uk-card-media-top urbi-card--img\">\n\n                                    <img loading=\"lazy\" decoding=\"async\" width=\"610\" height=\"360\" src=\"https:\/\/denverzoo.org\/wp-content\/uploads\/2018\/09\/zoo-history_hero-610x360.jpg\" class=\"urbi-img urbi-featured-homme-img\" alt=\"old denver zoo photo\" \/>                    \n        \n    <\/div>\n    <div class=\"urbi-card--txt uk-text-left\">\n\n                    <h3 class=\"urbi-card__title\">\n                Historia            <\/h3>\n        \n        \n                    <div class=\"urbi-card__description\">\n                Obtenga m\u00e1s informaci\u00f3n sobre el pasado del Zool\u00f3gico de Denver.              <\/div>\n        \n                    <div class=\"urbi-card__cta_container\">\n                <a class=\"urbi-link urbi-card__cta lhl_button lhl_button_type_solid lhl_button_color_default lhl_button_width_default\" href=\"https:\/\/denverzoo.org\/es\/board-of-governors\/\" target=\"_self\" rel=\"noopener noreferrer\" >Aprende m\u00e1s<\/a>            <\/div>\n            <\/div>\n<\/div><\/div><div class=\"uk-width-1-2@m\">\n<div class=\"urbi-card urbi-card--shadow-3 urbi-card--with-tags urbi-card--has_cta\">\n    <div class=\"uk-card-media-top urbi-card--img\">\n\n                                    <img loading=\"lazy\" decoding=\"async\" width=\"610\" height=\"360\" src=\"https:\/\/denverzoo.org\/wp-content\/uploads\/2019\/07\/Jobs_Hero_8-610x360.jpg\" class=\"urbi-img urbi-featured-homme-img\" alt=\"Jobs Hero 8\" \/>                    \n        \n    <\/div>\n    <div class=\"urbi-card--txt uk-text-left\">\n\n                    <h3 class=\"urbi-card__title\">\n                Empleos y pr\u00e1cticas            <\/h3>\n        \n        \n                    <div class=\"urbi-card__description\">\n                \u00a1\u00danase a nuestro equipo en el Zool\u00f3gico de Denver!             <\/div>\n        \n                    <div class=\"urbi-card__cta_container\">\n                <a class=\"urbi-link urbi-card__cta lhl_button lhl_button_type_solid lhl_button_color_default lhl_button_width_default\" href=\"https:\/\/denverzoo.org\/es\/careers\/\" target=\"_self\" rel=\"noopener noreferrer\" >Aprende m\u00e1s<\/a>            <\/div>\n            <\/div>\n<\/div><\/div><div class=\"uk-width-1-2@m\">\n<div class=\"urbi-card urbi-card--shadow-3 urbi-card--with-tags urbi-card--has_cta\">\n    <div class=\"uk-card-media-top urbi-card--img\">\n\n                                    <img loading=\"lazy\" decoding=\"async\" width=\"610\" height=\"360\" src=\"https:\/\/denverzoo.org\/wp-content\/uploads\/2022\/10\/20180427_Horticulture-volunteers_img00002-RCBJ-610x360.jpg\" class=\"urbi-img urbi-featured-homme-img\" alt=\"\" \/>                    \n        \n    <\/div>\n    <div class=\"urbi-card--txt uk-text-left\">\n\n                    <h3 class=\"urbi-card__title\">\n                Programas de voluntarios para adultos            <\/h3>\n        \n        \n                    <div class=\"urbi-card__description\">\n                \u00danase al programa de voluntarios del Zool\u00f3gico de Denver para ayudar a desempe\u00f1ar un papel vital en el apoyo a nuestra misi\u00f3n.             <\/div>\n        \n                    <div class=\"urbi-card__cta_container\">\n                <a class=\"urbi-link urbi-card__cta lhl_button lhl_button_type_solid lhl_button_color_default lhl_button_width_default\" href=\"https:\/\/denverzoo.org\/es\/volunteer\/\" target=\"_self\" rel=\"noopener noreferrer\" >Aprende m\u00e1s<\/a>            <\/div>\n            <\/div>\n<\/div><\/div><div class=\"uk-width-1-2@m\">\n<div class=\"urbi-card urbi-card--shadow-3 urbi-card--with-tags urbi-card--has_cta\">\n    <div class=\"uk-card-media-top urbi-card--img\">\n\n                                    <img loading=\"lazy\" decoding=\"async\" width=\"610\" height=\"360\" src=\"https:\/\/denverzoo.org\/wp-content\/uploads\/2022\/06\/FieldCon_BighornSheep-610x360.jpg\" class=\"urbi-img urbi-featured-homme-img\" alt=\"\" srcset=\"https:\/\/denverzoo.org\/wp-content\/uploads\/2022\/06\/FieldCon_BighornSheep-610x360.jpg 610w, https:\/\/denverzoo.org\/wp-content\/uploads\/2022\/06\/FieldCon_BighornSheep-18x10.jpg 18w\" sizes=\"auto, (max-width: 610px) 100vw, 610px\" \/>                    \n        \n    <\/div>\n    <div class=\"urbi-card--txt uk-text-left\">\n\n                    <h3 class=\"urbi-card__title\">\n                Junta de Gobernadores            <\/h3>\n        \n        \n                    <div class=\"urbi-card__description\">\n                Conozca a las personas que supervisan la administraci\u00f3n del Zool\u00f3gico de Denver.             <\/div>\n        \n                    <div class=\"urbi-card__cta_container\">\n                <a class=\"urbi-link urbi-card__cta lhl_button lhl_button_type_solid lhl_button_color_default lhl_button_width_default\" href=\"https:\/\/denverzoo.org\/es\/board-of-governors\/\" target=\"_self\" rel=\"noopener noreferrer\" >Aprende m\u00e1s<\/a>            <\/div>\n            <\/div>\n<\/div><\/div><div class=\"uk-width-1-2@m\">\n<div class=\"urbi-card urbi-card--shadow-3 urbi-card--with-tags urbi-card--has_cta\">\n    <div class=\"uk-card-media-top urbi-card--img\">\n\n                                    <img loading=\"lazy\" decoding=\"async\" width=\"610\" height=\"360\" src=\"https:\/\/denverzoo.org\/wp-content\/uploads\/2019\/06\/CorporatePartnership_Tile-610x360.jpg\" class=\"urbi-img urbi-featured-homme-img\" alt=\"Corporate Partnership Tile\" srcset=\"https:\/\/denverzoo.org\/wp-content\/uploads\/2019\/06\/CorporatePartnership_Tile-610x360.jpg 610w, https:\/\/denverzoo.org\/wp-content\/uploads\/2019\/06\/CorporatePartnership_Tile-18x12.jpg 18w\" sizes=\"auto, (max-width: 610px) 100vw, 610px\" \/>                    \n        \n    <\/div>\n    <div class=\"urbi-card--txt uk-text-left\">\n\n                    <h3 class=\"urbi-card__title\">\n                Patrocinadores corporativos            <\/h3>\n        \n        \n                    <div class=\"urbi-card__description\">\n                Empresas y organizaciones que apoyan al Zool\u00f3gico de Denver.             <\/div>\n        \n                    <div class=\"urbi-card__cta_container\">\n                <a class=\"urbi-link urbi-card__cta lhl_button lhl_button_type_solid lhl_button_color_default lhl_button_width_default\" href=\"https:\/\/denverzoo.org\/es\/support\/current-corporate-partners\/\" target=\"_self\" rel=\"noopener noreferrer\" >Aprende m\u00e1s<\/a>            <\/div>\n            <\/div>\n<\/div><\/div><div class=\"uk-width-1-2@m\">\n<div class=\"urbi-card urbi-card--shadow-3 urbi-card--with-tags urbi-card--has_cta\">\n    <div class=\"uk-card-media-top urbi-card--img\">\n\n                                    <img loading=\"lazy\" decoding=\"async\" width=\"610\" height=\"360\" src=\"https:\/\/denverzoo.org\/wp-content\/uploads\/2018\/09\/annual-report_hero-610x360.jpg\" class=\"urbi-img urbi-featured-homme-img\" alt=\"colorful lorikeet looking cute\" \/>                    \n        \n    <\/div>\n    <div class=\"urbi-card--txt uk-text-left\">\n\n                    <h3 class=\"urbi-card__title\">\n                Reporte anual            <\/h3>\n        \n        \n                    <div class=\"urbi-card__description\">\n                \u00a1Aprende m\u00e1s sobre Denver Zoo!             <\/div>\n        \n                    <div class=\"urbi-card__cta_container\">\n                <a class=\"urbi-link urbi-card__cta lhl_button lhl_button_type_solid lhl_button_color_default lhl_button_width_default\" href=\"\/es\/annual-report\/\" target=\"_self\" rel=\"noopener noreferrer\" >Aprende m\u00e1s<\/a>            <\/div>\n            <\/div>\n<\/div><\/div><div class=\"uk-width-1-2@m\">\n<div class=\"urbi-card urbi-card--shadow-3 urbi-card--with-tags urbi-card--has_cta\">\n    <div class=\"uk-card-media-top urbi-card--img\">\n\n                                    <img loading=\"lazy\" decoding=\"async\" width=\"610\" height=\"360\" src=\"https:\/\/denverzoo.org\/wp-content\/uploads\/2023\/05\/DEVContact-610x360.jpg\" class=\"urbi-img urbi-featured-homme-img\" alt=\"\" \/>                    \n        \n    <\/div>\n    <div class=\"urbi-card--txt uk-text-left\">\n\n                    <h3 class=\"urbi-card__title\">\n                Contacto            <\/h3>\n        \n        \n                    <div class=\"urbi-card__description\">\n                Denver Zoo agradece tus comentarios, sugerencias y preguntas.             <\/div>\n        \n                    <div class=\"urbi-card__cta_container\">\n                <a class=\"urbi-link urbi-card__cta lhl_button lhl_button_type_solid lhl_button_color_default lhl_button_width_default\" href=\"https:\/\/denverzoo.org\/es\/contact\/\" target=\"_self\" rel=\"noopener noreferrer\" >Cont\u00e1ctanos<\/a>            <\/div>\n            <\/div>\n<\/div><\/div>\r\n    <\/div>\r\n<\/div>\r\n<\/div>\n<\/div>\n\n<\/div>\n<\/div>\n\n\n<p><\/p>","protected":false},"excerpt":{"rendered":"","protected":false},"author":40,"featured_media":0,"parent":0,"menu_order":0,"comment_status":"closed","ping_status":"closed","template":"","meta":{"_acf_changed":false,"_relevanssi_hide_post":"","_relevanssi_hide_content":"","_relevanssi_pin_for_all":"","_relevanssi_pin_keywords":"","_relevanssi_unpin_keywords":"","_relevanssi_related_keywords":"","_relevanssi_related_include_ids":"","_relevanssi_related_exclude_ids":"","_relevanssi_related_no_append":"","_relevanssi_related_not_related":"","_relevanssi_related_posts":"","_relevanssi_noindex_reason":"","footnotes":""},"class_list":["post-65","page","type-page","status-publish","hentry"],"acf":[],"_links":{"self":[{"href":"https:\/\/denverzoo.org\/es\/wp-json\/wp\/v2\/pages\/65","targetHints":{"allow":["GET"]}}],"collection":[{"href":"https:\/\/denverzoo.org\/es\/wp-json\/wp\/v2\/pages"}],"about":[{"href":"https:\/\/denverzoo.org\/es\/wp-json\/wp\/v2\/types\/page"}],"author":[{"embeddable":true,"href":"https:\/\/denverzoo.org\/es\/wp-json\/wp\/v2\/users\/40"}],"replies":[{"embeddable":true,"href":"https:\/\/denverzoo.org\/es\/wp-json\/wp\/v2\/comments?post=65"}],"version-history":[{"count":0,"href":"https:\/\/denverzoo.org\/es\/wp-json\/wp\/v2\/pages\/65\/revisions"}],"wp:attachment":[{"href":"https:\/\/denverzoo.org\/es\/wp-json\/wp\/v2\/media?parent=65"}],"curies":[{"name":"gracias","href":"https:\/\/api.w.org\/{rel}","templated":true}]}}