{"id":6577,"date":"2018-10-17T19:27:20","date_gmt":"2018-10-17T19:27:20","guid":{"rendered":"https:\/\/denverzootemp.org\/terms-conditions-2\/"},"modified":"2021-10-11T14:40:00","modified_gmt":"2021-10-11T20:40:00","slug":"terms-conditions","status":"publish","type":"page","link":"https:\/\/denverzoo.org\/es\/terms-conditions\/","title":{"rendered":"T\u00e9rminos y condiciones"},"content":{"rendered":"<h3>\n\t\tOtros recursos\n\t<\/h3>\n\t\n\n\n\n\n\n\n<h1>\n\t\tT\u00e9rminos y condiciones\n\t<\/h1>\n<h2>\n\t\tAviso de derechos de autor y marcas comerciales\n\t<\/h2>\n\t<p><strong><em>WWW.DENVERZOO.ORG\u00a0<\/em><\/strong>contiene materiales proporcionados por Denver Zoo y otras fuentes. Todo el contenido est\u00e1 protegido por derechos de autor de Denver Zoo como un trabajo colectivo bajo las leyes de derechos de autor de EE. UU. Este sitio es para su uso personal, no comercial, y no puede modificar, copiar, vender, distribuir, transmitir, mostrar, ejecutar, reproducir, publicar o licenciar ning\u00fan material de este sitio, incluido el c\u00f3digo o el software. La violaci\u00f3n de las leyes de propiedad intelectual aplicables puede dar lugar a sanciones civiles y\/o penales. Copyright \u00a9 2000 Denver Zoological Foundation, 2300 Steele Street, Denver, Colorado, 80205, EE. UU. Todos los derechos reservados.<\/p>\n<p>Los gr\u00e1ficos, logotipos, marcas de servicio y marcas comerciales de Denver Zoo no se pueden utilizar sin el consentimiento previo por escrito de Denver Zoo. Todas las dem\u00e1s marcas comerciales, nombres de productos, nombres de empresas y logotipos que aparecen en WWW.DENVERZOO.ORG son propiedad de Denver Zoo.<\/p>\n<p>La Fundaci\u00f3n Zool\u00f3gica de Denver ha incorporado los \u00faltimos est\u00e1ndares tecnol\u00f3gicos de Internet para dise\u00f1ar un \u00e1rea de compra segura de WWW. DENVERZOO.ORG. Bajo t\u00e9rminos claros, cualquier informaci\u00f3n que nos env\u00ede mientras se encuentra dentro del \u00e1rea de compras segura est\u00e1 protegida por encriptaci\u00f3n. Puede saber cu\u00e1ndo se encuentra en nuestra \u00e1rea de compras segura al ver el candado o la llave en la parte inferior de su navegador: una llave desbloqueada o rota (seg\u00fan su navegador) significa que se encuentra en un \u00e1rea no segura.<\/p>\n<p>Comprar en Internet es seguro y las transacciones con tarjeta de cr\u00e9dito en l\u00ednea no son m\u00e1s riesgosas que otros medios de compra. Nuestros m\u00e9todos de cifrado hacen que el fraude con tarjetas de cr\u00e9dito sea a\u00fan m\u00e1s dif\u00edcil que los pedidos por correo o por tel\u00e9fono, o incluso las compras en persona. Si experimenta un uso fraudulento de su tarjeta de cr\u00e9dito como resultado del uso de nuestro sitio web, notifique a la compa\u00f1\u00eda de su tarjeta de cr\u00e9dito seg\u00fan sus reglas y procedimientos. La mayor\u00eda de las compa\u00f1\u00edas de tarjetas de cr\u00e9dito cubrir\u00e1n las compras fraudulentas o lo har\u00e1n responsable por no m\u00e1s de $50.<\/p>","protected":false},"excerpt":{"rendered":"","protected":false},"author":40,"featured_media":0,"parent":0,"menu_order":0,"comment_status":"closed","ping_status":"closed","template":"","meta":{"_acf_changed":false,"_relevanssi_hide_post":"","_relevanssi_hide_content":"","_relevanssi_pin_for_all":"","_relevanssi_pin_keywords":"","_relevanssi_unpin_keywords":"","_relevanssi_related_keywords":"","_relevanssi_related_include_ids":"","_relevanssi_related_exclude_ids":"","_relevanssi_related_no_append":"","_relevanssi_related_not_related":"","_relevanssi_related_posts":"","_relevanssi_noindex_reason":"","footnotes":""},"class_list":["post-6577","page","type-page","status-publish","hentry"],"acf":[],"_links":{"self":[{"href":"https:\/\/denverzoo.org\/es\/wp-json\/wp\/v2\/pages\/6577","targetHints":{"allow":["GET"]}}],"collection":[{"href":"https:\/\/denverzoo.org\/es\/wp-json\/wp\/v2\/pages"}],"about":[{"href":"https:\/\/denverzoo.org\/es\/wp-json\/wp\/v2\/types\/page"}],"author":[{"embeddable":true,"href":"https:\/\/denverzoo.org\/es\/wp-json\/wp\/v2\/users\/40"}],"replies":[{"embeddable":true,"href":"https:\/\/denverzoo.org\/es\/wp-json\/wp\/v2\/comments?post=6577"}],"version-history":[{"count":0,"href":"https:\/\/denverzoo.org\/es\/wp-json\/wp\/v2\/pages\/6577\/revisions"}],"wp:attachment":[{"href":"https:\/\/denverzoo.org\/es\/wp-json\/wp\/v2\/media?parent=6577"}],"curies":[{"name":"gracias","href":"https:\/\/api.w.org\/{rel}","templated":true}]}}