{"id":6587,"date":"2018-10-17T20:15:42","date_gmt":"2018-10-17T20:15:42","guid":{"rendered":"https:\/\/denverzootemp.org\/privacy-policy-2\/"},"modified":"2024-06-30T17:09:19","modified_gmt":"2024-06-30T23:09:19","slug":"dronepolicy","status":"publish","type":"page","link":"https:\/\/denverzoo.org\/es\/dronepolicy\/","title":{"rendered":"Pol\u00edtica de drones"},"content":{"rendered":"<div  class='lhl-section urbi-component urbi-component front_view lhl_comp_width_inherit lhl_spacing_t_09 lhl_spacing_b_09 lhl_spacing_l_00 lhl_spacing_r_00 section-background-t' ><div class=\"urbi-component-inner\">\n    <div class=\"is-layout-constrained\">\n\n<h3 class=\"wp-block-heading\"><strong>DECLARACI\u00d3N DE POL\u00cdTICA GENERAL<\/strong><\/h3>\n\n\n\n<p>El Zool\u00f3gico de Denver se compromete a brindar un ambiente seguro para los hu\u00e9spedes, empleados, voluntarios, contratistas, proveedores y los animales bajo su cuidado. El Zool\u00f3gico de Denver proh\u00edbe a cualquier persona usar u operar cualquier dron o UAS en o sobre el campus del Zool\u00f3gico de Denver o las instalaciones de estacionamiento administradas por el Zool\u00f3gico de Denver, excepto que se indique lo contrario en esta pol\u00edtica o lo permita la ley.&nbsp;<\/p>\n\n\n\n<p>Esta pol\u00edtica se aplica a todas las personas en el campus del Zool\u00f3gico de Denver, incluidos invitados, empleados y voluntarios, as\u00ed como a las personas que operan un dron fuera del campus del Zool\u00f3gico pero sobrevuelan el campus.&nbsp;<\/p>\n\n\n\n<p>Las personas que violen la pol\u00edtica de drones del Zool\u00f3gico de Denver pueden ser tratadas en consecuencia por los agentes del orden, incluidos, entre otros, cargos penales y multas.&nbsp;<\/p>\n\n\n\n<p>Esta pol\u00edtica se publicar\u00e1 en la pol\u00edtica de conducta de los hu\u00e9spedes y reemplaza cualquier disposici\u00f3n contraria.&nbsp;<\/p>\n\n<\/div>\n\n<\/div>\n<\/div>\n\n\n\n\n<div  class='lhl-section urbi-component urbi-component front_view lhl_comp_width_inherit lhl_spacing_t_09 lhl_spacing_b_09 lhl_spacing_l_00 lhl_spacing_r_00 section-background-t urbi-component-bg--light-gray' ><div class=\"urbi-component-inner\">\n    <div class=\"is-layout-constrained\">\n\n<h3 class=\"wp-block-heading\"><strong>II. OBJETIVO<\/strong><\/h3>\n\n\n\n<p>El prop\u00f3sito de esta pol\u00edtica es explicar claramente el compromiso del Zool\u00f3gico de Denver de mantener un entorno seguro y protegido. Esta pol\u00edtica es un paso proactivo hacia la eliminaci\u00f3n del uso de drones en o sobre el campus del Zool\u00f3gico de Denver. El uso de cualquier dron u otro UAS en el campus o en las funciones administradas del Zool\u00f3gico de Denver por parte de cualquier persona no autorizada espec\u00edficamente como se explica en la pol\u00edtica est\u00e1 estrictamente prohibido y dar\u00e1 lugar a acciones por parte del Zool\u00f3gico de Denver. Esta pol\u00edtica se extiende a cualquier operador de UAS que opere fuera del campus del zool\u00f3gico con drones volando sobre el campus.&nbsp;<\/p>\n\n\n\n<p>Las restricciones razonables que se encuentran en esta pol\u00edtica servir\u00e1n para proteger a los animales mantenidos en el campus del Zool\u00f3gico de Denver y no restringir\u00e1n indebidamente que los visitantes leg\u00edtimos disfruten de las experiencias y oportunidades educativas que brinda el Zool\u00f3gico de Denver.&nbsp;<\/p>\n\n<\/div>\n\n<\/div>\n<\/div>\n\n\n\n\n<div  class='lhl-section urbi-component urbi-component front_view lhl_comp_width_inherit lhl_spacing_t_09 lhl_spacing_b_09 lhl_spacing_l_00 lhl_spacing_r_00 section-background-t' ><div class=\"urbi-component-inner\">\n    <div class=\"is-layout-constrained\">\n\n<h3 class=\"wp-block-heading\"><strong>III. ALCANCE<\/strong><\/h3>\n\n\n\n<p>Esta pol\u00edtica est\u00e1 en vigor para el campus del Zool\u00f3gico de Denver, como se define en la Secci\u00f3n IV a continuaci\u00f3n. Esta pol\u00edtica se aplica a todas las personas que en cualquier momento se encuentran en, dentro o dentro del campus del Zool\u00f3gico de Denver, incluidos los invitados, empleados, voluntarios, contratistas y proveedores. Sin limitaci\u00f3n de otras pol\u00edticas o t\u00e9rminos del contrato que puedan ser aplicables, todos los invitados, empleados, voluntarios, contratistas y proveedores deben cumplir con los t\u00e9rminos de esta pol\u00edtica.\u00a0<\/p>\n\n<\/div>\n\n<\/div>\n<\/div>\n\n\n\n\n<div  class='lhl-section urbi-component urbi-component front_view lhl_comp_width_inherit lhl_spacing_t_09 lhl_spacing_b_09 lhl_spacing_l_00 lhl_spacing_r_00 section-background-t urbi-component-bg--light-gray' ><div class=\"urbi-component-inner\">\n    <div class=\"is-layout-constrained\">\n\n<h3 class=\"wp-block-heading\"><strong>IV. DEFINICIONES<\/strong><\/h3>\n\n\n\n<p>a. \u201cCampus del Zool\u00f3gico de Denver\u201d o \u201ccampus\u201d significar\u00e1 los Jardines Zool\u00f3gicos de Denver ubicados en 2300 Steele St, Denver, CO 80205. El Campus del Zool\u00f3gico de Denver incluye todos los edificios, exhibiciones, estructuras y locales al aire libre en, sobre, sobre o dentro del Zool\u00f3gico de Denver. Jardines e incluye todas las instalaciones y estructuras de estacionamiento para los Jardines Zool\u00f3gicos de Denver.&nbsp;<\/p>\n\n\n\n<p>El campus del Zool\u00f3gico de Denver es administrado y operado por Denver Zoological Foundation, Inc., una corporaci\u00f3n privada sin fines de lucro de Colorado de conformidad con un acuerdo de cooperaci\u00f3n entre Denver Zoological Foundation, Inc. y la ciudad y el condado de Denver. El campus del Zool\u00f3gico de Denver est\u00e1 ubicado dentro de City Park, un parque designado seg\u00fan los Estatutos de la Ciudad de Denver que se administra y gestiona bajo los auspicios del Departamento de Parques y Recreaci\u00f3n de Denver y el Director Ejecutivo del Departamento de Parques y Recreaci\u00f3n de Denver.&nbsp;<\/p>\n\n\n\n<p>b. &quot;Dron&quot;, &quot;dron&quot; o &quot;UAS&quot; se definen como una aeronave sin piloto humano a bordo, siendo controlada por un operador en tierra.&nbsp;&nbsp;<\/p>\n\n<\/div>\n\n<\/div>\n<\/div>\n\n\n\n\n<div  class='lhl-section urbi-component urbi-component front_view lhl_comp_width_inherit lhl_spacing_t_09 lhl_spacing_b_09 lhl_spacing_l_00 lhl_spacing_r_00 section-background-t' ><div class=\"urbi-component-inner\">\n    <div class=\"is-layout-constrained\">\n\n<h3 class=\"wp-block-heading\"><strong>EXCEPCIONES<\/strong><\/h3>\n\n\n\n<p>Esta pol\u00edtica no se aplica a las siguientes personas o situaciones:&nbsp;<\/p>\n\n\n\n<p>a. Cualquier empleado, agente o funcionario de la Denver Zoological Foundation que act\u00fae dentro del alcance autorizado de sus funciones.&nbsp;<\/p>\n\n\n\n<p>b. Cualquier persona a quien el Gerente de Operaciones de Seguridad de la Fundaci\u00f3n Zool\u00f3gica de Denver le haya dado autorizaci\u00f3n por escrito para sobrevolar la propiedad, siempre y cuando siga todas las reglas y regulaciones tanto de la Administraci\u00f3n Federal de Aviaci\u00f3n (FAA) como de la Fundaci\u00f3n Zool\u00f3gica de Denver.&nbsp;<\/p>\n\n<\/div>\n\n<\/div>\n<\/div>\n\n\n\n\n<div  class='lhl-section urbi-component urbi-component front_view lhl_comp_width_inherit lhl_spacing_t_09 lhl_spacing_b_09 lhl_spacing_l_00 lhl_spacing_r_00 section-background-t urbi-component-bg--light-gray' ><div class=\"urbi-component-inner\">\n    <div class=\"is-layout-constrained\">\n\n<h3 class=\"wp-block-heading\"><strong>VI. CIERTAS LEYES Y REGLAMENTOS *<\/strong><\/h3>\n\n\n\n<p>*Esta Secci\u00f3n VI no contiene una lista exhaustiva de todas las leyes estatales y locales aplicables al uso y posesi\u00f3n de armas de fuego y otras armas y no sustituye la revisi\u00f3n de las leyes aplicables y, cuando corresponda, la consulta con un abogado.&nbsp;<\/p>\n\n\n\n<p>a. Departamento de Parques y Recreaci\u00f3n de Denver relacionado: normas y reglamentos de uso de parques&nbsp;<\/p>\n\n\n\n<p>i. Parques y Recreaci\u00f3n de Denver \u00a7 14.3 \u2013 Objetos voladores prohibidos&nbsp;<\/p>\n\n\n\n<p>ii. Parques y Recreaci\u00f3n de Denver \u00a7 10.1 \u2013 Mala conducta (perturbaci\u00f3n del orden p\u00fablico)&nbsp;<\/p>\n\n\n\n<p>III. Parques y Recreaci\u00f3n de Denver \u00a7 10.2 \u2013 Perturbar el ruido (perturbar la paz)&nbsp;<\/p>\n\n\n\n<p>b. Disposiciones relacionadas con el C\u00f3digo Municipal Revisado de Denver (\u201cDRMC\u201d):&nbsp;<\/p>\n\n\n\n<p>i. DRMC \u00a7 37-50 \u2013 Se proh\u00edben las molestias p\u00fablicas&nbsp;<\/p>\n\n\n\n<p>ii. DRMC \u00a7 38-117 \u2013 Ofensa contra la seguridad p\u00fablica&nbsp;<\/p>\n\n\n\n<p>C. Disposiciones de los Estatutos Revisados de Colorado (&quot;CRS&quot;):&nbsp;<\/p>\n\n\n\n<p>i. CRS \u00a7&nbsp;<\/p>\n\n<\/div>\n\n<\/div>\n<\/div>\n\n\n\n\n<div  class='lhl-section urbi-component urbi-component front_view lhl_comp_width_inherit lhl_spacing_t_09 lhl_spacing_b_09 lhl_spacing_l_00 lhl_spacing_r_00 section-background-t' ><div class=\"urbi-component-inner\">\n    <div class=\"is-layout-constrained\">\n\n<p><strong>VII. SANCIONES POR VIOLACI\u00d3N DE LA POL\u00cdTICA DE DRONES<\/strong><\/p>\n\n\n\n<p><\/p>\n\n<\/div>\n\n<\/div>\n<\/div>","protected":false},"excerpt":{"rendered":"","protected":false},"author":40,"featured_media":0,"parent":0,"menu_order":0,"comment_status":"closed","ping_status":"open","template":"","meta":{"_acf_changed":true,"_relevanssi_hide_post":"","_relevanssi_hide_content":"","_relevanssi_pin_for_all":"","_relevanssi_pin_keywords":"","_relevanssi_unpin_keywords":"","_relevanssi_related_keywords":"","_relevanssi_related_include_ids":"","_relevanssi_related_exclude_ids":"","_relevanssi_related_no_append":"","_relevanssi_related_not_related":"","_relevanssi_related_posts":"","_relevanssi_noindex_reason":"","footnotes":""},"class_list":["post-6587","page","type-page","status-publish","hentry"],"acf":[],"_links":{"self":[{"href":"https:\/\/denverzoo.org\/es\/wp-json\/wp\/v2\/pages\/6587","targetHints":{"allow":["GET"]}}],"collection":[{"href":"https:\/\/denverzoo.org\/es\/wp-json\/wp\/v2\/pages"}],"about":[{"href":"https:\/\/denverzoo.org\/es\/wp-json\/wp\/v2\/types\/page"}],"author":[{"embeddable":true,"href":"https:\/\/denverzoo.org\/es\/wp-json\/wp\/v2\/users\/40"}],"replies":[{"embeddable":true,"href":"https:\/\/denverzoo.org\/es\/wp-json\/wp\/v2\/comments?post=6587"}],"version-history":[{"count":0,"href":"https:\/\/denverzoo.org\/es\/wp-json\/wp\/v2\/pages\/6587\/revisions"}],"wp:attachment":[{"href":"https:\/\/denverzoo.org\/es\/wp-json\/wp\/v2\/media?parent=6587"}],"curies":[{"name":"gracias","href":"https:\/\/api.w.org\/{rel}","templated":true}]}}