{"id":7273,"date":"2018-10-25T19:43:54","date_gmt":"2018-10-25T19:43:54","guid":{"rendered":"https:\/\/denverzootemp.org\/creature-features-2\/"},"modified":"2019-12-04T13:36:14","modified_gmt":"2019-12-04T20:36:14","slug":"creature-feature-classes","status":"publish","type":"page","link":"https:\/\/denverzoo.org\/es\/creature-feature-classes\/","title":{"rendered":"Caracter\u00edstica y clases de criaturas"},"content":{"rendered":"<h3>\n\t\tFechas y Horarios<br \/>\n\t<\/h3>\n<ul>\n<li>Disponible de lunes a viernes, de septiembre a mayo<\/li>\n<li>El horario de inicio del programa es a las 10 a. M. Y a las 11:30 a. M.<\/li>\n<\/ul>\n<h3>\n\t\tCosto por estudiante<br \/>\n\t<\/h3>\n<h4>Caracter\u00edstica de criatura<\/h4>\n<p><strong>Abril - mayo (pico):<\/strong>\u00a0$7<br \/>\n<strong>Septiembre \u2013 Marzo:<\/strong>\u00a0$6<\/p>\n<p>\t\t\t<a href=\" https:\/\/tickets.denverzoo.org\/DateSelection.aspx?item=2562\" target=\"_self\" role=\"button\"><br \/>\n\t\t\t\t\t\t\tReg\u00edstrate ahora<br \/>\n\t\t\t\t\t<\/a><\/p>\n<h3>\n\t\tAcceso a becas Awe<br \/>\n\t<\/h3>\n<p>Becas disponibles, aplicar <a href=\"https:\/\/tickets.denverzoo.org\/DateSelection.aspx?item=2562\">durante el registro<\/a>. Puede encontrar m\u00e1s informaci\u00f3n sobre el acceso a las becas Awe aqu\u00ed.<\/p>\n<p>\t\t\t<a href=\"\/es\/access-to-awe\/\" target=\"_self\" role=\"button\"><br \/>\n\t\t\t\t\t\t\tAprende m\u00e1s<br \/>\n\t\t\t\t\t<\/a><\/p>\n<h1>\n\t\tInformaci\u00f3n del programa<br \/>\n\t<\/h1>\n<h2>\n\t\t Pre-K - K<br \/>\n\t<\/h2>\n<p>El zool\u00f3gico de Denver ofrece actualmente una opci\u00f3n de programa de excursiones para nuestros alumnos m\u00e1s j\u00f3venes. Este programa se recomienda para estudiantes de preescolar y kindergarten. En esta experiencia de aprendizaje de viaje de campo facilitado, los estudiantes se encuentran con animales invitados en nuestras aulas del zool\u00f3gico, exploran conceptos clave que respaldan los est\u00e1ndares acad\u00e9micos de Colorado relevantes y est\u00e1n capacitados para convertirse en cient\u00edficos a medida que observan, cuestionan y buscan respuestas.<\/p>\n<h3>Caracter\u00edstica de criatura<\/h3>\n<h4>30 minutos | 35 estudiantes m\u00e1ximo, 15 estudiantes m\u00ednimo<\/h4>\n<p>Con invitados animales muy especiales, \u00a1comencemos a aprender sobre clasificaci\u00f3n! \u00bfQu\u00e9 caracter\u00edsticas hacen que los grupos de animales sean \u00fanicos, ya sean anfibios, aves, invertebrados, mam\u00edferos o reptiles?<\/p>\n<h3>Pol\u00edtica y costo de los acompa\u00f1antes<\/h3>\n<p><i>Se requiere el cumplimiento de la pol\u00edtica de acompa\u00f1antes para seguir siendo elegible para las tarifas con descuento para grupos escolares.<\/i><\/p>\n<ul>\n<li>Cada grupo escolar que visite el Zool\u00f3gico de Denver debe tener al menos un adulto por cada diez estudiantes, independientemente de la edad de los estudiantes. A las escuelas que no traigan al menos un adulto por cada diez estudiantes se les cobrar\u00e1 el precio total de admisi\u00f3n.<\/li>\n<li>Tenga en cuenta que hay una proporci\u00f3n m\u00e1xima de un maestro \/ acompa\u00f1ante por cada cinco estudiantes que pueden asistir a cualquier programa programado.<\/li>\n<li>Los proveedores con necesidades especiales son admitidos gratis. Los maestros y el personal de la escuela son admitidos sin cargo. <b>Los dem\u00e1s acompa\u00f1antes pagan una tarifa de descuento de $5.00 cada uno.<\/b><\/li>\n<li>Solo aceptamos UN pago para todo el grupo.<\/li>\n<li>Todos los acompa\u00f1antes deben ingresar al zool\u00f3gico al mismo tiempo que el grupo. Los que lleguen tarde deber\u00e1n pagar el precio total de la entrada o utilizar sus membres\u00edas al zool\u00f3gico.<\/li>\n<\/ul>\n<h3>Pol\u00edtica de reprogramaci\u00f3n y cancelaci\u00f3n<\/h3>\n<p><i>Cualquier programa educativo que deba cambiarse despu\u00e9s de haber sido programado est\u00e1 sujeto a las siguientes tarifas:<\/i><\/p>\n<h4>Tarifa de reprogramaci\u00f3n:<\/h4>\n<ul>\n<li>Menos de 14 d\u00edas h\u00e1biles a partir de la fecha programada del programa: tarifa de transferencia de $25.00 Y 50% del costo total del programa.<\/li>\n<li>M\u00e1s de 14 d\u00edas h\u00e1biles a partir de la fecha del programa programado: tarifa de transferencia $25.00.<\/li>\n<\/ul>\n<h4>Tarifa de cancelaci\u00f3n:<\/h4>\n<ul>\n<li>Menos de 14 d\u00edas h\u00e1biles a partir de la fecha programada del programa: 50% del costo total del programa.<\/li>\n<li>M\u00e1s de 14 d\u00edas h\u00e1biles a partir de la fecha programada del programa: sin cargo.<\/li>\n<\/ul>\n<p>Comun\u00edquese con registration@denverzoo.org para cancelar o reprogramar un programa al menos dos semanas antes de su visita programada. No podemos garantizar que la reprogramaci\u00f3n sea posible.<\/p>\n<p><em>* Tenga en cuenta: el acceso a los fondos de becas Awe no se puede aplicar a tarifas de cancelaci\u00f3n o tarifas de transferencia.<\/em><\/p>\n<p>\t[dz_slideshow]<\/p>","protected":false},"excerpt":{"rendered":"<p>Fechas y horarios Disponibles de lunes a viernes, de septiembre a mayo Los horarios de inicio del programa son 10 am y 11:30 am Costo por criatura estudiantil Caracter\u00edstica Abril \u2013 mayo (pico): $7 Septiembre \u2013 marzo: $6 Reg\u00edstrese ahora Acceso a becas Awe Becas disponibles, solicite durante el registro. Puede encontrar m\u00e1s informaci\u00f3n sobre las becas Access to Awe aqu\u00ed. Aprende m\u00e1s [\u2026]<\/p>","protected":false},"author":40,"featured_media":0,"parent":0,"menu_order":0,"comment_status":"closed","ping_status":"closed","template":"","meta":{"_acf_changed":false,"_relevanssi_hide_post":"","_relevanssi_hide_content":"","_relevanssi_pin_for_all":"","_relevanssi_pin_keywords":"","_relevanssi_unpin_keywords":"","_relevanssi_related_keywords":"","_relevanssi_related_include_ids":"","_relevanssi_related_exclude_ids":"","_relevanssi_related_no_append":"","_relevanssi_related_not_related":"","_relevanssi_related_posts":"","_relevanssi_noindex_reason":"","footnotes":""},"class_list":["post-7273","page","type-page","status-publish","hentry"],"acf":[],"_links":{"self":[{"href":"https:\/\/denverzoo.org\/es\/wp-json\/wp\/v2\/pages\/7273","targetHints":{"allow":["GET"]}}],"collection":[{"href":"https:\/\/denverzoo.org\/es\/wp-json\/wp\/v2\/pages"}],"about":[{"href":"https:\/\/denverzoo.org\/es\/wp-json\/wp\/v2\/types\/page"}],"author":[{"embeddable":true,"href":"https:\/\/denverzoo.org\/es\/wp-json\/wp\/v2\/users\/40"}],"replies":[{"embeddable":true,"href":"https:\/\/denverzoo.org\/es\/wp-json\/wp\/v2\/comments?post=7273"}],"version-history":[{"count":0,"href":"https:\/\/denverzoo.org\/es\/wp-json\/wp\/v2\/pages\/7273\/revisions"}],"wp:attachment":[{"href":"https:\/\/denverzoo.org\/es\/wp-json\/wp\/v2\/media?parent=7273"}],"curies":[{"name":"gracias","href":"https:\/\/api.w.org\/{rel}","templated":true}]}}