{"id":7325,"date":"2018-10-25T21:49:13","date_gmt":"2018-10-25T21:49:13","guid":{"rendered":"https:\/\/denverzootemp.org\/?page_id=7325"},"modified":"2020-06-29T15:59:01","modified_gmt":"2020-06-29T21:59:01","slug":"careers-in-conservation-biology","status":"publish","type":"page","link":"https:\/\/denverzoo.org\/es\/careers-in-conservation-biology\/","title":{"rendered":"Carreras en biolog\u00eda de la conservaci\u00f3n"},"content":{"rendered":"<h3>\u00bfC\u00f3mo se gana experiencia en un zool\u00f3gico ahora?<\/h3>\n<p>\u00a1\u00danase a nosotros en el Zool\u00f3gico de Denver para disfrutar de nuestros atractivos programas para adolescentes!<\/p>\n<ul>\n<li><a href=\"..\/zookeeper-experience\" target=\"_blank\" rel=\"noopener\">Experiencia Zookeeper<\/a>\u00a0- Sigue a un cuidador en el zool\u00f3gico de Denver<\/li>\n<\/ul>\n<p>\u00a1\u00danase a nosotros en el Zool\u00f3gico de Denver para disfrutar de nuestros atractivos programas para adolescentes!<\/p>\n<ul>\n<li><a href=\"\/es\/teen-career-programs\/\" target=\"_blank\" rel=\"noopener\">D\u00eda del descubrimiento de la carrera<\/a>\u00a0- Programa de exploraci\u00f3n de carreras de un d\u00eda para estudiantes de secundaria<\/li>\n<li><a href=\"..\/zookeeper-experience\" target=\"_blank\" rel=\"noopener\">Experiencia Zookeeper<\/a>\u00a0- Sigue a un cuidador en el zool\u00f3gico de Denver<\/li>\n<li><a href=\"\/es\/teen-career-programs\/\" target=\"_blank\" rel=\"noopener\">Laboratorio de carrera<\/a>\u00a0- Programa de exploraci\u00f3n de carreras de un d\u00eda para estudiantes de secundaria<\/li>\n<li><a href=\"..\/zoo-crew\" target=\"_blank\" rel=\"noopener\">Tripulaci\u00f3n del zool\u00f3gico<\/a>\u00a0- Programa de voluntarios para adolescentes del zool\u00f3gico de Denver, se aceptan solicitudes de enero a 1 de marzo<\/li>\n<\/ul>\n<h3>Otros recursos valiosos<\/h3>\n<p><a href=\"https:\/\/www.aza.org\/careers_in_zoos_and_aquariums\">Asociaci\u00f3n Americana de Zool\u00f3gicos y Acuarios<\/a>- Sitio web donde puede encontrar ofertas de trabajo y m\u00e1s informaci\u00f3n sobre carreras.<\/p>\n<h1>Carreras en biolog\u00eda de la conservaci\u00f3n<\/h1>\n<h2>Preguntas frecuentes sobre carreras en biolog\u00eda de la conservaci\u00f3n<\/h2>\n<p><a role=\"button\" href=\"\/wp-content\/uploads\/2018\/11\/conservation-biology-questions.pdf\" target=\"_blank\" rel=\"noopener\"><br \/>\nDescargar PDF<br \/>\n<\/a><\/p>\n<h3>Como bi\u00f3logo conservacionista, \u00bfcu\u00e1les son los deberes y responsabilidades del trabajo? \u00bfCu\u00e1les son algunas actividades diarias?<\/h3>\n<p>Depende de si est\u00e1s en el campo o en la oficina. En el departamento de conservaci\u00f3n e investigaci\u00f3n del zool\u00f3gico de Denver, la proporci\u00f3n depende de la \u00e9poca del a\u00f1o y del proyecto. A menudo, la organizaci\u00f3n de los datos es una gran parte de lo que hace un bi\u00f3logo conservacionista cuando no est\u00e1 en el campo. Solicitar subvenciones para financiar el trabajo de conservaci\u00f3n, planificar viajes, organizar a los estudiantes y \/ o voluntarios en alg\u00fan momento son otras responsabilidades. Si trabaja para una universidad como bi\u00f3logo conservacionista, la investigaci\u00f3n de campo Y el trabajo como profesor ense\u00f1ando a los estudiantes es parte del trabajo de un d\u00eda. Cuando est\u00e1n en el campo, los bi\u00f3logos de la conservaci\u00f3n suelen buscar sitios si no se ha identificado alguno o no est\u00e1n recopilando datos.<\/p>\n<h3>\u00bfQu\u00e9 le gusta y qu\u00e9 le disgusta a la mayor\u00eda de la gente de esta ocupaci\u00f3n?<\/h3>\n<p>La conservaci\u00f3n es un trabajo f\u00edsico duro, que incluye ensuciarse y sentirse inc\u00f3modo. Tambi\u00e9n puede ser peligroso seg\u00fan el lugar donde se est\u00e9 realizando el trabajo de campo (animales, enfrentamientos pol\u00edticos, problemas m\u00e9dicos remotos). Si trabaja a nivel internacional, puede haber barreras idiom\u00e1ticas y desaf\u00edos al estar lejos de casa \/ familia. Esas mismas cosas pueden ser muy nuevas y emocionantes. La forma en que un bi\u00f3logo conservacionista reacciona a estos desaf\u00edos a menudo depende de la personalidad de cada uno y de d\u00f3nde se encuentran en la vida.<\/p>\n<h3>\u00bfNecesita ir a la universidad para convertirse en bi\u00f3logo de la conservaci\u00f3n?<\/h3>\n<p>\u00a1S\u00ed! \u00a1Estudia los temas de mayor inter\u00e9s! Mira los cursos que componen cada especialidad y elige el que tenga los cursos que te interesen. Para una carrera que implique trabajo de campo, es importante tomar clases de ciencias (el nivel m\u00e1s alto posible en el \u00e1rea espec\u00edfica de inter\u00e9s). Si el \u00e1rea de inter\u00e9s son los animales, tome todas las clases de ecolog\u00eda, biolog\u00eda y subgrupo que pueda, como mamolog\u00eda, herpetolog\u00eda y ornitolog\u00eda. Los bi\u00f3logos de campo se convierten inadvertidamente en ecologistas, especialmente si un proyecto requiere largos d\u00edas en el campo. Las clases mencionadas anteriormente ayudar\u00e1n a prepararse para eso. Tambi\u00e9n es importante adquirir experiencia trabajando con personas. Las comunidades y las personas dentro de las comunidades son un componente clave para la conservaci\u00f3n. Esto es muy importante, pero no siempre es un pensamiento com\u00fan cuando se est\u00e1 interesado en estudiar biolog\u00eda de la conservaci\u00f3n. Adquirir experiencia en el mundo real y aprender a ser diplom\u00e1tico, paciente, de mente abierta y respetuoso son valiosos en este campo, ya que trabajar con personas con diferentes perspectivas y antecedentes es parte del trabajo.<\/p>\n<p>[mostrar_botones_personalizados]<\/p>\n<h2>Recursos de carrera para estudiantes<\/h2>\n<p>Obtenga m\u00e1s informaci\u00f3n sobre otras opciones profesionales.<\/p>\n<p><a role=\"button\" href=\"\/es\/student-career-resources\/\" target=\"_self\"><br \/>\nAprende m\u00e1s<br \/>\n<\/a><\/p>","protected":false},"excerpt":{"rendered":"<p>\u00bfC\u00f3mo se gana experiencia en un zool\u00f3gico ahora? \u00a1\u00danase a nosotros en el Zool\u00f3gico de Denver para disfrutar de nuestros atractivos programas para adolescentes! Experiencia de cuidador del zool\u00f3gico: siga a un cuidador en el zool\u00f3gico de Denver \u00a1\u00danase a nosotros en el zool\u00f3gico de Denver para disfrutar de nuestros atractivos programas para adolescentes! D\u00eda de descubrimiento profesional: programa de exploraci\u00f3n profesional de un d\u00eda para estudiantes de secundaria. Experiencia Zookeeper: sigue a un cuidador en [\u2026]<\/p>","protected":false},"author":40,"featured_media":0,"parent":0,"menu_order":0,"comment_status":"closed","ping_status":"closed","template":"","meta":{"_acf_changed":false,"_relevanssi_hide_post":"","_relevanssi_hide_content":"","_relevanssi_pin_for_all":"","_relevanssi_pin_keywords":"","_relevanssi_unpin_keywords":"","_relevanssi_related_keywords":"","_relevanssi_related_include_ids":"","_relevanssi_related_exclude_ids":"","_relevanssi_related_no_append":"","_relevanssi_related_not_related":"","_relevanssi_related_posts":"","_relevanssi_noindex_reason":"","footnotes":""},"class_list":["post-7325","page","type-page","status-publish","hentry"],"acf":[],"_links":{"self":[{"href":"https:\/\/denverzoo.org\/es\/wp-json\/wp\/v2\/pages\/7325","targetHints":{"allow":["GET"]}}],"collection":[{"href":"https:\/\/denverzoo.org\/es\/wp-json\/wp\/v2\/pages"}],"about":[{"href":"https:\/\/denverzoo.org\/es\/wp-json\/wp\/v2\/types\/page"}],"author":[{"embeddable":true,"href":"https:\/\/denverzoo.org\/es\/wp-json\/wp\/v2\/users\/40"}],"replies":[{"embeddable":true,"href":"https:\/\/denverzoo.org\/es\/wp-json\/wp\/v2\/comments?post=7325"}],"version-history":[{"count":0,"href":"https:\/\/denverzoo.org\/es\/wp-json\/wp\/v2\/pages\/7325\/revisions"}],"wp:attachment":[{"href":"https:\/\/denverzoo.org\/es\/wp-json\/wp\/v2\/media?parent=7325"}],"curies":[{"name":"gracias","href":"https:\/\/api.w.org\/{rel}","templated":true}]}}