{"id":7328,"date":"2018-10-25T22:05:14","date_gmt":"2018-10-25T22:05:14","guid":{"rendered":"https:\/\/denverzootemp.org\/careers-in-veterinary-medicine-2\/"},"modified":"2019-11-08T16:25:45","modified_gmt":"2019-11-08T23:25:45","slug":"careers-in-veterinary-medicine","status":"publish","type":"page","link":"https:\/\/denverzoo.org\/es\/careers-in-veterinary-medicine\/","title":{"rendered":"Carreras en Medicina Veterinaria"},"content":{"rendered":"<h3>\n\t\t\u00bfC\u00f3mo se gana experiencia en un zool\u00f3gico ahora?<br \/>\n\t<\/h3>\n<p>\u00a1\u00danase a nosotros en el Zool\u00f3gico de Denver para disfrutar de nuestros atractivos programas para adolescentes!<\/p>\n<ul>\n<li><a href=\"https:\/\/denverzoo.org\/es\/zookeeper-experience\/\" target=\"_blank\" rel=\"noopener\">Experiencia Zookeeper<\/a>\u00a0- Sigue a un cuidador en el zool\u00f3gico de Denver<\/li>\n<\/ul>\n<p>\u00a1\u00danase a nosotros en el Zool\u00f3gico de Denver para disfrutar de nuestros atractivos programas para adolescentes!<\/p>\n<ul>\n<li><a href=\"\/es\/teen-career-programs\/\" target=\"_blank\" rel=\"noopener\">D\u00eda del descubrimiento de la carrera<\/a>\u00a0- Programa de exploraci\u00f3n de carreras de un d\u00eda para estudiantes de secundaria<\/li>\n<li><a href=\"\/es\/teen-career-programs\/\" target=\"_blank\" rel=\"noopener\">Laboratorio de carrera<\/a>\u00a0- Programa de exploraci\u00f3n de carreras de un d\u00eda para estudiantes de secundaria<\/li>\n<li><a href=\"https:\/\/denverzoo.org\/es\/zookeeper-experience\/\" target=\"_blank\" rel=\"noopener\">Experiencia Zookeeper<\/a>\u00a0- Sigue a un cuidador en el zool\u00f3gico de Denver<\/li>\n<li><a href=\"https:\/\/denverzoo.org\/es\/zoo-crew\/\" target=\"_blank\" rel=\"noopener\">Tripulaci\u00f3n del zool\u00f3gico<\/a>\u00a0- Programa de voluntarios para adolescentes del zool\u00f3gico de Denver, se aceptan solicitudes de enero a 1 de marzo<\/li>\n<\/ul>\n<h3>Otros recursos valiosos<\/h3>\n<p><a href=\"https:\/\/www.aza.org\/careers_in_zoos_and_aquariums\">Asociaci\u00f3n Americana de Zool\u00f3gicos y Acuarios<\/a>- Sitio web donde puede encontrar ofertas de trabajo y m\u00e1s informaci\u00f3n sobre carreras.<\/p>\n<h1>\n\t\tCarreras en Medicina Veterinaria<br \/>\n\t<\/h1>\n<h2>\n\t\tPreguntas frecuentes sobre carreras en medicina veterinaria<br \/>\n\t<\/h2>\n<p>\t\t\t<a href=\"\/wp-content\/uploads\/2018\/11\/veterinary-medicine-questions.pdf\" target=\"_blank\" role=\"button\" rel=\"noopener\" ><br \/>\n\t\t\t\t\t\t\tDescargar PDF<br \/>\n\t\t\t\t\t<\/a><\/p>\n<h3>\u00bfNecesitas ir a la universidad para convertirte en veterinario o t\u00e9cnico veterinario?<\/h3>\n<p>S\u00ed, necesita un t\u00edtulo universitario para ser veterinario. Seguir un programa s\u00f3lido de ciencias, matem\u00e1ticas y biolog\u00eda en la escuela secundaria. Entonces, en otras palabras, \u00a1tome tantas clases de ciencias naturales como pueda! Si hay clases AP o avanzadas, \u00a1adelante! El campo de la veterinaria, especialmente con las ex\u00f3ticas, es muy competitivo, por lo que es una buena idea comenzar a desafiarte a ti mismo ahora con las clases que realmente pueden ayudarte a lo largo de la universidad y la escuela de veterinaria. Empiece a planificar ir a la universidad e ir a una escuela que tenga un programa de biolog\u00eda s\u00f3lido. Algunas escuelas tienen programas de biolog\u00eda que son espec\u00edficamente para estudiantes pre-veterinarios. Tenga en cuenta que cada escuela de veterinaria a la que postula despu\u00e9s de su licenciatura de 4 a\u00f1os tiene su propio conjunto de requisitos previos, por lo que es una buena idea comenzar a investigar las escuelas de veterinaria temprano o ir a una universidad en la que pueda continuar durante todo el proceso. programa (CSU en Ft. Collins es un ejemplo). Te recomiendo que visites el <a href=\"http:\/\/www.avma.org\" target=\"_blank\" rel=\"noopener\">Sitio web de la Asociaci\u00f3n Americana de Medicina Veterinaria (AVMA)<\/a>, ya que tienen excelente informaci\u00f3n sobre las escuelas de veterinaria acreditadas de EE. UU., las organizaciones especializadas y los recursos adicionales.<\/p>\n<p>De manera similar a una carrera de veterinario, intente seguir un programa s\u00f3lido de ciencias, matem\u00e1ticas y biolog\u00eda en la escuela secundaria y tome tantas clases de ciencias naturales como pueda si est\u00e1 interesado en convertirse en t\u00e9cnico veterinario. Si hay clases AP o avanzadas, \u00a1adelante! El campo es muy competitivo, por lo que es una buena idea comenzar a desafiarse a s\u00ed mismo ahora con las clases que realmente pueden ayudarlo a lo largo de la universidad y \/ o en los programas de t\u00e9cnico veterinario. Empiece a planificar ir a la universidad e ir a una escuela que tenga un programa de biolog\u00eda s\u00f3lido. Algunos programas de t\u00e9cnico veterinario son licencias de t\u00e9cnico asociados \u00fanicamente, este tipo de t\u00edtulo puede conseguirle un puesto en muchas oficinas \/ cl\u00ednicas veterinarias.<\/p>\n<h3>\u00bfEs dif\u00edcil conseguir trabajo como veterinario de zool\u00f3gico o t\u00e9cnico veterinario?<\/h3>\n<p>Seguir una carrera en medicina veterinaria ex\u00f3tica puede ser muy competitivo, as\u00ed que tenga en cuenta que una vez que ingrese a la escuela veterinaria, querr\u00e1 diversificar su experiencia con los animales tanto como sea posible y utilizar a sus profesores para sus contactos y consejos sobre c\u00f3mo ingresar. el ex\u00f3tico campo veterinario. En lo que respecta al salario, el sitio web mencionado anteriormente tendr\u00e1 m\u00e1s informaci\u00f3n actualizada, pero tenga en cuenta que los veterinarios de los zool\u00f3gicos tienden a ganar menos dinero que los veterinarios que trabajan con animales dom\u00e9sticos. Los salarios de las carreras en zool\u00f3gicos en general son competitivos, pero siempre decimos que trabajas con animales porque los amas, no por la cantidad de dinero que ganas.<\/p>\n<p>Trabajar en un zool\u00f3gico como t\u00e9cnico veterinario es mucho m\u00e1s competitivo, ya que hay menos oportunidades dentro de una ciudad dada, ya que hay m\u00e1s cl\u00ednicas veterinarias privadas que zool\u00f3gicos. Cualquier cosa que puedas hacer para destacar te ayudar\u00e1, tener un t\u00edtulo de 4 a\u00f1os. <i>adem\u00e1s <\/i>hasta un grado t\u00e9cnico asociado es deseable. Esta <a href=\"http:\/\/www.veterinarytechnicianschools.com\/Default.aspx?ID=128\" target=\"_blank\" rel=\"noopener\">sitio web<\/a>\u00a0es un buen punto de partida para los programas de t\u00e9cnicos, pero nuevamente, es posible que desee buscar escuelas que puedan ofrecerle una licenciatura de 4 a\u00f1os y una licencia de t\u00e9cnico si desea trabajar en un zool\u00f3gico con especies ex\u00f3ticas.<\/p>\n<p>\t[mostrar_botones_personalizados]<\/p>\n<h2>Recursos de carrera para estudiantes<\/h2>\n<p>Obtenga m\u00e1s informaci\u00f3n sobre otras opciones profesionales.<\/p>\n<p>\t\t\t<a href=\"\/es\/student-career-resources\/\" target=\"_self\" role=\"button\"><br \/>\n\t\t\t\t\t\t\tAprende m\u00e1s<br \/>\n\t\t\t\t\t<\/a><\/p>","protected":false},"excerpt":{"rendered":"<p>\u00bfC\u00f3mo se gana experiencia en un zool\u00f3gico ahora? \u00a1\u00danase a nosotros en el Zool\u00f3gico de Denver para disfrutar de nuestros atractivos programas para adolescentes! Experiencia del cuidador del zool\u00f3gico: siga a un cuidador en el zool\u00f3gico de Denver \u00a1\u00danase a nosotros en el zool\u00f3gico de Denver para disfrutar de nuestros atractivos programas para adolescentes! D\u00eda de descubrimiento de carreras: programa de exploraci\u00f3n de carreras de un d\u00eda para estudiantes de secundaria. Laboratorio de carreras: exploraci\u00f3n de carreras de un d\u00eda [\u2026]<\/p>","protected":false},"author":40,"featured_media":0,"parent":0,"menu_order":0,"comment_status":"closed","ping_status":"closed","template":"","meta":{"_acf_changed":false,"_relevanssi_hide_post":"","_relevanssi_hide_content":"","_relevanssi_pin_for_all":"","_relevanssi_pin_keywords":"","_relevanssi_unpin_keywords":"","_relevanssi_related_keywords":"","_relevanssi_related_include_ids":"","_relevanssi_related_exclude_ids":"","_relevanssi_related_no_append":"","_relevanssi_related_not_related":"","_relevanssi_related_posts":"","_relevanssi_noindex_reason":"","footnotes":""},"class_list":["post-7328","page","type-page","status-publish","hentry"],"acf":[],"_links":{"self":[{"href":"https:\/\/denverzoo.org\/es\/wp-json\/wp\/v2\/pages\/7328","targetHints":{"allow":["GET"]}}],"collection":[{"href":"https:\/\/denverzoo.org\/es\/wp-json\/wp\/v2\/pages"}],"about":[{"href":"https:\/\/denverzoo.org\/es\/wp-json\/wp\/v2\/types\/page"}],"author":[{"embeddable":true,"href":"https:\/\/denverzoo.org\/es\/wp-json\/wp\/v2\/users\/40"}],"replies":[{"embeddable":true,"href":"https:\/\/denverzoo.org\/es\/wp-json\/wp\/v2\/comments?post=7328"}],"version-history":[{"count":0,"href":"https:\/\/denverzoo.org\/es\/wp-json\/wp\/v2\/pages\/7328\/revisions"}],"wp:attachment":[{"href":"https:\/\/denverzoo.org\/es\/wp-json\/wp\/v2\/media?parent=7328"}],"curies":[{"name":"gracias","href":"https:\/\/api.w.org\/{rel}","templated":true}]}}