{"id":76,"date":"2018-06-25T12:05:07","date_gmt":"2018-06-25T12:05:07","guid":{"rendered":"http:\/\/localhost:2018\/denverzoo\/?page_id=76"},"modified":"2024-11-04T10:32:38","modified_gmt":"2024-11-04T17:32:38","slug":"internships","status":"publish","type":"page","link":"https:\/\/denverzoo.org\/es\/internships\/","title":{"rendered":"Pasant\u00edas"},"content":{"rendered":"<div  class='lhl-section urbi-component urbi-component front_view lhl_comp_width_inherit lhl_spacing_t_09 lhl_spacing_b_03 lhl_spacing_l_00 lhl_spacing_r_00 section-background-t' ><div class=\"urbi-component-inner\">\n    <div class=\"is-layout-constrained\">\n\n<div class=\"wp-block-columns is-layout-flex wp-container-core-columns-is-layout-28f84493 wp-block-columns-is-layout-flex\">\n<div class=\"wp-block-column is-layout-flow wp-block-column-is-layout-flow\" style=\"flex-basis:33.33%\">\n<h4 class=\"wp-block-heading\">Proceso<\/h4>\n\n\n\n<p>VERANO<br><strong><span style=\"text-decoration: underline;\">Fecha de publicaci\u00f3n:<\/span><\/strong> 28 de febrero<br><strong><span style=\"text-decoration: underline;\">Ofertas<\/span>:<\/strong> Principios de abril<br><strong><span style=\"text-decoration: underline;\">Fecha de inicio<\/span>:<\/strong> Mayo\/Junio<\/p>\n<\/div>\n\n\n\n<div class=\"wp-block-column is-layout-flow wp-block-column-is-layout-flow\" style=\"flex-basis:80%\">\n<h3 class=\"wp-block-heading\">Animal Care Internship Program<\/h3>\n\n\n\n<p>La Denver Zoo Conservation Alliance ofrece pasant\u00edas remuneradas en el cuidado de animales todos los a\u00f1os, seg\u00fan lo permita el presupuesto. La mayor\u00eda de las oportunidades de pasant\u00edas en el cuidado de animales est\u00e1n disponibles durante los meses de verano. Los solicitantes tendr\u00e1n tres semanas para enviar sus solicitudes desde el momento en que se publique la oportunidad de pasant\u00eda en el sitio web de carreras de la Denver Zoo Conservation Alliance. Debido a la gran cantidad de solicitudes que se reciben, solo se contactar\u00e1 directamente a los solicitantes m\u00e1s calificados para obtener informaci\u00f3n adicional. Los dem\u00e1s recibir\u00e1n actualizaciones por correo electr\u00f3nico sobre su estado.<\/p>\n\n\n    \r\n    \r\n    <div class='urbi_button_link'><a class=\"urbi-link lhl_button lhl_button--small lhl_button_color_default lhl_button_width_default lhl_button--block\" href=\"https:\/\/recruiting2.ultipro.com\/DEN1007DZOO\/JobBoard\/d1f817ca-ca1f-4c97-8900-359777b7d099\/?q=&#038;o=postedDateDesc\" target=\"_blank\" rel=\"noopener noreferrer\" >Aplica ya<\/a><\/div><\/div>\n<\/div>\n\n<\/div>\n\n<\/div>\n<\/div>\n\n\n\n\n<div  class='lhl-section urbi-component urbi-component front_view lhl_comp_width_inherit lhl_spacing_t_03 lhl_spacing_b_09 lhl_spacing_l_00 lhl_spacing_r_00 section-background-t' ><div class=\"urbi-component-inner\">\n    <div class=\"is-layout-constrained\">\n\n\n<div  class='lhl-accordion urbi-component urbi-component front_view lhl_comp_width_inherit lhl_spacing_t_09 lhl_spacing_b_09 lhl_spacing_l_00 lhl_spacing_r_00 section-background-t' ><div class=\"urbi-component-inner\">\n    <ul id=\"accordion-1aa8d\" class=\"uk-accordion lhl-accordion-items\" uk-accordion data-id=\"accordion-1aa8d\"><li id=\"accordion-1aa8d--length-and-hour-requirements-no\" class=\"lhl-accordion-item lhl_mb_40\" data-id=\"accordion-1aa8d--length-and-hour-requirements\"><a class=\"uk-accordion-title lhl-accordion-item-title\" href=\"#\">Requisitos de duraci\u00f3n y hora<\/a><div class=\"uk-accordion-content lhl-accordion-item-content\"><p><strong>Tiempo completo:<\/strong> 32 a 40 horas por semana a completarse en un plazo de 12 a 16 semanas (sin exceder las 640 horas).<\/p>\n<p><strong>Tiempo parcial:<\/strong> Al menos 200 horas a completar en un plazo de 6 meses (sin exceder las 384 horas).<\/p>\n<p>Las pasant\u00edas de cuidado de animales de la Alianza para la Conservaci\u00f3n del Zool\u00f3gico de Denver se pueden realizar para obtener cr\u00e9ditos, pero no es obligatorio. Tenga en cuenta que los solicitantes seleccionados no pueden participar en m\u00e1s de una pasant\u00eda a la vez. Adem\u00e1s, cada solicitante est\u00e1 limitado a completar dos pasant\u00edas de cuidado de animales de la Alianza para la Conservaci\u00f3n del Zool\u00f3gico de Denver, en total. Las pasant\u00edas no se pueden repetir en el mismo departamento.<\/p>\n<p>Denver Zoo Conservation Alliance es un lugar de trabajo libre de drogas y todos los empleados y pasantes potenciales est\u00e1n sujetos a una verificaci\u00f3n de antecedentes y una prueba de detecci\u00f3n de drogas antes de comenzar a trabajar en sus puestos.<\/p>\n<p>Si son seleccionados, todos los solicitantes deben poder presentar prueba de una prueba de tuberculosis negativa v\u00e1lida. Denver Zoo Conservation Alliance trabajar\u00e1 con los solicitantes para obtenerla antes de su fecha de inicio, si es necesario.<\/p>\n<\/div><\/li><li id=\"accordion-1aa8d--intern-applicant-qualifications-no\" class=\"lhl-accordion-item lhl_mb_40\" data-id=\"accordion-1aa8d--intern-applicant-qualifications\"><a class=\"uk-accordion-title lhl-accordion-item-title\" href=\"#\">Requisitos para postularse a pasante<\/a><div class=\"uk-accordion-content lhl-accordion-item-content\"><ul>\n<li>Los solicitantes deben tener al menos 18 a\u00f1os.<\/li>\n<li>Se requiere experiencia previa con animales para algunas de nuestras pasant\u00edas en cuidado de animales.<\/li>\n<li>Los solicitantes seleccionados para convertirse en pasantes deben trabajar con Denver Zoo Conservation Alliance para proporcionar prueba de una prueba de tuberculosis negativa actual, antes del inicio de una pasant\u00eda.<\/li>\n<\/ul>\n<\/div><\/li><li id=\"accordion-1aa8d--additional-internship-information-no\" class=\"lhl-accordion-item lhl_mb_40\" data-id=\"accordion-1aa8d--additional-internship-information\"><a class=\"uk-accordion-title lhl-accordion-item-title\" href=\"#\">Informaci\u00f3n adicional sobre pasant\u00edas<\/a><div class=\"uk-accordion-content lhl-accordion-item-content\"><ul>\n<li>Todos los solicitantes deben presentar su solicitud en l\u00ednea e incluir una carta de presentaci\u00f3n que explique su inter\u00e9s y lo que espera obtener de la pasant\u00eda.<\/li>\n<li>Pueden estar disponibles pasant\u00edas tanto a tiempo completo como a tiempo parcial seg\u00fan las necesidades del departamento.<\/li>\n<li>No se proporciona vivienda.<\/li>\n<li>Se pueden enviar cartas de recomendaci\u00f3n, pero no son obligatorias.<\/li>\n<li>Se ofrecen pasant\u00edas de cuidado de animales en el verano.<\/li>\n<li>Tambi\u00e9n pueden estar disponibles oportunidades de pasant\u00edas en \u00e1reas que no sean de cuidado de animales, y se publicar\u00e1n cuando sea posible.<\/li>\n<li>Este es un programa muy competitivo, no todos los que se postulen ser\u00e1n seleccionados para una entrevista.<\/li>\n<\/ul>\n<p>Denver Zoo Conservation Alliance se dedica a garantizar un entorno seguro para nuestro personal y nuestros visitantes. Para ayudar a lograr ese objetivo, realizamos investigaciones de antecedentes, pruebas de detecci\u00f3n de drogas y alcohol, verificaci\u00f3n de referencias y validaci\u00f3n razonable de la informaci\u00f3n proporcionada en la solicitud de pasant\u00eda.<\/p>\n<p>Denver Zoo Conservation Alliance es un empleador que ofrece igualdad de oportunidades.<\/p>\n<\/div><\/li><\/ul>\n<\/div>\n\n<\/div>\n<\/div>\n\n<\/div>\n<\/div>","protected":false},"excerpt":{"rendered":"","protected":false},"author":40,"featured_media":4316,"parent":0,"menu_order":0,"comment_status":"closed","ping_status":"closed","template":"","meta":{"_acf_changed":false,"_relevanssi_hide_post":"","_relevanssi_hide_content":"","_relevanssi_pin_for_all":"","_relevanssi_pin_keywords":"","_relevanssi_unpin_keywords":"","_relevanssi_related_keywords":"","_relevanssi_related_include_ids":"","_relevanssi_related_exclude_ids":"","_relevanssi_related_no_append":"","_relevanssi_related_not_related":"","_relevanssi_related_posts":"","_relevanssi_noindex_reason":"","footnotes":""},"class_list":["post-76","page","type-page","status-publish","has-post-thumbnail","hentry"],"acf":[],"_links":{"self":[{"href":"https:\/\/denverzoo.org\/es\/wp-json\/wp\/v2\/pages\/76","targetHints":{"allow":["GET"]}}],"collection":[{"href":"https:\/\/denverzoo.org\/es\/wp-json\/wp\/v2\/pages"}],"about":[{"href":"https:\/\/denverzoo.org\/es\/wp-json\/wp\/v2\/types\/page"}],"author":[{"embeddable":true,"href":"https:\/\/denverzoo.org\/es\/wp-json\/wp\/v2\/users\/40"}],"replies":[{"embeddable":true,"href":"https:\/\/denverzoo.org\/es\/wp-json\/wp\/v2\/comments?post=76"}],"version-history":[{"count":0,"href":"https:\/\/denverzoo.org\/es\/wp-json\/wp\/v2\/pages\/76\/revisions"}],"wp:featuredmedia":[{"embeddable":true,"href":"https:\/\/denverzoo.org\/es\/wp-json\/wp\/v2\/media\/4316"}],"wp:attachment":[{"href":"https:\/\/denverzoo.org\/es\/wp-json\/wp\/v2\/media?parent=76"}],"curies":[{"name":"gracias","href":"https:\/\/api.w.org\/{rel}","templated":true}]}}