{"id":79,"date":"2018-06-25T12:05:39","date_gmt":"2018-06-25T12:05:39","guid":{"rendered":"http:\/\/localhost:2018\/denverzoo\/?page_id=79"},"modified":"2023-08-29T14:36:45","modified_gmt":"2023-08-29T20:36:45","slug":"serviceanimals","status":"publish","type":"page","link":"https:\/\/denverzoo.org\/es\/serviceanimals\/","title":{"rendered":"Pol\u00edtica de animales de servicio"},"content":{"rendered":"<h3>\n\t\tOtros recursos\n\t<\/h3>\n\t<p><a href=\"\/es\/dronepolicy\/\">Pol\u00edtica de drones<\/a><\/p>\n<p><a href=\"\/es\/privacypolicy\/\">Pol\u00edtica de privacidad<\/a><\/p>\n<p><a href=\"\/es\/rules-regulations\/\">Normas y regulaciones<\/a><\/p>\n<p><a href=\"\/es\/terms-conditions\/\">T\u00e9rminos y condiciones<\/a><\/p>\n<p><a href=\"\/es\/weaponspolicy\/\">Pol\u00edtica de armas del Denver Zoo<\/a><\/p>\n<p><a href=\"\/es\/registration-petition-protestor-policy\/\">Pol\u00edtica de registro, petici\u00f3n y protestante<\/a><\/p>\n<p><a href=\"\/es\/photopolicy\/\">Pol\u00edtica de imagen del consumidor y conciencia de los hu\u00e9spedes<\/a><\/p>\n<h1>\n\t\tPol\u00edtica de animales de servicio\n\t<\/h1>\n\t<h3>DECLARACI\u00d3N DE POL\u00cdTICA GENERAL<\/h3>\n<p>El Zool\u00f3gico de Denver se compromete a proporcionar un entorno seguro para los hu\u00e9spedes, empleados, voluntarios, contratistas, proveedores y los animales a su cuidado. Esta pol\u00edtica se aplica a todas las personas en el campus del Zool\u00f3gico de Denver, incluidos invitados, empleados, voluntarios, contratistas y proveedores.<\/p>\n<p>Los animales de servicio son bienvenidos en el Zool\u00f3gico de Denver. Las personas que ingresan al zool\u00f3gico con un animal de servicio deben registrarse con seguridad al ingresar y se les proporcionar\u00e1 un mapa e instrucciones detalladas sobre c\u00f3mo disfrutar del zool\u00f3gico sin causar angustia a los animales del zool\u00f3gico. Seg\u00fan la ADA, un animal de servicio se define como un perro o caballo en miniatura que ha sido entrenado para trabajar o realizar tareas para una persona con discapacidad.<\/p>\n<p>Los animales y mascotas de apoyo emocional, terapia, compa\u00f1\u00eda, comodidad o asistencia no califican como animales de servicio seg\u00fan la ADA y no est\u00e1n permitidos en el campus del Zool\u00f3gico de Denver en ning\u00fan momento.<\/p>\n<p>Los animales de servicio deben estar bajo el control del due\u00f1o del animal en todo momento. Los animales de servicio deben tener un arn\u00e9s, correa u otra atadura, a menos que la discapacidad del gu\u00eda proh\u00edba su uso o si dicho equipo obstaculizar\u00eda directamente las tareas del animal.<\/p>\n<p>La cantidad de animales de servicio en entrenamiento est\u00e1 limitada a dos (2) por grupo.<\/p>\n<p>Se debe mantener una distancia m\u00ednima de cinco pies entre el animal de servicio y las barandillas o el vidrio de la exhibici\u00f3n del zool\u00f3gico. El due\u00f1o del animal de servicio deber\u00e1 alejarse r\u00e1pidamente de cualquier exhibici\u00f3n si alg\u00fan animal del zool\u00f3gico comienza a mostrarse agitado.<\/p>\n<p>Los animales de servicio no est\u00e1n permitidos en ninguna de las siguientes \u00e1reas (los animales del zool\u00f3gico en estas \u00e1reas son sensibles y la mera presencia de cualquier perro presenta un peligro significativo de estr\u00e9s excesivo y\/o lesiones para los animales bajo el cuidado del zool\u00f3gico):<\/p>\n<ol>\n<li>En o directamente alrededor de Zoo Gardens<\/li>\n<li>En o directamente alrededor de Wildlife Theatre Plaza (durante el vuelo de aves de 10 am y 1:30 pm durante 30 minutos cada uno)<\/li>\n<li>Dentro del edificio de la jirafa<\/li>\n<li>Dentro del \u00e1rea de encuentro de jirafas (cubierta)<\/li>\n<li>En cualquier lugar alrededor de la exhibici\u00f3n de tigres de The Edge<\/li>\n<li>Dentro de la estructura Lorikeet Adventure<\/li>\n<li>Dentro de la estructura Forest Aviary dentro de Primate Panorama<\/li>\n<li>Dentro del edificio Village Hall dentro de Toyota Elephant Passage<\/li>\n<\/ol>\n<h3>II. OBJETIVO<\/h3>\n<p>El prop\u00f3sito de esta pol\u00edtica es explicar claramente el compromiso del zool\u00f3gico de mantener un entorno seguro para los visitantes, los empleados y los animales del zool\u00f3gico de Denver. Esta pol\u00edtica es un paso proactivo para dar la bienvenida a los animales de servicio al mismo tiempo que restringe la entrada de animales de apoyo\/compa\u00f1\u00eda y mascotas. La presencia de animales desconocidos, como animales de servicio u otros animales, puede causar angustia a los animales bajo el cuidado del zool\u00f3gico.<\/p>\n<p>Las restricciones razonables que se encuentran en esta pol\u00edtica servir\u00e1n para proteger a los animales mantenidos en el campus del Zool\u00f3gico de Denver y no restringir\u00e1n indebidamente que los visitantes leg\u00edtimos disfruten de las experiencias y oportunidades educativas que brinda el Zool\u00f3gico de Denver.<\/p>\n<h3>III. ALCANCE<\/h3>\n<p>Esta pol\u00edtica est\u00e1 en vigor para el campus del Zool\u00f3gico de Denver, como se define en la Secci\u00f3n IV a continuaci\u00f3n. Esta pol\u00edtica se aplica a todas las personas que en cualquier momento se encuentran en, dentro o dentro del campus del Zool\u00f3gico de Denver, incluidos los invitados, empleados, voluntarios, contratistas y proveedores. Sin limitaci\u00f3n de otras pol\u00edticas o t\u00e9rminos del contrato que puedan ser aplicables, todos los invitados, empleados, voluntarios, contratistas y proveedores deben cumplir con los t\u00e9rminos de esta pol\u00edtica.<\/p>\n<h3>IV. DEFINICIONES<\/h3>\n<p>una. &quot;<b>Campus del zool\u00f3gico de Denver<\/b>&quot; o <b>&quot;instalaciones&quot; <\/b>Significar\u00e1 los Jardines Zool\u00f3gicos de Denver ubicados en 2300 Steele St, Denver, CO 80205. El Campus del Zool\u00f3gico de Denver incluye todos los edificios, exhibiciones, estructuras y locales al aire libre en, sobre, sobre o dentro de los Jardines Zool\u00f3gicos de Denver, y tambi\u00e9n incluye todas las instalaciones de estacionamiento. y estructuras para los Jardines Zool\u00f3gicos de Denver.<\/p>\n<p>El campus del zool\u00f3gico de Denver es administrado y operado por Denver Zoological Foundation, Inc., una corporaci\u00f3n privada sin fines de lucro de Colorado, de conformidad con un acuerdo de cooperaci\u00f3n entre Denver Zoological Foundation, Inc. y la ciudad y el condado de Denver. El campus del Zool\u00f3gico de Denver est\u00e1 ubicado dentro de City Park, un parque designado bajo la Carta de la Ciudad de Denver, y que se administra y gestiona bajo los auspicios del Departamento de Parques y Recreaci\u00f3n de Denver y el Director Ejecutivo del Departamento de Parques y Recreaci\u00f3n de Denver.<\/p>\n<p>B. &quot;<b>Animal de servicio\u201d, <\/b>seg\u00fan lo define la Ley de Estadounidenses con Discapacidades (ADA), son caninos entrenados o caballos en miniatura \u00fanicamente. Los animales de servicio son entrenados individualmente para realizar una tarea en beneficio de una persona con discapacidad. Los animales de terapia, de compa\u00f1\u00eda, de consuelo o de asistencia no califican como animales de servicio y no est\u00e1n protegidos por la ADA. No se requiere que los animales de servicio est\u00e9n incluidos en un registro, posean documentaci\u00f3n que declare al animal como un animal de servicio o que usen un chaleco para animales de servicio.<\/p>\n<h3>EXCEPCIONES<\/h3>\n<p>No hay excepciones a esta pol\u00edtica.<\/p>\n<h3>VI. CIERTAS LEYES Y REGLAMENTOS *<\/h3>\n<p><em>* Esta Secci\u00f3n VI no contiene una lista exhaustiva de todas las leyes estatales y locales aplicables a los animales de servicio y no sustituye la revisi\u00f3n de las leyes aplicables y, cuando corresponda, la consulta con un abogado.<\/em><\/p>\n<p>una. Ley del estado de Colorado HB16-1426:<\/p>\n<p>I. <b>Animal de asistencia de tergiversaci\u00f3n intencional <\/b>\u2013 Sobre la tergiversaci\u00f3n intencional del derecho a un animal de asistencia.<\/p>\n<p>b. Disposiciones de los Estatutos Revisados de Colorado (\u201cCRS\u201d):<\/p>\n<p>I. <b>CRS \u00a7 24-34-803 <\/b>\u2013 Derechos de las personas con animales de servicio<\/p>\n<p>C. Acta de Americanos con Discapacidades<\/p>\n<h3>VII. DERECHOS DE FUNDACI\u00d3N ZOOL\u00d3GICA DE DENVER<\/h3>\n<p>una. El Zool\u00f3gico de Denver se reserva el derecho de pedirle a un gu\u00eda que retire a su animal de servicio si el animal es perturbador, agresivo o no est\u00e1 domesticado.<\/p>\n<h3>VIII. ITERACIONES DE POL\u00cdTICAS PUBLICADAS<\/h3>\n<p>Esta Pol\u00edtica de animales de servicio del zool\u00f3gico de Denver puede publicarse en una variedad de iteraciones para adaptarse a la audiencia adecuada y las limitaciones de espacio.<\/p>\n<p>Las publicaciones actuales de esta pol\u00edtica para los visitantes del zool\u00f3gico de Denver son las siguientes:<\/p>\nuna. Sitio web<br \/>\nB. Mapa impreso<br \/>\nC. Se\u00f1ales publicadas\n\t<h5><em>Revisado: 31 de julio de 2018<\/em><\/h5>","protected":false},"excerpt":{"rendered":"","protected":false},"author":40,"featured_media":0,"parent":0,"menu_order":0,"comment_status":"closed","ping_status":"closed","template":"","meta":{"_acf_changed":false,"_relevanssi_hide_post":"","_relevanssi_hide_content":"","_relevanssi_pin_for_all":"","_relevanssi_pin_keywords":"","_relevanssi_unpin_keywords":"","_relevanssi_related_keywords":"","_relevanssi_related_include_ids":"","_relevanssi_related_exclude_ids":"","_relevanssi_related_no_append":"","_relevanssi_related_not_related":"","_relevanssi_related_posts":"","_relevanssi_noindex_reason":"","footnotes":""},"class_list":["post-79","page","type-page","status-publish","hentry"],"acf":[],"_links":{"self":[{"href":"https:\/\/denverzoo.org\/es\/wp-json\/wp\/v2\/pages\/79","targetHints":{"allow":["GET"]}}],"collection":[{"href":"https:\/\/denverzoo.org\/es\/wp-json\/wp\/v2\/pages"}],"about":[{"href":"https:\/\/denverzoo.org\/es\/wp-json\/wp\/v2\/types\/page"}],"author":[{"embeddable":true,"href":"https:\/\/denverzoo.org\/es\/wp-json\/wp\/v2\/users\/40"}],"replies":[{"embeddable":true,"href":"https:\/\/denverzoo.org\/es\/wp-json\/wp\/v2\/comments?post=79"}],"version-history":[{"count":0,"href":"https:\/\/denverzoo.org\/es\/wp-json\/wp\/v2\/pages\/79\/revisions"}],"wp:attachment":[{"href":"https:\/\/denverzoo.org\/es\/wp-json\/wp\/v2\/media?parent=79"}],"curies":[{"name":"gracias","href":"https:\/\/api.w.org\/{rel}","templated":true}]}}