{"id":8072,"date":"2018-11-07T17:36:20","date_gmt":"2018-11-07T17:36:20","guid":{"rendered":"https:\/\/denverzootemp.org\/?page_id=8072"},"modified":"2022-01-31T14:57:47","modified_gmt":"2022-01-31T21:57:47","slug":"conservation","status":"publish","type":"page","link":"https:\/\/denverzoo.org\/es\/conservation\/","title":{"rendered":"Conservaci\u00f3n en el zool\u00f3gico de Denver"},"content":{"rendered":"<h1>\n\t\tCambiando el futuro de las comunidades, los animales y el planeta.\n\t<\/h1>\n<h2>\n\t\tDenver Zoo trabaja incansablemente aqu\u00ed y en todo el mundo para mejorar nuestro planeta para los animales salvajes, los lugares salvajes y las generaciones futuras. \n\t<\/h2>\n\t<p>Dedicamos nuestro tiempo, capacitaci\u00f3n, experiencia y m\u00e1s de $2 millones al a\u00f1o para operar programas de conservaci\u00f3n en el zool\u00f3gico, en nuestra comunidad, regi\u00f3n y en otros cuatro pa\u00edses del mundo.<\/p>\n<p>Un l\u00edder reconocido en la conservaci\u00f3n de la vida silvestre desde 1998, nuestro impacto se mide en la restauraci\u00f3n de tierras silvestres, el ahorro de recursos naturales preciosos, la disminuci\u00f3n de desechos, el aumento de las poblaciones animales amenazadas, la reducci\u00f3n de los conflictos entre humanos y animales en \u00e1reas fr\u00e1giles y el encendido de la pasi\u00f3n por un planeta saludable entre nuestros invitados, donantes, socios, empleados y comunidad.<\/p>\n\t\t<h2>Tu apoyo<\/h2>\n\t\t<p>Un obsequio para el Zool\u00f3gico de Denver no solo apoya a los m\u00e1s de 4,000 animales magn\u00edficos a nuestro cuidado, sino que tambi\u00e9n respalda el avance de m\u00e1s de 20 a\u00f1os de liderazgo en conservaci\u00f3n de campo del Zool\u00f3gico de Denver en Colorado y en todo el mundo.<\/p>\n\t\t\t<a href=\"\/es\/support\/field-conservation\/\" target=\"_self\" role=\"button\" rel=\"noopener\">\n\t\t\t\t\t\t\tApoya la Conservaci\u00f3n\n\t\t\t\t\t<\/a>\n\t[custom_buttons_show] [dz_slideshow]","protected":false},"excerpt":{"rendered":"","protected":false},"author":40,"featured_media":0,"parent":0,"menu_order":0,"comment_status":"closed","ping_status":"closed","template":"","meta":{"_acf_changed":false,"_relevanssi_hide_post":"","_relevanssi_hide_content":"","_relevanssi_pin_for_all":"","_relevanssi_pin_keywords":"","_relevanssi_unpin_keywords":"","_relevanssi_related_keywords":"","_relevanssi_related_include_ids":"","_relevanssi_related_exclude_ids":"","_relevanssi_related_no_append":"","_relevanssi_related_not_related":"","_relevanssi_related_posts":"","_relevanssi_noindex_reason":"","footnotes":""},"class_list":["post-8072","page","type-page","status-publish","hentry"],"acf":[],"_links":{"self":[{"href":"https:\/\/denverzoo.org\/es\/wp-json\/wp\/v2\/pages\/8072","targetHints":{"allow":["GET"]}}],"collection":[{"href":"https:\/\/denverzoo.org\/es\/wp-json\/wp\/v2\/pages"}],"about":[{"href":"https:\/\/denverzoo.org\/es\/wp-json\/wp\/v2\/types\/page"}],"author":[{"embeddable":true,"href":"https:\/\/denverzoo.org\/es\/wp-json\/wp\/v2\/users\/40"}],"replies":[{"embeddable":true,"href":"https:\/\/denverzoo.org\/es\/wp-json\/wp\/v2\/comments?post=8072"}],"version-history":[{"count":0,"href":"https:\/\/denverzoo.org\/es\/wp-json\/wp\/v2\/pages\/8072\/revisions"}],"wp:attachment":[{"href":"https:\/\/denverzoo.org\/es\/wp-json\/wp\/v2\/media?parent=8072"}],"curies":[{"name":"gracias","href":"https:\/\/api.w.org\/{rel}","templated":true}]}}