{"id":8131,"date":"2018-11-07T20:14:41","date_gmt":"2018-11-07T20:14:41","guid":{"rendered":"https:\/\/denverzootemp.org\/drone-policy\/"},"modified":"2018-11-07T20:50:35","modified_gmt":"2018-11-07T20:50:35","slug":"bird-keeper-interview","status":"publish","type":"page","link":"https:\/\/denverzoo.org\/es\/bird-keeper-interview\/","title":{"rendered":"Entrevista al cuidador de aves"},"content":{"rendered":"<h3>\n\t\tOtras entrevistas<br \/>\n\t<\/h3>\n<p><a href=\"..\/animal-trainer-interview\">Entrevista al entrenador de animales<\/a><\/p>\n<p><a href=\"..\/predator-keeper-interview\">Entrevista al guardi\u00e1n de depredadores<\/a><\/p>\n<p><a href=\"..\/reptile-keeper-interview\">Entrevista al guardi\u00e1n de reptiles<\/a><\/p>\n<h1>\n\t\tEntrevista al cuidador de aves<br \/>\n\t<\/h1>\n<h2>\n\t\tJessica Meehan<br \/>\n\t<\/h2>\n<p>\t\t\t<a href=\"\/wp-content\/uploads\/2018\/11\/bird-keeper-interview.pdf\" target=\"_blank\" role=\"button\" rel=\"noopener\" ><br \/>\n\t\t\t\t\t\t\tDescargar PDF<br \/>\n\t\t\t\t\t<\/a><\/p>\n<h3>\u00bfC\u00f3mo te convertiste en cuidador del zool\u00f3gico?<\/h3>\n<p>Despu\u00e9s de graduarme de la universidad, comenc\u00e9 como pasante no remunerado en el zool\u00f3gico de Denver, luego obtuve un puesto remunerado temporal y finalmente fui contratado como cuidador a tiempo completo.<\/p>\n<h3>\u00bfQu\u00e9 educaci\u00f3n y \/ o capacitaci\u00f3n necesit\u00f3 para este trabajo \/ carrera?<\/h3>\n<p>Obtuve una licenciatura en Zoolog\u00eda en la Universidad Estatal de Colorado. Mientras estaba en la universidad hice una pasant\u00eda en el laboratorio de aves, lo que me ayud\u00f3 a adquirir algo de experiencia en el manejo y el estudio de las aves. Mis pasant\u00edas en el Zool\u00f3gico de Denver fueron una oportunidad para aprender sobre el cuidado del zool\u00f3gico y poner un pie en la puerta de esta carrera.<\/p>\n<h3>\u00bfC\u00f3mo es la rutina diaria de un cuidador de zool\u00f3gico?<\/h3>\n<p>Los cuidadores de aves comienzan el d\u00eda revisando y encontrando todas nuestras aves, limpiando exhibiciones y alimentando a las aves. Durante la mitad del d\u00eda preparamos dietas para el d\u00eda siguiente, realizamos proyectos como montajes de cr\u00eda, proyectos de enriquecimiento y capacitaci\u00f3n, observaciones o trabajos de exhibici\u00f3n. Tambi\u00e9n ayudamos con los procedimientos m\u00e9dicos cuando sea necesario. Al final del d\u00eda, alimentamos y encontramos p\u00e1jaros nuevamente y nos aseguramos de que todos est\u00e9n listos para pasar la noche.<\/p>\n<h3>\u00bfCu\u00e1l es la parte m\u00e1s dif\u00edcil de tu trabajo?<\/h3>\n<p>F\u00edsicamente hay mucho trabajo manual y trabajo pesado, pero la parte m\u00e1s dif\u00edcil para m\u00ed es el lado emocional cuando un p\u00e1jaro se enferma o muere; al igual que con las mascotas en casa, esto es parte de la vida, pero todav\u00eda es dif\u00edcil de entender. experiencia.<\/p>\n<h3>Cu\u00e1l es la mejor parte de tu trabajo?<\/h3>\n<p>Me encanta ver el nido de nuestros p\u00e1jaros y criar polluelos; saber que les di lo que necesitaban para tener \u00e9xito es muy gratificante.<\/p>\n<h3>\u00bfQu\u00e9 tipo de dieta les da a los animales bajo su cuidado?<\/h3>\n<p>Cuidamos de una gran variedad de aves, las dietas var\u00edan bastante. Muchas de nuestras aves comen frutas y mezclas de gr\u00e1nulos de aves, pero tambi\u00e9n tenemos aves que comen carne, pescado y roedores. Muchas de nuestras aves tambi\u00e9n disfrutan de los insectos vivos.<\/p>\n<h3>\u00bfCu\u00e1l es la clase m\u00e1s beneficiosa que tom\u00f3 en la escuela secundaria o la universidad para prepararse para esta carrera?<\/h3>\n<p>La ornitolog\u00eda fue una experiencia muy \u00fatil para m\u00ed y me inculc\u00f3 un amor por las aves que no ten\u00eda antes de la universidad, aunque no sab\u00eda en ese momento que seguir\u00eda una carrera con las aves. Aprender y practicar hablar en p\u00fablico tambi\u00e9n fue una habilidad importante que aprend\u00ed en la escuela.<\/p>\n<h3>\u00bfQu\u00e9 consejo le dar\u00eda a alguien que quiera \/ intente trabajar en este campo?<\/h3>\n<p>Si realmente quieres ser un cuidador del zool\u00f3gico, \u00a1probablemente ser\u00e1 un largo camino en este campo competitivo! Simplemente mant\u00e9ngase positivo, est\u00e9 dispuesto a viajar y arriesgarse (como trabajar en un zool\u00f3gico m\u00e1s peque\u00f1o) y trabajar duro; si su trabajo brilla, se har\u00e1 un nombre. Adem\u00e1s, aseg\u00farese de disfrutar la interacci\u00f3n con los hu\u00e9spedes, porque esa es una parte importante de nuestro trabajo en la que mucha gente no piensa.<\/p>\n<p>\t[mostrar_botones_personalizados]<\/p>","protected":false},"excerpt":{"rendered":"<p>Otras entrevistas Entrevista con entrenador de animales Entrevista con cuidador de depredadores Entrevista con cuidador de reptiles Entrevista con cuidadora de aves Jessica Meehan Descargar PDF \u00bfC\u00f3mo te convertiste en cuidador de zool\u00f3gico? Despu\u00e9s de graduarme de la universidad, comenc\u00e9 como pasante no remunerado en el Zool\u00f3gico de Denver, luego consegu\u00ed un puesto remunerado temporal y finalmente me contrataron como cuidador de tiempo completo. \u00bfQu\u00e9 educaci\u00f3n [\u2026]<\/p>","protected":false},"author":40,"featured_media":0,"parent":0,"menu_order":0,"comment_status":"closed","ping_status":"open","template":"","meta":{"_acf_changed":false,"_relevanssi_hide_post":"","_relevanssi_hide_content":"","_relevanssi_pin_for_all":"","_relevanssi_pin_keywords":"","_relevanssi_unpin_keywords":"","_relevanssi_related_keywords":"","_relevanssi_related_include_ids":"","_relevanssi_related_exclude_ids":"","_relevanssi_related_no_append":"","_relevanssi_related_not_related":"","_relevanssi_related_posts":"","_relevanssi_noindex_reason":"","footnotes":""},"class_list":["post-8131","page","type-page","status-publish","hentry"],"acf":[],"_links":{"self":[{"href":"https:\/\/denverzoo.org\/es\/wp-json\/wp\/v2\/pages\/8131","targetHints":{"allow":["GET"]}}],"collection":[{"href":"https:\/\/denverzoo.org\/es\/wp-json\/wp\/v2\/pages"}],"about":[{"href":"https:\/\/denverzoo.org\/es\/wp-json\/wp\/v2\/types\/page"}],"author":[{"embeddable":true,"href":"https:\/\/denverzoo.org\/es\/wp-json\/wp\/v2\/users\/40"}],"replies":[{"embeddable":true,"href":"https:\/\/denverzoo.org\/es\/wp-json\/wp\/v2\/comments?post=8131"}],"version-history":[{"count":0,"href":"https:\/\/denverzoo.org\/es\/wp-json\/wp\/v2\/pages\/8131\/revisions"}],"wp:attachment":[{"href":"https:\/\/denverzoo.org\/es\/wp-json\/wp\/v2\/media?parent=8131"}],"curies":[{"name":"gracias","href":"https:\/\/api.w.org\/{rel}","templated":true}]}}