{"id":8169,"date":"2018-11-07T20:34:27","date_gmt":"2018-11-07T20:34:27","guid":{"rendered":"https:\/\/denverzootemp.org\/bird-keeper-interview-2\/"},"modified":"2018-11-07T20:59:53","modified_gmt":"2018-11-07T20:59:53","slug":"reptile-keeper-interview","status":"publish","type":"page","link":"https:\/\/denverzoo.org\/es\/reptile-keeper-interview\/","title":{"rendered":"Entrevista al guardi\u00e1n de reptiles"},"content":{"rendered":"<h3>Otras entrevistas<\/h3>\n<p><a href=\"..\/animal-trainer-interview\">Entrevista al entrenador de animales<\/a><\/p>\n<p><a href=\"..\/bird-keeper-interview\">Entrevista al cuidador de aves<\/a><\/p>\n<p><a href=\"..\/predator-keeper-interview\">Entrevista al guardi\u00e1n de depredadores<\/a><\/p>\n<h1>Entrevista al guardi\u00e1n de reptiles<\/h1>\n<h2>Troy Bumgardner<\/h2>\n<p><a role=\"button\" href=\"\/wp-content\/uploads\/2018\/11\/reptile-keeper-interview.pdf\" target=\"_blank\" rel=\"noopener\"><br \/>\nDescargar PDF<br \/>\n<\/a><\/p>\n<h3>\u00bfC\u00f3mo te convertiste en cuidador del zool\u00f3gico?<\/h3>\n<p>Sab\u00eda que quer\u00eda ser cuidador del zool\u00f3gico cuando ten\u00eda dos a\u00f1os. Asist\u00ed a un safari de verano en el Zool\u00f3gico de Denver todos los a\u00f1os que pude; Incluso ment\u00ed sobre mi edad un a\u00f1o, para poder asistir un a\u00f1o m\u00e1s. Luego me convert\u00ed en un voluntario adolescente y me ofrec\u00ed como voluntario durante 7 a\u00f1os, dedicando m\u00e1s de 2,000 horas. A partir de ah\u00ed comenc\u00e9 a hacer pr\u00e1cticas en varios departamentos del zool\u00f3gico. Finalmente, despu\u00e9s de 9 a\u00f1os de voluntariado \/ pasant\u00eda en el zool\u00f3gico de Denver y graduarme de Pikes Peak Community College con un t\u00edtulo en tecnolog\u00eda de mantenimiento del zool\u00f3gico, pude obtener el trabajo de mis sue\u00f1os de ser un cuidador de reptiles en el zool\u00f3gico de Denver.<\/p>\n<h3>\u00bfQu\u00e9 educaci\u00f3n y \/ o capacitaci\u00f3n necesit\u00f3 para este trabajo \/ carrera?<\/h3>\n<p>Me gradu\u00e9 de Pikes Peak Community College en Colorado Springs con su t\u00edtulo en Tecnolog\u00eda Zookeeping. Durante mis a\u00f1os all\u00ed, asist\u00ed a varios cursos, entre ellos; cr\u00eda de reptiles, cr\u00eda de peces, cr\u00eda de mam\u00edferos, cr\u00eda de aves, comportamiento animal, adiestramiento de animales, cuidado de zool\u00f3gicos veterinarios y dise\u00f1o de exhibiciones. Tambi\u00e9n asist\u00ed a varias clases de desarrollo profesional en el Zool\u00f3gico de Denver.<\/p>\n<h3>\u00bfC\u00f3mo es la rutina diaria de un cuidador de zool\u00f3gico?<\/h3>\n<p>Ahora bien, no dir\u00eda que ser cuidador de un zool\u00f3gico es para todos, porque implica mucha caca; pero puedo hacer cosas incre\u00edbles. La mayor parte de mi d\u00eda consiste en alimentar animales, y debo decir que alimentar a un drag\u00f3n de Komodo con 20 libras de carne es bastante impresionante, y alimentar a una v\u00edbora de Gab\u00f3n (una serpiente venenosa con los colmillos m\u00e1s largos del mundo) puede ser bastante adrenalina. Tambi\u00e9n hago cosas como cambios de agua para las tortugas, hago cultivos de moscas de la fruta para alimentar a nuestras ranas venenosas, alimento a cientos de murci\u00e9lagos y hago pruebas de qu\u00edmica del agua en nuestras ranas del lago Titicaca. Sin embargo, al final todo se reduce a limpiar los recintos y recoger las heces.<\/p>\n<h3>\u00bfCu\u00e1l es la parte m\u00e1s dif\u00edcil de tu trabajo?<\/h3>\n<p>La parte m\u00e1s dif\u00edcil de mi trabajo probablemente sea lidiar con todas las cosas malolientes. Los animales defecan mucho, as\u00ed que superar el olor puede ser una gran tarea, pero cr\u00e9anme cuando les digo; &quot;Vale la pena&quot;.<strong>\u00a0<\/strong><\/p>\n<h3>Cu\u00e1l es la mejor parte de tu trabajo?<\/h3>\n<p>Mi parte favorita de mi trabajo es venir al zool\u00f3gico todos los d\u00edas y trabajar con especies tan incre\u00edbles. Me encanta tener la oportunidad de educar a la gente sobre los animales incomprendidos en mi edificio. Los reptiles son criaturas hermosas, y si te tomas el tiempo para observarlos y aprender sobre ellos, ver\u00e1s lo realmente asombrosos que son.<\/p>\n<h3>\u00bfQu\u00e9 tipo de dieta les da a los animales bajo su cuidado?<\/h3>\n<p>La mayor\u00eda de los animales de mi edificio comen insectos, roedores y ensaladas. Por ejemplo, nuestro lagarto con volantes come grillos, cucarachas y s\u00faper gusanos. Nuestra anaconda gigante come conejos grandes y nuestras diminutas tortugas egipcias aman sus verdes.<\/p>\n<h3>\u00bfCu\u00e1l es la clase m\u00e1s beneficiosa que tom\u00f3 en la escuela secundaria o la universidad para prepararse para esta carrera?<\/h3>\n<p>En la escuela secundaria, estaba en biolog\u00eda con honores. En la universidad, estudi\u00e9 comportamiento animal y cr\u00eda de reptiles. Estas clases realmente me ayudan de muchas maneras como cuidador del zool\u00f3gico aqu\u00ed en el Zool\u00f3gico de Denver.<\/p>\n<h3>\u00bfQu\u00e9 consejo le dar\u00eda a alguien que quiera \/ intente trabajar en este campo?<\/h3>\n<p><em><strong>\u00a1Dedicaci\u00f3n!<\/strong><\/em> Convertirse en un guardi\u00e1n del zool\u00f3gico es un proceso desafiante y este es un campo muy competitivo. La mayor\u00eda de las personas que se convierten en cuidadores de zool\u00f3gicos aman tanto su trabajo que rara vez lo abandonan. Esto conduce a que no haya muchos puestos de trabajo disponibles. Mi primer consejo es estar dispuesto a mudarse. Los cuidadores generalmente tienen que comenzar en otras instalaciones antes de terminar en el zool\u00f3gico en el que finalmente quieren trabajar. El segundo consejo es solicitar pasant\u00edas. Nunca se puede adquirir demasiado conocimiento y experiencia. Trate de elegir un grupo de animales con los que quiera trabajar y viaje por el mundo haciendo pasant\u00edas en muchos zool\u00f3gicos diferentes. El tercer consejo es trabajar en red. La comunidad de Zookeeper es una comunidad muy unida. Conozca a tantas personas como pueda y h\u00e1gase un nombre. A veces no es lo que sabes, sino a qui\u00e9n conoces.<\/p>\n<p>[mostrar_botones_personalizados]<\/p>","protected":false},"excerpt":{"rendered":"<p>Otras entrevistas Entrevista con entrenador de animales Entrevista con cuidador de aves Entrevista con cuidador de depredadores Entrevista con cuidador de reptiles Troy Bumgardner Descargar PDF \u00bfC\u00f3mo te convertiste en cuidador de zool\u00f3gico? Supe que quer\u00eda ser cuidador del zool\u00f3gico cuando ten\u00eda dos a\u00f1os. Asist\u00ed a un safari de verano en el Zool\u00f3gico de Denver todos los a\u00f1os que pude; Incluso ment\u00ed sobre [\u2026]<\/p>","protected":false},"author":40,"featured_media":0,"parent":0,"menu_order":0,"comment_status":"closed","ping_status":"open","template":"","meta":{"_acf_changed":false,"_relevanssi_hide_post":"","_relevanssi_hide_content":"","_relevanssi_pin_for_all":"","_relevanssi_pin_keywords":"","_relevanssi_unpin_keywords":"","_relevanssi_related_keywords":"","_relevanssi_related_include_ids":"","_relevanssi_related_exclude_ids":"","_relevanssi_related_no_append":"","_relevanssi_related_not_related":"","_relevanssi_related_posts":"","_relevanssi_noindex_reason":"","footnotes":""},"class_list":["post-8169","page","type-page","status-publish","hentry"],"acf":[],"_links":{"self":[{"href":"https:\/\/denverzoo.org\/es\/wp-json\/wp\/v2\/pages\/8169","targetHints":{"allow":["GET"]}}],"collection":[{"href":"https:\/\/denverzoo.org\/es\/wp-json\/wp\/v2\/pages"}],"about":[{"href":"https:\/\/denverzoo.org\/es\/wp-json\/wp\/v2\/types\/page"}],"author":[{"embeddable":true,"href":"https:\/\/denverzoo.org\/es\/wp-json\/wp\/v2\/users\/40"}],"replies":[{"embeddable":true,"href":"https:\/\/denverzoo.org\/es\/wp-json\/wp\/v2\/comments?post=8169"}],"version-history":[{"count":0,"href":"https:\/\/denverzoo.org\/es\/wp-json\/wp\/v2\/pages\/8169\/revisions"}],"wp:attachment":[{"href":"https:\/\/denverzoo.org\/es\/wp-json\/wp\/v2\/media?parent=8169"}],"curies":[{"name":"gracias","href":"https:\/\/api.w.org\/{rel}","templated":true}]}}