{"id":8177,"date":"2018-11-07T20:39:45","date_gmt":"2018-11-07T20:39:45","guid":{"rendered":"https:\/\/denverzootemp.org\/reptile-keeper-interview-2\/"},"modified":"2018-11-07T20:51:12","modified_gmt":"2018-11-07T20:51:12","slug":"predator-keeper-interview","status":"publish","type":"page","link":"https:\/\/denverzoo.org\/es\/predator-keeper-interview\/","title":{"rendered":"Entrevista al guardi\u00e1n de depredadores"},"content":{"rendered":"<h3>\n\t\tOtras entrevistas<br \/>\n\t<\/h3>\n<p><a href=\"\/es\/animal-trainer-interview\/\">Entrevista al entrenador de animales<\/a><\/p>\n<p><a href=\"\/es\/bird-keeper-interview\/\">Entrevista al cuidador de aves<\/a><\/p>\n<p><a href=\"\/es\/reptile-keeper-interview\/\">Entrevista al guardi\u00e1n de reptiles<\/a><\/p>\n<h1>\n\t\tEntrevista al guardi\u00e1n de depredadores<br \/>\n\t<\/h1>\n<h2>\n\t\tAn Thien Nguyen<br \/>\n\t<\/h2>\n<p>\t\t\t<a href=\"\/wp-content\/uploads\/2018\/11\/predator-keeper-interview.pdf\" target=\"_blank\" role=\"button\" rel=\"noopener\" ><br \/>\n\t\t\t\t\t\t\tDescargar PDF<br \/>\n\t\t\t\t\t<\/a><\/p>\n<h3>\u00bfPor qu\u00e9 te convertiste en cuidador del zool\u00f3gico?<\/h3>\n<p>Me convert\u00ed en cuidador de un zool\u00f3gico porque me apasionaban los animales a una edad temprana. Recuerdo que cuando ten\u00eda 6 a\u00f1os, mi clase iba al zool\u00f3gico para una excursi\u00f3n. Estaba s\u00faper emocionado porque en ese momento solo iba al zool\u00f3gico una vez al a\u00f1o. Durante la excursi\u00f3n, supe en ese momento que quer\u00eda tener este sentimiento todos los d\u00edas. A partir de ese d\u00eda trabaj\u00e9 para convertirme en cuidador del zool\u00f3gico. Trabaj\u00e9 m\u00e1s duro que nadie porque sab\u00eda cu\u00e1les eran mis objetivos y nunca lo olvid\u00e9.<\/p>\n<h3>\u00bfQu\u00e9 educaci\u00f3n y \/ o capacitaci\u00f3n necesit\u00f3 para este trabajo \/ carrera?<\/h3>\n<p>Tengo dos t\u00edtulos asociados de escuelas en Nuevo M\u00e9xico. Mientras estaba en la universidad, me ofrec\u00ed como voluntario en un zool\u00f3gico a unos 45 minutos de mi casa. Recomendar\u00eda obtener un t\u00edtulo universitario en cualquier ciencia animal, por ejemplo, biolog\u00eda, zoolog\u00eda, biolog\u00eda de la vida silvestre, etc. Para trabajar en un zool\u00f3gico, la mayor\u00eda de las instalaciones requieren un t\u00edtulo universitario y experiencia en animales. Recomiendo ser voluntario con animales a una edad temprana para poner un pie en la puerta. No tiene por qu\u00e9 ser en un zool\u00f3gico, cualquier experiencia te ayudar\u00e1 en el futuro. Empiece a trabajar como voluntario en el refugio de perros local o en la granja de un amigo.<\/p>\n<h3>\u00bfC\u00f3mo es la rutina diaria de un cuidador de zool\u00f3gico?<\/h3>\n<p>La rutina de un cuidador de zool\u00f3gico consiste en limpiar, alimentar, entrenar y ser creativo. Todos los d\u00edas limpio el lugar donde viven los animales. Quiero asegurarme de que no haya caca o comida vieja en el suelo. Cuando estoy alimentando a los animales, tratamos de incorporar el entrenamiento. La formaci\u00f3n es muy importante por muchas razones. Entrenamos a los animales para muchos comportamientos de cr\u00eda, si necesitamos controlar sus vientres, podemos pedirles que se pongan de pie sobre sus piernas, o si notamos que aumentan algo de peso, podemos pedirles que corran en una rueda para conseguir algo. ejercicio.<\/p>\n<p>Ser creativo es una gran parte de la rutina diaria de un cuidador del zool\u00f3gico. Los cuidadores del zool\u00f3gico enriquecen a los animales todos los d\u00edas. El enriquecimiento es cualquier cosa que estimule a un animal o lo anime a participar en comportamientos naturales. Intento ser creativo con el enriquecimiento que le doy a los animales. Quiero asegurarme de que no sea el mismo elemento repetidamente, as\u00ed que cuando le d\u00e9 un elemento de enriquecimiento lo modificar\u00e9 agregando un nuevo aspecto o perforando un agujero en el enriquecimiento para hacerlo diferente de alguna manera.<\/p>\n<h3>\u00bfCu\u00e1l es la parte m\u00e1s dif\u00edcil de tu trabajo?<\/h3>\n<p>La parte m\u00e1s dif\u00edcil de ser un cuidador de un zool\u00f3gico es cuando un animal muere. La muerte va a suceder porque los animales pueden enfermarse o envejecer. Cuando un animal muere, s\u00e9 que les di la mejor atenci\u00f3n que pude.<\/p>\n<h3>Cu\u00e1l es la mejor parte de tu trabajo?<\/h3>\n<p>La mejor parte de mi trabajo es estar cerca de los animales y saber que puedo hacer una diferencia para ellos. Hay un par de formas en las que puedo marcar la diferencia para ellos. Una forma es hacer el enriquecimiento que utilizar\u00e1n. Lo que es m\u00e1s gratificante es cuando dedicas todo tu tiempo a entablar una relaci\u00f3n con un animal y \u00e9l se acerca a ti para saludarte despu\u00e9s de haber trabajado con \u00e9l durante meses.<\/p>\n<h3>\u00bfQu\u00e9 tipo de dieta les da a los animales bajo su cuidado?<\/h3>\n<p>En la secci\u00f3n Village Hall o Pavilion de Toyota Elephant Passage, tengo muchas especies diferentes de animales. Esta secci\u00f3n espec\u00edfica tiene carn\u00edvoros, aves, reptiles, primates y algunos peces. Los alimentos que les damos pueden ser frutas, verduras, pellets, gelatina, pescado y una variedad de carnes. Cada animal tiene una dieta muy espec\u00edfica. Tambi\u00e9n pesamos todas las dietas para asegurarnos de que los animales est\u00e9n comiendo su dieta y para asegurarnos de que no tengan sobrepeso.<\/p>\n<h3>\u00bfCu\u00e1l es la clase m\u00e1s beneficiosa que tom\u00f3 en la escuela secundaria o la universidad para prepararse para esta carrera?<\/h3>\n<p>Las clases m\u00e1s beneficiosas que tom\u00e9 fueron biolog\u00eda y matem\u00e1ticas. La biolog\u00eda me hizo apreciar el c\u00edrculo de la vida y c\u00f3mo funciona la naturaleza. Las matem\u00e1ticas son importantes porque las usamos todos los d\u00edas en el cuidado del zool\u00f3gico.<\/p>\n<h3>\u00bfQu\u00e9 consejo le dar\u00eda a alguien que quiera \/ intente trabajar en este campo?<\/h3>\n<p>Trabaja tan duro como puedas en tu objetivo. No se te da nada, \u00a1as\u00ed que debes ir a buscarlo!<\/p>\n<p>\t[mostrar_botones_personalizados]<\/p>","protected":false},"excerpt":{"rendered":"<p>Otras entrevistas Entrevista con entrenador de animales Entrevista con cuidador de aves Entrevista con cuidador de reptiles Entrevista con cuidador de depredadores An Thien Nguyen Descargar PDF \u00bfPor qu\u00e9 te convertiste en cuidador de zool\u00f3gico? Me convert\u00ed en cuidador de zool\u00f3gico porque desde muy joven me apasionaban los animales. Recuerdo que cuando ten\u00eda 6 a\u00f1os, mi clase iba al zool\u00f3gico por [\u2026]<\/p>","protected":false},"author":40,"featured_media":0,"parent":0,"menu_order":0,"comment_status":"closed","ping_status":"open","template":"","meta":{"_acf_changed":false,"_relevanssi_hide_post":"","_relevanssi_hide_content":"","_relevanssi_pin_for_all":"","_relevanssi_pin_keywords":"","_relevanssi_unpin_keywords":"","_relevanssi_related_keywords":"","_relevanssi_related_include_ids":"","_relevanssi_related_exclude_ids":"","_relevanssi_related_no_append":"","_relevanssi_related_not_related":"","_relevanssi_related_posts":"","_relevanssi_noindex_reason":"","footnotes":""},"class_list":["post-8177","page","type-page","status-publish","hentry"],"acf":[],"_links":{"self":[{"href":"https:\/\/denverzoo.org\/es\/wp-json\/wp\/v2\/pages\/8177","targetHints":{"allow":["GET"]}}],"collection":[{"href":"https:\/\/denverzoo.org\/es\/wp-json\/wp\/v2\/pages"}],"about":[{"href":"https:\/\/denverzoo.org\/es\/wp-json\/wp\/v2\/types\/page"}],"author":[{"embeddable":true,"href":"https:\/\/denverzoo.org\/es\/wp-json\/wp\/v2\/users\/40"}],"replies":[{"embeddable":true,"href":"https:\/\/denverzoo.org\/es\/wp-json\/wp\/v2\/comments?post=8177"}],"version-history":[{"count":0,"href":"https:\/\/denverzoo.org\/es\/wp-json\/wp\/v2\/pages\/8177\/revisions"}],"wp:attachment":[{"href":"https:\/\/denverzoo.org\/es\/wp-json\/wp\/v2\/media?parent=8177"}],"curies":[{"name":"gracias","href":"https:\/\/api.w.org\/{rel}","templated":true}]}}