{"id":8178,"date":"2018-11-07T20:40:06","date_gmt":"2018-11-07T20:40:06","guid":{"rendered":"https:\/\/denverzootemp.org\/reptile-keeper-interview-3\/"},"modified":"2018-11-07T20:51:31","modified_gmt":"2018-11-07T20:51:31","slug":"animal-trainer-interview","status":"publish","type":"page","link":"https:\/\/denverzoo.org\/es\/animal-trainer-interview\/","title":{"rendered":"Entrevista al entrenador de animales"},"content":{"rendered":"<h3>\n\t\tOtras entrevistas<br \/>\n\t<\/h3>\n<p><a href=\"\/es\/bird-keeper-interview\/\">Entrevista al cuidador de aves<\/a><\/p>\n<p><a href=\"\/es\/predator-keeper-interview\/\">Entrevista al guardi\u00e1n de depredadores<\/a><\/p>\n<p><a href=\"\/es\/reptile-keeper-interview\/\">Entrevista al guardi\u00e1n de reptiles<\/a><\/p>\n<h1>\n\t\tEntrevista al entrenador de animales<br \/>\n\t<\/h1>\n<h2>\n\t\tLora Gillock<br \/>\n\t<\/h2>\n<p>\t\t\t<a href=\"\/wp-content\/uploads\/2018\/11\/animal-trainer-interview.pdf\" target=\"_blank\" role=\"button\" rel=\"noopener\" ><br \/>\n\t\t\t\t\t\t\tDescargar PDF<br \/>\n\t\t\t\t\t<\/a><\/p>\n<h3>\u00bfC\u00f3mo te convertiste en cuidador del zool\u00f3gico?<\/h3>\n<p>Desde muy peque\u00f1o supe que quer\u00eda cuidar animales en el zool\u00f3gico. Crec\u00ed visitando el zool\u00f3gico de Denver y supe que un d\u00eda quer\u00eda ser cuidador del zool\u00f3gico aqu\u00ed. Me siento muy afortunado de poder tener el trabajo de mis sue\u00f1os en uno de mis zool\u00f3gicos favoritos del mundo.<\/p>\n<h3>\u00bfQu\u00e9 educaci\u00f3n y \/ o capacitaci\u00f3n necesit\u00f3 para este trabajo \/ carrera?<\/h3>\n<p>En la escuela secundaria, me un\u00ed al programa de voluntariado Explorers en el Zool\u00f3gico de Denver y tuve la oportunidad de seguir a varios cuidadores del zool\u00f3gico en su trabajo para asegurarme de que estaba interesado en el campo. Luego asist\u00ed a la escuela en la Universidad Estatal de Colorado y recib\u00ed una licenciatura en Zoolog\u00eda. Las clases requirieron mucho trabajo, pero me brindaron informaci\u00f3n \/ habilidades excelentes que utilizo en el trabajo de vez en cuando. Recomiendo encarecidamente que cualquier persona interesada en convertirse en un guardi\u00e1n del zool\u00f3gico haga tanto voluntariado o pasant\u00edas en el campo para ganar experiencia y conocimiento sobre el trabajo. Es un trabajo duro pero vale la pena el esfuerzo. Tambi\u00e9n he asistido a algunos talleres para aprender m\u00e1s sobre los detalles del trabajo y c\u00f3mo cuidar mejor a los animales y recomiendo tomar cualquiera de esos (algunas organizaciones conocidas son AZA, ABMA, IAATE). La mayor parte de mi experiencia con el entrenamiento ha sido autodidacta, lo que he aprendido en una conferencia, lo que he le\u00eddo (&quot;No dispares al perro&quot;) y la resoluci\u00f3n de problemas con compa\u00f1eros de trabajo.<\/p>\n<h3>\u00bfC\u00f3mo es la rutina diaria de un cuidador de zool\u00f3gico?<\/h3>\n<p>Esto es algo sobre lo que los cuidadores del zool\u00f3gico suelen bromear; no hay un d\u00eda \u201ct\u00edpico\u201d para nosotros. Cuando cuidas animales vivos, debes estar preparado para que surja cualquier cosa. Es nuestra m\u00e1xima responsabilidad cuidar lo mejor de cada animal y entender que a veces suceden cosas inesperadas. Lo que nos esforzamos por hacer es equilibrar nuestro d\u00eda entre deberes como limpiar, entrenar, dar enriquecimiento (nuevos objetos que mejorar\u00e1n el bienestar mental y f\u00edsico de los animales), asistir a reuniones y otras tareas miscel\u00e1neas para ayudar al cuidado de los animales (ej. ba\u00f1arlos, cortarles las u\u00f1as, hacer que se ejerciten).<\/p>\n<h3>\u00bfCu\u00e1l es la parte m\u00e1s dif\u00edcil de tu trabajo?<\/h3>\n<p>Sin duda mi respuesta es tener que despedirme de uno de los animales y saber en qu\u00e9 momento es el momento de hacerlo.<strong>\u00a0<\/strong><\/p>\n<h3>Cu\u00e1l es la mejor parte de tu trabajo?<\/h3>\n<p>\u00a1Tener uno de los trabajos m\u00e1s geniales y llegar a trabajar en uno de los lugares m\u00e1s geniales del pa\u00eds! No tengo que temer levantarme por la ma\u00f1ana e ir al trabajo porque pienso en todas las formas divertidas en las que puedo interactuar con cada animal y qu\u00e9 comportamiento tengo para entrenarlos a continuaci\u00f3n. Cuando entreno a un animal en un nuevo comportamiento y finalmente tiene el momento &quot;ah ha&quot; de entender lo que debe hacer, es una sensaci\u00f3n incre\u00edble de conexi\u00f3n y felicidad.<\/p>\n<h3>\u00bfQu\u00e9 tipo de dieta les da a los animales bajo su cuidado?<\/h3>\n<p>Dado que tenemos tanta variedad de animales en el Wildlife Show, las dietas tambi\u00e9n son bastante variadas. Alimentamos de todo, desde nueces con c\u00e1scara a nuestros loros, a los gusanos de la harina vivos y ondulantes a nuestro oso hormiguero menor, a los ratones a nuestras rapaces, a las uvas a nuestros c\u00e1laos, a la mantequilla de almendras a nuestro cerdo, a la carne cruda de equino a nuestro serval africano. Es realmente diferente tener que cortar estos alimentos en pedazos con tijeras\u2026 Bromeo diciendo que no siempre es el trabajo m\u00e1s glamoroso.<\/p>\n<h3>\u00bfCu\u00e1l es la clase m\u00e1s beneficiosa que tom\u00f3 en la escuela secundaria o la universidad para prepararse para esta carrera?<\/h3>\n<p>Mis cursos favoritos que tom\u00e9 en la universidad para ayudarme a prepararme para ser un guardi\u00e1n del zool\u00f3gico fueron Nutrici\u00f3n del zool\u00f3gico, Aves de presa y Plantas venenosas.<\/p>\n<h3>\u00bfQu\u00e9 consejo le dar\u00eda a alguien que quiera \/ intente trabajar en este campo?<\/h3>\n<p>Obtenga tanta experiencia como voluntario como sea posible. Trate de tener una piel gruesa y no renuncie a sus sue\u00f1os si tiene dificultades para conseguir un trabajo. Hay muy pocos zool\u00f3gicos y, a menudo, cientos de personas optan por un solo puesto. Mant\u00e9ngase positivo y resalte lo que le apasiona y las experiencias divertidas que ha tenido y, finalmente, \u00a1el trabajo perfecto ser\u00e1 suyo!<\/p>\n<p>\t[mostrar_botones_personalizados]<\/p>","protected":false},"excerpt":{"rendered":"<p>Otras entrevistas Entrevista al cuidador de aves Entrevista al cuidador del depredador Entrevista al cuidador de reptiles Entrevista al entrenador de animales Lora Gillock Descargar PDF \u00bfC\u00f3mo te convertiste en cuidador del zool\u00f3gico? Desde muy peque\u00f1a supe que quer\u00eda cuidar animales en el zool\u00f3gico. Crec\u00ed visitando el Zool\u00f3gico de Denver y supe que alg\u00fan d\u00eda quer\u00eda [\u2026]<\/p>","protected":false},"author":40,"featured_media":0,"parent":0,"menu_order":0,"comment_status":"closed","ping_status":"open","template":"","meta":{"_acf_changed":false,"_relevanssi_hide_post":"","_relevanssi_hide_content":"","_relevanssi_pin_for_all":"","_relevanssi_pin_keywords":"","_relevanssi_unpin_keywords":"","_relevanssi_related_keywords":"","_relevanssi_related_include_ids":"","_relevanssi_related_exclude_ids":"","_relevanssi_related_no_append":"","_relevanssi_related_not_related":"","_relevanssi_related_posts":"","_relevanssi_noindex_reason":"","footnotes":""},"class_list":["post-8178","page","type-page","status-publish","hentry"],"acf":[],"_links":{"self":[{"href":"https:\/\/denverzoo.org\/es\/wp-json\/wp\/v2\/pages\/8178","targetHints":{"allow":["GET"]}}],"collection":[{"href":"https:\/\/denverzoo.org\/es\/wp-json\/wp\/v2\/pages"}],"about":[{"href":"https:\/\/denverzoo.org\/es\/wp-json\/wp\/v2\/types\/page"}],"author":[{"embeddable":true,"href":"https:\/\/denverzoo.org\/es\/wp-json\/wp\/v2\/users\/40"}],"replies":[{"embeddable":true,"href":"https:\/\/denverzoo.org\/es\/wp-json\/wp\/v2\/comments?post=8178"}],"version-history":[{"count":0,"href":"https:\/\/denverzoo.org\/es\/wp-json\/wp\/v2\/pages\/8178\/revisions"}],"wp:attachment":[{"href":"https:\/\/denverzoo.org\/es\/wp-json\/wp\/v2\/media?parent=8178"}],"curies":[{"name":"gracias","href":"https:\/\/api.w.org\/{rel}","templated":true}]}}