{"id":8589,"date":"2018-11-29T19:08:50","date_gmt":"2018-11-29T19:08:50","guid":{"rendered":"https:\/\/denverzootemp.org\/?page_id=8589"},"modified":"2018-12-12T19:31:13","modified_gmt":"2018-12-12T19:31:13","slug":"elephants","status":"publish","type":"page","link":"https:\/\/denverzoo.org\/es\/elephants\/","title":{"rendered":"Bodhi y Billy durmiendo"},"content":{"rendered":"<p>\t\t\t\t<img loading=\"lazy\" decoding=\"async\" src=\"https:\/\/denverzoo.org\/wp-content\/uploads\/2018\/12\/Elephants_Sleeping.gif\" alt=\"Bodhi and Billy Sleeping\" itemprop=\"image\" height=\"675\" width=\"1200\" title=\"Bodhi y Billy durmiendo\"  \/><\/p>\n<h2>\n\t\tBodhi y Billy durmiendo<br \/>\n\t<\/h2>\n<p>Aqu\u00ed hay un video exclusivo de nuestros elefantes, Bodhi y Billy, durmiendo juntos. Su donaci\u00f3n apoyar\u00e1 el cuidado experto de los animales, como los elefantes asi\u00e1ticos, que llaman hogar al Zool\u00f3gico de Denver.<\/p><\/p>","protected":false},"excerpt":{"rendered":"<p>Bodhi y Billy Durmiendo Aqu\u00ed hay un video exclusivo de nuestros elefantes, Bodhi y Billy, durmiendo juntos. Su donaci\u00f3n apoyar\u00e1 el cuidado experto de los animales, como los elefantes asi\u00e1ticos, que llaman hogar al Zool\u00f3gico de Denver.<\/p>","protected":false},"author":40,"featured_media":0,"parent":0,"menu_order":0,"comment_status":"closed","ping_status":"closed","template":"","meta":{"_acf_changed":false,"_relevanssi_hide_post":"","_relevanssi_hide_content":"","_relevanssi_pin_for_all":"","_relevanssi_pin_keywords":"","_relevanssi_unpin_keywords":"","_relevanssi_related_keywords":"","_relevanssi_related_include_ids":"","_relevanssi_related_exclude_ids":"","_relevanssi_related_no_append":"","_relevanssi_related_not_related":"","_relevanssi_related_posts":"","_relevanssi_noindex_reason":"","footnotes":""},"class_list":["post-8589","page","type-page","status-publish","hentry"],"acf":[],"_links":{"self":[{"href":"https:\/\/denverzoo.org\/es\/wp-json\/wp\/v2\/pages\/8589","targetHints":{"allow":["GET"]}}],"collection":[{"href":"https:\/\/denverzoo.org\/es\/wp-json\/wp\/v2\/pages"}],"about":[{"href":"https:\/\/denverzoo.org\/es\/wp-json\/wp\/v2\/types\/page"}],"author":[{"embeddable":true,"href":"https:\/\/denverzoo.org\/es\/wp-json\/wp\/v2\/users\/40"}],"replies":[{"embeddable":true,"href":"https:\/\/denverzoo.org\/es\/wp-json\/wp\/v2\/comments?post=8589"}],"version-history":[{"count":0,"href":"https:\/\/denverzoo.org\/es\/wp-json\/wp\/v2\/pages\/8589\/revisions"}],"wp:attachment":[{"href":"https:\/\/denverzoo.org\/es\/wp-json\/wp\/v2\/media?parent=8589"}],"curies":[{"name":"gracias","href":"https:\/\/api.w.org\/{rel}","templated":true}]}}