{"id":9172,"date":"2018-12-21T15:41:33","date_gmt":"2018-12-21T15:41:33","guid":{"rendered":"https:\/\/denverzootemp.org\/?page_id=9172"},"modified":"2021-04-16T16:35:26","modified_gmt":"2021-04-16T22:35:26","slug":"rocky-mountains","status":"publish","type":"page","link":"https:\/\/denverzoo.org\/es\/rocky-mountains\/","title":{"rendered":"Monta\u00f1as Rocosas \/ Grandes Llanuras"},"content":{"rendered":"<h3>\u00a1Involucrarse!<\/h3>\n<p>Puede contribuir a los esfuerzos de conservaci\u00f3n del Zool\u00f3gico de Denver en las Monta\u00f1as Rocosas y las Grandes Llanuras.<\/p>\n<p><a role=\"button\" href=\"\/es\/general-donations\/\" target=\"_blank\" rel=\"noopener\"><br \/>\nApoya a Denver Zoo<br \/>\n<\/a><\/p>\n<h1>Rio Mora<\/h1>\n<p>En el Refugio Nacional de Vida Silvestre Rio Mora en Nuevo M\u00e9xico, trabajamos con socios, estudiantes, miembros de la comunidad y bisontes para transformar un rancho ganadero degradado en un sitio de demostraci\u00f3n y un sal\u00f3n de clases. Nuestro trabajo en el refugio muestra c\u00f3mo las pr\u00e1cticas cuidadosas de manejo de la tierra y los esfuerzos de restauraci\u00f3n pueden ayudar a la recuperaci\u00f3n de la ic\u00f3nica pradera de pasto corto del Oeste.<\/p>\n<p><a role=\"button\" href=\"\/es\/rio-mora\/\" target=\"_self\"><br \/>\nConozca m\u00e1s sobre nuestro proyecto R\u00edo Mora<br \/>\n<\/a><\/p>\n<h1>Gama frontal<\/h1>\n<p>Estamos aplicando las lecciones aprendidas en Rio Mora para ampliar las iniciativas de pastizales y bisontes en Colorado. Tambi\u00e9n capacitamos y equipamos a cient\u00edficos ciudadanos, desde entusiastas de sill\u00f3n hasta aventureros al aire libre, para recopilar datos importantes sobre la vida silvestre y sus h\u00e1bitats. Esta informaci\u00f3n puede ayudarnos a conservar y proteger la vida silvestre y los ecosistemas de Colorado mientras enfrentan un clima cambiante y poblaciones humanas en expansi\u00f3n.<\/p>\n<p><a role=\"button\" href=\"\/es\/front-range\/\" target=\"_self\"><br \/>\nObtenga m\u00e1s informaci\u00f3n sobre nuestro proyecto Front Range<br \/>\n<\/a><\/p>","protected":false},"excerpt":{"rendered":"<p>\u00a1Involucrarse! Puede contribuir a los esfuerzos de conservaci\u00f3n del Zool\u00f3gico de Denver en las Monta\u00f1as Rocosas y las Grandes Llanuras. Apoye el Zool\u00f3gico de Denver Rio Mora En el Refugio Nacional de Vida Silvestre Rio Mora en Nuevo M\u00e9xico, trabajamos con socios, estudiantes, miembros de la comunidad y bisontes para transformar un rancho ganadero degradado en un sitio de demostraci\u00f3n y un sal\u00f3n de clases. Nuestro trabajo en [\u2026]<\/p>","protected":false},"author":11,"featured_media":0,"parent":0,"menu_order":0,"comment_status":"closed","ping_status":"closed","template":"","meta":{"_acf_changed":false,"_relevanssi_hide_post":"","_relevanssi_hide_content":"","_relevanssi_pin_for_all":"","_relevanssi_pin_keywords":"","_relevanssi_unpin_keywords":"","_relevanssi_related_keywords":"","_relevanssi_related_include_ids":"","_relevanssi_related_exclude_ids":"","_relevanssi_related_no_append":"","_relevanssi_related_not_related":"","_relevanssi_related_posts":"","_relevanssi_noindex_reason":"","footnotes":""},"class_list":["post-9172","page","type-page","status-publish","hentry"],"acf":[],"_links":{"self":[{"href":"https:\/\/denverzoo.org\/es\/wp-json\/wp\/v2\/pages\/9172","targetHints":{"allow":["GET"]}}],"collection":[{"href":"https:\/\/denverzoo.org\/es\/wp-json\/wp\/v2\/pages"}],"about":[{"href":"https:\/\/denverzoo.org\/es\/wp-json\/wp\/v2\/types\/page"}],"author":[{"embeddable":true,"href":"https:\/\/denverzoo.org\/es\/wp-json\/wp\/v2\/users\/11"}],"replies":[{"embeddable":true,"href":"https:\/\/denverzoo.org\/es\/wp-json\/wp\/v2\/comments?post=9172"}],"version-history":[{"count":0,"href":"https:\/\/denverzoo.org\/es\/wp-json\/wp\/v2\/pages\/9172\/revisions"}],"wp:attachment":[{"href":"https:\/\/denverzoo.org\/es\/wp-json\/wp\/v2\/media?parent=9172"}],"curies":[{"name":"gracias","href":"https:\/\/api.w.org\/{rel}","templated":true}]}}