{"id":9239,"date":"2019-01-02T23:47:49","date_gmt":"2019-01-02T23:47:49","guid":{"rendered":"https:\/\/denverzootemp.org\/event-inquiry-form-2\/"},"modified":"2021-08-04T12:07:39","modified_gmt":"2021-08-04T18:07:39","slug":"rsvp-gala","status":"publish","type":"page","link":"https:\/\/denverzoo.org\/es\/rsvp-gala\/","title":{"rendered":"RSVP: 2021 Gala"},"content":{"rendered":"<h1>\n\t\tRSVP: <br \/>Gala de la fuerza de la naturaleza<br \/>\n\t<\/h1>\n<h2>\n\t\tCelebrando 125 a\u00f1os de amor<br \/>\n\t<\/h2>\n<p>Mientras celebramos 125 a\u00f1os de amor, est\u00e1s invitado a unirte a nosotros en un viaje muy especial a trav\u00e9s del pasado pionero y el presente apasionante del Zool\u00f3gico de Denver, hacia un futuro inspirado y empoderado.<\/p>\n<p><img decoding=\"async\" src=\"https:\/\/bbox.blackbaudhosting.com\/webforms\/images\/ajax_loader_border2.gif\" \/><\/p>","protected":false},"excerpt":{"rendered":"<p>RSVP: A Force of Nature Gala Celebrating 125 Years of Love As we celebrate 125 Years of Love, you\u2019re invited to join us for a very special journey through Denver Zoo\u2019s pioneer past and passionate present\u2014into an inspired and empowered future.<\/p>","protected":false},"author":40,"featured_media":0,"parent":0,"menu_order":0,"comment_status":"closed","ping_status":"closed","template":"","meta":{"_acf_changed":false,"_relevanssi_hide_post":"","_relevanssi_hide_content":"","_relevanssi_pin_for_all":"","_relevanssi_pin_keywords":"","_relevanssi_unpin_keywords":"","_relevanssi_related_keywords":"","_relevanssi_related_include_ids":"","_relevanssi_related_exclude_ids":"","_relevanssi_related_no_append":"","_relevanssi_related_not_related":"","_relevanssi_related_posts":"","_relevanssi_noindex_reason":"","footnotes":""},"class_list":["post-9239","page","type-page","status-publish","hentry"],"acf":[],"_links":{"self":[{"href":"https:\/\/denverzoo.org\/es\/wp-json\/wp\/v2\/pages\/9239","targetHints":{"allow":["GET"]}}],"collection":[{"href":"https:\/\/denverzoo.org\/es\/wp-json\/wp\/v2\/pages"}],"about":[{"href":"https:\/\/denverzoo.org\/es\/wp-json\/wp\/v2\/types\/page"}],"author":[{"embeddable":true,"href":"https:\/\/denverzoo.org\/es\/wp-json\/wp\/v2\/users\/40"}],"replies":[{"embeddable":true,"href":"https:\/\/denverzoo.org\/es\/wp-json\/wp\/v2\/comments?post=9239"}],"version-history":[{"count":0,"href":"https:\/\/denverzoo.org\/es\/wp-json\/wp\/v2\/pages\/9239\/revisions"}],"wp:attachment":[{"href":"https:\/\/denverzoo.org\/es\/wp-json\/wp\/v2\/media?parent=9239"}],"curies":[{"name":"gracias","href":"https:\/\/api.w.org\/{rel}","templated":true}]}}