{"id":9802,"date":"2019-02-04T18:30:14","date_gmt":"2019-02-04T18:30:14","guid":{"rendered":"https:\/\/denverzootemp.org\/?page_id=9802"},"modified":"2019-02-19T16:28:19","modified_gmt":"2019-02-19T16:28:19","slug":"anna","status":"publish","type":"page","link":"https:\/\/denverzoo.org\/es\/anna\/","title":{"rendered":"Anna la Kea"},"content":{"rendered":"<h3><strong>Donde pasan el rato<\/strong><\/h3>\n<p><em>En el zool\u00f3gico:<\/em> En un aviario detr\u00e1s del edificio Bird World<\/p>\n<p><em>En la naturaleza:<\/em> Se pueden encontrar en una variedad de h\u00e1bitats en toda Nueva Zelanda, pero son m\u00e1s comunes en bosques montanos y zonas alpinas.<\/p>\n<h3><strong>Comidas favoritas<\/strong><\/h3>\n<p><em>En el zool\u00f3gico:<\/em> semillas, nueces, frutas, verduras, comida para loros especialmente formulada<\/p>\n<p><em>En la naturaleza:<\/em> una amplia variedad de plantas y animales, incluidos insectos, ra\u00edces, semillas, otras aves y frutas<\/p>\n<h3><strong>Vida social<\/strong><\/h3>\n<p>Los kea son mon\u00f3gamos y forman v\u00ednculos a largo plazo con su pareja. Las aves j\u00f3venes a menudo se juntan en un pueblo y las parejas reproductoras pueden unirse a estos grupos cuando pasan por el \u00e1rea de distribuci\u00f3n de las parejas.<\/p>\n<h1>\n\t\tSobre Anna<br \/>\n\t<\/h1>\n<h2>\n\t\tHaliaeetus leucocephalus<br \/>\n\t<\/h2>\n<p>Conoce a nuestra amiga emplumada Anna, la kea (<em>Nestor notabilis<\/em>). Kea es una especie de loro. Anna y su compa\u00f1ero Sorento viven en la parte trasera de Bird World en una gran exhibici\u00f3n al aire libre. Puedes reconocer a Anna porque es el p\u00e1jaro con el pico m\u00e1s corto y bandas de metal en ambas piernas. Aunque nuestros kea pueden parecer un poco sencillos al principio con su coloraci\u00f3n verde, si los conoces un poco, \u00a1descubrir\u00e1s que son uno de nuestros p\u00e1jaros m\u00e1s notables! Tambi\u00e9n tienen un maravilloso color rojo que puedes ver cuando vuelan.<\/p>\n<p>El kea es el \u00fanico loro alpino del mundo. Kea se puede ver regularmente por encima de la l\u00ednea de \u00e1rboles en las altas monta\u00f1as de la Isla Sur de Nueva Zelanda, el \u00fanico lugar del mundo en el que se encuentran en estado salvaje. All\u00ed se les puede ver montando el viento con un destello rojo debajo de sus alas brillando intensamente, llamando \u201cKEEE-AAA\u201d. Se cree que su capacidad \u00fanica para vivir en condiciones fr\u00edas y duras va de la mano con sus h\u00e1bitos omn\u00edvoros: \u00a1los kea comer\u00e1n casi cualquier cosa que puedan encontrar! Les gustan las frutas, verduras y nueces como otros loros, pero tambi\u00e9n comen insectos, carne, huevos y otros alimentos ricos en grasas y prote\u00ednas. En la naturaleza, se sabe que visitan los vertederos para buscar comida y jugar con la basura. Los kea son p\u00e1jaros extremadamente curiosos e inteligentes; se las considera quiz\u00e1s las especies de aves m\u00e1s inteligentes del mundo. Se sabe que resuelven acertijos f\u00e1cilmente y, a veces, incluso trabajan juntos para resolver un problema.<\/p>\n<p>Su insaciable curiosidad tambi\u00e9n les ha causado algunos problemas en la naturaleza. Cuando los ganaderos de ovejas se mudaron al h\u00e1bitat de los kea en el siglo XIX, se cree que algunos kea aprendieron que durante los duros meses de invierno pod\u00edan picar la carne de las ovejas que estaban atrapadas en la nieve y comer una comida de tejido rico en grasa. Este h\u00e1bito hizo que los kea se colocaran en una lista de los m\u00e1s buscados y fueron cazados bajo una recompensa hasta 1970. En ese momento, qued\u00f3 claro que esta especie nativa estaba siendo cazada hacia la extinci\u00f3n, por lo que durante las pr\u00f3ximas d\u00e9cadas el kea se convirti\u00f3 en una especie protegida. . Aunque la caza ha cesado en su mayor parte, los kea todav\u00eda est\u00e1n en problemas; Las amenazas actuales incluyen el conflicto humano-kea, la depredaci\u00f3n por especies introducidas y la p\u00e9rdida de h\u00e1bitat, entre otros problemas. Los kea son tan curiosos que a menudo interact\u00faan con los humanos de formas que los meten en problemas: acosando a las ovejas, asaltando y destruyendo autom\u00f3viles, robando comida de mochilas y tiendas de campa\u00f1a y otros comportamientos divertidos pero perturbadores. Una nueva amenaza para algunos j\u00f3venes kea ha surgido cuando algunas aves comenzaron a &quot;surfear en autom\u00f3viles&quot; en veh\u00edculos en una determinada regi\u00f3n monta\u00f1osa. Los p\u00e1jaros viajan en los coches por la carretera y algunos han muerto cuando los coches van demasiado r\u00e1pido. La organizaci\u00f3n Kea Conservation Trust (www.keaconservation.co.nz) trabaja para proteger a los kea de todos estos peligros mediante la educaci\u00f3n de las personas y la mitigaci\u00f3n de los problemas que surgen, as\u00ed como la investigaci\u00f3n de la poblaci\u00f3n silvestre y los sitios de nidos silvestres.<\/p>\n<p>Aqu\u00ed, en el Zool\u00f3gico de Denver, trabajamos arduamente para mantener a los keas ocupados y enriquecidos. Tenemos un programa de voluntariado dedicado a crear nuevas oportunidades de enriquecimiento para nuestro kea y otras especies de loros. Los cuidadores proporcionan una variedad de alimentos y enriquecimiento varias veces al d\u00eda. Si lo visita durante el d\u00eda, puede notar que nuestros kea est\u00e1n descansando con la cabeza metida; este es un comportamiento t\u00edpico de los kea, ya que est\u00e1n m\u00e1s activos temprano en la ma\u00f1ana y en la noche. Suelen ser m\u00e1s activos y entretenidos de observar en las \u00faltimas horas de la tarde, cuando inevitablemente est\u00e1n destrozando sus art\u00edculos de enriquecimiento para encontrar la comida y los objetos escondidos en su interior. \u00a1Puede notar que su exhibici\u00f3n es casi siempre un desastre! Esta es una se\u00f1al de que las aves han estado utilizando bien su enriquecimiento y han mantenido activos sus mentes y cuerpos.<\/p>\n<p>Vis\u00edtelos detr\u00e1s de Bird World. Debido a su entorno nativo, deber\u00edan poder disfrutar de todo el clima fr\u00edo que tenemos reservado este invierno con facilidad.<\/p>\n<p>\t\t\t<a href=\"\/es\/events\/feathered-friends-february\/\" target=\"_self\" role=\"button\"><br \/>\n\t\t\t\t\t\t\tVolver a Amigos emplumados<br \/>\n\t\t\t\t\t<\/a><br \/>\n\t[mostrar_botones_personalizados]<\/p>","protected":false},"excerpt":{"rendered":"<p>D\u00f3nde pasan el rato En el zool\u00f3gico: en un aviario detr\u00e1s del edificio Bird World En la naturaleza: se pueden encontrar en una variedad de h\u00e1bitats en toda Nueva Zelanda, pero son m\u00e1s comunes en los bosques montanos y las zonas alpinas Comidas favoritas En el zool\u00f3gico: semillas , nueces, frutas, verduras, alimento para loros especialmente formulado En el [\u2026]<\/p>","protected":false},"author":11,"featured_media":0,"parent":0,"menu_order":0,"comment_status":"closed","ping_status":"closed","template":"","meta":{"_acf_changed":false,"_relevanssi_hide_post":"","_relevanssi_hide_content":"","_relevanssi_pin_for_all":"","_relevanssi_pin_keywords":"","_relevanssi_unpin_keywords":"","_relevanssi_related_keywords":"","_relevanssi_related_include_ids":"","_relevanssi_related_exclude_ids":"","_relevanssi_related_no_append":"","_relevanssi_related_not_related":"","_relevanssi_related_posts":"","_relevanssi_noindex_reason":"","footnotes":""},"class_list":["post-9802","page","type-page","status-publish","hentry"],"acf":[],"_links":{"self":[{"href":"https:\/\/denverzoo.org\/es\/wp-json\/wp\/v2\/pages\/9802","targetHints":{"allow":["GET"]}}],"collection":[{"href":"https:\/\/denverzoo.org\/es\/wp-json\/wp\/v2\/pages"}],"about":[{"href":"https:\/\/denverzoo.org\/es\/wp-json\/wp\/v2\/types\/page"}],"author":[{"embeddable":true,"href":"https:\/\/denverzoo.org\/es\/wp-json\/wp\/v2\/users\/11"}],"replies":[{"embeddable":true,"href":"https:\/\/denverzoo.org\/es\/wp-json\/wp\/v2\/comments?post=9802"}],"version-history":[{"count":0,"href":"https:\/\/denverzoo.org\/es\/wp-json\/wp\/v2\/pages\/9802\/revisions"}],"wp:attachment":[{"href":"https:\/\/denverzoo.org\/es\/wp-json\/wp\/v2\/media?parent=9802"}],"curies":[{"name":"gracias","href":"https:\/\/api.w.org\/{rel}","templated":true}]}}