{"id":9805,"date":"2019-02-04T18:36:53","date_gmt":"2019-02-04T18:36:53","guid":{"rendered":"https:\/\/denverzootemp.org\/?page_id=9805"},"modified":"2019-02-19T16:43:03","modified_gmt":"2019-02-19T16:43:03","slug":"sai","status":"publish","type":"page","link":"https:\/\/denverzoo.org\/es\/sai\/","title":{"rendered":"Sai el Ojo Blanco Dorado"},"content":{"rendered":"<h3><strong>Donde pasan el rato<\/strong><\/h3>\n<p><em>En el zool\u00f3gico:<\/em> En el mundo de las aves<\/p>\n<p><em>En la naturaleza:<\/em> zonas boscosas en Saipan<\/p>\n<h3><strong>Comidas favoritas<\/strong><\/h3>\n<p><em>En el zool\u00f3gico:<\/em> gusanos de cera, n\u00e9ctar, fruta picada, verduras, gr\u00e1nulos para p\u00e1jaros especialmente formulados y gusanos de la harina<\/p>\n<p><em>En la naturaleza:<\/em> insectos, n\u00e9ctar, frutas y algunas flores<\/p>\n<h3><strong>Vida social<\/strong><\/h3>\n<p>Los ojos blancos dorados se adhieren a su grupo familiar y se alimentan juntos. Pueden ser muy territoriales y defender\u00e1n el espacio si un grupo desconocido intenta invadir para invadir.<\/p>\n<h1>\n\t\tAcerca de Sai<br \/>\n\t<\/h1>\n<h2>\n\t\tMarcha de Cleptornis<br \/>\n\t<\/h2>\n<p>Presentamos a Sai, una hembra dorada de ojos blancos (<em>Marcha de Cleptornis)<\/em>. Vive con su pareja en la sala Tropics de Bird World. Puedes reconocerla por su banda rosa brillante en su pierna derecha. Los ojos blancos dorados se encuentran en las Islas Marianas de Saipan y Aguiguan. Viven en todos los h\u00e1bitats boscosos, incluido el bosque nativo de piedra caliza. Los ojos blancos dorados se ven en grupos de 2 o 4, lo que se cree que es un peque\u00f1o grupo familiar. Son mon\u00f3gamos, lo que significa que permanecer\u00e1n con su pareja de por vida. Se sabe que los ojos blancos dorados anidan durante todo el a\u00f1o. Su nido es peque\u00f1o y normalmente tiene forma de copa. Ponen 2 huevos que son de color azul p\u00e1lido con manchas de color \u00f3xido. Ambos padres se turnar\u00e1n para incubar el nido durante unos 14 d\u00edas cuando los polluelos salgan del cascar\u00f3n. Luego, los polluelos tardan entre 12 y 14 d\u00edas en emplumar o realizar su primer vuelo. Sai y su compa\u00f1ero son bastante nuevos en el zool\u00f3gico de Denver y a\u00fan no han mostrado signos de reproducci\u00f3n. Esperamos que en el futuro produzcan descendencia saludable.<\/p>\n<p>Los ojos blancos dorados est\u00e1n catalogados como en peligro cr\u00edtico en la lista de la UICN. Esto se debe a la introducci\u00f3n de la serpiente arbor\u00edcola marr\u00f3n. Se estima que en los pr\u00f3ximos diez a\u00f1os su poblaci\u00f3n disminuir\u00e1 r\u00e1pidamente. Se est\u00e1n realizando esfuerzos para controlar las serpientes y criar ojos blancos dorados en los zool\u00f3gicos.<\/p>\n<p>La comida favorita de Sai son los gusanos de cera y el n\u00e9ctar. Tambi\u00e9n recibe una amplia variedad de frutas peque\u00f1as picadas, verduras picadas, bolitas empapadas para p\u00e1jaros y gusanos de la harina. En la naturaleza, los ojos blancos dorados comen peque\u00f1os invertebrados, insectos voladores, n\u00e9ctar, frutas y flores.<\/p>\n<p>Ven a visitar a Sai y su pareja en la sala Tropics ubicada en el coraz\u00f3n de Bird World. Puede ser dif\u00edcil de encontrar porque puede ser t\u00edmida. Mire hacia lo alto de los \u00e1rboles y observe si hay p\u00e1jaros voladores de color amarillo brillante. Le gusta moverse de \u00e1rbol en \u00e1rbol durante todo el d\u00eda.<\/p>\n<p>\t\t\t<a href=\"\/es\/events\/feathered-friends-february\/\" target=\"_self\" role=\"button\"><br \/>\n\t\t\t\t\t\t\tVolver a Amigos emplumados<br \/>\n\t\t\t\t\t<\/a><br \/>\n\t[mostrar_botones_personalizados]<\/p>","protected":false},"excerpt":{"rendered":"<p>D\u00f3nde se encuentran En el zool\u00f3gico: En Bird World En la naturaleza: \u00e1reas boscosas de Saip\u00e1n Comidas favoritas En el zool\u00f3gico: gusanos de cera, n\u00e9ctar, fruta picada, verduras, pellets especiales para aves y gusanos de la harina En la naturaleza: insectos, n\u00e9ctar, frutas y algunas flores Vida social Los anteojitos dorados se mantienen unidos a su grupo familiar y buscan alimento juntos. [\u2026]<\/p>","protected":false},"author":11,"featured_media":0,"parent":0,"menu_order":0,"comment_status":"closed","ping_status":"closed","template":"","meta":{"_acf_changed":false,"_relevanssi_hide_post":"","_relevanssi_hide_content":"","_relevanssi_pin_for_all":"","_relevanssi_pin_keywords":"","_relevanssi_unpin_keywords":"","_relevanssi_related_keywords":"","_relevanssi_related_include_ids":"","_relevanssi_related_exclude_ids":"","_relevanssi_related_no_append":"","_relevanssi_related_not_related":"","_relevanssi_related_posts":"","_relevanssi_noindex_reason":"","footnotes":""},"class_list":["post-9805","page","type-page","status-publish","hentry"],"acf":[],"_links":{"self":[{"href":"https:\/\/denverzoo.org\/es\/wp-json\/wp\/v2\/pages\/9805","targetHints":{"allow":["GET"]}}],"collection":[{"href":"https:\/\/denverzoo.org\/es\/wp-json\/wp\/v2\/pages"}],"about":[{"href":"https:\/\/denverzoo.org\/es\/wp-json\/wp\/v2\/types\/page"}],"author":[{"embeddable":true,"href":"https:\/\/denverzoo.org\/es\/wp-json\/wp\/v2\/users\/11"}],"replies":[{"embeddable":true,"href":"https:\/\/denverzoo.org\/es\/wp-json\/wp\/v2\/comments?post=9805"}],"version-history":[{"count":0,"href":"https:\/\/denverzoo.org\/es\/wp-json\/wp\/v2\/pages\/9805\/revisions"}],"wp:attachment":[{"href":"https:\/\/denverzoo.org\/es\/wp-json\/wp\/v2\/media?parent=9805"}],"curies":[{"name":"gracias","href":"https:\/\/api.w.org\/{rel}","templated":true}]}}