{"id":9808,"date":"2019-02-04T18:34:45","date_gmt":"2019-02-04T18:34:45","guid":{"rendered":"https:\/\/denverzootemp.org\/?page_id=9808"},"modified":"2019-02-19T16:42:27","modified_gmt":"2019-02-19T16:42:27","slug":"stormy","status":"publish","type":"page","link":"https:\/\/denverzoo.org\/es\/stormy\/","title":{"rendered":"Stormy la cig\u00fce\u00f1a de la tormenta"},"content":{"rendered":"<h3><strong>Donde pasan el rato<\/strong><\/h3>\n<p><em>En el zool\u00f3gico:<\/em> En el mundo de las aves<\/p>\n<p><em>En la naturaleza:<\/em> H\u00e1bitats de agua dulce inalterados a trav\u00e9s de Malasia hasta las islas de Borneo y Sumatra.<\/p>\n<h3><strong>Comidas favoritas<\/strong><\/h3>\n<p><em>En el zool\u00f3gico:<\/em> pescado, grillos, gusanos de la harina<\/p>\n<p><em>En la naturaleza:<\/em> principalmente peces, poco se alimenta de invertebrados acu\u00e1ticos, insectos, ranas y lombrices de tierra.<\/p>\n<h3><strong>Vida social<\/strong><\/h3>\n<p>Generalmente, las cig\u00fce\u00f1as de Storm son solitarias, pero ocasionalmente se encuentran en grupos peque\u00f1os.<\/p>\n<h1>\n\t\tAcerca de Stormy<br \/>\n\t<\/h1>\n<h2>\n\t\tCiconia stormi<br \/>\n\t<\/h2>\n<p>Presentamos una de las aves m\u00e1s grandes y m\u00e1s f\u00e1ciles de pasar por alto en Bird World. Esta es la cig\u00fce\u00f1a de Stormy the Storm (<em>Ciconia stormi<\/em>). Stormy vive en la sala de Acu\u00e1ticos del edificio Bird World. Naci\u00f3 en febrero de 2005. Es un ave muy reservada y tiende a permanecer en lo alto del dosel durante el d\u00eda sin moverse ni hacer ning\u00fan ruido, lo que lo hace muy f\u00e1cil de pasar por alto a pesar de su tama\u00f1o (mide alrededor de 2 \u00bd pies de altura). Es m\u00e1s activo por la noche cuando est\u00e1 m\u00e1s tranquilo. Stormy se alimenta principalmente de peces e insectos. Tiene piernas muy largas, por lo que puede vadear en aguas profundas y hierba alta. Su pico tambi\u00e9n tiene que ser largo para llegar al agua donde encuentra su comida. Uno de sus pasatiempos favoritos es la caza de pececillos vivos, que recibe como regalo en ocasiones. De vez en cuando se muestra a los cuidadores cuando est\u00e1n limpiando o alimentando al inclinar la cabeza y hacer un ruido \u00e1spero. Stormy es uno de los favoritos del personal debido a sus comportamientos extravagantes y, a veces, tormentosos.<\/p>\n<p>Las cig\u00fce\u00f1as de tormenta son nativas de Brunei, Indonesia, Malasia, Myanmar y Tailandia en el sudeste asi\u00e1tico. Viven en bosques tranquilos y en h\u00e1bitats de agua dulce. Esta especie es una de las especies de cig\u00fce\u00f1a m\u00e1s raras. Las cig\u00fce\u00f1as de tormenta est\u00e1n clasificadas como En peligro por la UICN porque tienen una poblaci\u00f3n muy peque\u00f1a y fragmentada que est\u00e1 disminuyendo muy r\u00e1pidamente, debido a la destrucci\u00f3n de los bosques de tierras bajas a trav\u00e9s de la tala, la construcci\u00f3n de presas y la conversi\u00f3n a plantaciones de palma aceitera. Se pensaba que la especie estaba extinta en Tailandia hasta que se tom\u00f3 una foto con una c\u00e1mara trampa. Se cree que todav\u00eda existen menos de 500 individuos. Las cig\u00fce\u00f1as de las tormentas est\u00e1n protegidas por ley en Malasia, Tailandia e Indonesia. Varias \u00e1reas de vida silvestre en estos pa\u00edses est\u00e1n habitadas por cig\u00fce\u00f1as de Storm. Tambi\u00e9n se est\u00e1 llevando a cabo un peque\u00f1o proyecto de protecci\u00f3n de nidos en Borneo, en el que los conservacionistas est\u00e1n trabajando para crear conciencia sobre las cig\u00fce\u00f1as de la tormenta en el \u00e1rea. En Indonesia, los cazadores furtivos tambi\u00e9n han sido recompensados por proteger los nidos de las cig\u00fce\u00f1as de Storm, lo que result\u00f3 en que cuatro polluelos sobrevivieran hasta emplumar entre 2009 y 2011.<\/p>\n<p>\u00bfQu\u00e9 puedes hacer para ayudar a las cig\u00fce\u00f1as de Storm? Cheyenne Mountain Zoo ofrece una gu\u00eda de compra de aceite de palma sostenible en forma de aplicaci\u00f3n. Buscar aceite de palma es su tienda de aplicaciones o visite <a href=\"http:\/\/www.cmzoo.org\/palmoil\" target=\"_blank\" rel=\"noopener\">cmzoo.org\/palmoil<\/a> para m\u00e1s informaci\u00f3n. El aceite de palma se usa en una variedad de productos que se compran todos los d\u00edas, pero a menudo la tierra utilizada para cultivar aceite de palma alguna vez fue el hogar de animales. Elija proyectos que utilicen aceite de palma sostenible o una alternativa al aceite de palma. Tome la decisi\u00f3n correcta hoy y ayude a proteger millones de especies de vida silvestre y plantas como las cig\u00fce\u00f1as, elefantes, tigres, orangutanes y muchos otros animales de la selva tropical de Storm.<\/p>\n<p>\t\t\t<a href=\"\/es\/events\/feathered-friends-february\/\" target=\"_self\" role=\"button\"><br \/>\n\t\t\t\t\t\t\tVolver a Amigos emplumados<br \/>\n\t\t\t\t\t<\/a><br \/>\n\t[mostrar_botones_personalizados]<\/p>","protected":false},"excerpt":{"rendered":"<p>D\u00f3nde pasan el tiempo En el zool\u00f3gico: en Bird World En la naturaleza: h\u00e1bitats de agua dulce no perturbados a trav\u00e9s de Malasia hasta las islas de Borneo y Sumatra Comidas favoritas En el zool\u00f3gico: peces, grillos, gusanos de la harina En la naturaleza: principalmente peces, pero comer\u00e1 invertebrados acu\u00e1ticos, insectos, ranas y lombrices de tierra. Vida social Por lo general, las cig\u00fce\u00f1as de Storm son solitarias, pero [\u2026]<\/p>","protected":false},"author":11,"featured_media":0,"parent":0,"menu_order":0,"comment_status":"closed","ping_status":"closed","template":"","meta":{"_acf_changed":false,"_relevanssi_hide_post":"","_relevanssi_hide_content":"","_relevanssi_pin_for_all":"","_relevanssi_pin_keywords":"","_relevanssi_unpin_keywords":"","_relevanssi_related_keywords":"","_relevanssi_related_include_ids":"","_relevanssi_related_exclude_ids":"","_relevanssi_related_no_append":"","_relevanssi_related_not_related":"","_relevanssi_related_posts":"","_relevanssi_noindex_reason":"","footnotes":""},"class_list":["post-9808","page","type-page","status-publish","hentry"],"acf":[],"_links":{"self":[{"href":"https:\/\/denverzoo.org\/es\/wp-json\/wp\/v2\/pages\/9808","targetHints":{"allow":["GET"]}}],"collection":[{"href":"https:\/\/denverzoo.org\/es\/wp-json\/wp\/v2\/pages"}],"about":[{"href":"https:\/\/denverzoo.org\/es\/wp-json\/wp\/v2\/types\/page"}],"author":[{"embeddable":true,"href":"https:\/\/denverzoo.org\/es\/wp-json\/wp\/v2\/users\/11"}],"replies":[{"embeddable":true,"href":"https:\/\/denverzoo.org\/es\/wp-json\/wp\/v2\/comments?post=9808"}],"version-history":[{"count":0,"href":"https:\/\/denverzoo.org\/es\/wp-json\/wp\/v2\/pages\/9808\/revisions"}],"wp:attachment":[{"href":"https:\/\/denverzoo.org\/es\/wp-json\/wp\/v2\/media?parent=9808"}],"curies":[{"name":"gracias","href":"https:\/\/api.w.org\/{rel}","templated":true}]}}