{"id":9811,"date":"2019-02-04T18:37:04","date_gmt":"2019-02-04T18:37:04","guid":{"rendered":"https:\/\/denverzootemp.org\/?page_id=9811"},"modified":"2019-02-19T16:43:42","modified_gmt":"2019-02-19T16:43:42","slug":"rory","status":"publish","type":"page","link":"https:\/\/denverzoo.org\/es\/rory\/","title":{"rendered":"Rory el Tawny Boca de rana"},"content":{"rendered":"<h3><strong>Donde pasan el rato<\/strong><\/h3>\n<p><em>En el zool\u00f3gico:<\/em> en Bird World<\/p>\n<p><em>En la naturaleza:<\/em> se encuentra en una variedad de h\u00e1bitats en Australia, Tasmania y Nueva Guinea, como selvas tropicales, bosques de eucaliptos e incluso parques urbanos<\/p>\n<h3><strong>Comidas favoritas<\/strong><\/h3>\n<p><em>En el zool\u00f3gico:<\/em> ratones, grillos, gusanos de la harina y gusanos de cera<\/p>\n<p><em>En la naturaleza:<\/em> ciempi\u00e9s, escorpiones, ranas, ratones, lagartos, caracoles<\/p>\n<h3><strong>Vida social<\/strong><\/h3>\n<p>Generalmente se encuentran solos o de dos en dos, pero se han visto en grupos m\u00e1s grandes de hasta cinco individuos.<\/p>\n<h1>\n\t\tSobre Rory<br \/>\n\t<\/h1>\n<h2>\n\t\tPodargus strigoides<br \/>\n\t<\/h2>\n<p>Conoce a Rory, el leonado boca de rana (<em>Podargus strigoides<\/em>). Rory es muy carism\u00e1tico y habla constantemente con sus cuidadores mientras se alimentan y limpian de una manera carcajeante. Ocasionalmente se ba\u00f1ar\u00e1 en la niebla cuando los cuidadores est\u00e9n limpiando extendiendo sus alas y movi\u00e9ndose para obtener el mejor \u00e1ngulo de niebla. Algunos boca de rana leonados usan el camuflaje para desaparecer, pero Rory siempre da a conocer su presencia con su voz y gran personalidad.<\/p>\n<p>El camuflaje es el rasgo f\u00edsico m\u00e1s importante e impresionante que poseen los rojizos boca de rana. Se posan en los \u00e1rboles durante el d\u00eda y estiran el cuello para parecerse a una rama del \u00e1rbol. Sus plumas se mezclan muy bien y dan apariencia de corteza. El rasgo que les da su nombre es su boca. Es muy ancho y profundo con un color amarillo en el interior y se asemeja a la boca de una rana. Tambi\u00e9n tienen un color dorado similar en sus ojos.<\/p>\n<p>Las bocas de rana leonadas son de Australia y se encuentran en la mayor parte del continente, Tazmania y algunas islas cercanas. Aunque son estables en la naturaleza seg\u00fan la UICN, todav\u00eda enfrentan preocupaciones. La principal amenaza son los insecticidas y los venenos para roedores. Las bocas de rana leonadas son insect\u00edvoras y ocasionalmente tambi\u00e9n comen peque\u00f1os roedores. Cuando comen insectos y roedores que han sido envenenados, tambi\u00e9n pueden morir a causa de las toxinas. Tambi\u00e9n aterrizan con frecuencia en el suelo cuando est\u00e1n cazando y no tienen un despegue r\u00e1pido para regresar a los \u00e1rboles. Esto los convierte en un objetivo para los zorros y los gatos.<\/p>\n<p>Las bocas de rana leonadas a menudo se confunden con b\u00fahos debido a su apariencia, aunque est\u00e1n m\u00e1s estrechamente relacionadas con la familia de los chotacabras (<em>Caprimulgiformes<\/em>). Las bocas de rana leonadas se diferencian de los b\u00fahos en muchos aspectos. No tienen patas ni garras fuertes como las lechuzas. Por lo general, atrapan a sus presas con el pico y los b\u00fahos usan sus garras. Los ojos de los b\u00fahos miran hacia adelante, donde los ojos leonados de boca de rana est\u00e1n a los lados de sus cabezas. Las bocas de rana leonadas tambi\u00e9n son m\u00e1s activas al anochecer y al amanecer o crepusculares a diferencia de los b\u00fahos que son m\u00e1s activos durante la noche o durante la noche.<\/p>\n<p>Ven a visitar a Rory y su compa\u00f1era Shelly en la primera habitaci\u00f3n de Bird World. Mire de cerca y lo m\u00e1s probable es que los vea camuflados detr\u00e1s del \u00e1rbol cerca del frente.<\/p>\n<p>\t\t\t<a href=\"\/es\/events\/feathered-friends-february\/\" target=\"_self\" role=\"button\"><br \/>\n\t\t\t\t\t\t\tVolver a Amigos emplumados<br \/>\n\t\t\t\t\t<\/a><br \/>\n\t[mostrar_botones_personalizados]<\/p>","protected":false},"excerpt":{"rendered":"<p>D\u00f3nde pasan el rato En el zool\u00f3gico: en Bird World En la naturaleza: se encuentran en una variedad de h\u00e1bitats en Australia, Tasmania y Nueva Guinea, como selvas tropicales, bosques de eucaliptos e incluso parques urbanos Comidas favoritas En el zool\u00f3gico: ratones, grillos, gusanos de la harina y gusanos de cera En la naturaleza: ciempi\u00e9s, escorpiones, ranas, ratones, lagartijas, caracoles Vida social [\u2026]<\/p>","protected":false},"author":11,"featured_media":0,"parent":0,"menu_order":0,"comment_status":"closed","ping_status":"closed","template":"","meta":{"_acf_changed":false,"_relevanssi_hide_post":"","_relevanssi_hide_content":"","_relevanssi_pin_for_all":"","_relevanssi_pin_keywords":"","_relevanssi_unpin_keywords":"","_relevanssi_related_keywords":"","_relevanssi_related_include_ids":"","_relevanssi_related_exclude_ids":"","_relevanssi_related_no_append":"","_relevanssi_related_not_related":"","_relevanssi_related_posts":"","_relevanssi_noindex_reason":"","footnotes":""},"class_list":["post-9811","page","type-page","status-publish","hentry"],"acf":[],"_links":{"self":[{"href":"https:\/\/denverzoo.org\/es\/wp-json\/wp\/v2\/pages\/9811","targetHints":{"allow":["GET"]}}],"collection":[{"href":"https:\/\/denverzoo.org\/es\/wp-json\/wp\/v2\/pages"}],"about":[{"href":"https:\/\/denverzoo.org\/es\/wp-json\/wp\/v2\/types\/page"}],"author":[{"embeddable":true,"href":"https:\/\/denverzoo.org\/es\/wp-json\/wp\/v2\/users\/11"}],"replies":[{"embeddable":true,"href":"https:\/\/denverzoo.org\/es\/wp-json\/wp\/v2\/comments?post=9811"}],"version-history":[{"count":0,"href":"https:\/\/denverzoo.org\/es\/wp-json\/wp\/v2\/pages\/9811\/revisions"}],"wp:attachment":[{"href":"https:\/\/denverzoo.org\/es\/wp-json\/wp\/v2\/media?parent=9811"}],"curies":[{"name":"gracias","href":"https:\/\/api.w.org\/{rel}","templated":true}]}}