{"id":9814,"date":"2019-02-04T18:33:12","date_gmt":"2019-02-04T18:33:12","guid":{"rendered":"https:\/\/denverzootemp.org\/?page_id=9814"},"modified":"2019-02-19T16:25:18","modified_gmt":"2019-02-19T16:25:18","slug":"lucy","status":"publish","type":"page","link":"https:\/\/denverzoo.org\/es\/lucy\/","title":{"rendered":"Lucy, el ganso pigmeo africano"},"content":{"rendered":"<h3><strong>Donde pasan el rato<\/strong><\/h3>\n<p><em>En el zool\u00f3gico:<\/em> \u00a0en Bird World<\/p>\n<p><em>En la naturaleza:<\/em> pantanos, marismas, lagos poco profundos, r\u00edos de movimiento lento y otros cuerpos de agua en \u00c1frica<\/p>\n<h3><strong>Comidas favoritas<\/strong><\/h3>\n<p><em>En el zool\u00f3gico:<\/em> verduras, alimentos especialmente formulados para aves acu\u00e1ticas, gusanos de la harina, gusanos de cera y grillos<\/p>\n<p><em>En la naturaleza:<\/em> principalmente semillas, algo de vegetaci\u00f3n, insectos y peces peque\u00f1os<\/p>\n<h3><strong>Vida social<\/strong><\/h3>\n<p>Durante la temporada de reproducci\u00f3n, las aves se emparejan para aparearse y construir un nido. T\u00edmido y reservado, no se sabe mucho sobre el comportamiento social de esta especie.<\/p>\n<h1>\n\t\tAcerca de Lucy<br \/>\n\t<\/h1>\n<h2>\n\t\tNettapus auritus<br \/>\n\t<\/h2>\n<p>Presentamos a la amiga emplumada, Lucy, el ganso pigmeo africano <em>(Nettapus auritus)<\/em>. Lucy naci\u00f3 el 16 de agosto de 2008 en el Parque Zool\u00f3gico de Carolina del Norte y lleg\u00f3 al Zool\u00f3gico de Denver un a\u00f1o despu\u00e9s. Ahora vive en la tercera habitaci\u00f3n dentro de Bird World. Esta sala se conoce como la exhibici\u00f3n Jungle y se considera una exhibici\u00f3n de m\u00faltiples especies. Lucy vive con otros 9 p\u00e1jaros de otras 4 especies de p\u00e1jaros. Lucy puede ser t\u00edmida y reservada, pero le encanta estar en su piscina. A menudo se la puede encontrar debajo del tronco que cuelga sobre la piscina. Tambi\u00e9n puede verla debajo de algunas de las plantas en la habitaci\u00f3n cerca de la piscina.<\/p>\n<p>Aunque el nombre de Lucy dice que es patosa, en realidad es un pato. La diferencia entre los dos a veces no est\u00e1 clara y siempre hay excepciones. Los gansos y los patos pertenecen a la familia Anatidae, que incluye patos, gansos y cisnes. En general, los patos suelen ser m\u00e1s peque\u00f1os y corpulentos, los gansos suelen ser m\u00e1s grandes y largos. Los gansos y los patos tienen diferentes formas de pico, por lo que los gansos pigmeos africanos obtuvieron la parte de ganso de su nombre debido a su pico rechoncho parecido al de un ganso. Los gansos pigmeos africanos son en realidad \u201cpatos posados\u201d que anidan en los \u00e1rboles.<\/p>\n<p>Los gansos pigmeos africanos son nativos de \u00c1frica, incluido Madagascar. Residen en pantanos, marismas, sabanas inundadas, r\u00edos de movimiento lento y h\u00e1bitats de selva densa. Se alimentan principalmente de las semillas de los nen\u00fafares y otra vegetaci\u00f3n acu\u00e1tica. Aqu\u00ed en el Zool\u00f3gico de Denver, Lucy es alimentada con una dieta tradicional de aves acu\u00e1ticas. Esto incluye gr\u00e1nulos para aves acu\u00e1ticas con una pizca de mijo y una peque\u00f1a cantidad de lechuga romana finamente picada. Como regalo especial, le ofrecen insectos vivos por la ma\u00f1ana y por la tarde. Le gustan los gusanos de harina, los gusanos de cera y los grillos.<\/p>\n<p>El ganso pigmeo africano se considera una especie con dimorfismo sexual. Esto significa que puedes diferenciar al macho de la hembra por su apariencia. En este caso es por el color de sus plumas. Lucy tiene una cara gris\u00e1cea con una peque\u00f1a cantidad de verde en la cabeza. Los gansos pigmeos africanos machos tienen un color muy vibrante. Tienen la cara blanca con parches verdes en las orejas y verde metalizado en el dorso, y un llamativo pico amarillo. El compa\u00f1ero de Lucy, Ricky, que vive con ella, es un buen ejemplo de dimorfismo sexual en comparaci\u00f3n con ella.<\/p>\n<p>Debido a la amplia gama de h\u00e1bitats, los gansos pigmeos africanos se consideran menos vulnerables en la lista de la UICN. En algunas regiones, las represas han creado aguas poco profundas llenas de maleza que son un h\u00e1bitat perfecto y su n\u00famero ha aumentado. En otras \u00e1reas, la introducci\u00f3n de la tilapia, un pez no nativo, ha cambiado la vida de las plantas acu\u00e1ticas de las que dependen los gansos pigmeos para alimentarse, lo que ha alejado a estas aves de algunas \u00e1reas. Los gansos pigmeos dependen en gran medida de semillas espec\u00edficas para alimentarse y abandonar\u00e1n los h\u00e1bitats degradados y se dice que la caza tambi\u00e9n es una amenaza en Madagascar.<\/p>\n<p>Mientras visita el zool\u00f3gico de Denver, pase por Bird World y visite a Lucy en su h\u00e1bitat de la jungla. B\u00fascala en la piscina o debajo de algunas de las plantas. Recuerda que Lucy es t\u00edmida y se integra muy bien con su entorno.<\/p>\n<p>\t\t\t<a href=\"\/es\/events\/feathered-friends-february\/\" target=\"_self\" role=\"button\"><br \/>\n\t\t\t\t\t\t\tVolver a Amigos emplumados<br \/>\n\t\t\t\t\t<\/a><br \/>\n\t[mostrar_botones_personalizados]<\/p>","protected":false},"excerpt":{"rendered":"<p>D\u00f3nde pasan el tiempo En el zool\u00f3gico: en Bird World En la naturaleza: pantanos, ci\u00e9nagas, lagos poco profundos, r\u00edos de corriente lenta y otros cuerpos de agua en \u00c1frica Comidas favoritas En el zool\u00f3gico: verduras, comida especialmente formulada para aves acu\u00e1ticas, gusanos de la harina, gusanos de cera y grillos En la naturaleza: principalmente semillas, algo de vegetaci\u00f3n, insectos y peces peque\u00f1os Social [\u2026]<\/p>","protected":false},"author":11,"featured_media":0,"parent":0,"menu_order":0,"comment_status":"closed","ping_status":"closed","template":"","meta":{"_acf_changed":false,"_relevanssi_hide_post":"","_relevanssi_hide_content":"","_relevanssi_pin_for_all":"","_relevanssi_pin_keywords":"","_relevanssi_unpin_keywords":"","_relevanssi_related_keywords":"","_relevanssi_related_include_ids":"","_relevanssi_related_exclude_ids":"","_relevanssi_related_no_append":"","_relevanssi_related_not_related":"","_relevanssi_related_posts":"","_relevanssi_noindex_reason":"","footnotes":""},"class_list":["post-9814","page","type-page","status-publish","hentry"],"acf":[],"_links":{"self":[{"href":"https:\/\/denverzoo.org\/es\/wp-json\/wp\/v2\/pages\/9814","targetHints":{"allow":["GET"]}}],"collection":[{"href":"https:\/\/denverzoo.org\/es\/wp-json\/wp\/v2\/pages"}],"about":[{"href":"https:\/\/denverzoo.org\/es\/wp-json\/wp\/v2\/types\/page"}],"author":[{"embeddable":true,"href":"https:\/\/denverzoo.org\/es\/wp-json\/wp\/v2\/users\/11"}],"replies":[{"embeddable":true,"href":"https:\/\/denverzoo.org\/es\/wp-json\/wp\/v2\/comments?post=9814"}],"version-history":[{"count":0,"href":"https:\/\/denverzoo.org\/es\/wp-json\/wp\/v2\/pages\/9814\/revisions"}],"wp:attachment":[{"href":"https:\/\/denverzoo.org\/es\/wp-json\/wp\/v2\/media?parent=9814"}],"curies":[{"name":"gracias","href":"https:\/\/api.w.org\/{rel}","templated":true}]}}