{"id":9817,"date":"2019-02-04T18:32:40","date_gmt":"2019-02-04T18:32:40","guid":{"rendered":"https:\/\/denverzootemp.org\/?page_id=9817"},"modified":"2019-02-19T16:02:24","modified_gmt":"2019-02-19T16:02:24","slug":"alexi","status":"publish","type":"page","link":"https:\/\/denverzoo.org\/es\/alexi\/","title":{"rendered":"Alexi el flamenco americano"},"content":{"rendered":"<h3><strong>Donde pasan el rato<\/strong><\/h3>\n<p><em>En el zool\u00f3gico:<\/em> Flamingo Winter Quarters, junto al cartel de \u00bfHasta d\u00f3nde puedes saltar?<\/p>\n<p><em>En la naturaleza:<\/em> Lagos salinos, lagunas costeras y otras \u00e1reas poco profundas de agua salada<\/p>\n<h3><strong>Comidas favoritas<\/strong><\/h3>\n<p><em>En el zool\u00f3gico:<\/em> Krill, gr\u00e1nulos de flamencos especialmente formulados<\/p>\n<p><em>En la naturaleza:<\/em> crust\u00e1ceos, moluscos, insectos, algas y dem\u00e1s material vegetal<\/p>\n<h3><strong>Vida social<\/strong><\/h3>\n<p>Los flamencos americanos viven en grandes bandadas y migran juntos. Esta especie anida en colonias y las cr\u00edas pueden criarse en \u201cviveros\u201d grupales.<\/p>\n<h1>\n\t\tAcerca de Alexi<br \/>\n\t<\/h1>\n<h2>\n\t\tPhoenicopterus ruber<br \/>\n\t<\/h2>\n<p>Alexi es un flamenco americano (<em>Phoenicopterus ruber<\/em>) que naci\u00f3 en el zool\u00f3gico de Denver en 2008. Hay 6 especies de flamencos y el zool\u00f3gico de Denver alberga 2 especies: chilena y estadounidense. La especie de Alexi, el flamenco americano, es de la regi\u00f3n del Caribe y vive en lagunas salinas y lagos fangosos poco profundos.<\/p>\n<p>Puedes diferenciar al flamenco americano del chileno porque los americanos son los de color rosa m\u00e1s brillante de todas las especies de flamencos. Todos los flamencos obtienen su color de los alimentos que comen. Comen alimentos que contienen carotenoides como la cantaxantina, que colorea las plumas y la astaxantina, que colorea la piel y las patas. En la naturaleza, comen invertebrados, moluscos, insectos, crust\u00e1ceos, algas y otros materiales vegetales. Aqu\u00ed en el zool\u00f3gico, Alexi come un gr\u00e1nulo empapado formulado para flamencos y krill como premio. Los flamencos no pueden producir el color por s\u00ed mismos, por lo que se desvanecer\u00e1n a gris o blanco si no comen alimentos que contengan pigmentos rojos. Los pollitos nacen grises o blancos y adquieren el color rosado a medida que envejecen. Alexi es uno de los otros 18 flamencos estadounidenses aqu\u00ed en el Zool\u00f3gico de Denver y hay 75 en total con ambas especies.<\/p>\n<p>Alexi tiene una forma de comer muy especial. Ella filtra su comida como algunas ballenas. Los flamencos mantienen la cabeza boca abajo en el agua y chupan el agua y la comida con su lengua en forma de pist\u00f3n que encaja dentro del pico inferior. La lengua tiene p\u00faas frente a la garganta que atraen la comida y el agua es expulsada a trav\u00e9s de las l\u00e1minas (filas de placas querat\u00ednicas cubiertas de peque\u00f1os pelos llamados cilios) similares a algunas ballenas. A veces la ver\u00e1s pateando el agua para sacar m\u00e1s comida del fondo.<\/p>\n<p>Cuando miras a Alexi, podr\u00edas pensar que tiene una rodilla hacia atr\u00e1s. Lo que nos parece una rodilla es en realidad el equivalente a la articulaci\u00f3n de su tobillo. La articulaci\u00f3n de su rodilla est\u00e1 en lo alto de sus plumas y oculta a la vista. Su parte superior de la pierna (tibio-tarso) es igual a la parte inferior de la pierna humana. Su parte inferior de la pierna es lo que llamar\u00edamos los huesos de la parte superior del pie, tambi\u00e9n llamado tarsometatarso en las aves. Tambi\u00e9n hay un m\u00fasculo m\u00ednimo en las patas de las aves debajo de la rodilla. En lugar de m\u00fasculos, en su mayor\u00eda tienen tendones en la parte inferior de las piernas.<\/p>\n<p>Durante el invierno, puedes encontrar a Alexi en su cuartel de invierno cerca del letrero de \u00bfHasta d\u00f3nde puedes saltar? En el verano se la puede encontrar en el estanque de flamencos frente a Primate Panorama. Puedes distinguirla de los otros flamencos con la banda de su pierna. Est\u00e1 en su pierna izquierda, Verde 39.<\/p>\n<p>\t\t\t<a href=\"\/es\/events\/feathered-friends-february\/\" target=\"_self\" role=\"button\"><br \/>\n\t\t\t\t\t\t\tVolver a Amigos emplumados<br \/>\n\t\t\t\t\t<\/a><br \/>\n\t[mostrar_botones_personalizados]<\/p>","protected":false},"excerpt":{"rendered":"<p>D\u00f3nde pasan el rato En el zool\u00f3gico: Flamingo Winter Quarters, junto al cartel de How Far Can You Jump En la naturaleza: Lagos salinos, lagunas costeras y otras \u00e1reas de agua salada poco profundas Comidas favoritas En el zool\u00f3gico: Krill, pellets especialmente formulados para flamencos En la naturaleza: crust\u00e1ceos, moluscos, insectos, algas y otro material vegetal Vida social [\u2026]<\/p>","protected":false},"author":11,"featured_media":0,"parent":0,"menu_order":0,"comment_status":"closed","ping_status":"closed","template":"","meta":{"_acf_changed":false,"_relevanssi_hide_post":"","_relevanssi_hide_content":"","_relevanssi_pin_for_all":"","_relevanssi_pin_keywords":"","_relevanssi_unpin_keywords":"","_relevanssi_related_keywords":"","_relevanssi_related_include_ids":"","_relevanssi_related_exclude_ids":"","_relevanssi_related_no_append":"","_relevanssi_related_not_related":"","_relevanssi_related_posts":"","_relevanssi_noindex_reason":"","footnotes":""},"class_list":["post-9817","page","type-page","status-publish","hentry"],"acf":[],"_links":{"self":[{"href":"https:\/\/denverzoo.org\/es\/wp-json\/wp\/v2\/pages\/9817","targetHints":{"allow":["GET"]}}],"collection":[{"href":"https:\/\/denverzoo.org\/es\/wp-json\/wp\/v2\/pages"}],"about":[{"href":"https:\/\/denverzoo.org\/es\/wp-json\/wp\/v2\/types\/page"}],"author":[{"embeddable":true,"href":"https:\/\/denverzoo.org\/es\/wp-json\/wp\/v2\/users\/11"}],"replies":[{"embeddable":true,"href":"https:\/\/denverzoo.org\/es\/wp-json\/wp\/v2\/comments?post=9817"}],"version-history":[{"count":0,"href":"https:\/\/denverzoo.org\/es\/wp-json\/wp\/v2\/pages\/9817\/revisions"}],"wp:attachment":[{"href":"https:\/\/denverzoo.org\/es\/wp-json\/wp\/v2\/media?parent=9817"}],"curies":[{"name":"gracias","href":"https:\/\/api.w.org\/{rel}","templated":true}]}}