{"id":9820,"date":"2019-02-04T18:32:57","date_gmt":"2019-02-04T18:32:57","guid":{"rendered":"https:\/\/denverzootemp.org\/?page_id=9820"},"modified":"2019-02-19T16:15:47","modified_gmt":"2019-02-19T16:15:47","slug":"swanton","status":"publish","type":"page","link":"https:\/\/denverzoo.org\/es\/swanton\/","title":{"rendered":"Swanton el cisne de cuello negro"},"content":{"rendered":"<h3><strong>Donde pasan el rato<\/strong><\/h3>\n<p><em>En el zool\u00f3gico:<\/em> En el mundo de las aves<\/p>\n<p><em>En la naturaleza:<\/em> H\u00e1bitats de agua dulce y salada en Am\u00e9rica del Sur<\/p>\n<h3><strong>Comidas favoritas<\/strong><\/h3>\n<p><em>En el zool\u00f3gico:<\/em> principalmente plantas acu\u00e1ticas<\/p>\n<p><em>En la naturaleza:<\/em> pellets de aves acu\u00e1ticas y peces peque\u00f1os<\/p>\n<h3><strong>Vida social<\/strong><\/h3>\n<p>El cisne de cuello negro se vuelve extremadamente territorial durante la temporada de reproducci\u00f3n. Esta especie es mon\u00f3gama y generalmente se aparea de por vida.<\/p>\n<h1>\n\t\tSobre Swanton<br \/>\n\t<\/h1>\n<h2>\n\t\tCygnus melanocoryphus<br \/>\n\t<\/h2>\n<p>Presentamos a Swanton, el cisne de cuello negro o <em>Cygnus melanocoryphus.<\/em> Swanton naci\u00f3 el 10 de abril de 2004.<\/p>\n<p>Los cisnes de cuello negro son nativos del sur de Am\u00e9rica del Sur. Tambi\u00e9n se pueden ver en la Pen\u00ednsula Ant\u00e1rtica. Habitan \u00e1reas de agua salada y agua dulce, incluidos lagos, marismas, pantanos y \u00e1reas costeras protegidas. Se sabe que los cisnes de cuello negro se aparean de por vida. Construyen un nido grande en el que la hembra pone de 4 a 7 huevos. Los cisnes ponen los huevos m\u00e1s grandes de las aves en vuelo. La hembra se sentar\u00e1 e incubar\u00e1 los huevos durante unos 30 d\u00edas. Una vez que los polluelos hayan eclosionado, tanto el macho como la hembra se ocupar\u00e1n de las cr\u00edas. Los cisnes j\u00f3venes se llaman pollos del cisne, las cisnes hembras se llaman corrales y los cisnes machos se llaman mazorcas. Despu\u00e9s de que los pollos del cisne eclosionan, son completamente m\u00f3viles, lo que significa que pueden caminar, nadar y comer solos. Mientras nada, es posible que vea a los pollos del cisne cabalgando sobre las espaldas de sus padres. Obtener un apoyo de mam\u00e1 y pap\u00e1 protege mejor a los cisnes j\u00f3venes de los posibles depredadores.<\/p>\n<p>Los cisnes de cuello negro son las aves acu\u00e1ticas m\u00e1s grandes de Am\u00e9rica del Sur, pero a\u00fan son capaces de volar. Pueden volar largas distancias y alcanzar velocidades de hasta 50 mph. Si bien son excelentes voladores, son menos m\u00f3viles en tierra y pueden ser lentos para moverse.<\/p>\n<p>\u00bfAlguna vez te has preguntado por qu\u00e9 los cisnes tienen cuellos tan largos y elegantes? Esto se debe a que los cisnes tienen entre 24 y 25 v\u00e9rtebras, mientras que la mayor\u00eda de los mam\u00edferos solo tienen siete. \u00bfCu\u00e1l es la diferencia entre un cisne, un ganso y un pato? Aunque existen muchas similitudes entre los tres grupos que provienen de la misma familia, en realidad hay varias diferencias notables que los hacen diferentes entre s\u00ed. Los cisnes son m\u00e1s grandes con un cuello curvo en forma de S. No son sexualmente dim\u00f3rficos, lo que significa que los machos y las hembras tienen el mismo aspecto. Las hembras de cisne son las \u00fanicas que incuban los huevos, mientras que el macho guarda el nido. Despu\u00e9s de que los pollos del cisne eclosionan, sus plumas son de color blanco o gris\u00e1ceo. Los gansos tampoco son sexualmente dim\u00f3rficos. Tienen un cuerpo y cuello m\u00e1s peque\u00f1os que los cisnes. Tanto los gansos machos como las hembras incuban los huevos y los pichones suelen nacer con plumas amarillas. Los patos a menudo son sexualmente dim\u00f3rficos, lo que significa que los machos y las hembras se ven diferentes, piense en los \u00e1nades reales. Son m\u00e1s peque\u00f1os que los gansos y los cisnes. Los patos tambi\u00e9n se zambullen o se meten en busca de comida, mientras que los gansos viven m\u00e1s en tierra y por lo general comen vegetaci\u00f3n del suelo.<\/p>\n<p>Para facilitar que Swanton obtenga sus comidas, tiene un recipiente que flota en el agua. Este cuenco est\u00e1 lleno de una dieta de gr\u00e1nulos especializada para aves acu\u00e1ticas y lechuga romana finamente picada. En ocasiones, los cuidadores de Swanton arrojan hojas enteras al agua para \u00e9l, pero parece preferir la lechuga romana picada. No olvides visitar Swanton cerca de la salida de Bird World. No te lo puedes perder. Si tratas de escabullirte, te har\u00e1 saber que te ve llam\u00e1ndote. No te alarmes, \u00a1le hace esto a casi todo el mundo!<\/p>\n<p>\t\t\t<a href=\"\/es\/events\/feathered-friends-february\/\" target=\"_self\" role=\"button\"><br \/>\n\t\t\t\t\t\t\tVolver a Amigos emplumados<br \/>\n\t\t\t\t\t<\/a><br \/>\n\t[mostrar_botones_personalizados]<\/p>","protected":false},"excerpt":{"rendered":"<p>D\u00f3nde pasan el tiempo En el zool\u00f3gico: en Bird World En la naturaleza: h\u00e1bitats de agua salada y dulce en Am\u00e9rica del Sur Comidas favoritas En el zool\u00f3gico: principalmente plantas acu\u00e1ticas En la naturaleza: egagr\u00f3pilas de aves acu\u00e1ticas y peces peque\u00f1os Vida social El cisne de cuello negro se vuelve extremadamente territorial alrededor de la temporada de reproducci\u00f3n. Esta especie es mon\u00f3gama y generalmente se aparea [\u2026]<\/p>","protected":false},"author":11,"featured_media":0,"parent":0,"menu_order":0,"comment_status":"closed","ping_status":"closed","template":"","meta":{"_acf_changed":false,"_relevanssi_hide_post":"","_relevanssi_hide_content":"","_relevanssi_pin_for_all":"","_relevanssi_pin_keywords":"","_relevanssi_unpin_keywords":"","_relevanssi_related_keywords":"","_relevanssi_related_include_ids":"","_relevanssi_related_exclude_ids":"","_relevanssi_related_no_append":"","_relevanssi_related_not_related":"","_relevanssi_related_posts":"","_relevanssi_noindex_reason":"","footnotes":""},"class_list":["post-9820","page","type-page","status-publish","hentry"],"acf":[],"_links":{"self":[{"href":"https:\/\/denverzoo.org\/es\/wp-json\/wp\/v2\/pages\/9820","targetHints":{"allow":["GET"]}}],"collection":[{"href":"https:\/\/denverzoo.org\/es\/wp-json\/wp\/v2\/pages"}],"about":[{"href":"https:\/\/denverzoo.org\/es\/wp-json\/wp\/v2\/types\/page"}],"author":[{"embeddable":true,"href":"https:\/\/denverzoo.org\/es\/wp-json\/wp\/v2\/users\/11"}],"replies":[{"embeddable":true,"href":"https:\/\/denverzoo.org\/es\/wp-json\/wp\/v2\/comments?post=9820"}],"version-history":[{"count":0,"href":"https:\/\/denverzoo.org\/es\/wp-json\/wp\/v2\/pages\/9820\/revisions"}],"wp:attachment":[{"href":"https:\/\/denverzoo.org\/es\/wp-json\/wp\/v2\/media?parent=9820"}],"curies":[{"name":"gracias","href":"https:\/\/api.w.org\/{rel}","templated":true}]}}