{"id":9823,"date":"2019-02-04T18:22:38","date_gmt":"2019-02-04T18:22:38","guid":{"rendered":"https:\/\/denverzootemp.org\/?page_id=9823"},"modified":"2019-02-19T15:58:32","modified_gmt":"2019-02-19T15:58:32","slug":"jake","status":"publish","type":"page","link":"https:\/\/denverzoo.org\/es\/jake\/","title":{"rendered":"El fais\u00e1n de Jake Edwards"},"content":{"rendered":"<h3><strong>Donde pasan el rato<\/strong><\/h3>\n<p><em>En el zool\u00f3gico:<\/em> en Bird World<\/p>\n<p><em>En la naturaleza:<\/em> bosques de tierras bajas en el centro de Vietnam<\/p>\n<h3><strong>Comidas favoritas<\/strong><\/h3>\n<p><em>En el zool\u00f3gico:<\/em> gusanos de la harina, frutas y verduras picadas, dieta especialmente formulada para aves de caza<\/p>\n<p><em>En la naturaleza:<\/em> Una vez que se pens\u00f3 que estaba extinto, el fais\u00e1n de Edward rara vez se ha observado en la naturaleza. No se sabe mucho sobre el comportamiento de este animal en su h\u00e1bitat natural.<\/p>\n<h3><strong>Vida social<\/strong><\/h3>\n<p>Esta ave en peligro cr\u00edtico rara vez se ha observado en la naturaleza. No se sabe mucho sobre el comportamiento de este animal en su h\u00e1bitat natural.<\/p>\n<h1>\n\t\tAcerca de jake<br \/>\n\t<\/h1>\n<h2>\n\t\tlophura edwardsi<br \/>\n\t<\/h2>\n<p>Presentamos al amigo emplumado Jake the Edwards&#039;s Pheasant (<em>Lophura edwardsi)<\/em>.  La comida favorita de Jake son los insectos y una bolita especialmente formada para faisanes llamada bolita de caza. Tambi\u00e9n come lechuga picada y fruta. Los insectos que come Jake son gusanos de la harina, supergusanos, gusanos de cera y grillos. A veces durante el d\u00eda puedes verlo rascar el suelo buscando cosas m\u00e1s divertidas para comer. Tambi\u00e9n le gusta hacer agujeros para darse un ba\u00f1o de polvo. Jake tambi\u00e9n pasa su tiempo descansando en un \u00e1rbol. Aqu\u00ed es donde se siente seguro para dormir.<\/p>\n<p>Los faisanes de Edwards son nativos de los bosques de Vietnam. Actualmente est\u00e1n catalogados como En Peligro Cr\u00edtico en la lista roja de la UICN. No han sido vistos en la naturaleza desde el a\u00f1o 2000. Hubo una b\u00fasqueda en 2011 y no se encontr\u00f3 ninguno. Si este es el caso, ser\u00e1n la primera especie de fais\u00e1n en m\u00e1s de 400 a\u00f1os que se extinguir\u00e1 en la naturaleza. Est\u00e1n amenazados por los cazadores y la p\u00e9rdida de h\u00e1bitat. Los conservacionistas han hablado de un plan de cr\u00eda en cautiverio que podr\u00eda permitirnos reintroducirlos en la naturaleza. El Zool\u00f3gico de Denver participa en un Plan de supervivencia de especies (SSP) para muchas especies diferentes que se enfrentan a la extinci\u00f3n. Un SSP es como un servicio de citas para animales y ayuda a los zool\u00f3gicos a emparejar animales que tendr\u00e1n la descendencia m\u00e1s exitosa. Jake y su compa\u00f1era Isabelle son considerados embajadores de su especie y forman parte de la SSP. Con suerte, un d\u00eda pronto, Jake e Isabelle tendr\u00e1n pollitos y ayudar\u00e1n a aumentar esta poblaci\u00f3n en peligro de extinci\u00f3n.<\/p>\n<p>Ven a visitar a Jake en Bird World. Recuerda mirar arriba y abajo porque le gusta moverse por todo su h\u00e1bitat. Es posible que lo veas persiguiendo un grillo o tomando una siesta en el \u00e1rbol.<\/p>\n<p>\t\t\t<a href=\"\/es\/events\/feathered-friends-february\/\" target=\"_self\" role=\"button\"><br \/>\n\t\t\t\t\t\t\tVolver a Amigos emplumados<br \/>\n\t\t\t\t\t<\/a><br \/>\n\t[mostrar_botones_personalizados]<\/p>","protected":false},"excerpt":{"rendered":"<p>D\u00f3nde se encuentran En el zool\u00f3gico: en Bird World En la naturaleza: bosques de tierras bajas en el centro de Vietnam Comidas favoritas En el zool\u00f3gico: gusanos de la harina, frutas y verduras picadas, dieta especialmente formulada para aves de caza En la naturaleza: El fais\u00e1n de Edward, que antes se cre\u00eda extinto, rara vez se ha observado en estado salvaje. No se sabe mucho [\u2026]<\/p>","protected":false},"author":11,"featured_media":0,"parent":0,"menu_order":0,"comment_status":"closed","ping_status":"closed","template":"","meta":{"_acf_changed":false,"_relevanssi_hide_post":"","_relevanssi_hide_content":"","_relevanssi_pin_for_all":"","_relevanssi_pin_keywords":"","_relevanssi_unpin_keywords":"","_relevanssi_related_keywords":"","_relevanssi_related_include_ids":"","_relevanssi_related_exclude_ids":"","_relevanssi_related_no_append":"","_relevanssi_related_not_related":"","_relevanssi_related_posts":"","_relevanssi_noindex_reason":"","footnotes":""},"class_list":["post-9823","page","type-page","status-publish","hentry"],"acf":[],"_links":{"self":[{"href":"https:\/\/denverzoo.org\/es\/wp-json\/wp\/v2\/pages\/9823","targetHints":{"allow":["GET"]}}],"collection":[{"href":"https:\/\/denverzoo.org\/es\/wp-json\/wp\/v2\/pages"}],"about":[{"href":"https:\/\/denverzoo.org\/es\/wp-json\/wp\/v2\/types\/page"}],"author":[{"embeddable":true,"href":"https:\/\/denverzoo.org\/es\/wp-json\/wp\/v2\/users\/11"}],"replies":[{"embeddable":true,"href":"https:\/\/denverzoo.org\/es\/wp-json\/wp\/v2\/comments?post=9823"}],"version-history":[{"count":0,"href":"https:\/\/denverzoo.org\/es\/wp-json\/wp\/v2\/pages\/9823\/revisions"}],"wp:attachment":[{"href":"https:\/\/denverzoo.org\/es\/wp-json\/wp\/v2\/media?parent=9823"}],"curies":[{"name":"gracias","href":"https:\/\/api.w.org\/{rel}","templated":true}]}}