{"id":9826,"date":"2019-02-04T18:33:36","date_gmt":"2019-02-04T18:33:36","guid":{"rendered":"https:\/\/denverzootemp.org\/?page_id=9826"},"modified":"2019-02-19T16:27:30","modified_gmt":"2019-02-19T16:27:30","slug":"gulliver","status":"publish","type":"page","link":"https:\/\/denverzoo.org\/es\/gulliver\/","title":{"rendered":"Gulliver el guacamayo de alas verdes"},"content":{"rendered":"<h3><strong>Donde pasan el rato<\/strong><\/h3>\n<p><em>En el zool\u00f3gico:<\/em> Dentro del mundo de las aves<\/p>\n<p><em>En la naturaleza:<\/em> bosque h\u00famedo y de tierras bajas a trav\u00e9s del norte y centro de Am\u00e9rica del Sur<\/p>\n<h3><strong>Comidas favoritas<\/strong><\/h3>\n<p><em>En el zool\u00f3gico:<\/em> frutas, verduras, frutos secos y comida para p\u00e1jaros especialmente formulada<\/p>\n<p><em>En la naturaleza:<\/em> frutas y nueces<\/p>\n<h3><strong>Vida social<\/strong><\/h3>\n<p>Los guacamayos de alas verdes viven en peque\u00f1os grupos y parejas.<\/p>\n<h1>\n\t\tSobre Gulliver<br \/>\n\t<\/h1>\n<h2>\n\t\tAra chloopterus<br \/>\n\t<\/h2>\n<p>Conoce a Gulliver, una guacamaya de alas verdes hembra a veces llamada de alas verdes o roja y verde o incluso <em>Ara chloopterus<\/em>. Gulliver es miembro de la familia de los loros. Su especie es el segundo guacamayo m\u00e1s grande. Gulliver a menudo se confunde con un guacamayo escarlata debido a sus plumas, en su mayor\u00eda rojas, pero se puede notar f\u00e1cilmente la diferencia debido a las plumas verdes en el ala y las rayas de plumas rojas cerca de sus ojos en la piel blanca desnuda.<\/p>\n<p>Los guacamayos de alas verdes viven en el norte de Am\u00e9rica del Sur y tienen un rango bastante amplio, pero recientemente ha habido una disminuci\u00f3n en el tama\u00f1o de la poblaci\u00f3n a medida que el crecimiento de la poblaci\u00f3n humana y la destrucci\u00f3n del h\u00e1bitat ejercen presi\u00f3n sobre el h\u00e1bitat de los guacamayos en los bosques tropicales, manglares y sabanas. Son importantes para el crecimiento del bosque, ya que son comedores desordenados que dejan caer semillas y nueces, as\u00ed como sus propios excrementos en el suelo del bosque. Acuden a monta\u00f1as de arcilla llamadas \u201ccollpas de guacamayos\u201d que la utilizan para complementar sus dietas con minerales y sales. Tambi\u00e9n puede neutralizar algunas de las toxinas en ciertas cosas que comen. Desafortunadamente, tambi\u00e9n son capturados para el comercio ilegal de mascotas. La Ley de Aves Silvestres de EE. UU. Proh\u00edbe la importaci\u00f3n comercial de cualquier ave incluida en la CITES, que incluye la mayor\u00eda de las especies de loros.<\/p>\n<p>Se desconoce la edad exacta de Gulliver, ya que fue una donaci\u00f3n en 2000 del Rainforest Caf\u00e9 cuando cerraron en Denver. Tiene una fuerte relaci\u00f3n con sus cuidadores as\u00ed como con su mejor amigo Spirit, un guacamayo azul y dorado, quien lleg\u00f3 en la misma donaci\u00f3n. Una de sus caracter\u00edsticas m\u00e1s notables es su pico fuertemente enganchado dise\u00f1ado para abrir las nueces y semillas m\u00e1s duras. Ese pico contiene 2000 psi y puede partir un palo de escoba por la mitad. Es por eso que sus cuidadores tienen un respeto saludable por sus l\u00edmites y la animan a usar su pico para cosas constructivas como las nueces de Brasil (una de sus favoritas) y una variedad de juguetes destructibles para que ella juegue. Los guacamayos tienden a vincularse con una persona u otro p\u00e1jaro, por lo que no se recomienda acercarse a uno sin el due\u00f1o, o en este caso, el cuidador.<\/p>\n<p>Los guacamayos de alas verdes, como Gulliver, son muy curiosos y disfrutan destrozando cosas con sus picos y haciendo un l\u00edo general. Gulliver recibe mucho enriquecimiento en el zool\u00f3gico para mantener su cerebro y su cuerpo activos, ya que es un ave muy inteligente y en\u00e9rgica. Gulliver obtiene una dieta completa compuesta por gr\u00e1nulos de loro, frutas, verduras, semillas y nueces. Ella tambi\u00e9n es zygodactylous, lo que significa que 2 de los dedos de sus pies est\u00e1n hacia adelante y los otros 2 hacia atr\u00e1s. Ella usa su poderoso pico como otra extremidad cuando trepa en sus perchas. En la naturaleza, no imitan a otras aves, pero cuando est\u00e1n alrededor de los humanos constantemente, pueden captar algunas palabras imitadas, aunque no son conocidas por ser buenas en eso. Gulliver tiene algunas cosas que dice ocasionalmente, pero los cuidadores enfocan su entrenamiento en las mejores para su cuidado. Puede extender las alas o levantar los pies para una inspecci\u00f3n visual. Est\u00e1 entrenada para dejar que sus cuidadores le corten las u\u00f1as de los pies y le apliquen crema humectante.<\/p>\n<p>La mayor\u00eda de la gente est\u00e1 hipnotizada por lo hermosos e inteligentes que son los guacamayos y es posible que quieran tener uno como mascota. Considere esta elecci\u00f3n cuidadosamente e investigue mucho para ver si ser\u00edan la mascota adecuada para usted antes de tomar esta decisi\u00f3n. Si decide que est\u00e1 a la altura del compromiso de tener un guacamayo, aseg\u00farese de obtener uno de un criador o propietario de renombre.<\/p>\n<p>Para el due\u00f1o de una mascota adecuado, los loros pueden ser un compromiso muy gratificante con su naturaleza curiosa, inteligencia y personalidad. Si prefiere visitar los guacamayos residentes del zool\u00f3gico de Denver, pase por la sala Rainforest de Bird World para ver a Gulliver y Spirit. Por lo general, est\u00e1n fuera hasta la hora de cierre en Bird World, pero Gulliver tiende a hablar mucho al final del d\u00eda cuando quiere ir a su casa nocturna detr\u00e1s de escena.<\/p>\n<p>\t\t\t<a href=\"\/es\/events\/feathered-friends-february\/\" target=\"_self\" role=\"button\"><br \/>\n\t\t\t\t\t\t\tVolver a Amigos emplumados<br \/>\n\t\t\t\t\t<\/a><br \/>\n\t[mostrar_botones_personalizados]<\/p>","protected":false},"excerpt":{"rendered":"<p>D\u00f3nde pasan el tiempo En el zool\u00f3gico: Inside Bird World En la naturaleza: bosques h\u00famedos y de tierras bajas en el norte y centro de Sudam\u00e9rica Comidas favoritas En el zool\u00f3gico: frutas, verduras, nueces y comida para p\u00e1jaros especialmente formulada En la naturaleza: frutas y nueces Vida social Los guacamayos de alas verdes viven en grupos peque\u00f1os y en parejas. Acerca de Gulliver Ara [\u2026]<\/p>","protected":false},"author":11,"featured_media":0,"parent":0,"menu_order":0,"comment_status":"closed","ping_status":"closed","template":"","meta":{"_acf_changed":false,"_relevanssi_hide_post":"","_relevanssi_hide_content":"","_relevanssi_pin_for_all":"","_relevanssi_pin_keywords":"","_relevanssi_unpin_keywords":"","_relevanssi_related_keywords":"","_relevanssi_related_include_ids":"","_relevanssi_related_exclude_ids":"","_relevanssi_related_no_append":"","_relevanssi_related_not_related":"","_relevanssi_related_posts":"","_relevanssi_noindex_reason":"","footnotes":""},"class_list":["post-9826","page","type-page","status-publish","hentry"],"acf":[],"_links":{"self":[{"href":"https:\/\/denverzoo.org\/es\/wp-json\/wp\/v2\/pages\/9826","targetHints":{"allow":["GET"]}}],"collection":[{"href":"https:\/\/denverzoo.org\/es\/wp-json\/wp\/v2\/pages"}],"about":[{"href":"https:\/\/denverzoo.org\/es\/wp-json\/wp\/v2\/types\/page"}],"author":[{"embeddable":true,"href":"https:\/\/denverzoo.org\/es\/wp-json\/wp\/v2\/users\/11"}],"replies":[{"embeddable":true,"href":"https:\/\/denverzoo.org\/es\/wp-json\/wp\/v2\/comments?post=9826"}],"version-history":[{"count":0,"href":"https:\/\/denverzoo.org\/es\/wp-json\/wp\/v2\/pages\/9826\/revisions"}],"wp:attachment":[{"href":"https:\/\/denverzoo.org\/es\/wp-json\/wp\/v2\/media?parent=9826"}],"curies":[{"name":"gracias","href":"https:\/\/api.w.org\/{rel}","templated":true}]}}