{"id":9829,"date":"2019-02-04T18:27:07","date_gmt":"2019-02-04T18:27:07","guid":{"rendered":"https:\/\/denverzootemp.org\/?page_id=9829"},"modified":"2019-02-19T16:26:36","modified_gmt":"2019-02-19T16:26:36","slug":"skeletor","status":"publish","type":"page","link":"https:\/\/denverzoo.org\/es\/skeletor\/","title":{"rendered":"Skeletor la Paloma de Nicobar"},"content":{"rendered":"<h3><strong>Donde pasan el rato<\/strong><\/h3>\n<p><em>En el zool\u00f3gico:<\/em> en Bird World<\/p>\n<p><em>En la naturaleza:<\/em> \u00e1reas boscosas de peque\u00f1as islas en el sudeste asi\u00e1tico y el Pac\u00edfico<\/p>\n<h3><strong>Comidas favoritas<\/strong><\/h3>\n<p><em>En el zool\u00f3gico:<\/em> frutas, grillos, comida para p\u00e1jaros especialmente formulada<\/p>\n<p><em>En la naturaleza:<\/em> semillas, bayas, nueces, frutas e insectos<\/p>\n<h3><strong>Vida social<\/strong><\/h3>\n<p>Estas palomas se han observado solas y en grupos de hasta 30 aves. Las palomas de Nicobar son mon\u00f3gamas y t\u00edpicamente de por vida.<\/p>\n<h1>\n\t\tSobre Skeletor<br \/>\n\t<\/h1>\n<h2>\n\t\tCaloenas nicobarica<br \/>\n\t<\/h2>\n<p>Presentando a su amigo emplumado, Skeletor, una paloma de Nicobar, o <em>Caloenas nicobarica<\/em>. Las palomas de Nicobar son una paloma grande y hermosa que es bastante com\u00fan en los parques zool\u00f3gicos. Estas palomas tienen plumas iridiscentes, predominantemente de color verde oscuro con un brillo cobrizo. Si bien parecen bastante mon\u00f3tonos cuando se ven a la sombra, a la luz del sol sus plumas se ven de colores muy brillantes. Hay plumas de cuello largo, llamadas hackles, que le dan a las aves un aspecto de &quot;rastas&quot;.<\/p>\n<p>En la naturaleza, los Nicobars son especialistas en islas. Se pueden encontrar en las islas Adaman y Nicobar en India, Myanmar, Tailandia, Malasia, Camboya, Vietnam, Indonesia, Papua Nueva Guinea, Palau y las Islas Salom\u00e1n. Anidan en islotes boscosos en densas colonias. Los depredadores como gatos y ratas se han introducido a medida que las islas se han desarrollado y aprovechan los sitios de anidaci\u00f3n cercanos para cazar huevos, polluelos e incluso Nicobars adultos. Esta especie de paloma est\u00e1 clasificada como Casi Amenazada seg\u00fan la lista roja de la UICN debido a la caza, la p\u00e9rdida de h\u00e1bitat y el comercio ilegal de mascotas. Otra raz\u00f3n de la disminuci\u00f3n de su poblaci\u00f3n es que los islotes marinos que utilizan para anidar est\u00e1n siendo contaminados por la industria y talados para el desarrollo de plantaciones. Las palomas de Nicobar, como Skeletor, son un excelente embajador de las palomas y las especies de palomas.<\/p>\n<p>Las palomas de Nicobar son una especie de ave \u00fanica. Una raz\u00f3n es que ambos padres alimentan al pollito con &quot;leche de cosecha&quot; compuesta de c\u00e9lulas de la cosecha de los padres o de la bolsa del cuello. Otra raz\u00f3n es que la paloma de Nicobar es el pariente vivo m\u00e1s cercano del p\u00e1jaro Dodo.<\/p>\n<p>Para celebrar el febrero de Feathered Friend, ven a visitar las seis palomas de Nicobar en la sala Rainforest de Bird World. Puede encontrar a Skeletor en sus lugares probables detr\u00e1s del banco en los \u00e1rboles o en su roca para ba\u00f1arse en el chapoteo de la cascada. Tiene una banda de color azul en la pierna izquierda.<\/p>\n<p>\t\t\t<a href=\"\/es\/events\/feathered-friends-february\/\" target=\"_self\" role=\"button\"><br \/>\n\t\t\t\t\t\t\tVolver a Amigos emplumados<br \/>\n\t\t\t\t\t<\/a><br \/>\n\t[mostrar_botones_personalizados]<\/p>","protected":false},"excerpt":{"rendered":"<p>D\u00f3nde pasan el tiempo En el zool\u00f3gico: en Bird World En la naturaleza: \u00e1reas boscosas de peque\u00f1as islas en el sudeste de Asia y el Pac\u00edfico Comidas favoritas En el zool\u00f3gico: fruta, grillos, comida para p\u00e1jaros especialmente formulada En la naturaleza: semillas, bayas, nueces, frutas e insectos Vida social Estas palomas han sido observadas solas y en grupos [\u2026]<\/p>","protected":false},"author":11,"featured_media":0,"parent":0,"menu_order":0,"comment_status":"closed","ping_status":"closed","template":"","meta":{"_acf_changed":false,"_relevanssi_hide_post":"","_relevanssi_hide_content":"","_relevanssi_pin_for_all":"","_relevanssi_pin_keywords":"","_relevanssi_unpin_keywords":"","_relevanssi_related_keywords":"","_relevanssi_related_include_ids":"","_relevanssi_related_exclude_ids":"","_relevanssi_related_no_append":"","_relevanssi_related_not_related":"","_relevanssi_related_posts":"","_relevanssi_noindex_reason":"","footnotes":""},"class_list":["post-9829","page","type-page","status-publish","hentry"],"acf":[],"_links":{"self":[{"href":"https:\/\/denverzoo.org\/es\/wp-json\/wp\/v2\/pages\/9829","targetHints":{"allow":["GET"]}}],"collection":[{"href":"https:\/\/denverzoo.org\/es\/wp-json\/wp\/v2\/pages"}],"about":[{"href":"https:\/\/denverzoo.org\/es\/wp-json\/wp\/v2\/types\/page"}],"author":[{"embeddable":true,"href":"https:\/\/denverzoo.org\/es\/wp-json\/wp\/v2\/users\/11"}],"replies":[{"embeddable":true,"href":"https:\/\/denverzoo.org\/es\/wp-json\/wp\/v2\/comments?post=9829"}],"version-history":[{"count":0,"href":"https:\/\/denverzoo.org\/es\/wp-json\/wp\/v2\/pages\/9829\/revisions"}],"wp:attachment":[{"href":"https:\/\/denverzoo.org\/es\/wp-json\/wp\/v2\/media?parent=9829"}],"curies":[{"name":"gracias","href":"https:\/\/api.w.org\/{rel}","templated":true}]}}