{"id":9832,"date":"2019-02-04T18:29:40","date_gmt":"2019-02-04T18:29:40","guid":{"rendered":"https:\/\/denverzootemp.org\/?page_id=9832"},"modified":"2019-02-19T16:39:56","modified_gmt":"2019-02-19T16:39:56","slug":"darla","status":"publish","type":"page","link":"https:\/\/denverzoo.org\/es\/darla\/","title":{"rendered":"Darla la Grulla de Corona Roja"},"content":{"rendered":"<h3><strong>Donde pasan el rato<\/strong><\/h3>\n<p><em>En el zool\u00f3gico:<\/em> En el sendero Nuture, cerca de Primate Panorama<\/p>\n<p><em>En la naturaleza:<\/em> h\u00e1bitats acu\u00e1ticos en Rusia, China, Mongolia y el este de Jap\u00f3n<\/p>\n<h3><strong>Comidas favoritas<\/strong><\/h3>\n<p><em>En el zool\u00f3gico:<\/em> pellets especialmente formulados para gr\u00faas, peces e insectos<\/p>\n<p><em>En la naturaleza:<\/em> Insectos, invertebrados acu\u00e1ticos, peces, anfibios, peque\u00f1os mam\u00edferos, juncos, pastos<\/p>\n<h3><strong>Vida social<\/strong><\/h3>\n<p>Los pares de grullas de corona roja son generalmente mon\u00f3gamos. Los polluelos se quedan con sus padres hasta la pr\u00f3xima temporada de reproducci\u00f3n.<\/p>\n<h1>\n\t\tSobre Darla<br \/>\n\t<\/h1>\n<h2>\n\t\tGrus japonensis<br \/>\n\t<\/h2>\n<p>Presentamos a Darla, la amiga emplumada del zool\u00f3gico de Denver, una grulla de corona roja (<i>Grus japonensis<\/i>). Naci\u00f3 el 12 de mayo de 1987. Algunas personas consideran que esta especie es un s\u00edmbolo de suerte, longevidad y fidelidad y el folclore dice que viven 1000 a\u00f1os. En realidad, viven de 50 a 70 bajo el cuidado humano y de 20 a 40 en estado salvaje. Esta es la especie de grulla m\u00e1s pesada, con un peso de hasta 24 libras, y mide alrededor de 5 pies de altura con una envergadura de hasta dos metros y medio. <\/p>\n<p>Esta especie es originaria de los humedales de Jap\u00f3n, China, Rusia y Corea y el tama\u00f1o de su poblaci\u00f3n est\u00e1 disminuyendo. Est\u00e1n en peligro con solo aproximadamente 1.830 individuos maduros. Esta es la segunda especie m\u00e1s rara de grulla. La especie de grulla m\u00e1s rara es la grulla chillona, originaria de Am\u00e9rica del Norte, que sufre muchas de las mismas amenazas que las grullas de corona roja. Hay alrededor de 80 grullas de cabeza roja en los zool\u00f3gicos de Estados Unidos. La principal amenaza para la especie es la p\u00e9rdida del h\u00e1bitat del humedal debido a la conversi\u00f3n a la agricultura y el desarrollo industrial. <\/p>\n<p>El zool\u00f3gico de Denver tiene un programa de reproducci\u00f3n exitoso que incluye el uso de inseminaci\u00f3n artificial. El novio de Darla, Hochi, tambi\u00e9n vive en el Zool\u00f3gico de Denver y tuvo polluelos en el pasado, as\u00ed que esperamos tener polluelos con ellos en el futuro.<\/p>\n<p>Darla come un gr\u00e1nulo especialmente formulado llamado gr\u00e1nulos de grulla aqu\u00ed en el zool\u00f3gico, adem\u00e1s de pejerreyes, un tipo de peque\u00f1os peces e insectos. En su h\u00e1bitat natural, tambi\u00e9n puede comer insectos, invertebrados acu\u00e1ticos, anfibios, cereales, plantas acu\u00e1ticas y peque\u00f1os roedores. <\/p>\n<p>La belleza, la visibilidad, las migraciones dram\u00e1ticas y los comportamientos sorprendentes de las grullas han hecho que inspiren un amplio apoyo p\u00fablico a los esfuerzos de conservaci\u00f3n. En muchas regiones, se han convertido en una especie paraguas que protege los humedales y las otras especies que viven en esas \u00e1reas.<\/p>\n<p>Las grullas tienen muchas similitudes con los humanos, lo que puede ser una raz\u00f3n por la que muchas culturas tienen fuertes conexiones con ellas. Las similitudes incluyen bailar, caminar sobre dos piernas (b\u00edpedo), la capacidad de emitir una variedad de sonidos para comunicarse, el uso del lenguaje corporal para comunicarse, la altura similar, la esperanza de vida aproximada de los humanos, formar v\u00ednculos de pareja mon\u00f3gamos y vivir en parejas o grupos familiares. La capacidad de producir una variedad de sonidos (ronroneos, llamadas de alarma y llamadas a d\u00fao) se debe a la larga tr\u00e1quea que se enrolla dentro del estern\u00f3n hueco. Bailar en grullas es uno de los comportamientos m\u00e1s llamativos. Incluye inclinarse, estirarse, saltar y hacer cabriolas. Puede identificar una gr\u00faa en vuelo f\u00e1cilmente debido al tama\u00f1o del cuerpo, las patas largas que se arrastran y un cuello largo extendido. Otras aves similares, como las garzas, tendr\u00e1n una curva en &quot;S&quot; en el cuello mientras vuelan.<\/p>\n<p>Puede visitar a Darla en su casa en Nurture Trail cerca de nuestro Centro de Propagaci\u00f3n Aviar, donde se la puede ver con su compa\u00f1ero, Hochi. Ella es muy tolerante al fr\u00edo, por lo que ser\u00e1 visible independientemente del delicado clima de Colorado.<\/p>\n<p>\t\t\t<a href=\"\/es\/events\/feathered-friends-february\/\" target=\"_self\" role=\"button\"><br \/>\n\t\t\t\t\t\t\tVolver a Amigos emplumados<br \/>\n\t\t\t\t\t<\/a><br \/>\n\t[mostrar_botones_personalizados]<\/p>","protected":false},"excerpt":{"rendered":"<p>D\u00f3nde pasan el rato En el zool\u00f3gico: En Nuture Trail, cerca de Primate Panorama En la naturaleza: h\u00e1bitats acu\u00e1ticos en Rusia, China, Mongolia y el este de Jap\u00f3n Comidas favoritas En el zool\u00f3gico: bolitas especialmente formuladas para grullas, peces e insectos En la naturaleza: Insectos, invertebrados acu\u00e1ticos, peces, anfibios, peque\u00f1os mam\u00edferos, juncos, pastos Vida social Parejas de [\u2026]<\/p>","protected":false},"author":11,"featured_media":0,"parent":0,"menu_order":0,"comment_status":"closed","ping_status":"closed","template":"","meta":{"_acf_changed":false,"_relevanssi_hide_post":"","_relevanssi_hide_content":"","_relevanssi_pin_for_all":"","_relevanssi_pin_keywords":"","_relevanssi_unpin_keywords":"","_relevanssi_related_keywords":"","_relevanssi_related_include_ids":"","_relevanssi_related_exclude_ids":"","_relevanssi_related_no_append":"","_relevanssi_related_not_related":"","_relevanssi_related_posts":"","_relevanssi_noindex_reason":"","footnotes":""},"class_list":["post-9832","page","type-page","status-publish","hentry"],"acf":[],"_links":{"self":[{"href":"https:\/\/denverzoo.org\/es\/wp-json\/wp\/v2\/pages\/9832","targetHints":{"allow":["GET"]}}],"collection":[{"href":"https:\/\/denverzoo.org\/es\/wp-json\/wp\/v2\/pages"}],"about":[{"href":"https:\/\/denverzoo.org\/es\/wp-json\/wp\/v2\/types\/page"}],"author":[{"embeddable":true,"href":"https:\/\/denverzoo.org\/es\/wp-json\/wp\/v2\/users\/11"}],"replies":[{"embeddable":true,"href":"https:\/\/denverzoo.org\/es\/wp-json\/wp\/v2\/comments?post=9832"}],"version-history":[{"count":0,"href":"https:\/\/denverzoo.org\/es\/wp-json\/wp\/v2\/pages\/9832\/revisions"}],"wp:attachment":[{"href":"https:\/\/denverzoo.org\/es\/wp-json\/wp\/v2\/media?parent=9832"}],"curies":[{"name":"gracias","href":"https:\/\/api.w.org\/{rel}","templated":true}]}}