{"id":9835,"date":"2019-02-04T18:34:27","date_gmt":"2019-02-04T18:34:27","guid":{"rendered":"https:\/\/denverzootemp.org\/?page_id=9835"},"modified":"2019-02-19T16:41:49","modified_gmt":"2019-02-19T16:41:49","slug":"skylar","status":"publish","type":"page","link":"https:\/\/denverzoo.org\/es\/skylar\/","title":{"rendered":"Skylar la Cotinga de lentejuelas"},"content":{"rendered":"<h3><strong>Donde pasan el rato<\/strong><\/h3>\n<p><em>En el zool\u00f3gico:<\/em> en Bird World<\/p>\n<p><em>En la naturaleza:<\/em> la selva amaz\u00f3nica<\/p>\n<h3><strong>Comidas favoritas<\/strong><\/h3>\n<p><em>En el zool\u00f3gico:<\/em> Frutas, verduras, gusanos de cera del n\u00e9ctar y gusanos de la harina picados<\/p>\n<p><em>En la naturaleza:<\/em> frutas y ocasionalmente insectos<\/p>\n<h3><strong>Vida social<\/strong><\/h3>\n<p>Las cotingas con lentejuelas viven en peque\u00f1os grupos de machos y hembras. Se alimentan socialmente y usan una llamada para advertir al grupo de depredadores que se acercan.<\/p>\n<h1>\n\t\tSobre Skylar<br \/>\n\t<\/h1>\n<h2>\n\t\tCotinga Cayana<br \/>\n\t<\/h2>\n<p>Presentamos a nuestro amigo emplumado Skyler. \u00c9l es un cotinga con lentejuelas<em>Cotinga Cayana<\/em>). Skyler naci\u00f3 el 15 de septiembre de 2001, lo que lo convierte en un ciudadano mayor de su especie. Su especie es nativa del dosel de la selva amaz\u00f3nica en Am\u00e9rica del Sur.<\/p>\n<p>Esta especie es sexualmente dim\u00f3rfica, lo que significa que el macho y la hembra se ven diferentes. Skyler, nuestro macho, es de un azul turquesa brillante con un profundo rojo vino, casi p\u00farpura, garganta y negro en sus alas, cola y lomo. Las hembras son en general de color gris parduzco con alas m\u00e1s oscuras. Actualmente no tenemos una mujer, por lo que Skyler es un soltero que vive la vida de soltero y sus cuidadores lo miman.<\/p>\n<p>Skyler come muchos tipos diferentes de alimentos aqu\u00ed en el Zool\u00f3gico de Denver, incluidos gusanos de la harina, manzanas, pl\u00e1tanos, peras, uvas y zanahorias. Sus favoritos son los gusanos de cera y las bolitas bajas en hierro. Skyler tuvo una lesi\u00f3n en el hombro hace mucho tiempo y, como resultado, ahora es un volador d\u00e9bil. Aqu\u00ed, en el zool\u00f3gico, podemos ajustar su entorno para que le resulte m\u00e1s f\u00e1cil moverse. Ver\u00e1 que tiene estaciones de comida bajas en su exhibici\u00f3n para que sea de f\u00e1cil acceso y su agua es m\u00e1s baja para garantizar su seguridad. Tambi\u00e9n hay muchas ramas bajas en las que puede posarse.<\/p>\n<p>Skyler es un miembro de la familia Cotingidae. Esta es una familia muy diversa que incluye gallos de las rocas, p\u00e1jaros umbrellab, bellbirds, fruitcrows y muchos otros. Todos tienen picos anchos con puntas en forma de gancho, alas redondeadas y patas fuertes. La selecci\u00f3n sexual ha dado como resultado colores y vocalizaciones masculinas brillantes. Muchos miembros de esta familia tambi\u00e9n tienen intrincadas exhibiciones de reproducci\u00f3n.<\/p>\n<p>Puedes visitarlo en su casa actual en la primera ventana del \u00faltimo pasillo de Bird World justo antes de salir del edificio. \u00a1Visite el zool\u00f3gico de Denver en febrero para disfrutar de un mes completo de diversi\u00f3n con amigos emplumados! Obtenga m\u00e1s informaci\u00f3n en el sitio web.<\/p>\n<p>\t\t\t<a href=\"\/es\/events\/feathered-friends-february\/\" target=\"_self\" role=\"button\"><br \/>\n\t\t\t\t\t\t\tVolver a Amigos emplumados<br \/>\n\t\t\t\t\t<\/a><br \/>\n\t[mostrar_botones_personalizados]<\/p>","protected":false},"excerpt":{"rendered":"<p>D\u00f3nde se juntan En el zool\u00f3gico: en Bird World En la naturaleza: la selva amaz\u00f3nica Comidas favoritas En el zool\u00f3gico: Frutas picadas, verduras, gusanos de cera y gusanos de la harina En la naturaleza: frutas y ocasionalmente insectos Vida social Las cotingas moteadas viven en peque\u00f1os grupos de machos y hembras. Se alimentan socialmente y usan un llamado para [\u2026]<\/p>","protected":false},"author":11,"featured_media":0,"parent":0,"menu_order":0,"comment_status":"closed","ping_status":"closed","template":"","meta":{"_acf_changed":false,"_relevanssi_hide_post":"","_relevanssi_hide_content":"","_relevanssi_pin_for_all":"","_relevanssi_pin_keywords":"","_relevanssi_unpin_keywords":"","_relevanssi_related_keywords":"","_relevanssi_related_include_ids":"","_relevanssi_related_exclude_ids":"","_relevanssi_related_no_append":"","_relevanssi_related_not_related":"","_relevanssi_related_posts":"","_relevanssi_noindex_reason":"","footnotes":""},"class_list":["post-9835","page","type-page","status-publish","hentry"],"acf":[],"_links":{"self":[{"href":"https:\/\/denverzoo.org\/es\/wp-json\/wp\/v2\/pages\/9835","targetHints":{"allow":["GET"]}}],"collection":[{"href":"https:\/\/denverzoo.org\/es\/wp-json\/wp\/v2\/pages"}],"about":[{"href":"https:\/\/denverzoo.org\/es\/wp-json\/wp\/v2\/types\/page"}],"author":[{"embeddable":true,"href":"https:\/\/denverzoo.org\/es\/wp-json\/wp\/v2\/users\/11"}],"replies":[{"embeddable":true,"href":"https:\/\/denverzoo.org\/es\/wp-json\/wp\/v2\/comments?post=9835"}],"version-history":[{"count":0,"href":"https:\/\/denverzoo.org\/es\/wp-json\/wp\/v2\/pages\/9835\/revisions"}],"wp:attachment":[{"href":"https:\/\/denverzoo.org\/es\/wp-json\/wp\/v2\/media?parent=9835"}],"curies":[{"name":"gracias","href":"https:\/\/api.w.org\/{rel}","templated":true}]}}