{"id":9838,"date":"2019-02-04T18:34:11","date_gmt":"2019-02-04T18:34:11","guid":{"rendered":"https:\/\/denverzootemp.org\/?page_id=9838"},"modified":"2019-02-19T16:40:34","modified_gmt":"2019-02-19T16:40:34","slug":"ursula","status":"publish","type":"page","link":"https:\/\/denverzoo.org\/es\/ursula\/","title":{"rendered":"Ursula the Steller&#039;s Sea Eagle"},"content":{"rendered":"<h3><strong>Donde pasan el rato<\/strong><\/h3>\n<p><em>En el zool\u00f3gico:<\/em> En un aviario del lado de Bird World<\/p>\n<p><em>En la naturaleza:<\/em> Rusia, Jap\u00f3n y Corea del Norte en costas rocosas o laderas de monta\u00f1as cerca del agua<\/p>\n<h3><strong>Comidas favoritas<\/strong><\/h3>\n<p><em>En el zool\u00f3gico:<\/em> peces, ratas, polluelos, ratones<\/p>\n<p><em>En la naturaleza<\/em>: peces, aves acu\u00e1ticas m\u00e1s peque\u00f1as, focas j\u00f3venes y carro\u00f1a<\/p>\n<h3><strong>Vida social<\/strong><\/h3>\n<p>Vive principalmente una vida solitaria con la excepci\u00f3n de las parejas de apareamiento.<\/p>\n<h1>\n\t\tSobre Ursula<br \/>\n\t<\/h1>\n<h2>\n\t\tHaliaeetus pelagicus<br \/>\n\t<\/h2>\n<p>Presentamos a nuestra amiga emplumada, \u00darsula, un \u00e1guila marina de Steller o <i>Haliaeetus pelagicus<\/i>. Con solo mirar la intensa mirada de \u00darsula es f\u00e1cil ver por qu\u00e9 recibi\u00f3 su nombre del atrevido villano de la historia La Sirenita. Tambi\u00e9n es muy dura y no debe subestimarse. Sus cuidadores tienen un sano respeto por sus l\u00edmites. <\/p>\n<p>Las \u00e1guilas marinas de Steller anidan en la costa y los r\u00edos del este de Rusia y migran a Jap\u00f3n y Corea en invierno. Ocasionalmente, algunos individuos permanecen en Rusia durante el invierno si pueden estar cerca de aguas abiertas donde encuentran su principal fuente de alimento, el pescado. En ocasiones esta especie de \u00e1guila se alimenta de peque\u00f1os p\u00e1jaros, cangrejos, mariscos y carro\u00f1a como ciervos muertos u otros mam\u00edferos. A \u00darsula le gusta especialmente comer mam\u00edferos como ratas cuando est\u00e1 criando un polluelo. Las \u00e1guilas marinas de Steller construyen un nido de ramitas y palos en \u00e1rboles o rocas y ponen de 1 a 3 huevos en una nidada. Ursula conoci\u00f3 a su pareja, Vlad el Empalador, en 2012. Estos dos normalmente construyen nidos en invierno. La pareja ha tenido 2 cr\u00edas que ahora viven en el zool\u00f3gico de Columbus y el zool\u00f3gico de Fort Worth. Esperemos que sigan siendo padres exitosos.<\/p>\n<p>Las \u00e1guilas marinas de Steller son la especie de \u00e1guila m\u00e1s pesada: las hembras pesan entre 15 y 20 libras y los machos entre 11 y 13 libras. Tienen una envergadura de 6 a 8 pies. Este es un p\u00e1jaro grande, pero el de Steller no es el \u00e1guila m\u00e1s grande en ninguna medida, sino en peso. Las \u00e1guilas arp\u00edas y las \u00e1guilas filipinas tienen una envergadura mayor.<\/p>\n<p>Seg\u00fan la Lista Roja de la UICN, las \u00e1guilas marinas de Steller est\u00e1n clasificadas como vulnerables a la extinci\u00f3n con menos de 5000 individuos en su poblaci\u00f3n. Est\u00e1n protegidos legalmente en todos los pa\u00edses donde se encuentran de forma nativa e incluso se consideran un tesoro nacional en Jap\u00f3n. Una de las acciones de conservaci\u00f3n propuestas es estudiar las especies para obtener una cifra m\u00e1s precisa de cu\u00e1ntas quedan en estado salvaje. Algunas de las numerosas amenazas que enfrentan en la naturaleza incluyen la alteraci\u00f3n del h\u00e1bitat para proyectos de energ\u00eda hidroel\u00e9ctrica y el desarrollo de la industria petroqu\u00edmica, la tala, la contaminaci\u00f3n, el DDT\/DDE (un pesticida prohibido), los PCB (un refrigerante industrial t\u00f3xico), el envenenamiento por plomo (por comer carro\u00f1a de venado muerto por perdigones de plomo) y sobrepesca. Dado que las \u00e1guilas son un superdepredador, cualquier toxina en la cadena alimentaria se acumula en los alimentos hasta que llega al \u00e1guila en niveles altamente intensificados, lo que provoca muchos problemas de salud y reproductivos. Los altos niveles de toxinas en sus presas pueden incluso provocar la muerte.<\/p>\n<p>Las \u00e1guilas marinas de Steller se reconocen f\u00e1cilmente debido a su tama\u00f1o y apariencia dram\u00e1tica. Una de las caracter\u00edsticas m\u00e1s notables de Ursula es su enorme pico amarillo fuertemente enganchado que coincide con el color de sus pies. Otra caracter\u00edstica distinguible del \u00e1guila marina de Steller adulta son los &quot;hombros&quot; blancos y la cola blanca en forma de cu\u00f1a. Ursula es muy vocal y, por lo general, le permite a cualquiera saber cu\u00e1ndo quiere su espacio. A veces se le puede escuchar haciendo un ladrido profundo y agresivo. <\/p>\n<p>Puede visitar a Ursula en el h\u00e1bitat de Bird of Prey en el lado de Bird World entre los ping\u00fcinos africanos y Toyota Elephant Passage.<\/p>\n<p>\t\t\t<a href=\"\/es\/events\/feathered-friends-february\/\" target=\"_self\" role=\"button\"><br \/>\n\t\t\t\t\t\t\tVolver a Amigos emplumados<br \/>\n\t\t\t\t\t<\/a><br \/>\n\t[mostrar_botones_personalizados]<\/p>","protected":false},"excerpt":{"rendered":"<p>D\u00f3nde pasan el rato En el zool\u00f3gico: En un aviario al lado de Bird World En la naturaleza: Rusia, Jap\u00f3n y Corea del Norte en costas rocosas o laderas de monta\u00f1as cerca del agua Comidas favoritas En el zool\u00f3gico: peces, ratas, polluelos, ratones En la naturaleza: peces, aves acu\u00e1ticas m\u00e1s peque\u00f1as, cr\u00edas de focas y carro\u00f1a Vida social [\u2026]<\/p>","protected":false},"author":11,"featured_media":0,"parent":0,"menu_order":0,"comment_status":"closed","ping_status":"closed","template":"","meta":{"_acf_changed":false,"_relevanssi_hide_post":"","_relevanssi_hide_content":"","_relevanssi_pin_for_all":"","_relevanssi_pin_keywords":"","_relevanssi_unpin_keywords":"","_relevanssi_related_keywords":"","_relevanssi_related_include_ids":"","_relevanssi_related_exclude_ids":"","_relevanssi_related_no_append":"","_relevanssi_related_not_related":"","_relevanssi_related_posts":"","_relevanssi_noindex_reason":"","footnotes":""},"class_list":["post-9838","page","type-page","status-publish","hentry"],"acf":[],"_links":{"self":[{"href":"https:\/\/denverzoo.org\/es\/wp-json\/wp\/v2\/pages\/9838","targetHints":{"allow":["GET"]}}],"collection":[{"href":"https:\/\/denverzoo.org\/es\/wp-json\/wp\/v2\/pages"}],"about":[{"href":"https:\/\/denverzoo.org\/es\/wp-json\/wp\/v2\/types\/page"}],"author":[{"embeddable":true,"href":"https:\/\/denverzoo.org\/es\/wp-json\/wp\/v2\/users\/11"}],"replies":[{"embeddable":true,"href":"https:\/\/denverzoo.org\/es\/wp-json\/wp\/v2\/comments?post=9838"}],"version-history":[{"count":0,"href":"https:\/\/denverzoo.org\/es\/wp-json\/wp\/v2\/pages\/9838\/revisions"}],"wp:attachment":[{"href":"https:\/\/denverzoo.org\/es\/wp-json\/wp\/v2\/media?parent=9838"}],"curies":[{"name":"gracias","href":"https:\/\/api.w.org\/{rel}","templated":true}]}}