{"id":9863,"date":"2019-02-04T18:33:54","date_gmt":"2019-02-04T18:33:54","guid":{"rendered":"https:\/\/denverzootemp.org\/?page_id=9863"},"modified":"2019-02-19T16:38:35","modified_gmt":"2019-02-19T16:38:35","slug":"drogo","status":"publish","type":"page","link":"https:\/\/denverzoo.org\/es\/drogo\/","title":{"rendered":"Drogo el Buitre Cinereous"},"content":{"rendered":"<h3><strong>DONDE SE CUELGAN<\/strong><\/h3>\n<p><em>En el zool\u00f3gico:<\/em> Los buitres cinereos se pueden encontrar en dos lugares del zool\u00f3gico en Nuture Trail y Pachyderm Habitat.<\/p>\n<p><em>En la naturaleza:<\/em> matorrales, estepas y pastizales abiertos en Europa y Asia<\/p>\n<h3><strong>Comidas favoritas<\/strong><\/h3>\n<p><em>En el zool\u00f3gico:<\/em> ratas, ratones, cad\u00e1veres y dieta especialmente formulada para aves rapaces<\/p>\n<p><em>En la naturaleza:<\/em> carro\u00f1a y puede capturar presas vivas como insectos, serpientes y lagartos<\/p>\n<h3><strong>Vida social<\/strong><\/h3>\n<p>Principalmente solitarias y mon\u00f3gamas, estas aves a veces se pueden encontrar aliment\u00e1ndose o anidando en peque\u00f1os grupos.<\/p>\n<h1>\n\t\tSobre Drogo<br \/>\n\t<\/h1>\n<h2>\n\t\tAegypius monachus<br \/>\n\t<\/h2>\n<p>Presentamos a nuestro amigo emplumado, Drogo. Es un buitre cin\u00e9reo (<em>Aegypius monachus<\/em>). Lleg\u00f3 al zool\u00f3gico de Denver desde el zool\u00f3gico de Toledo en mayo de 2014 cuando ten\u00eda aproximadamente 1 a\u00f1o. Esta especie es de Europa y Asia. El zool\u00f3gico de Denver tiene un \u00e1rea focal de conservaci\u00f3n en Mongolia) y ha estado trabajando all\u00ed desde 1996. Los buitres negros llegan a Mongolia en grandes cantidades debido al gran h\u00e1bitat de reproducci\u00f3n y esto brinda una gran oportunidad para estudiarlos. En Mongolia, la gente local en el sitio de conservaci\u00f3n los llam\u00f3 Tas o &quot;buitre&quot; en mongol. Mongolia es el hogar de varias especies en peligro de extinci\u00f3n y amenazadas como el buitre cinereous. El trabajo de conservaci\u00f3n del Zool\u00f3gico de Denver ayud\u00f3 a crear la Reserva Natural Ikh Nart para proteger el h\u00e1bitat de la vida silvestre y desarrollar fuentes de ingresos alternativas para la poblaci\u00f3n local.<\/p>\n<p>Drogo es todav\u00eda joven y su personalidad coincide con su edad. Le encanta investigar todo lo que le dan sus cuidadores e incluso las cosas que no quieren que tenga. Y le encanta morder y tratar de quitarles cosas. Para algunas personas, esto parece un poco agresivo ya que es un p\u00e1jaro muy grande, pero solo tiene curiosidad. Es muy buen comedor y su comida favorita es la \u201ccomida\u201d. Le encanta comer carne molida, conejillos de indias, ratas y huesos (para roer). Puedes saber qu\u00e9 p\u00e1jaro es Drogo por su linda cabeza oscura que se iluminar\u00e1 a medida que envejece y la falta de una etiqueta de ala que solo tiene su pareja.<\/p>\n<p>Los buitres negros est\u00e1n casi amenazados en la naturaleza seg\u00fan la Lista Roja de la UICN y su poblaci\u00f3n est\u00e1 disminuyendo. Las dos principales amenazas para la especie son la mortalidad directa causada por los seres humanos (ya sea accidental o deliberadamente) y la disminuci\u00f3n de la disponibilidad de alimentos. Amenazas similares afectan a muchas otras especies de buitres en todo el mundo. El principal suministro de alimento de los buitres es la carro\u00f1a de especies de mam\u00edferos medianos a grandes. A medida que estas especies de mam\u00edferos disminuyen, tambi\u00e9n lo hacen los buitres que dependen de ellas. El veneno es otra amenaza que puede ser accidental o deliberada. Los ganaderos dejan de lado el cebo envenenado para exterminar a los depredadores. Los cazadores y furtivos dejan partes de un cad\u00e1ver que dispararon con bala de plomo que luego los buitres comen y envenenan. Ocasionalmente, los buitres son asesinados por sus plumas o por cazadores furtivos que temen que la presencia de los buitres llame la atenci\u00f3n sobre su caza ilegal.<\/p>\n<p>Puede visitar nuestros buitres cinereous en dos ubicaciones diferentes. Hay una pareja reproductora en el Nurture Trail de Lorikeet Adventure. Drogo y su compa\u00f1ero, Aztai, son residentes en el patio exterior junto a los rinocerontes negros y los hipop\u00f3tamos. Es muy fr\u00edo y cordial, por lo que se le puede ver durante todo el a\u00f1o en la exhibici\u00f3n exterior.<\/p>\n<p>\t\t\t<a href=\"\/es\/events\/feathered-friends-february\/\" target=\"_self\" role=\"button\"><br \/>\n\t\t\t\t\t\t\tVolver a Amigos emplumados<br \/>\n\t\t\t\t\t<\/a><br \/>\n\t[mostrar_botones_personalizados]<\/p>","protected":false},"excerpt":{"rendered":"<p>D\u00d3NDE PASAN EL RATO En el zool\u00f3gico: Los buitres negros se pueden encontrar en dos lugares del zool\u00f3gico, en el Sendero de la Nutrici\u00f3n y en el H\u00e1bitat de los Paquidermos. En estado salvaje: matorrales, estepas y pastizales abiertos en Europa y Asia. Comidas favoritas En el zool\u00f3gico: ratas, ratones, cad\u00e1veres y dieta especialmente formulada para aves rapaces. [\u2026]<\/p>","protected":false},"author":11,"featured_media":0,"parent":0,"menu_order":0,"comment_status":"closed","ping_status":"closed","template":"","meta":{"_acf_changed":false,"_relevanssi_hide_post":"","_relevanssi_hide_content":"","_relevanssi_pin_for_all":"","_relevanssi_pin_keywords":"","_relevanssi_unpin_keywords":"","_relevanssi_related_keywords":"","_relevanssi_related_include_ids":"","_relevanssi_related_exclude_ids":"","_relevanssi_related_no_append":"","_relevanssi_related_not_related":"","_relevanssi_related_posts":"","_relevanssi_noindex_reason":"","footnotes":""},"class_list":["post-9863","page","type-page","status-publish","hentry"],"acf":[],"_links":{"self":[{"href":"https:\/\/denverzoo.org\/es\/wp-json\/wp\/v2\/pages\/9863","targetHints":{"allow":["GET"]}}],"collection":[{"href":"https:\/\/denverzoo.org\/es\/wp-json\/wp\/v2\/pages"}],"about":[{"href":"https:\/\/denverzoo.org\/es\/wp-json\/wp\/v2\/types\/page"}],"author":[{"embeddable":true,"href":"https:\/\/denverzoo.org\/es\/wp-json\/wp\/v2\/users\/11"}],"replies":[{"embeddable":true,"href":"https:\/\/denverzoo.org\/es\/wp-json\/wp\/v2\/comments?post=9863"}],"version-history":[{"count":0,"href":"https:\/\/denverzoo.org\/es\/wp-json\/wp\/v2\/pages\/9863\/revisions"}],"wp:attachment":[{"href":"https:\/\/denverzoo.org\/es\/wp-json\/wp\/v2\/media?parent=9863"}],"curies":[{"name":"gracias","href":"https:\/\/api.w.org\/{rel}","templated":true}]}}